{"id":1388,"date":"2025-09-11T05:28:46","date_gmt":"2025-09-11T05:28:46","guid":{"rendered":"https:\/\/weitai2.globaldeepsea.site\/product\/silicon-carbide-cantilever-wafer-paddle\/"},"modified":"2026-04-29T15:33:56","modified_gmt":"2026-04-29T07:33:56","slug":"silicon-carbide-cantilever-wafer-paddle","status":"publish","type":"product","link":"https:\/\/www.cn-semiconductorparts.com\/pl\/product\/silicon-carbide-cantilever-wafer-paddle\/","title":{"rendered":"Paddle waflowa z w\u0119glikiem krzemowym"},"content":{"rendered":"<p><?xml encoding=\"utf-8\" ?><\/p>\n<div class=\"fl-builder-content fl-builder-content-10435 fl-builder-content-primary fl-builder-global-templates-locked\" data-post-id=\"10435\">\n<div class=\"fl-row fl-row-full-width fl-row-bg-none fl-node-66d02d0954f39\" data-node=\"66d02d0954f39\">\n<div class=\"fl-row-content-wrap\">\n<div class=\"fl-row-content fl-row-full-width fl-node-content\">\n<div class=\"fl-col-group fl-node-66d02d0954fbe\" data-node=\"66d02d0954fbe\">\n<div class=\"fl-col fl-node-66d02d0954fff\" data-node=\"66d02d0954fff\" style=\"width: 100%;\">\n<div class=\"fl-col-content fl-node-content\">\n<div class=\"fl-module fl-module-rich-text fl-node-66d02d0955045\" data-animation-delay=\"0.0\" data-node=\"66d02d0955045\">\n<div class=\"fl-module-content fl-node-content\">\n<div class=\"fl-rich-text\">\n<p><span style=\"font-family: arial, helvetica, sans-serif; font-size: medium;\">The Semicera SiC Cantilever Wafer Paddle is designed to meet the demands of modern semiconductor manufacturing. This wafer paddle offers excellent mechanical strength and thermal resistance, which is critical for handling wafers in high-temperature environments.<\/span><\/p>\n<p><span style=\"font-family: arial, helvetica, sans-serif; font-size: medium;\">The SiC cantilever design enables precise wafer placement, reducing the risk of damage during handling. Its high thermal conductivity ensures that the wafer remains stable even under extreme conditions, which is critical for maintaining production efficiency.<\/span><\/p>\n<p><span style=\"font-family: arial, helvetica, sans-serif; font-size: medium;\">In addition to its structural advantages, Semicera&#8217;s SiC Cantilever Wafer Paddle also offers advantages in weight and durability. The lightweight construction makes it easier to handle and integrate into existing systems, while the high-density SiC material ensures long-lasting durability under demanding conditions.<\/span><\/p>\n<\/p><\/div>\n<\/p><\/div>\n<\/p><\/div>\n<\/p><\/div>\n<\/p><\/div>\n<\/p><\/div>\n<div class=\"fl-col-group fl-node-66d02d095520c\" data-node=\"66d02d095520c\">\n<div class=\"fl-col fl-node-66d02d095524d\" data-node=\"66d02d095524d\" style=\"width: 100%;\">\n<div class=\"fl-col-content fl-node-content\">\n<div class=\"fl-module fl-module-rich-text fl-node-66d02d976557f\" data-animation-delay=\"0.0\" data-node=\"66d02d976557f\">\n<div class=\"fl-module-content fl-node-content\">\n<div class=\"fl-rich-text\">\n<table border=\"1\" cellspacing=\"0\">\n<tbody>\n<tr>\n<td colspan=\"2\" valign=\"center\" width=\"568\">\n<p align=\"center\">&nbsp;<strong><span style=\"color: #000000; font-family: arial, helvetica, sans-serif; font-size: medium;\">Fizyczne w\u0142a\u015bciwo\u015bci rekrystalizowanego w\u0119gliku krzemu<\/span><\/strong><\/p>\n<\/td>\n<\/tr>\n<tr>\n<td style=\"text-align: center;\" valign=\"center\" width=\"249\">\n<p align=\"justify\"><span style=\"font-family: arial, helvetica, sans-serif; font-size: medium;\">Nieruchomo\u015b\u0107<\/span><\/p>\n<\/td>\n<td style=\"text-align: center;\" valign=\"center\" width=\"318\">\n<p align=\"justify\"><span style=\"font-family: arial, helvetica, sans-serif; font-size: medium;\">Typowa warto\u015b\u0107<\/span><\/p>\n<\/td>\n<\/tr>\n<tr>\n<td style=\"text-align: center;\" valign=\"center\" width=\"249\">\n<p align=\"justify\"><span style=\"font-family: arial, helvetica, sans-serif; font-size: medium;\">Working temperature (&deg;C)<\/span><\/p>\n<\/td>\n<td style=\"text-align: center;\" valign=\"center\" width=\"318\">\n<p align=\"justify\"><span style=\"font-family: arial, helvetica, sans-serif; font-size: medium;\">1600&deg;C (with oxygen), 1700&deg;C (reducing environment)<\/span><\/p>\n<\/td>\n<\/tr>\n<tr>\n<td style=\"text-align: center;\" valign=\"center\" width=\"249\">\n<p align=\"justify\"><span style=\"font-family: arial, helvetica, sans-serif; font-size: medium;\">Tre\u015b\u0107 sic<\/span><\/p>\n<\/td>\n<td style=\"text-align: center;\" valign=\"center\" width=\"318\">\n<p align=\"justify\"><span style=\"font-family: arial, helvetica, sans-serif; font-size: medium;\">&gt; 99.96%<\/span><\/p>\n<\/td>\n<\/tr>\n<tr>\n<td style=\"text-align: center;\" valign=\"center\" width=\"249\">\n<p align=\"justify\"><span style=\"font-family: arial, helvetica, sans-serif; font-size: medium;\">Darmowa zawarto\u015b\u0107 SI<\/span><\/p>\n<\/td>\n<td style=\"text-align: center;\" valign=\"center\" width=\"318\">\n<p align=\"justify\"><span style=\"font-family: arial, helvetica, sans-serif; font-size: medium;\">&lt;0,1%<\/span><\/p>\n<\/td>\n<\/tr>\n<tr>\n<td style=\"text-align: center;\" valign=\"center\" width=\"249\">\n<p align=\"justify\"><span style=\"font-family: arial, helvetica, sans-serif; font-size: medium;\">G\u0119sto\u015b\u0107 luzem<\/span><\/p>\n<\/td>\n<td style=\"text-align: center;\" valign=\"center\" width=\"318\">\n<p align=\"justify\"><span style=\"font-family: arial, helvetica, sans-serif; font-size: medium;\">2.60-2.70&nbsp;g\/cm<sup>3<\/sup><\/span><\/p>\n<\/td>\n<\/tr>\n<tr>\n<td style=\"text-align: center;\" valign=\"center\" width=\"249\">\n<p align=\"justify\"><span style=\"font-family: arial, helvetica, sans-serif; font-size: medium;\">Pozorna porowato\u015b\u0107<\/span><\/p>\n<\/td>\n<td style=\"text-align: center;\" valign=\"center\" width=\"318\">\n<p align=\"justify\"><span style=\"font-family: arial, helvetica, sans-serif; font-size: medium;\">&lt;16%<\/span><\/p>\n<\/td>\n<\/tr>\n<tr>\n<td style=\"text-align: center;\" valign=\"center\" width=\"249\">\n<p align=\"justify\"><span style=\"font-family: arial, helvetica, sans-serif; font-size: medium;\">Compression&nbsp;strength<\/span><\/p>\n<\/td>\n<td style=\"text-align: center;\" valign=\"center\" width=\"318\">\n<p align=\"justify\"><span style=\"font-family: arial, helvetica, sans-serif; font-size: medium;\">&gt; 600&nbsp;MPa<\/span><\/p>\n<\/td>\n<\/tr>\n<tr>\n<td style=\"text-align: center;\" valign=\"center\" width=\"249\">\n<p align=\"justify\"><span style=\"font-family: arial, helvetica, sans-serif; font-size: medium;\">Zimna si\u0142a zginania<\/span><\/p>\n<\/td>\n<td style=\"text-align: center;\" valign=\"center\" width=\"318\">\n<p align=\"justify\"><span style=\"font-family: arial, helvetica, sans-serif; font-size: medium;\">80-90 MPa (20&deg;C)<\/span><\/p>\n<\/td>\n<\/tr>\n<tr>\n<td style=\"text-align: center;\" valign=\"center\" width=\"249\">\n<p align=\"justify\"><span style=\"font-family: arial, helvetica, sans-serif; font-size: medium;\">Gor\u0105ca si\u0142a zginania<\/span><\/p>\n<\/td>\n<td style=\"text-align: center;\" valign=\"center\" width=\"318\">\n<p align=\"justify\"><span style=\"font-family: arial, helvetica, sans-serif; font-size: medium;\">90-100 MPa (1400&deg;C)<\/span><\/p>\n<\/td>\n<\/tr>\n<tr>\n<td style=\"text-align: center;\" valign=\"center\" width=\"249\">\n<p align=\"justify\"><span style=\"font-family: arial, helvetica, sans-serif; font-size: medium;\">Thermal expansion @1500&deg;C<\/span><\/p>\n<\/td>\n<td style=\"text-align: center;\" valign=\"center\" width=\"318\">\n<p align=\"justify\"><span style=\"font-family: arial, helvetica, sans-serif; font-size: medium;\">4.70 10<sup>-6<\/sup>\/&deg;C<\/span><\/p>\n<\/td>\n<\/tr>\n<tr>\n<td style=\"text-align: center;\" valign=\"center\" width=\"249\">\n<p align=\"justify\"><span style=\"font-family: arial, helvetica, sans-serif; font-size: medium;\">Thermal conductivity @1200&deg;C<\/span><\/p>\n<\/td>\n<td style=\"text-align: center;\" valign=\"center\" width=\"318\">\n<p align=\"justify\"><span style=\"font-family: arial, helvetica, sans-serif; font-size: medium;\">23&nbsp;&nbsp;W\/m&bull;K<\/span><\/p>\n<\/td>\n<\/tr>\n<tr>\n<td style=\"text-align: center;\" valign=\"center\" width=\"249\">\n<p align=\"justify\"><span style=\"font-family: arial, helvetica, sans-serif; font-size: medium;\">Modu\u0142 spr\u0119\u017cysto\u015bci<\/span><\/p>\n<\/td>\n<td style=\"text-align: center;\" valign=\"center\" width=\"318\">\n<p align=\"justify\"><span style=\"font-family: arial, helvetica, sans-serif; font-size: medium;\">240 GPA<\/span><\/p>\n<\/td>\n<\/tr>\n<tr>\n<td valign=\"center\" width=\"249\">\n<p align=\"justify\"><span style=\"font-family: arial, helvetica, sans-serif; font-size: medium;\">Odporno\u015b\u0107 na wstrz\u0105sy termiczne<\/span><\/p>\n<\/td>\n<td style=\"text-align: center;\" valign=\"center\" width=\"318\">\n<p align=\"justify\"><span style=\"font-family: arial, helvetica, sans-serif; font-size: medium;\">Niezwykle dobry<\/span><\/p>\n<\/td>\n<\/tr>\n<\/tbody>\n<\/table><\/div>\n<\/p><\/div>\n<\/p><\/div>\n<\/p><\/div>\n<\/p><\/div>\n<\/p><\/div>\n<div class=\"fl-col-group fl-node-66d02d095528e\" data-node=\"66d02d095528e\">\n<div class=\"fl-col fl-node-66d02d09552cf\" data-node=\"66d02d09552cf\" style=\"width: 100%;\">\n<div class=\"fl-col-content fl-node-content\">\n<div class=\"fl-module fl-module-gallery fl-node-66d02d0955310\" data-animation-delay=\"0.0\" data-node=\"66d02d0955310\">\n<div class=\"fl-module-content fl-node-content\">\n<div class=\"fl-mosaicflow\">\n<div class=\"fl-mosaicflow-content\">\n<div class=\"fl-mosaicflow-item\">\n<div class=\"fl-photo fl-photo-align-center\" itemscope=\"\" itemtype=\"http:\/\/schema.org\/ImageObject\">\n<div class=\"fl-photo-content fl-photo-img-jpg\"> <a href=\"\/pl\/uploads\/Cantilever-Paddle-141.webp\/\" itemprop=\"url\" target=\"_self\"> <img decoding=\"async\" alt=\"Cantilever Paddle (14)\" class=\"fl-photo-img wp-image-10441\" itemprop=\"image\" src=\"\/wp-content\/uploads\/2025\/09\/d685bc1b2e9bcb60.webp\"> <\/a> <\/div>\n<\/p><\/div>\n<\/p><\/div>\n<div class=\"fl-mosaicflow-item\">\n<div class=\"fl-photo fl-photo-align-center\" itemscope=\"\" itemtype=\"http:\/\/schema.org\/ImageObject\">\n<div class=\"fl-photo-content fl-photo-img-jpg\"> <a href=\"\/pl\/uploads\/Cantilever-Paddle-201.webp\/\" itemprop=\"url\" target=\"_self\"> <img decoding=\"async\" alt=\"Cantilever Paddle (20)\" class=\"fl-photo-img wp-image-10442\" itemprop=\"image\" src=\"\/wp-content\/uploads\/2025\/09\/677c3c03a7a90753.webp\"> <\/a> <\/div>\n<\/p><\/div>\n<\/p><\/div>\n<div class=\"fl-mosaicflow-item\">\n<div class=\"fl-photo fl-photo-align-center\" itemscope=\"\" itemtype=\"http:\/\/schema.org\/ImageObject\">\n<div class=\"fl-photo-content fl-photo-img-jpg\"> <a href=\"\/pl\/uploads\/Cantilever-Paddle-71.webp\/\" itemprop=\"url\" target=\"_self\"> <img decoding=\"async\" alt=\"Cantilever Paddle (7)\" class=\"fl-photo-img wp-image-10443\" itemprop=\"image\" src=\"\/wp-content\/uploads\/2025\/09\/04f3775d99adadd3.webp\"> <\/a> <\/div>\n<\/p><\/div>\n<\/p><\/div>\n<\/p><\/div>\n<div class=\"fl-clear\"><\/div>\n<\/p><\/div>\n<\/p><\/div>\n<\/p><\/div>\n<\/p><\/div>\n<\/p><\/div>\n<\/p><\/div>\n<div class=\"fl-col-group fl-node-66d03add384c3\" data-node=\"66d03add384c3\">\n<div class=\"fl-col fl-node-66d03add3867b\" data-node=\"66d03add3867b\" style=\"width: 100%;\">\n<div class=\"fl-col-content fl-node-content\">\n<div class=\"fl-module fl-module-photo fl-node-66d03add3836b\" data-animation-delay=\"0.0\" data-node=\"66d03add3836b\">\n<div class=\"fl-module-content fl-node-content\">\n<div class=\"fl-photo fl-photo-align-center\" itemscope=\"\" itemtype=\"http:\/\/schema.org\/ImageObject\">\n<div class=\"fl-photo-content fl-photo-img-png\"> <img decoding=\"async\" alt=\"0f75f96b9a8d9016a504c0c47e59375\" class=\"fl-photo-img wp-image-10467\" itemprop=\"image\" src=\"\/wp-content\/uploads\/2025\/09\/d86ec99ca2f5bd94.webp\"> <\/div>\n<\/p><\/div>\n<\/p><\/div>\n<\/p><\/div>\n<\/p><\/div>\n<\/p><\/div>\n<\/p><\/div>\n<\/p><\/div>\n<\/p><\/div>\n<\/p><\/div>\n<div class=\"fl-row fl-row-full-width fl-row-bg-none fl-node-66d02d7eb9fee\" data-node=\"66d02d7eb9fee\">\n<div class=\"fl-row-content-wrap\">\n<div class=\"fl-row-content fl-row-full-width fl-node-content\">\n<div class=\"fl-col-group fl-node-66d02d7eba032\" data-node=\"66d02d7eba032\">\n<div class=\"fl-col fl-node-66d02d7eba077\" data-node=\"66d02d7eba077\" style=\"width: 100%;\">\n<div class=\"fl-col-content fl-node-content\">\n<div class=\"fl-module fl-module-photo fl-node-66d02d7eba0b9\" data-animation-delay=\"0.0\" data-node=\"66d02d7eba0b9\">\n<div class=\"fl-module-content fl-node-content\">\n<div class=\"fl-photo fl-photo-align-center\" itemscope=\"\" itemtype=\"http:\/\/schema.org\/ImageObject\">\n<div class=\"fl-photo-content fl-photo-img-jpg\"> <img decoding=\"async\" alt=\"Miejsce pracy p\u00f3\u0142cesy\" class=\"fl-photo-img wp-image-9038\" itemprop=\"image\" src=\"\/wp-content\/uploads\/2025\/09\/b1dd0bcab1675ff4.webp\"> <\/div>\n<\/p><\/div>\n<\/p><\/div>\n<\/p><\/div>\n<div class=\"fl-module fl-module-photo fl-node-66d02d7eba205\" data-animation-delay=\"0.0\" data-node=\"66d02d7eba205\">\n<div class=\"fl-module-content fl-node-content\">\n<div class=\"fl-photo fl-photo-align-center\" itemscope=\"\" itemtype=\"http:\/\/schema.org\/ImageObject\">\n<div class=\"fl-photo-content fl-photo-img-jpg\"> <img decoding=\"async\" alt=\"P\u00f3\u0142cera robocza miejsce 2\" class=\"fl-photo-img wp-image-9037\" itemprop=\"image\" src=\"\/wp-content\/uploads\/2025\/09\/2b946d2b4b61306d.webp\"> <\/div>\n<\/p><\/div>\n<\/p><\/div>\n<\/p><\/div>\n<div class=\"fl-module fl-module-photo fl-node-66d02d7eba1c3\" data-animation-delay=\"0.0\" data-node=\"66d02d7eba1c3\">\n<div class=\"fl-module-content fl-node-content\">\n<div class=\"fl-photo fl-photo-align-center\" itemscope=\"\" itemtype=\"http:\/\/schema.org\/ImageObject\">\n<div class=\"fl-photo-content fl-photo-img-jpg\"> <img decoding=\"async\" alt=\"Maszyna sprz\u0119tu\" class=\"fl-photo-img wp-image-9034 size-full\" itemprop=\"image\" src=\"\/wp-content\/uploads\/2025\/09\/081b6529d68ead23.webp\"> <\/div>\n<\/p><\/div>\n<\/p><\/div>\n<\/p><\/div>\n<div class=\"fl-module fl-module-photo fl-node-66d02d7eba182\" data-animation-delay=\"0.0\" data-node=\"66d02d7eba182\">\n<div class=\"fl-module-content fl-node-content\">\n<div class=\"fl-photo fl-photo-align-center\" itemscope=\"\" itemtype=\"http:\/\/schema.org\/ImageObject\">\n<div class=\"fl-photo-content fl-photo-img-jpg\"> <img decoding=\"async\" alt=\"Przetwarzanie CNN, czyszczenie chemiczne, pow\u0142oka CVD\" class=\"fl-photo-img wp-image-9033\" itemprop=\"image\" src=\"\/wp-content\/uploads\/2025\/09\/a4132b2b399abbac.webp\"> <\/div>\n<\/p><\/div>\n<\/p><\/div>\n<\/p><\/div>\n<div class=\"fl-module fl-module-photo fl-node-66d02d7eba13f\" data-animation-delay=\"0.0\" data-node=\"66d02d7eba13f\">\n<div class=\"fl-module-content fl-node-content\">\n<div class=\"fl-photo fl-photo-align-center\" itemscope=\"\" itemtype=\"http:\/\/schema.org\/ImageObject\">\n<div class=\"fl-photo-content fl-photo-img-jpg\"> <img decoding=\"async\" alt=\"Semicera Ware House\" class=\"fl-photo-img wp-image-9036\" itemprop=\"image\" src=\"\/wp-content\/uploads\/2025\/09\/2190bb9ce5c1d546.webp\"> <\/div>\n<\/p><\/div>\n<\/p><\/div>\n<\/p><\/div>\n<div class=\"fl-module fl-module-photo fl-node-66d02d7eba0fb\" data-animation-delay=\"0.0\" data-node=\"66d02d7eba0fb\">\n<div class=\"fl-module-content fl-node-content\">\n<div class=\"fl-photo fl-photo-align-center\" itemscope=\"\" itemtype=\"http:\/\/schema.org\/ImageObject\">\n<div class=\"fl-photo-content fl-photo-img-jpg\"> <img decoding=\"async\" alt=\"Nasza us\u0142uga\" class=\"fl-photo-img wp-image-9035\" itemprop=\"image\" src=\"\/wp-content\/uploads\/2025\/09\/b07f222c0ec0ab8d.webp\"> <\/div>\n<\/p><\/div>\n<\/p><\/div>\n<\/p><\/div>\n<\/p><\/div>\n<\/p><\/div>\n<\/p><\/div>\n<\/p><\/div>\n<\/p><\/div>\n<\/p><\/div>\n<\/div>","protected":false},"excerpt":{"rendered":"<p><?xml encoding=\"utf-8\" ?><\/p>\n<p>Semicera Silicon Carbide Cantilever Wafer Paddle offers exceptional strength and thermal stability, making it ideal for high-temperature wafer handling. With its precision-engineered design, this Wafer Paddle ensures reliable performance. Semicera provides 30-day delivery, meeting your production needs swiftly and efficiently.Contact us for inquiries!<\/p>","protected":false},"featured_media":684,"comment_status":"closed","ping_status":"open","template":"","meta":[],"product_brand":[],"product_cat":[35,26],"product_tag":[],"class_list":{"0":"post-1388","1":"product","2":"type-product","3":"status-publish","4":"has-post-thumbnail","6":"product_cat-sic-substrate","7":"product_cat-wafer","9":"first","10":"instock","11":"product-type-simple"},"_links":{"self":[{"href":"https:\/\/www.cn-semiconductorparts.com\/pl\/wp-json\/wp\/v2\/product\/1388","targetHints":{"allow":["GET"]}}],"collection":[{"href":"https:\/\/www.cn-semiconductorparts.com\/pl\/wp-json\/wp\/v2\/product"}],"about":[{"href":"https:\/\/www.cn-semiconductorparts.com\/pl\/wp-json\/wp\/v2\/types\/product"}],"replies":[{"embeddable":true,"href":"https:\/\/www.cn-semiconductorparts.com\/pl\/wp-json\/wp\/v2\/comments?post=1388"}],"wp:featuredmedia":[{"embeddable":true,"href":"https:\/\/www.cn-semiconductorparts.com\/pl\/wp-json\/wp\/v2\/media\/684"}],"wp:attachment":[{"href":"https:\/\/www.cn-semiconductorparts.com\/pl\/wp-json\/wp\/v2\/media?parent=1388"}],"wp:term":[{"taxonomy":"product_brand","embeddable":true,"href":"https:\/\/www.cn-semiconductorparts.com\/pl\/wp-json\/wp\/v2\/product_brand?post=1388"},{"taxonomy":"product_cat","embeddable":true,"href":"https:\/\/www.cn-semiconductorparts.com\/pl\/wp-json\/wp\/v2\/product_cat?post=1388"},{"taxonomy":"product_tag","embeddable":true,"href":"https:\/\/www.cn-semiconductorparts.com\/pl\/wp-json\/wp\/v2\/product_tag?post=1388"}],"curies":[{"name":"WP","href":"https:\/\/api.w.org\/{rel}","templated":true}]}}