{"id":1406,"date":"2025-09-11T05:28:53","date_gmt":"2025-09-11T05:28:53","guid":{"rendered":"https:\/\/weitai2.globaldeepsea.site\/product\/wafer-cassette-carrier\/"},"modified":"2026-04-29T15:33:49","modified_gmt":"2026-04-29T07:33:49","slug":"wafer-cassette-carrier","status":"publish","type":"product","link":"https:\/\/www.cn-semiconductorparts.com\/pl\/product\/wafer-cassette-carrier\/","title":{"rendered":"Wafer Cassette Carrier"},"content":{"rendered":"<div class=\"fl-builder-content fl-builder-content-10228 fl-builder-content-primary fl-builder-global-templates-locked\" data-post-id=\"10228\">\n<div class=\"fl-row fl-row-full-width fl-row-bg-none fl-node-66c2efc0e3018\" data-node=\"66c2efc0e3018\">\n<div class=\"fl-row-content-wrap\">\n<div class=\"fl-row-content fl-row-full-width fl-node-content\">\n<div class=\"fl-col-group fl-node-66c2efc0e305c\" data-node=\"66c2efc0e305c\">\n<div class=\"fl-col fl-node-66c2efc0e309d\" data-node=\"66c2efc0e309d\" style=\"width: 100%;\">\n<div class=\"fl-col-content fl-node-content\">\n<div class=\"fl-module fl-module-rich-text fl-node-66c2efc0e30dc\" data-animation-delay=\"0.0\" data-node=\"66c2efc0e30dc\">\n<div class=\"fl-module-content fl-node-content\">\n<div class=\"fl-rich-text\">\n<p><span style=\"font-size: medium; font-family: arial, helvetica, sans-serif;\">Semicera\u00a0introduces the <strong>Wafer Cassette Carrier<\/strong>, a critical solution for the secure and efficient handling of semiconductor wafers. This carrier is engineered to meet the stringent requirements of the semiconductor industry, ensuring the protection and integrity of your wafers throughout the manufacturing process.<\/span><\/p>\n<p>\u00a0<\/p>\n<p><strong><span style=\"font-size: medium; font-family: arial, helvetica, sans-serif;\">Key Features:<\/span><\/strong><\/p>\n<p><span style=\"font-size: medium; font-family: arial, helvetica, sans-serif;\">\u00a0 \u00a0 \u00a0\u2022 <strong>Robust Construction:<\/strong> . <strong>Wafer Cassette Carrier<\/strong> is built from high-quality, durable materials that withstand the rigors of semiconductor environments, providing reliable protection against contamination and physical damage.<\/span><\/p>\n<p><span style=\"font-size: medium; font-family: arial, helvetica, sans-serif;\">\u00a0 \u00a0 \u00a0\u2022\u00a0<strong>Precise Alignment:<\/strong> Designed for precise wafer alignment, this carrier ensures that wafers are securely held in place, minimizing the risk of misalignment or damage during transport.<\/span><\/p>\n<p><span style=\"font-size: medium; font-family: arial, helvetica, sans-serif;\">\u00a0 \u00a0 \u00a0\u2022\u00a0<strong>Easy Handling:<\/strong> Ergonomically designed for ease of use, the carrier simplifies the loading and unloading process, improving workflow efficiency in cleanroom environments.<\/span><\/p>\n<p><span style=\"font-size: medium; font-family: arial, helvetica, sans-serif;\">\u00a0 \u00a0 \u00a0\u2022\u00a0<strong>Compatibility:<\/strong> Compatible with a wide range of wafer sizes and types, making it versatile for various semiconductor manufacturing needs.<\/span><\/p>\n<p>\u00a0<\/p>\n<p><span style=\"font-size: medium; font-family: arial, helvetica, sans-serif;\">Experience unparalleled protection and convenience with Semicera\u2019s <strong>Wafer Cassette Carrier<\/strong>. Our carrier is designed to meet the highest standards of semiconductor manufacturing, ensuring your wafers remain in pristine condition from start to finish. Trust Semicera to deliver the quality and reliability you need for your most critical processes.<\/span><\/p>\n<\/p><\/div>\n<\/p><\/div>\n<\/p><\/div>\n<\/p><\/div>\n<\/p><\/div>\n<\/p><\/div>\n<div class=\"fl-col-group fl-node-66c2efc0e311a\" data-node=\"66c2efc0e311a\">\n<div class=\"fl-col fl-node-66c2efc0e3158\" data-node=\"66c2efc0e3158\" style=\"width: 100%;\">\n<div class=\"fl-col-content fl-node-content\">\n<div class=\"fl-module fl-module-rich-text fl-node-66c2efc0e3196\" data-animation-delay=\"0.0\" data-node=\"66c2efc0e3196\">\n<div class=\"fl-module-content fl-node-content\">\n<div class=\"fl-rich-text\">\n<table border=\"0\" cellspacing=\"0\">\n<tbody>\n<tr>\n<td>\n<p>Rzeczy<\/p>\n<\/td>\n<td>\n<p>Produkcja<\/p>\n<\/td>\n<td>\n<p>Badania<\/p>\n<\/td>\n<td>\n<p>Atrapa<\/p>\n<\/td>\n<\/tr>\n<tr>\n<td colspan=\"4\">\n<p style=\"text-align: center;\">Parametry kryszta\u0142\u00f3w<\/p>\n<\/td>\n<\/tr>\n<tr>\n<td>\n<p>Polityp<\/p>\n<\/td>\n<td colspan=\"3\">\n<p>4H<\/p>\n<\/td>\n<\/tr>\n<tr>\n<td>\n<p>B\u0142\u0105d orientacji powierzchni<\/p>\n<\/td>\n<td colspan=\"3\">\n<p>4\u00b10.15\u00b0<\/p>\n<\/td>\n<\/tr>\n<tr>\n<td colspan=\"4\">\n<p style=\"text-align: center;\">Parametry elektryczne<\/p>\n<\/td>\n<\/tr>\n<tr>\n<td>\n<p>Dopant<\/p>\n<\/td>\n<td colspan=\"3\">\n<p>azot typu N.<\/p>\n<\/td>\n<\/tr>\n<tr>\n<td>\n<p>Oporno\u015b\u0107<\/p>\n<\/td>\n<td colspan=\"3\">\n<p>0,015-0,025OHM \u00b7 cm<\/p>\n<\/td>\n<\/tr>\n<tr>\n<td colspan=\"4\">\n<p style=\"text-align: center;\">Parametry mechaniczne<\/p>\n<\/td>\n<\/tr>\n<tr>\n<td>\n<p>\u015arednica<\/p>\n<\/td>\n<td colspan=\"3\">\n<p>150,0 \u00b1 0,2 mm<\/p>\n<\/td>\n<\/tr>\n<tr>\n<td>\n<p>Grubo\u015b\u0107<\/p>\n<\/td>\n<td colspan=\"3\">\n<p>350 \u00b1 25 \u00b5m<\/p>\n<\/td>\n<\/tr>\n<tr>\n<td>\n<p>Pierwotna p\u0142aska orientacja<\/p>\n<\/td>\n<td colspan=\"3\">\n<p>[1-100]\u00b15\u00b0<\/p>\n<\/td>\n<\/tr>\n<tr>\n<td>\n<p>Pierwotna p\u0142aska d\u0142ugo\u015b\u0107<\/p>\n<\/td>\n<td colspan=\"3\">\n<p>47,5 \u00b1 1,5 mm<\/p>\n<\/td>\n<\/tr>\n<tr>\n<td>\n<p>Wt\u00f3rne mieszkanie<\/p>\n<\/td>\n<td colspan=\"3\">\n<p>Nic<\/p>\n<\/td>\n<\/tr>\n<tr>\n<td>\n<p>TTV<\/p>\n<\/td>\n<td>\n<p>\u22645 \u00b5m<\/p>\n<\/td>\n<td>\n<p>\u226410 \u00b5m<\/p>\n<\/td>\n<td>\n<p>\u226415 \u00b5m<\/p>\n<\/td>\n<\/tr>\n<tr>\n<td>\n<p>LTV<\/p>\n<\/td>\n<td>\n<p>\u22643 \u03bcm (5 mm*5 mm)<\/p>\n<\/td>\n<td>\n<p>\u22645 \u03bcm (5 mm*5 mm)<\/p>\n<\/td>\n<td>\n<p>\u226410 \u03bcm (5 mm*5 mm)<\/p>\n<\/td>\n<\/tr>\n<tr>\n<td>\n<p>Uk\u0142on<\/p>\n<\/td>\n<td>\n<p>-15 \u03bcm ~ 15 \u03bcm<\/p>\n<\/td>\n<td>\n<p>-35 \u03bcm ~ 35 \u03bcm<\/p>\n<\/td>\n<td>\n<p>-45 \u03bcm ~ 45 \u03bcm<\/p>\n<\/td>\n<\/tr>\n<tr>\n<td>\n<p>Osnowa<\/p>\n<\/td>\n<td>\n<p>\u226435 \u00b5m<\/p>\n<\/td>\n<td>\n<p>\u226445 \u00b5m<\/p>\n<\/td>\n<td>\n<p>\u226455 \u00b5m<\/p>\n<\/td>\n<\/tr>\n<tr>\n<td>\n<p>Chropowato\u015b\u0107 z przodu (SI-FACE) (AFM)<\/p>\n<\/td>\n<td colspan=\"3\">\n<p>RA \u2264 0,2 nm (5 \u03bcm*5 \u03bcm)<\/p>\n<\/td>\n<\/tr>\n<tr>\n<td colspan=\"4\">\n<p style=\"text-align: center;\">Struktura<\/p>\n<\/td>\n<\/tr>\n<tr>\n<td>\n<p>G\u0119sto\u015b\u0107 mikropipe<\/p>\n<\/td>\n<td>\n<p>&lt;1 ea\/cm2<\/p>\n<\/td>\n<td>\n<p>&lt;10 ea\/cm2<\/p>\n<\/td>\n<td>\n<p>&lt;15 ea\/cm2<\/p>\n<\/td>\n<\/tr>\n<tr>\n<td>\n<p>Zanieczyszczenia metalowe<\/p>\n<\/td>\n<td colspan=\"2\">\n<p>\u22645E10atoms\/cm2<\/p>\n<\/td>\n<td>\n<p>Na<\/p>\n<\/td>\n<\/tr>\n<tr>\n<td>\n<p>BPD<\/p>\n<\/td>\n<td>\n<p>\u22641500 EA\/CM2<\/p>\n<\/td>\n<td>\n<p>\u22643000 EA\/CM2<\/p>\n<\/td>\n<td>\n<p>Na<\/p>\n<\/td>\n<\/tr>\n<tr>\n<td>\n<p>TSD<\/p>\n<\/td>\n<td>\n<p>\u2264500 EA\/CM2<\/p>\n<\/td>\n<td>\n<p>\u22641000 EA\/CM2<\/p>\n<\/td>\n<td>\n<p>Na<\/p>\n<\/td>\n<\/tr>\n<tr>\n<td colspan=\"4\">\n<p style=\"text-align: center;\">Jako\u015b\u0107 z przodu<\/p>\n<\/td>\n<\/tr>\n<tr>\n<td>\n<p>Prz\u00f3d<\/p>\n<\/td>\n<td colspan=\"3\">\n<p>Si<\/p>\n<\/td>\n<\/tr>\n<tr>\n<td>\n<p>Wyko\u0144czenie powierzchni<\/p>\n<\/td>\n<td colspan=\"3\">\n<p>SI-FACE CMP<\/p>\n<\/td>\n<\/tr>\n<tr>\n<td>\n<p>Cz\u0105steczki<\/p>\n<\/td>\n<td>\n<p>\u226460ea\/wafel (rozmiar \u22650,3 \u03bcm)<\/p>\n<\/td>\n<td colspan=\"2\">\n<p>Na<\/p>\n<\/td>\n<\/tr>\n<tr>\n<td>\n<p>Zadrapania<\/p>\n<\/td>\n<td>\n<p>\u22645EA\/mm. Kumulatywna d\u0142ugo\u015b\u0107 \u2264 -diameter<\/p>\n<\/td>\n<td>\n<p>Skumulowana d\u0142ugo\u015b\u0107 \u22642*\u015brednica<\/p>\n<\/td>\n<td>\n<p>Na<\/p>\n<\/td>\n<\/tr>\n<tr>\n<td>\n<p>Sk\u00f3rka pomara\u0144czowa\/do\u0142y\/plamy\/pr\u0105\u017cki\/p\u0119kni\u0119cia\/zanieczyszczenie<\/p>\n<\/td>\n<td colspan=\"2\">\n<p>Nic<\/p>\n<\/td>\n<td>\n<p>Na<\/p>\n<\/td>\n<\/tr>\n<tr>\n<td>\n<p>P\u0142yty kraw\u0119dziowe\/wk\u0142adki\/z\u0142amanie\/sze\u015bciok\u0105tne p\u0142yty<\/p>\n<\/td>\n<td colspan=\"3\">\n<p>Nic<\/p>\n<\/td>\n<\/tr>\n<tr>\n<td>\n<p>Obszary politypowe<\/p>\n<\/td>\n<td>\n<p>Nic<\/p>\n<\/td>\n<td>\n<p>Obszar skumulowany \u226420%<\/p>\n<\/td>\n<td>\n<p>Obszar skumulowany \u226430%<\/p>\n<\/td>\n<\/tr>\n<tr>\n<td>\n<p>Przednie oznaczenie lasera<\/p>\n<\/td>\n<td colspan=\"3\">\n<p>Nic<\/p>\n<\/td>\n<\/tr>\n<tr>\n<td colspan=\"4\">\n<p style=\"text-align: center;\">Jako\u015b\u0107 wstecz<\/p>\n<\/td>\n<\/tr>\n<tr>\n<td>\n<p>Wstecz<\/p>\n<\/td>\n<td colspan=\"3\">\n<p>CMP-FACE CMP<\/p>\n<\/td>\n<\/tr>\n<tr>\n<td>\n<p>Zadrapania<\/p>\n<\/td>\n<td>\n<p>\u22645EA\/mm, kumulatywna d\u0142ugo\u015b\u0107 \u22642*\u015brednica<\/p>\n<\/td>\n<td colspan=\"2\">\n<p>Na<\/p>\n<\/td>\n<\/tr>\n<tr>\n<td>\n<p>Wady tylne (chipsy kraw\u0119dziowe\/wentylatory)<\/p>\n<\/td>\n<td colspan=\"3\">\n<p>Nic<\/p>\n<\/td>\n<\/tr>\n<tr>\n<td>\n<p>Chropowato\u015b\u0107 plec\u00f3w<\/p>\n<\/td>\n<td colspan=\"3\">\n<p>RA \u2264 0,2 nm (5 \u03bcm*5 \u03bcm)<\/p>\n<\/td>\n<\/tr>\n<tr>\n<td>\n<p>Oznaczenie lasera z ty\u0142u<\/p>\n<\/td>\n<td colspan=\"3\">\n<p>1 mm (od g\u00f3rnej kraw\u0119dzi)<\/p>\n<\/td>\n<\/tr>\n<tr>\n<td colspan=\"4\">\n<p style=\"text-align: center;\">Kraw\u0119d\u017a<\/p>\n<\/td>\n<\/tr>\n<tr>\n<td>\n<p>Kraw\u0119d\u017a<\/p>\n<\/td>\n<td colspan=\"3\">\n<p>\u015aci\u0119cie<\/p>\n<\/td>\n<\/tr>\n<tr>\n<td colspan=\"4\">\n<p style=\"text-align: center;\">Opakowanie<\/p>\n<\/td>\n<\/tr>\n<tr>\n<td>\n<p>Opakowanie<\/p>\n<\/td>\n<td colspan=\"3\">\n<p>Epi-gotowe z opakowaniem pr\u00f3\u017cniowym<\/p>\n<p>Opakowanie kaseta z wieloma falami<\/p>\n<\/td>\n<\/tr>\n<tr>\n<td colspan=\"4\">\n<p style=\"text-align: center;\">*Uwagi \uff1a \u201eNa\u201d oznacza, \u017ce \u200b\u200bbrak wymienionych element\u00f3w, kt\u00f3re nie wspomniane elementy mog\u0105 zapozna\u0107 si\u0119 z p\u00f3\u0142-STD.<\/p>\n<\/td>\n<\/tr>\n<\/tbody>\n<\/table><\/div>\n<\/p><\/div>\n<\/p><\/div>\n<\/p><\/div>\n<\/p><\/div>\n<\/p><\/div>\n<div class=\"fl-col-group fl-node-66c2efc0e328e\" data-node=\"66c2efc0e328e\">\n<div class=\"fl-col fl-node-66c2efc0e32cd\" data-node=\"66c2efc0e32cd\" style=\"width: 100%;\">\n<div class=\"fl-col-content fl-node-content\">\n<div class=\"fl-module fl-module-photo fl-node-66c2efc0e330b\" data-animation-delay=\"0.0\" data-node=\"66c2efc0e330b\">\n<div class=\"fl-module-content fl-node-content\">\n<div class=\"fl-photo fl-photo-align-center\" itemscope=\"\" itemtype=\"http:\/\/schema.org\/ImageObject\">\n<div class=\"fl-photo-content fl-photo-img-png\"> <img decoding=\"async\" alt=\"tech_1_2_size\" class=\"fl-photo-img wp-image-2173\" itemprop=\"image\" src=\"\/wp-content\/uploads\/2025\/09\/e3ee0b4147c636ee.webp\"> <\/img><\/div>\n<\/p><\/div>\n<\/p><\/div>\n<\/p><\/div>\n<\/p><\/div>\n<\/p><\/div>\n<\/p><\/div>\n<div class=\"fl-col-group fl-node-66c2efc0e31d5\" data-node=\"66c2efc0e31d5\">\n<div class=\"fl-col fl-node-66c2efc0e3212\" data-node=\"66c2efc0e3212\" style=\"width: 100%;\">\n<div class=\"fl-col-content fl-node-content\">\n<div class=\"fl-module fl-module-photo fl-node-66c2efc0e3251\" data-animation-delay=\"0.0\" data-node=\"66c2efc0e3251\">\n<div class=\"fl-module-content fl-node-content\">\n<div class=\"fl-photo fl-photo-align-center\" itemscope=\"\" itemtype=\"http:\/\/schema.org\/ImageObject\">\n<div class=\"fl-photo-content fl-photo-img-jpg\"> <img decoding=\"async\" alt=\"Wafle Sic\" class=\"fl-photo-img wp-image-2174\" itemprop=\"image\" src=\"\/wp-content\/uploads\/2025\/09\/4530d9462eb0bb0b.webp\"> <\/img><\/div>\n<\/p><\/div>\n<\/p><\/div>\n<\/p><\/div>\n<\/p><\/div>\n<\/p><\/div>\n<\/p><\/div>\n<\/p><\/div>\n<\/p><\/div>\n<\/p><\/div>\n<\/div>","protected":false},"excerpt":{"rendered":"<p>Wafer Cassette Carrier\u2013 Ensure the safe and efficient transport of your wafers with Semicera\u2019s Wafer Cassette Carrier, designed for optimal protection and ease of handling in semiconductor manufacturing.<\/p>","protected":false},"featured_media":600,"comment_status":"closed","ping_status":"open","template":"","meta":[],"product_brand":[],"product_cat":[53,26],"product_tag":[],"class_list":{"0":"post-1406","1":"product","2":"type-product","3":"status-publish","4":"has-post-thumbnail","6":"product_cat-cassette","7":"product_cat-wafer","9":"first","10":"instock","11":"product-type-simple"},"_links":{"self":[{"href":"https:\/\/www.cn-semiconductorparts.com\/pl\/wp-json\/wp\/v2\/product\/1406","targetHints":{"allow":["GET"]}}],"collection":[{"href":"https:\/\/www.cn-semiconductorparts.com\/pl\/wp-json\/wp\/v2\/product"}],"about":[{"href":"https:\/\/www.cn-semiconductorparts.com\/pl\/wp-json\/wp\/v2\/types\/product"}],"replies":[{"embeddable":true,"href":"https:\/\/www.cn-semiconductorparts.com\/pl\/wp-json\/wp\/v2\/comments?post=1406"}],"wp:featuredmedia":[{"embeddable":true,"href":"https:\/\/www.cn-semiconductorparts.com\/pl\/wp-json\/wp\/v2\/media\/600"}],"wp:attachment":[{"href":"https:\/\/www.cn-semiconductorparts.com\/pl\/wp-json\/wp\/v2\/media?parent=1406"}],"wp:term":[{"taxonomy":"product_brand","embeddable":true,"href":"https:\/\/www.cn-semiconductorparts.com\/pl\/wp-json\/wp\/v2\/product_brand?post=1406"},{"taxonomy":"product_cat","embeddable":true,"href":"https:\/\/www.cn-semiconductorparts.com\/pl\/wp-json\/wp\/v2\/product_cat?post=1406"},{"taxonomy":"product_tag","embeddable":true,"href":"https:\/\/www.cn-semiconductorparts.com\/pl\/wp-json\/wp\/v2\/product_tag?post=1406"}],"curies":[{"name":"WP","href":"https:\/\/api.w.org\/{rel}","templated":true}]}}