{"id":1409,"date":"2025-09-11T05:28:53","date_gmt":"2025-09-11T05:28:53","guid":{"rendered":"https:\/\/weitai2.globaldeepsea.site\/product\/silicon-nitride-ceramic-substrate\/"},"modified":"2026-04-29T15:33:50","modified_gmt":"2026-04-29T07:33:50","slug":"silicon-nitride-ceramic-substrate","status":"publish","type":"product","link":"https:\/\/www.cn-semiconductorparts.com\/pl\/product\/silicon-nitride-ceramic-substrate\/","title":{"rendered":"Substrat ceramiczny azotku krzemu"},"content":{"rendered":"<div class=\"fl-builder-content fl-builder-content-10160 fl-builder-content-primary fl-builder-global-templates-locked\" data-post-id=\"10160\">\n<div class=\"fl-row fl-row-full-width fl-row-bg-none fl-node-66befcc13172f\" data-node=\"66befcc13172f\">\n<div class=\"fl-row-content-wrap\">\n<div class=\"fl-row-content fl-row-full-width fl-node-content\">\n<div class=\"fl-col-group fl-node-66befcc131771\" data-node=\"66befcc131771\">\n<div class=\"fl-col fl-node-66befcc1317b2\" data-node=\"66befcc1317b2\" style=\"width: 100%;\">\n<div class=\"fl-col-content fl-node-content\">\n<div class=\"fl-module fl-module-rich-text fl-node-66befcc1317f2\" data-animation-delay=\"0.0\" data-node=\"66befcc1317f2\">\n<div class=\"fl-module-content fl-node-content\">\n<div class=\"fl-rich-text\">\n<p><span style=\"font-family: arial, helvetica, sans-serif; font-size: medium;\">Pod\u0142o\u017ce ceramiczne azotku krzemowego Semicera reprezentuje szczyt zaawansowanej technologii materia\u0142u, zapewniaj\u0105c\u0105 wyj\u0105tkow\u0105 przewodno\u015b\u0107 ciepln\u0105 i solidne w\u0142a\u015bciwo\u015bci mechaniczne. Pod\u0142o\u017ce, zaprojektowane do aplikacji o wysokiej wydajno\u015bci, wyr\u00f3\u017cnia si\u0119 w \u015brodowiskach wymagaj\u0105cych niezawodnego zarz\u0105dzania termicznego i integralno\u015bci strukturalnej.<\/span><\/p>\n<p><span style=\"font-family: arial, helvetica, sans-serif; font-size: medium;\">Nasze silikonowe pod\u0142o\u017ca ceramiczne azotku s\u0105 zaprojektowane tak, aby wytrzyma\u0107 ekstremalne temperatury i trudne warunki, co czyni je idealnymi do urz\u0105dze\u0144 elektronicznych o du\u017cej mocy i wysokiej cz\u0119stotliwo\u015bci. Ich lepsza przewodno\u015b\u0107 cieplna zapewnia skuteczne rozpraszanie ciep\u0142a, co jest kluczowe dla utrzymania wydajno\u015bci i d\u0142ugowieczno\u015bci komponent\u00f3w elektronicznych.<\/span><\/p>\n<p><span style=\"font-family: arial, helvetica, sans-serif; font-size: medium;\">Zobowi\u0105zanie Semicera w jako\u015b\u0107 jest widoczne w ka\u017cdym produkowanym przez nas pod\u0142o\u017cu ceramicznym azotku krzemu. Ka\u017cdy pod\u0142o\u017ce jest wytwarzany przy u\u017cyciu najnowocze\u015bniejszych proces\u00f3w w celu zapewnienia sp\u00f3jnej wydajno\u015bci i minimalnych wad. Ten wysoki poziom precyzji wspiera rygorystyczne wymagania bran\u017c, takie jak motoryzacyjny, lotniczy i telekomunikacyjny.<\/span><\/p>\n<p><span style=\"font-family: arial, helvetica, sans-serif; font-size: medium;\">Opr\u00f3cz korzy\u015bci termicznych i mechanicznych nasze pod\u0142o\u017ca oferuj\u0105 doskona\u0142e w\u0142a\u015bciwo\u015bci izolacji elektrycznej, kt\u00f3re przyczyniaj\u0105 si\u0119 do og\u00f3lnej niezawodno\u015bci urz\u0105dze\u0144 elektronicznych. Zmniejszaj\u0105c zak\u0142\u00f3cenia elektryczne i zwi\u0119kszaj\u0105c stabilno\u015b\u0107 komponent\u00f3w, silikonowe substraty ceramiczne azotku Semicera odgrywaj\u0105 kluczow\u0105 rol\u0119 w optymalizacji wydajno\u015bci urz\u0105dzenia.<\/span><\/p>\n<p><span style=\"font-family: arial, helvetica, sans-serif; font-size: medium;\">Wyb\u00f3r krzemowego pod\u0142o\u017ca z azotku silikonowego oznacza inwestowanie w produkt, kt\u00f3ry zapewnia zar\u00f3wno wysok\u0105 wydajno\u015b\u0107, jak i trwa\u0142o\u015b\u0107. Nasze pod\u0142o\u017ca s\u0105 zaprojektowane w celu zaspokojenia potrzeb zaawansowanych zastosowa\u0144 elektronicznych, zapewniaj\u0105c, \u017ce Twoje urz\u0105dzenia skorzystaj\u0105 z najnowocze\u015bniejszej technologii materialnej i wyj\u0105tkowej niezawodno\u015bci.<\/span><\/p>\n<\/p><\/div>\n<\/p><\/div>\n<\/p><\/div>\n<\/p><\/div>\n<\/p><\/div>\n<\/p><\/div>\n<div class=\"fl-col-group fl-node-66befcc1318f3\" data-node=\"66befcc1318f3\">\n<div class=\"fl-col fl-node-66befcc131933\" data-node=\"66befcc131933\" style=\"width: 100%;\">\n<div class=\"fl-col-content fl-node-content\">\n<div class=\"fl-module fl-module-photo fl-node-66befcc131973\" data-animation-delay=\"0.0\" data-node=\"66befcc131973\">\n<div class=\"fl-module-content fl-node-content\">\n<div class=\"fl-photo fl-photo-align-center\" itemscope=\"\" itemtype=\"http:\/\/schema.org\/ImageObject\">\n<div class=\"fl-photo-content fl-photo-img-jpg\"> <img decoding=\"async\" alt=\"Wafle Sic\" class=\"fl-photo-img wp-image-2174\" itemprop=\"image\" src=\"\/wp-content\/uploads\/2025\/09\/4530d9462eb0bb0b.webp\"> <\/img><\/div>\n<\/p><\/div>\n<\/p><\/div>\n<\/p><\/div>\n<\/p><\/div>\n<\/p><\/div>\n<\/p><\/div>\n<\/p><\/div>\n<\/p><\/div>\n<\/p><\/div>\n<div class=\"fl-row fl-row-full-width fl-row-bg-none fl-node-66e40e86d4d84\" data-node=\"66e40e86d4d84\">\n<div class=\"fl-row-content-wrap\">\n<div class=\"fl-row-content fl-row-full-width fl-node-content\">\n<div class=\"fl-col-group fl-node-66e40e86d4dd4\" data-node=\"66e40e86d4dd4\">\n<div class=\"fl-col fl-node-66e40e86d4e23\" data-node=\"66e40e86d4e23\" style=\"width: 100%;\">\n<div class=\"fl-col-content fl-node-content\">\n<div class=\"fl-module fl-module-photo fl-node-66e40e86d4e6f\" data-animation-delay=\"0.0\" data-node=\"66e40e86d4e6f\">\n<div class=\"fl-module-content fl-node-content\">\n<div class=\"fl-photo fl-photo-align-center\" itemscope=\"\" itemtype=\"http:\/\/schema.org\/ImageObject\">\n<div class=\"fl-photo-content fl-photo-img-jpg\"> <img decoding=\"async\" alt=\"Miejsce pracy p\u00f3\u0142cesy\" class=\"fl-photo-img wp-image-9038\" itemprop=\"image\" src=\"\/wp-content\/uploads\/2025\/09\/b1dd0bcab1675ff4.webp\"> <\/img><\/div>\n<\/p><\/div>\n<\/p><\/div>\n<\/p><\/div>\n<div class=\"fl-module fl-module-photo fl-node-66e40e86d4fe5\" data-animation-delay=\"0.0\" data-node=\"66e40e86d4fe5\">\n<div class=\"fl-module-content fl-node-content\">\n<div class=\"fl-photo fl-photo-align-center\" itemscope=\"\" itemtype=\"http:\/\/schema.org\/ImageObject\">\n<div class=\"fl-photo-content fl-photo-img-jpg\"> <img decoding=\"async\" alt=\"P\u00f3\u0142cera robocza miejsce 2\" class=\"fl-photo-img wp-image-9037\" itemprop=\"image\" src=\"\/wp-content\/uploads\/2025\/09\/2b946d2b4b61306d.webp\"> <\/img><\/div>\n<\/p><\/div>\n<\/p><\/div>\n<\/p><\/div>\n<div class=\"fl-module fl-module-photo fl-node-66e40e86d4f9b\" data-animation-delay=\"0.0\" data-node=\"66e40e86d4f9b\">\n<div class=\"fl-module-content fl-node-content\">\n<div class=\"fl-photo fl-photo-align-center\" itemscope=\"\" itemtype=\"http:\/\/schema.org\/ImageObject\">\n<div class=\"fl-photo-content fl-photo-img-jpg\"> <img decoding=\"async\" alt=\"Maszyna sprz\u0119tu\" class=\"fl-photo-img wp-image-9034 size-full\" itemprop=\"image\" src=\"\/wp-content\/uploads\/2025\/09\/081b6529d68ead23.webp\"> <\/img><\/div>\n<\/p><\/div>\n<\/p><\/div>\n<\/p><\/div>\n<div class=\"fl-module fl-module-photo fl-node-66e40e86d4f51\" data-animation-delay=\"0.0\" data-node=\"66e40e86d4f51\">\n<div class=\"fl-module-content fl-node-content\">\n<div class=\"fl-photo fl-photo-align-center\" itemscope=\"\" itemtype=\"http:\/\/schema.org\/ImageObject\">\n<div class=\"fl-photo-content fl-photo-img-jpg\"> <img decoding=\"async\" alt=\"Przetwarzanie CNN, czyszczenie chemiczne, pow\u0142oka CVD\" class=\"fl-photo-img wp-image-9033\" itemprop=\"image\" src=\"\/wp-content\/uploads\/2025\/09\/a4132b2b399abbac.webp\"> <\/img><\/div>\n<\/p><\/div>\n<\/p><\/div>\n<\/p><\/div>\n<div class=\"fl-module fl-module-photo fl-node-66e40e86d4f06\" data-animation-delay=\"0.0\" data-node=\"66e40e86d4f06\">\n<div class=\"fl-module-content fl-node-content\">\n<div class=\"fl-photo fl-photo-align-center\" itemscope=\"\" itemtype=\"http:\/\/schema.org\/ImageObject\">\n<div class=\"fl-photo-content fl-photo-img-jpg\"> <img decoding=\"async\" alt=\"Semicera Ware House\" class=\"fl-photo-img wp-image-9036\" itemprop=\"image\" src=\"\/wp-content\/uploads\/2025\/09\/2190bb9ce5c1d546.webp\"> <\/img><\/div>\n<\/p><\/div>\n<\/p><\/div>\n<\/p><\/div>\n<div class=\"fl-module fl-module-photo fl-node-66e40e86d4ebc\" data-animation-delay=\"0.0\" data-node=\"66e40e86d4ebc\">\n<div class=\"fl-module-content fl-node-content\">\n<div class=\"fl-photo fl-photo-align-center\" itemscope=\"\" itemtype=\"http:\/\/schema.org\/ImageObject\">\n<div class=\"fl-photo-content fl-photo-img-jpg\"> <img decoding=\"async\" alt=\"Nasza us\u0142uga\" class=\"fl-photo-img wp-image-9035\" itemprop=\"image\" src=\"\/wp-content\/uploads\/2025\/09\/b07f222c0ec0ab8d.webp\"> <\/img><\/div>\n<\/p><\/div>\n<\/p><\/div>\n<\/p><\/div>\n<\/p><\/div>\n<\/p><\/div>\n<\/p><\/div>\n<\/p><\/div>\n<\/p><\/div>\n<\/p><\/div>\n<\/div>","protected":false},"excerpt":{"rendered":"<p>Pod\u0142o\u017ce ceramiczne azotku krzemowego Semicera oferuje wyj\u0105tkow\u0105 przewodno\u015b\u0107 ciepln\u0105 i wysok\u0105 wytrzyma\u0142o\u015b\u0107 mechaniczn\u0105 do wymagaj\u0105cych zastosowa\u0144 elektronicznych. Zaprojektowane pod k\u0105tem niezawodno\u015bci i wydajno\u015bci, te substraty s\u0105 idealne do urz\u0105dze\u0144 o du\u017cej mocy i wysokiej cz\u0119stotliwo\u015bci. Zaufaj p\u00f3\u0142cesta dla doskona\u0142ej wydajno\u015bci w technologii pod\u0142o\u017ca ceramicznego.<\/p>","protected":false},"featured_media":1038,"comment_status":"closed","ping_status":"open","template":"","meta":[],"product_brand":[],"product_cat":[41,26],"product_tag":[],"class_list":{"0":"post-1409","1":"product","2":"type-product","3":"status-publish","4":"has-post-thumbnail","6":"product_cat-sol-wafer","7":"product_cat-wafer","9":"first","10":"instock","11":"product-type-simple"},"_links":{"self":[{"href":"https:\/\/www.cn-semiconductorparts.com\/pl\/wp-json\/wp\/v2\/product\/1409","targetHints":{"allow":["GET"]}}],"collection":[{"href":"https:\/\/www.cn-semiconductorparts.com\/pl\/wp-json\/wp\/v2\/product"}],"about":[{"href":"https:\/\/www.cn-semiconductorparts.com\/pl\/wp-json\/wp\/v2\/types\/product"}],"replies":[{"embeddable":true,"href":"https:\/\/www.cn-semiconductorparts.com\/pl\/wp-json\/wp\/v2\/comments?post=1409"}],"wp:featuredmedia":[{"embeddable":true,"href":"https:\/\/www.cn-semiconductorparts.com\/pl\/wp-json\/wp\/v2\/media\/1038"}],"wp:attachment":[{"href":"https:\/\/www.cn-semiconductorparts.com\/pl\/wp-json\/wp\/v2\/media?parent=1409"}],"wp:term":[{"taxonomy":"product_brand","embeddable":true,"href":"https:\/\/www.cn-semiconductorparts.com\/pl\/wp-json\/wp\/v2\/product_brand?post=1409"},{"taxonomy":"product_cat","embeddable":true,"href":"https:\/\/www.cn-semiconductorparts.com\/pl\/wp-json\/wp\/v2\/product_cat?post=1409"},{"taxonomy":"product_tag","embeddable":true,"href":"https:\/\/www.cn-semiconductorparts.com\/pl\/wp-json\/wp\/v2\/product_tag?post=1409"}],"curies":[{"name":"WP","href":"https:\/\/api.w.org\/{rel}","templated":true}]}}