{"id":1411,"date":"2025-09-11T05:28:53","date_gmt":"2025-09-11T05:28:53","guid":{"rendered":"https:\/\/weitai2.globaldeepsea.site\/product\/soi-wafer-silicon-on-insulator\/"},"modified":"2026-04-29T15:33:51","modified_gmt":"2026-04-29T07:33:51","slug":"soi-wafer-silicon-on-insulator","status":"publish","type":"product","link":"https:\/\/www.cn-semiconductorparts.com\/pl\/product\/soi-wafer-silicon-on-insulator\/","title":{"rendered":"SOI WAFER Krzem na izolatorze"},"content":{"rendered":"<div class=\"fl-builder-content fl-builder-content-10153 fl-builder-content-primary fl-builder-global-templates-locked\" data-post-id=\"10153\">\n<div class=\"fl-row fl-row-full-width fl-row-bg-none fl-node-66befa722005e\" data-node=\"66befa722005e\">\n<div class=\"fl-row-content-wrap\">\n<div class=\"fl-row-content fl-row-full-width fl-node-content\">\n<div class=\"fl-col-group fl-node-66befa722009f\" data-node=\"66befa722009f\">\n<div class=\"fl-col fl-node-66befa72200dd\" data-node=\"66befa72200dd\" style=\"width: 100%;\">\n<div class=\"fl-col-content fl-node-content\">\n<div class=\"fl-module fl-module-rich-text fl-node-66befa722011c\" data-animation-delay=\"0.0\" data-node=\"66befa722011c\">\n<div class=\"fl-module-content fl-node-content\">\n<div class=\"fl-rich-text\">\n<p><span style=\"font-family: arial, helvetica, sans-serif; font-size: medium;\">Wafel SOI SEI (krzem na izolatorze) zosta\u0142 zaprojektowany do zapewnienia doskona\u0142ej izolacji elektrycznej i wydajno\u015bci termicznej. Ta innowacyjna struktura waflowa, zawieraj\u0105ca krzemow\u0105 warstw\u0119 na warstwie izolacyjnej, zapewnia zwi\u0119kszon\u0105 wydajno\u015b\u0107 urz\u0105dzenia i zmniejszone zu\u017cycie energii, dzi\u0119ki czemu jest idealna do r\u00f3\u017cnych aplikacji zaawansowanych technologii.<\/span><\/p>\n<p><span style=\"font-family: arial, helvetica, sans-serif; font-size: medium;\">Nasze wafle SOI oferuj\u0105 wyj\u0105tkowe korzy\u015bci dla obwod\u00f3w zintegrowanych, minimalizuj\u0105c paso\u017cytnicz\u0105 pojemno\u015b\u0107 i popraw\u0119 szybko\u015bci i wydajno\u015bci urz\u0105dzenia. Ma to kluczowe znaczenie dla nowoczesnej elektroniki, w kt\u00f3rej wysokiej wydajno\u015bci i efektywno\u015bci energetycznej s\u0105 niezb\u0119dne zar\u00f3wno dla zastosowa\u0144 konsumenckich, jak i przemys\u0142owych.<\/span><\/p>\n<p><span style=\"font-family: arial, helvetica, sans-serif; font-size: medium;\">Semicera wykorzystuje zaawansowane techniki produkcyjne w celu wytwarzania p\u0142ytek SOI o sta\u0142ej jako\u015bci i niezawodno\u015bci. Te wafle zapewniaj\u0105 doskona\u0142\u0105 izolacj\u0119 termiczn\u0105, dzi\u0119ki czemu s\u0105 odpowiednie do stosowania w \u015brodowiskach, w kt\u00f3rych rozpraszanie ciep\u0142a jest problemem, na przyk\u0142ad w urz\u0105dzeniach elektronicznych o du\u017cej g\u0119sto\u015bci i systemach zarz\u0105dzania energi\u0105.<\/span><\/p>\n<p><span style=\"font-family: arial, helvetica, sans-serif; font-size: medium;\">Zastosowanie wafl\u00f3w SOI w produkcji p\u00f3\u0142przewodnikowej pozwala na opracowanie mniejszych, szybszych i bardziej niezawodnych uk\u0142ad\u00f3w. Zobowi\u0105zanie Semicera w in\u017cynierii precyzyjnej zapewnia, \u017ce \u200b\u200bnasze wafle SOI spe\u0142niaj\u0105 wysokie standardy wymagane do najnowocze\u015bniejszych technologii w dziedzinach, takich jak telekomunikacja, motoryzacja i elektronika konsumpcyjna.<\/span><\/p>\n<p><span style=\"font-family: arial, helvetica, sans-serif; font-size: medium;\">Wyb\u00f3r wafla SOI SEI, oznacza inwestowanie w produkt, kt\u00f3ry wspiera post\u0119p technologii elektronicznych i mikroelektronicznych. Nasze wafle zosta\u0142y zaprojektowane tak, aby zapewni\u0107 lepsz\u0105 wydajno\u015b\u0107 i trwa\u0142o\u015b\u0107, przyczyniaj\u0105c si\u0119 do sukcesu projekt\u00f3w zaawansowanych technologii i zapewniaj\u0105c, \u017ce pozostajesz w czo\u0142\u00f3wce innowacji.<\/span><\/p>\n<\/p><\/div>\n<\/p><\/div>\n<\/p><\/div>\n<\/p><\/div>\n<\/p><\/div>\n<\/p><\/div>\n<div class=\"fl-col-group fl-node-66befa722015a\" data-node=\"66befa722015a\">\n<div class=\"fl-col fl-node-66befa7220198\" data-node=\"66befa7220198\" style=\"width: 100%;\">\n<div class=\"fl-col-content fl-node-content\">\n<div class=\"fl-module fl-module-rich-text fl-node-66befa72201d6\" data-animation-delay=\"0.0\" data-node=\"66befa72201d6\">\n<div class=\"fl-module-content fl-node-content\">\n<div class=\"fl-rich-text\">\n<table border=\"0\" cellspacing=\"0\">\n<tbody>\n<tr>\n<td>\n<p>Rzeczy<\/p>\n<\/td>\n<td>\n<p>Produkcja<\/p>\n<\/td>\n<td>\n<p>Badania<\/p>\n<\/td>\n<td>\n<p>Atrapa<\/p>\n<\/td>\n<\/tr>\n<tr>\n<td colspan=\"4\">\n<p style=\"text-align: center;\">Parametry kryszta\u0142\u00f3w<\/p>\n<\/td>\n<\/tr>\n<tr>\n<td>\n<p>Polityp<\/p>\n<\/td>\n<td colspan=\"3\">\n<p>4H<\/p>\n<\/td>\n<\/tr>\n<tr>\n<td>\n<p>B\u0142\u0105d orientacji powierzchni<\/p>\n<\/td>\n<td colspan=\"3\">\n<p>4\u00b10.15\u00b0<\/p>\n<\/td>\n<\/tr>\n<tr>\n<td colspan=\"4\">\n<p style=\"text-align: center;\">Parametry elektryczne<\/p>\n<\/td>\n<\/tr>\n<tr>\n<td>\n<p>Dopant<\/p>\n<\/td>\n<td colspan=\"3\">\n<p>azot typu N.<\/p>\n<\/td>\n<\/tr>\n<tr>\n<td>\n<p>Oporno\u015b\u0107<\/p>\n<\/td>\n<td colspan=\"3\">\n<p>0,015-0,025OHM \u00b7 cm<\/p>\n<\/td>\n<\/tr>\n<tr>\n<td colspan=\"4\">\n<p style=\"text-align: center;\">Parametry mechaniczne<\/p>\n<\/td>\n<\/tr>\n<tr>\n<td>\n<p>\u015arednica<\/p>\n<\/td>\n<td colspan=\"3\">\n<p>150,0 \u00b1 0,2 mm<\/p>\n<\/td>\n<\/tr>\n<tr>\n<td>\n<p>Grubo\u015b\u0107<\/p>\n<\/td>\n<td colspan=\"3\">\n<p>350 \u00b1 25 \u00b5m<\/p>\n<\/td>\n<\/tr>\n<tr>\n<td>\n<p>Pierwotna p\u0142aska orientacja<\/p>\n<\/td>\n<td colspan=\"3\">\n<p>[1-100]\u00b15\u00b0<\/p>\n<\/td>\n<\/tr>\n<tr>\n<td>\n<p>Pierwotna p\u0142aska d\u0142ugo\u015b\u0107<\/p>\n<\/td>\n<td colspan=\"3\">\n<p>47,5 \u00b1 1,5 mm<\/p>\n<\/td>\n<\/tr>\n<tr>\n<td>\n<p>Wt\u00f3rne mieszkanie<\/p>\n<\/td>\n<td colspan=\"3\">\n<p>Nic<\/p>\n<\/td>\n<\/tr>\n<tr>\n<td>\n<p>TTV<\/p>\n<\/td>\n<td>\n<p>\u22645 \u00b5m<\/p>\n<\/td>\n<td>\n<p>\u226410 \u00b5m<\/p>\n<\/td>\n<td>\n<p>\u226415 \u00b5m<\/p>\n<\/td>\n<\/tr>\n<tr>\n<td>\n<p>LTV<\/p>\n<\/td>\n<td>\n<p>\u22643 \u03bcm (5 mm*5 mm)<\/p>\n<\/td>\n<td>\n<p>\u22645 \u03bcm (5 mm*5 mm)<\/p>\n<\/td>\n<td>\n<p>\u226410 \u03bcm (5 mm*5 mm)<\/p>\n<\/td>\n<\/tr>\n<tr>\n<td>\n<p>Uk\u0142on<\/p>\n<\/td>\n<td>\n<p>-15 \u03bcm ~ 15 \u03bcm<\/p>\n<\/td>\n<td>\n<p>-35 \u03bcm ~ 35 \u03bcm<\/p>\n<\/td>\n<td>\n<p>-45 \u03bcm ~ 45 \u03bcm<\/p>\n<\/td>\n<\/tr>\n<tr>\n<td>\n<p>Osnowa<\/p>\n<\/td>\n<td>\n<p>\u226435 \u00b5m<\/p>\n<\/td>\n<td>\n<p>\u226445 \u00b5m<\/p>\n<\/td>\n<td>\n<p>\u226455 \u00b5m<\/p>\n<\/td>\n<\/tr>\n<tr>\n<td>\n<p>Chropowato\u015b\u0107 z przodu (SI-FACE) (AFM)<\/p>\n<\/td>\n<td colspan=\"3\">\n<p>RA \u2264 0,2 nm (5 \u03bcm*5 \u03bcm)<\/p>\n<\/td>\n<\/tr>\n<tr>\n<td colspan=\"4\">\n<p style=\"text-align: center;\">Struktura<\/p>\n<\/td>\n<\/tr>\n<tr>\n<td>\n<p>G\u0119sto\u015b\u0107 mikropipe<\/p>\n<\/td>\n<td>\n<p>&lt;1 ea\/cm2<\/p>\n<\/td>\n<td>\n<p>&lt;10 ea\/cm2<\/p>\n<\/td>\n<td>\n<p>&lt;15 ea\/cm2<\/p>\n<\/td>\n<\/tr>\n<tr>\n<td>\n<p>Zanieczyszczenia metalowe<\/p>\n<\/td>\n<td colspan=\"2\">\n<p>\u22645E10atoms\/cm2<\/p>\n<\/td>\n<td>\n<p>Na<\/p>\n<\/td>\n<\/tr>\n<tr>\n<td>\n<p>BPD<\/p>\n<\/td>\n<td>\n<p>\u22641500 EA\/CM2<\/p>\n<\/td>\n<td>\n<p>\u22643000 EA\/CM2<\/p>\n<\/td>\n<td>\n<p>Na<\/p>\n<\/td>\n<\/tr>\n<tr>\n<td>\n<p>TSD<\/p>\n<\/td>\n<td>\n<p>\u2264500 EA\/CM2<\/p>\n<\/td>\n<td>\n<p>\u22641000 EA\/CM2<\/p>\n<\/td>\n<td>\n<p>Na<\/p>\n<\/td>\n<\/tr>\n<tr>\n<td colspan=\"4\">\n<p style=\"text-align: center;\">Jako\u015b\u0107 z przodu<\/p>\n<\/td>\n<\/tr>\n<tr>\n<td>\n<p>Prz\u00f3d<\/p>\n<\/td>\n<td colspan=\"3\">\n<p>Si<\/p>\n<\/td>\n<\/tr>\n<tr>\n<td>\n<p>Wyko\u0144czenie powierzchni<\/p>\n<\/td>\n<td colspan=\"3\">\n<p>SI-FACE CMP<\/p>\n<\/td>\n<\/tr>\n<tr>\n<td>\n<p>Cz\u0105steczki<\/p>\n<\/td>\n<td>\n<p>\u226460ea\/wafel (rozmiar \u22650,3 \u03bcm)<\/p>\n<\/td>\n<td colspan=\"2\">\n<p>Na<\/p>\n<\/td>\n<\/tr>\n<tr>\n<td>\n<p>Zadrapania<\/p>\n<\/td>\n<td>\n<p>\u22645EA\/mm. Kumulatywna d\u0142ugo\u015b\u0107 \u2264 -diameter<\/p>\n<\/td>\n<td>\n<p>Skumulowana d\u0142ugo\u015b\u0107 \u22642*\u015brednica<\/p>\n<\/td>\n<td>\n<p>Na<\/p>\n<\/td>\n<\/tr>\n<tr>\n<td>\n<p>Sk\u00f3rka pomara\u0144czowa\/do\u0142y\/plamy\/pr\u0105\u017cki\/p\u0119kni\u0119cia\/zanieczyszczenie<\/p>\n<\/td>\n<td colspan=\"2\">\n<p>Nic<\/p>\n<\/td>\n<td>\n<p>Na<\/p>\n<\/td>\n<\/tr>\n<tr>\n<td>\n<p>P\u0142yty kraw\u0119dziowe\/wk\u0142adki\/z\u0142amanie\/sze\u015bciok\u0105tne p\u0142yty<\/p>\n<\/td>\n<td colspan=\"3\">\n<p>Nic<\/p>\n<\/td>\n<\/tr>\n<tr>\n<td>\n<p>Obszary politypowe<\/p>\n<\/td>\n<td>\n<p>Nic<\/p>\n<\/td>\n<td>\n<p>Obszar skumulowany \u226420%<\/p>\n<\/td>\n<td>\n<p>Obszar skumulowany \u226430%<\/p>\n<\/td>\n<\/tr>\n<tr>\n<td>\n<p>Przednie oznaczenie lasera<\/p>\n<\/td>\n<td colspan=\"3\">\n<p>Nic<\/p>\n<\/td>\n<\/tr>\n<tr>\n<td colspan=\"4\">\n<p style=\"text-align: center;\">Jako\u015b\u0107 wstecz<\/p>\n<\/td>\n<\/tr>\n<tr>\n<td>\n<p>Wstecz<\/p>\n<\/td>\n<td colspan=\"3\">\n<p>CMP-FACE CMP<\/p>\n<\/td>\n<\/tr>\n<tr>\n<td>\n<p>Zadrapania<\/p>\n<\/td>\n<td>\n<p>\u22645EA\/mm, kumulatywna d\u0142ugo\u015b\u0107 \u22642*\u015brednica<\/p>\n<\/td>\n<td colspan=\"2\">\n<p>Na<\/p>\n<\/td>\n<\/tr>\n<tr>\n<td>\n<p>Wady tylne (chipsy kraw\u0119dziowe\/wentylatory)<\/p>\n<\/td>\n<td colspan=\"3\">\n<p>Nic<\/p>\n<\/td>\n<\/tr>\n<tr>\n<td>\n<p>Chropowato\u015b\u0107 plec\u00f3w<\/p>\n<\/td>\n<td colspan=\"3\">\n<p>RA \u2264 0,2 nm (5 \u03bcm*5 \u03bcm)<\/p>\n<\/td>\n<\/tr>\n<tr>\n<td>\n<p>Oznaczenie lasera z ty\u0142u<\/p>\n<\/td>\n<td colspan=\"3\">\n<p>1 mm (od g\u00f3rnej kraw\u0119dzi)<\/p>\n<\/td>\n<\/tr>\n<tr>\n<td colspan=\"4\">\n<p style=\"text-align: center;\">Kraw\u0119d\u017a<\/p>\n<\/td>\n<\/tr>\n<tr>\n<td>\n<p>Kraw\u0119d\u017a<\/p>\n<\/td>\n<td colspan=\"3\">\n<p>\u015aci\u0119cie<\/p>\n<\/td>\n<\/tr>\n<tr>\n<td colspan=\"4\">\n<p style=\"text-align: center;\">Opakowanie<\/p>\n<\/td>\n<\/tr>\n<tr>\n<td>\n<p>Opakowanie<\/p>\n<\/td>\n<td colspan=\"3\">\n<p>Epi-gotowe z opakowaniem pr\u00f3\u017cniowym<\/p>\n<p>Opakowanie kaseta z wieloma falami<\/p>\n<\/td>\n<\/tr>\n<tr>\n<td colspan=\"4\">\n<p style=\"text-align: center;\">*Uwagi \uff1a \u201eNa\u201d oznacza, \u017ce \u200b\u200bbrak wymienionych element\u00f3w, kt\u00f3re nie wspomniane elementy mog\u0105 zapozna\u0107 si\u0119 z p\u00f3\u0142-STD.<\/p>\n<\/td>\n<\/tr>\n<\/tbody>\n<\/table><\/div>\n<\/p><\/div>\n<\/p><\/div>\n<\/p><\/div>\n<\/p><\/div>\n<\/p><\/div>\n<div class=\"fl-col-group fl-node-66befa72202d0\" data-node=\"66befa72202d0\">\n<div class=\"fl-col fl-node-66befa722030e\" data-node=\"66befa722030e\" style=\"width: 100%;\">\n<div class=\"fl-col-content fl-node-content\">\n<div class=\"fl-module fl-module-photo fl-node-66befa722034c\" data-animation-delay=\"0.0\" data-node=\"66befa722034c\">\n<div class=\"fl-module-content fl-node-content\">\n<div class=\"fl-photo fl-photo-align-center\" itemscope=\"\" itemtype=\"http:\/\/schema.org\/ImageObject\">\n<div class=\"fl-photo-content fl-photo-img-png\"> <img decoding=\"async\" alt=\"tech_1_2_size\" class=\"fl-photo-img wp-image-2173\" itemprop=\"image\" src=\"\/wp-content\/uploads\/2025\/09\/e3ee0b4147c636ee.webp\"> <\/img><\/div>\n<\/p><\/div>\n<\/p><\/div>\n<\/p><\/div>\n<\/p><\/div>\n<\/p><\/div>\n<\/p><\/div>\n<div class=\"fl-col-group fl-node-66befa7220214\" data-node=\"66befa7220214\">\n<div class=\"fl-col fl-node-66befa7220253\" data-node=\"66befa7220253\" style=\"width: 100%;\">\n<div class=\"fl-col-content fl-node-content\">\n<div class=\"fl-module fl-module-photo fl-node-66befa7220292\" data-animation-delay=\"0.0\" data-node=\"66befa7220292\">\n<div class=\"fl-module-content fl-node-content\">\n<div class=\"fl-photo fl-photo-align-center\" itemscope=\"\" itemtype=\"http:\/\/schema.org\/ImageObject\">\n<div class=\"fl-photo-content fl-photo-img-jpg\"> <img decoding=\"async\" alt=\"Wafle Sic\" class=\"fl-photo-img wp-image-2174\" itemprop=\"image\" src=\"\/wp-content\/uploads\/2025\/09\/4530d9462eb0bb0b.webp\"> <\/img><\/div>\n<\/p><\/div>\n<\/p><\/div>\n<\/p><\/div>\n<\/p><\/div>\n<\/p><\/div>\n<\/p><\/div>\n<\/p><\/div>\n<\/p><\/div>\n<\/p><\/div>\n<\/div>","protected":false},"excerpt":{"rendered":"<p>Wafel SOI SEI (krzem na izolatorze) zapewnia wyj\u0105tkow\u0105 izolacj\u0119 elektryczn\u0105 i wydajno\u015b\u0107 dla zaawansowanych zastosowa\u0144 p\u00f3\u0142przewodnikowych. Wafle te zaprojektowane pod k\u0105tem doskona\u0142ej wydajno\u015bci termicznej i elektrycznej s\u0105 idealne do zintegrowanych obwod\u00f3w o wysokiej wydajno\u015bci. Wybierz p\u00f3\u0142cesy pod wzgl\u0119dem jako\u015bci i niezawodno\u015bci technologii waflowej SOI.<\/p>","protected":false},"featured_media":1004,"comment_status":"closed","ping_status":"open","template":"","meta":[],"product_brand":[],"product_cat":[35,26],"product_tag":[],"class_list":{"0":"post-1411","1":"product","2":"type-product","3":"status-publish","4":"has-post-thumbnail","6":"product_cat-sic-substrate","7":"product_cat-wafer","9":"first","10":"instock","11":"product-type-simple"},"_links":{"self":[{"href":"https:\/\/www.cn-semiconductorparts.com\/pl\/wp-json\/wp\/v2\/product\/1411","targetHints":{"allow":["GET"]}}],"collection":[{"href":"https:\/\/www.cn-semiconductorparts.com\/pl\/wp-json\/wp\/v2\/product"}],"about":[{"href":"https:\/\/www.cn-semiconductorparts.com\/pl\/wp-json\/wp\/v2\/types\/product"}],"replies":[{"embeddable":true,"href":"https:\/\/www.cn-semiconductorparts.com\/pl\/wp-json\/wp\/v2\/comments?post=1411"}],"wp:featuredmedia":[{"embeddable":true,"href":"https:\/\/www.cn-semiconductorparts.com\/pl\/wp-json\/wp\/v2\/media\/1004"}],"wp:attachment":[{"href":"https:\/\/www.cn-semiconductorparts.com\/pl\/wp-json\/wp\/v2\/media?parent=1411"}],"wp:term":[{"taxonomy":"product_brand","embeddable":true,"href":"https:\/\/www.cn-semiconductorparts.com\/pl\/wp-json\/wp\/v2\/product_brand?post=1411"},{"taxonomy":"product_cat","embeddable":true,"href":"https:\/\/www.cn-semiconductorparts.com\/pl\/wp-json\/wp\/v2\/product_cat?post=1411"},{"taxonomy":"product_tag","embeddable":true,"href":"https:\/\/www.cn-semiconductorparts.com\/pl\/wp-json\/wp\/v2\/product_tag?post=1411"}],"curies":[{"name":"WP","href":"https:\/\/api.w.org\/{rel}","templated":true}]}}