{"id":1421,"date":"2025-09-11T05:29:00","date_gmt":"2025-09-11T05:29:00","guid":{"rendered":"https:\/\/weitai2.globaldeepsea.site\/product\/silicon-wafer\/"},"modified":"2026-04-29T15:33:39","modified_gmt":"2026-04-29T07:33:39","slug":"silicon-wafer","status":"publish","type":"product","link":"https:\/\/www.cn-semiconductorparts.com\/pl\/product\/silicon-wafer\/","title":{"rendered":"Silicon Wafer"},"content":{"rendered":"<div class=\"fl-builder-content fl-builder-content-10055 fl-builder-content-primary fl-builder-global-templates-locked\" data-post-id=\"10055\">\n<div class=\"fl-row fl-row-full-width fl-row-bg-none fl-node-66bee6d3da7b0\" data-node=\"66bee6d3da7b0\">\n<div class=\"fl-row-content-wrap\">\n<div class=\"fl-row-content fl-row-full-width fl-node-content\">\n<div class=\"fl-col-group fl-node-66bee6d3da7dc\" data-node=\"66bee6d3da7dc\">\n<div class=\"fl-col fl-node-66bee6d3da81d\" data-node=\"66bee6d3da81d\" style=\"width: 100%;\">\n<div class=\"fl-col-content fl-node-content\">\n<div class=\"fl-module fl-module-rich-text fl-node-66bee6d3da85b\" data-animation-delay=\"0.0\" data-node=\"66bee6d3da85b\">\n<div class=\"fl-module-content fl-node-content\">\n<div class=\"fl-rich-text\">\n<p><span style=\"font-family: arial, helvetica, sans-serif; font-size: medium;\">Semicera Silicon Wafers are meticulously crafted to serve as the foundation for a wide array of semiconductor devices, from microprocessors to photovoltaic cells. These wafers are engineered with high precision and purity, ensuring optimal performance in various electronic applications.<\/span><\/p>\n<p><span style=\"font-family: arial, helvetica, sans-serif; font-size: medium;\">Manufactured using advanced techniques, Semicera Silicon Wafers exhibit exceptional flatness and uniformity, which are crucial for achieving high yields in semiconductor fabrication. This level of precision helps in minimizing defects and improving the overall efficiency of electronic components.<\/span><\/p>\n<p><span style=\"font-family: arial, helvetica, sans-serif; font-size: medium;\">The superior quality of Semicera Silicon Wafers is evident in their electrical characteristics, which contribute to the enhanced performance of semiconductor devices. With low impurity levels and high crystal quality, these wafers provide the ideal platform for developing high-performance electronics.<\/span><\/p>\n<p><span style=\"font-family: arial, helvetica, sans-serif; font-size: medium;\">Available in various sizes and specifications, Semicera Silicon Wafers can be tailored to meet the specific needs of different industries, including computing, telecommunications, and renewable energy. Whether for large-scale manufacturing or specialized research, these wafers deliver reliable results.<\/span><\/p>\n<p><span style=\"font-family: arial, helvetica, sans-serif; font-size: medium;\">Semicera is committed to supporting the growth and innovation of the semiconductor industry by providing high-quality silicon wafers that meet the highest industry standards. With a focus on precision and reliability, Semicera enables manufacturers to push the boundaries of technology, ensuring their products stay at the forefront of the market.<\/span><\/p>\n<\/p><\/div>\n<\/p><\/div>\n<\/p><\/div>\n<\/p><\/div>\n<\/p><\/div>\n<\/p><\/div>\n<div class=\"fl-col-group fl-node-66bee6d3da899\" data-node=\"66bee6d3da899\">\n<div class=\"fl-col fl-node-66bee6d3da8d7\" data-node=\"66bee6d3da8d7\" style=\"width: 100%;\">\n<div class=\"fl-col-content fl-node-content\">\n<div class=\"fl-module fl-module-rich-text fl-node-66bee6d3da915\" data-animation-delay=\"0.0\" data-node=\"66bee6d3da915\">\n<div class=\"fl-module-content fl-node-content\">\n<div class=\"fl-rich-text\">\n<table border=\"0\" cellspacing=\"0\">\n<tbody>\n<tr>\n<td>\n<p>Rzeczy<\/p>\n<\/td>\n<td>\n<p>Produkcja<\/p>\n<\/td>\n<td>\n<p>Badania<\/p>\n<\/td>\n<td>\n<p>Atrapa<\/p>\n<\/td>\n<\/tr>\n<tr>\n<td colspan=\"4\">\n<p style=\"text-align: center;\">Parametry kryszta\u0142\u00f3w<\/p>\n<\/td>\n<\/tr>\n<tr>\n<td>\n<p>Polityp<\/p>\n<\/td>\n<td colspan=\"3\">\n<p>4H<\/p>\n<\/td>\n<\/tr>\n<tr>\n<td>\n<p>B\u0142\u0105d orientacji powierzchni<\/p>\n<\/td>\n<td colspan=\"3\">\n<p>4\u00b10.15\u00b0<\/p>\n<\/td>\n<\/tr>\n<tr>\n<td colspan=\"4\">\n<p style=\"text-align: center;\">Parametry elektryczne<\/p>\n<\/td>\n<\/tr>\n<tr>\n<td>\n<p>Dopant<\/p>\n<\/td>\n<td colspan=\"3\">\n<p>azot typu N.<\/p>\n<\/td>\n<\/tr>\n<tr>\n<td>\n<p>Oporno\u015b\u0107<\/p>\n<\/td>\n<td colspan=\"3\">\n<p>0,015-0,025OHM \u00b7 cm<\/p>\n<\/td>\n<\/tr>\n<tr>\n<td colspan=\"4\">\n<p style=\"text-align: center;\">Parametry mechaniczne<\/p>\n<\/td>\n<\/tr>\n<tr>\n<td>\n<p>\u015arednica<\/p>\n<\/td>\n<td colspan=\"3\">\n<p>150,0 \u00b1 0,2 mm<\/p>\n<\/td>\n<\/tr>\n<tr>\n<td>\n<p>Grubo\u015b\u0107<\/p>\n<\/td>\n<td colspan=\"3\">\n<p>350 \u00b1 25 \u00b5m<\/p>\n<\/td>\n<\/tr>\n<tr>\n<td>\n<p>Pierwotna p\u0142aska orientacja<\/p>\n<\/td>\n<td colspan=\"3\">\n<p>[1-100]\u00b15\u00b0<\/p>\n<\/td>\n<\/tr>\n<tr>\n<td>\n<p>Pierwotna p\u0142aska d\u0142ugo\u015b\u0107<\/p>\n<\/td>\n<td colspan=\"3\">\n<p>47,5 \u00b1 1,5 mm<\/p>\n<\/td>\n<\/tr>\n<tr>\n<td>\n<p>Wt\u00f3rne mieszkanie<\/p>\n<\/td>\n<td colspan=\"3\">\n<p>Nic<\/p>\n<\/td>\n<\/tr>\n<tr>\n<td>\n<p>TTV<\/p>\n<\/td>\n<td>\n<p>\u22645 \u00b5m<\/p>\n<\/td>\n<td>\n<p>\u226410 \u00b5m<\/p>\n<\/td>\n<td>\n<p>\u226415 \u00b5m<\/p>\n<\/td>\n<\/tr>\n<tr>\n<td>\n<p>LTV<\/p>\n<\/td>\n<td>\n<p>\u22643 \u03bcm (5 mm*5 mm)<\/p>\n<\/td>\n<td>\n<p>\u22645 \u03bcm (5 mm*5 mm)<\/p>\n<\/td>\n<td>\n<p>\u226410 \u03bcm (5 mm*5 mm)<\/p>\n<\/td>\n<\/tr>\n<tr>\n<td>\n<p>Uk\u0142on<\/p>\n<\/td>\n<td>\n<p>-15 \u03bcm ~ 15 \u03bcm<\/p>\n<\/td>\n<td>\n<p>-35 \u03bcm ~ 35 \u03bcm<\/p>\n<\/td>\n<td>\n<p>-45 \u03bcm ~ 45 \u03bcm<\/p>\n<\/td>\n<\/tr>\n<tr>\n<td>\n<p>Osnowa<\/p>\n<\/td>\n<td>\n<p>\u226435 \u00b5m<\/p>\n<\/td>\n<td>\n<p>\u226445 \u00b5m<\/p>\n<\/td>\n<td>\n<p>\u226455 \u00b5m<\/p>\n<\/td>\n<\/tr>\n<tr>\n<td>\n<p>Chropowato\u015b\u0107 z przodu (SI-FACE) (AFM)<\/p>\n<\/td>\n<td colspan=\"3\">\n<p>RA \u2264 0,2 nm (5 \u03bcm*5 \u03bcm)<\/p>\n<\/td>\n<\/tr>\n<tr>\n<td colspan=\"4\">\n<p style=\"text-align: center;\">Struktura<\/p>\n<\/td>\n<\/tr>\n<tr>\n<td>\n<p>G\u0119sto\u015b\u0107 mikropipe<\/p>\n<\/td>\n<td>\n<p>&lt;1 ea\/cm2<\/p>\n<\/td>\n<td>\n<p>&lt;10 ea\/cm2<\/p>\n<\/td>\n<td>\n<p>&lt;15 ea\/cm2<\/p>\n<\/td>\n<\/tr>\n<tr>\n<td>\n<p>Zanieczyszczenia metalowe<\/p>\n<\/td>\n<td colspan=\"2\">\n<p>\u22645E10atoms\/cm2<\/p>\n<\/td>\n<td>\n<p>Na<\/p>\n<\/td>\n<\/tr>\n<tr>\n<td>\n<p>BPD<\/p>\n<\/td>\n<td>\n<p>\u22641500 EA\/CM2<\/p>\n<\/td>\n<td>\n<p>\u22643000 EA\/CM2<\/p>\n<\/td>\n<td>\n<p>Na<\/p>\n<\/td>\n<\/tr>\n<tr>\n<td>\n<p>TSD<\/p>\n<\/td>\n<td>\n<p>\u2264500 EA\/CM2<\/p>\n<\/td>\n<td>\n<p>\u22641000 EA\/CM2<\/p>\n<\/td>\n<td>\n<p>Na<\/p>\n<\/td>\n<\/tr>\n<tr>\n<td colspan=\"4\">\n<p style=\"text-align: center;\">Jako\u015b\u0107 z przodu<\/p>\n<\/td>\n<\/tr>\n<tr>\n<td>\n<p>Prz\u00f3d<\/p>\n<\/td>\n<td colspan=\"3\">\n<p>Si<\/p>\n<\/td>\n<\/tr>\n<tr>\n<td>\n<p>Wyko\u0144czenie powierzchni<\/p>\n<\/td>\n<td colspan=\"3\">\n<p>SI-FACE CMP<\/p>\n<\/td>\n<\/tr>\n<tr>\n<td>\n<p>Cz\u0105steczki<\/p>\n<\/td>\n<td>\n<p>\u226460ea\/wafel (rozmiar \u22650,3 \u03bcm)<\/p>\n<\/td>\n<td colspan=\"2\">\n<p>Na<\/p>\n<\/td>\n<\/tr>\n<tr>\n<td>\n<p>Zadrapania<\/p>\n<\/td>\n<td>\n<p>\u22645EA\/mm. Kumulatywna d\u0142ugo\u015b\u0107 \u2264 -diameter<\/p>\n<\/td>\n<td>\n<p>Skumulowana d\u0142ugo\u015b\u0107 \u22642*\u015brednica<\/p>\n<\/td>\n<td>\n<p>Na<\/p>\n<\/td>\n<\/tr>\n<tr>\n<td>\n<p>Sk\u00f3rka pomara\u0144czowa\/do\u0142y\/plamy\/pr\u0105\u017cki\/p\u0119kni\u0119cia\/zanieczyszczenie<\/p>\n<\/td>\n<td colspan=\"2\">\n<p>Nic<\/p>\n<\/td>\n<td>\n<p>Na<\/p>\n<\/td>\n<\/tr>\n<tr>\n<td>\n<p>P\u0142yty kraw\u0119dziowe\/wk\u0142adki\/z\u0142amanie\/sze\u015bciok\u0105tne p\u0142yty<\/p>\n<\/td>\n<td colspan=\"3\">\n<p>Nic<\/p>\n<\/td>\n<\/tr>\n<tr>\n<td>\n<p>Obszary politypowe<\/p>\n<\/td>\n<td>\n<p>Nic<\/p>\n<\/td>\n<td>\n<p>Obszar skumulowany \u226420%<\/p>\n<\/td>\n<td>\n<p>Obszar skumulowany \u226430%<\/p>\n<\/td>\n<\/tr>\n<tr>\n<td>\n<p>Przednie oznaczenie lasera<\/p>\n<\/td>\n<td colspan=\"3\">\n<p>Nic<\/p>\n<\/td>\n<\/tr>\n<tr>\n<td colspan=\"4\">\n<p style=\"text-align: center;\">Jako\u015b\u0107 wstecz<\/p>\n<\/td>\n<\/tr>\n<tr>\n<td>\n<p>Wstecz<\/p>\n<\/td>\n<td colspan=\"3\">\n<p>CMP-FACE CMP<\/p>\n<\/td>\n<\/tr>\n<tr>\n<td>\n<p>Zadrapania<\/p>\n<\/td>\n<td>\n<p>\u22645EA\/mm, kumulatywna d\u0142ugo\u015b\u0107 \u22642*\u015brednica<\/p>\n<\/td>\n<td colspan=\"2\">\n<p>Na<\/p>\n<\/td>\n<\/tr>\n<tr>\n<td>\n<p>Wady tylne (chipsy kraw\u0119dziowe\/wentylatory)<\/p>\n<\/td>\n<td colspan=\"3\">\n<p>Nic<\/p>\n<\/td>\n<\/tr>\n<tr>\n<td>\n<p>Chropowato\u015b\u0107 plec\u00f3w<\/p>\n<\/td>\n<td colspan=\"3\">\n<p>RA \u2264 0,2 nm (5 \u03bcm*5 \u03bcm)<\/p>\n<\/td>\n<\/tr>\n<tr>\n<td>\n<p>Oznaczenie lasera z ty\u0142u<\/p>\n<\/td>\n<td colspan=\"3\">\n<p>1 mm (od g\u00f3rnej kraw\u0119dzi)<\/p>\n<\/td>\n<\/tr>\n<tr>\n<td colspan=\"4\">\n<p style=\"text-align: center;\">Kraw\u0119d\u017a<\/p>\n<\/td>\n<\/tr>\n<tr>\n<td>\n<p>Kraw\u0119d\u017a<\/p>\n<\/td>\n<td colspan=\"3\">\n<p>\u015aci\u0119cie<\/p>\n<\/td>\n<\/tr>\n<tr>\n<td colspan=\"4\">\n<p style=\"text-align: center;\">Opakowanie<\/p>\n<\/td>\n<\/tr>\n<tr>\n<td>\n<p>Opakowanie<\/p>\n<\/td>\n<td colspan=\"3\">\n<p>Epi-gotowe z opakowaniem pr\u00f3\u017cniowym<\/p>\n<p>Opakowanie kaseta z wieloma falami<\/p>\n<\/td>\n<\/tr>\n<tr>\n<td colspan=\"4\">\n<p style=\"text-align: center;\">*Uwagi \uff1a \u201eNa\u201d oznacza, \u017ce \u200b\u200bbrak wymienionych element\u00f3w, kt\u00f3re nie wspomniane elementy mog\u0105 zapozna\u0107 si\u0119 z p\u00f3\u0142-STD.<\/p>\n<\/td>\n<\/tr>\n<\/tbody>\n<\/table><\/div>\n<\/p><\/div>\n<\/p><\/div>\n<\/p><\/div>\n<\/p><\/div>\n<\/p><\/div>\n<div class=\"fl-col-group fl-node-66bee6d3daa0d\" data-node=\"66bee6d3daa0d\">\n<div class=\"fl-col fl-node-66bee6d3daa4a\" data-node=\"66bee6d3daa4a\" style=\"width: 100%;\">\n<div class=\"fl-col-content fl-node-content\">\n<div class=\"fl-module fl-module-photo fl-node-66bee6d3daa88\" data-animation-delay=\"0.0\" data-node=\"66bee6d3daa88\">\n<div class=\"fl-module-content fl-node-content\">\n<div class=\"fl-photo fl-photo-align-center\" itemscope=\"\" itemtype=\"http:\/\/schema.org\/ImageObject\">\n<div class=\"fl-photo-content fl-photo-img-png\"> <img decoding=\"async\" alt=\"tech_1_2_size\" class=\"fl-photo-img wp-image-2173\" itemprop=\"image\" src=\"\/wp-content\/uploads\/2025\/09\/e3ee0b4147c636ee.webp\"> <\/img><\/div>\n<\/p><\/div>\n<\/p><\/div>\n<\/p><\/div>\n<\/p><\/div>\n<\/p><\/div>\n<\/p><\/div>\n<div class=\"fl-col-group fl-node-66bee6d3da953\" data-node=\"66bee6d3da953\">\n<div class=\"fl-col fl-node-66bee6d3da991\" data-node=\"66bee6d3da991\" style=\"width: 100%;\">\n<div class=\"fl-col-content fl-node-content\">\n<div class=\"fl-module fl-module-photo fl-node-66bee6d3da9cf\" data-animation-delay=\"0.0\" data-node=\"66bee6d3da9cf\">\n<div class=\"fl-module-content fl-node-content\">\n<div class=\"fl-photo fl-photo-align-center\" itemscope=\"\" itemtype=\"http:\/\/schema.org\/ImageObject\">\n<div class=\"fl-photo-content fl-photo-img-jpg\"> <img decoding=\"async\" alt=\"Wafle Sic\" class=\"fl-photo-img wp-image-2174\" itemprop=\"image\" src=\"\/wp-content\/uploads\/2025\/09\/4530d9462eb0bb0b.webp\"> <\/img><\/div>\n<\/p><\/div>\n<\/p><\/div>\n<\/p><\/div>\n<\/p><\/div>\n<\/p><\/div>\n<\/p><\/div>\n<\/p><\/div>\n<\/p><\/div>\n<\/p><\/div>\n<\/div>","protected":false},"excerpt":{"rendered":"<p>Semicera Silicon Wafers are the cornerstone of modern semiconductor devices, offering unmatched purity and precision. Designed to meet the stringent demands of high-tech industries, these wafers ensure reliable performance and consistent quality. Trust Semicera for your cutting-edge electronic applications and innovative technology solutions.<\/p>","protected":false},"featured_media":687,"comment_status":"closed","ping_status":"open","template":"","meta":[],"product_brand":[],"product_cat":[27,26],"product_tag":[],"class_list":{"0":"post-1421","1":"product","2":"type-product","3":"status-publish","4":"has-post-thumbnail","6":"product_cat-si-wafer","7":"product_cat-wafer","9":"first","10":"instock","11":"product-type-simple"},"_links":{"self":[{"href":"https:\/\/www.cn-semiconductorparts.com\/pl\/wp-json\/wp\/v2\/product\/1421","targetHints":{"allow":["GET"]}}],"collection":[{"href":"https:\/\/www.cn-semiconductorparts.com\/pl\/wp-json\/wp\/v2\/product"}],"about":[{"href":"https:\/\/www.cn-semiconductorparts.com\/pl\/wp-json\/wp\/v2\/types\/product"}],"replies":[{"embeddable":true,"href":"https:\/\/www.cn-semiconductorparts.com\/pl\/wp-json\/wp\/v2\/comments?post=1421"}],"wp:featuredmedia":[{"embeddable":true,"href":"https:\/\/www.cn-semiconductorparts.com\/pl\/wp-json\/wp\/v2\/media\/687"}],"wp:attachment":[{"href":"https:\/\/www.cn-semiconductorparts.com\/pl\/wp-json\/wp\/v2\/media?parent=1421"}],"wp:term":[{"taxonomy":"product_brand","embeddable":true,"href":"https:\/\/www.cn-semiconductorparts.com\/pl\/wp-json\/wp\/v2\/product_brand?post=1421"},{"taxonomy":"product_cat","embeddable":true,"href":"https:\/\/www.cn-semiconductorparts.com\/pl\/wp-json\/wp\/v2\/product_cat?post=1421"},{"taxonomy":"product_tag","embeddable":true,"href":"https:\/\/www.cn-semiconductorparts.com\/pl\/wp-json\/wp\/v2\/product_tag?post=1421"}],"curies":[{"name":"WP","href":"https:\/\/api.w.org\/{rel}","templated":true}]}}