{"id":1432,"date":"2025-09-11T05:29:06","date_gmt":"2025-09-11T05:29:06","guid":{"rendered":"https:\/\/weitai2.globaldeepsea.site\/product\/tantalum-carbide-plate\/"},"modified":"2026-04-29T15:33:27","modified_gmt":"2026-04-29T07:33:27","slug":"tantalum-carbide-plate","status":"publish","type":"product","link":"https:\/\/www.cn-semiconductorparts.com\/pl\/product\/tantalum-carbide-plate\/","title":{"rendered":"Tantalum Carbide Talerz"},"content":{"rendered":"<p><?xml encoding=\"utf-8\" ?><\/p>\n<div class=\"fl-builder-content fl-builder-content-9929 fl-builder-content-primary fl-builder-global-templates-locked\" data-post-id=\"9929\">\n<div class=\"fl-row fl-row-full-width fl-row-bg-none fl-node-66b5e6f877c43\" data-node=\"66b5e6f877c43\">\n<div class=\"fl-row-content-wrap\">\n<div class=\"fl-row-content fl-row-full-width fl-node-content\">\n<div class=\"fl-col-group fl-node-66b5e6f877d47\" data-node=\"66b5e6f877d47\">\n<div class=\"fl-col fl-node-66b5e6f877d86\" data-node=\"66b5e6f877d86\" style=\"width: 100%;\">\n<div class=\"fl-col-content fl-node-content\">\n<div class=\"fl-module fl-module-rich-text fl-node-66b5e6f877dc6\" data-animation-delay=\"0.0\" data-node=\"66b5e6f877dc6\">\n<div class=\"fl-module-content fl-node-content\">\n<div class=\"fl-rich-text\">\n<p><span style=\"font-family: arial, helvetica, sans-serif; font-size: medium;\">Semicera Tantalum Carbide Plates are expertly crafted to deliver outstanding high-temperature stability and exceptional density. Designed for industries where precision and reliability are paramount, these plates maintain their structural integrity even in the most extreme conditions. Semicera&#8217;s commitment to quality ensures that every product meets the highest standards of performance.<\/span><\/p>\n<p><span style=\"font-family: arial, helvetica, sans-serif; font-size: medium;\">Made from high-purity tantalum carbide, these plates exhibit excellent resistance to thermal shock, oxidation, and chemical corrosion. Their high density provides superior mechanical strength, making them ideal for use in applications such as high-temperature furnaces, heat exchangers, and advanced manufacturing processes.<\/span><\/p>\n<p><span style=\"font-family: arial, helvetica, sans-serif; font-size: medium;\">The dense microstructure of Semicera Tantalum Carbide Plates ensures minimal porosity, leading to improved thermal conductivity and consistent performance under extreme heat. This attribute makes them particularly suited for industries like aerospace, electronics, and material science, where precision and durability are critical.<\/span><\/p>\n<p><span style=\"font-family: arial, helvetica, sans-serif; font-size: medium;\">Semicera takes pride in delivering products that not only meet but exceed industry standards. Each Tantalum Carbide Plate undergoes rigorous quality control to ensure it performs reliably in demanding environments. With a guaranteed 30-day lead time, Semicera provides the efficiency and dependability your operations require.<\/span><\/p>\n<p><span style=\"font-family: arial, helvetica, sans-serif; font-size: medium;\">Whether you&#8217;re involved in cutting-edge research or high-temperature industrial processes, Semicera Tantalum Carbide Plates offer the stability and strength you need to achieve optimal results. Their ability to withstand extreme temperatures while maintaining structural integrity makes them an indispensable tool in advanced technological applications.<\/span><\/p>\n<div id=\"gtx-trans\" style=\"position: absolute; left: 194px; top: 111.453px;\">&nbsp;<\/div>\n<\/p><\/div>\n<\/p><\/div>\n<\/p><\/div>\n<\/p><\/div>\n<\/p><\/div>\n<\/p><\/div>\n<div class=\"fl-col-group fl-node-66b5e6f878083\" data-node=\"66b5e6f878083\">\n<div class=\"fl-col fl-node-66b5e6f878182 fl-col-small\" data-node=\"66b5e6f878182\" style=\"width: 50%;\">\n<div class=\"fl-col-content fl-node-content\">\n<div class=\"fl-module fl-module-photo fl-node-66b5e6f878103\" data-animation-delay=\"0.0\" data-node=\"66b5e6f878103\">\n<div class=\"fl-module-content fl-node-content\">\n<div class=\"fl-photo fl-photo-align-center\" itemscope=\"\" itemtype=\"http:\/\/schema.org\/ImageObject\">\n<div class=\"fl-photo-content fl-photo-img-jpg\"> <img decoding=\"async\" alt=\"Wysoka wydajno\u015b\u0107 Tantalum Carbide Coating_ Popraw wydajno\u015b\u0107 produkcji przemys\u0142owej i zmniejsz koszty utrzymania.\" class=\"fl-photo-img wp-image-7305 size-thumbnail\" itemprop=\"image\" src=\"\/wp-content\/uploads\/2025\/09\/0c4e2486991c9804.webp\"> <\/div>\n<\/p><\/div>\n<\/p><\/div>\n<\/p><\/div>\n<div class=\"fl-module fl-module-heading fl-node-66b5e6f878202\" data-animation-delay=\"0.0\" data-node=\"66b5e6f878202\">\n<div class=\"fl-module-content fl-node-content\">\n<h3 class=\"fl-heading\">  Cz\u0119\u015b\u0107 TAC dla wzrostu pojedynczego kryszta\u0142u  <\/h3>\n<\/p><\/div>\n<\/p><\/div>\n<\/p><\/div>\n<\/p><\/div>\n<div class=\"fl-col fl-node-66b5e6f8780c3 fl-col-small\" data-node=\"66b5e6f8780c3\" style=\"width: 50%;\">\n<div class=\"fl-col-content fl-node-content\">\n<div class=\"fl-module fl-module-photo fl-node-66b5e6f878143\" data-animation-delay=\"0.0\" data-node=\"66b5e6f878143\">\n<div class=\"fl-module-content fl-node-content\">\n<div class=\"fl-photo fl-photo-align-center\" itemscope=\"\" itemtype=\"http:\/\/schema.org\/ImageObject\">\n<div class=\"fl-photo-content fl-photo-img-jpg\"> <img decoding=\"async\" alt=\"Przeciwko ci\u015bnieniowej pow\u0142oka z w\u0119glikiem tantalu_ chroni sprz\u0119t przed zu\u017cyciem i korozj\u0105.\" class=\"fl-photo-img wp-image-6556 size-thumbnail\" itemprop=\"image\" src=\"\/wp-content\/uploads\/2025\/09\/3358ccbc0dafe7b5.webp\"> <\/div>\n<\/p><\/div>\n<\/p><\/div>\n<\/p><\/div>\n<div class=\"fl-module fl-module-heading fl-node-66b5e6f8781c2\" data-animation-delay=\"0.0\" data-node=\"66b5e6f8781c2\">\n<div class=\"fl-module-content fl-node-content\">\n<h3 class=\"fl-heading\">  Grafit z pier\u015bcieniem pokrytym TAC  <\/h3>\n<\/p><\/div>\n<\/p><\/div>\n<\/p><\/div>\n<\/p><\/div>\n<\/p><\/div>\n<div class=\"fl-col-group fl-node-66b5e6f877ec5\" data-node=\"66b5e6f877ec5\">\n<div class=\"fl-col fl-node-66b5e6f877fc4 fl-col-small\" data-node=\"66b5e6f877fc4\" style=\"width: 50%;\">\n<div class=\"fl-col-content fl-node-content\">\n<div class=\"fl-module fl-module-photo fl-node-66b5e6f877f45\" data-animation-delay=\"0.0\" data-node=\"66b5e6f877f45\">\n<div class=\"fl-module-content fl-node-content\">\n<div class=\"fl-photo fl-photo-align-center\" itemscope=\"\" itemtype=\"http:\/\/schema.org\/ImageObject\">\n<div class=\"fl-photo-content fl-photo-img-png\"> <img decoding=\"async\" alt=\"&#24494;&#20449;&#22270;&#29255;_20240227150045\" class=\"fl-photo-img wp-image-6621\" itemprop=\"image\" src=\"\/wp-content\/uploads\/2025\/09\/7f66597ee3a8b10a.webp\"> <\/div>\n<\/p><\/div>\n<\/p><\/div>\n<\/p><\/div>\n<div class=\"fl-module fl-module-heading fl-node-66b5e6f878043\" data-animation-delay=\"0.0\" data-node=\"66b5e6f878043\">\n<div class=\"fl-module-content fl-node-content\">\n<h3 class=\"fl-heading\"> <span class=\"fl-heading-text\">z TAC i bez<\/span> <\/h3>\n<\/p><\/div>\n<\/p><\/div>\n<\/p><\/div>\n<\/p><\/div>\n<div class=\"fl-col fl-node-66b5e6f877f05 fl-col-small\" data-node=\"66b5e6f877f05\" style=\"width: 50%;\">\n<div class=\"fl-col-content fl-node-content\">\n<div class=\"fl-module fl-module-photo fl-node-66b5e6f877f84\" data-animation-delay=\"0.0\" data-node=\"66b5e6f877f84\">\n<div class=\"fl-module-content fl-node-content\">\n<div class=\"fl-photo fl-photo-align-center\" itemscope=\"\" itemtype=\"http:\/\/schema.org\/ImageObject\">\n<div class=\"fl-photo-content fl-photo-img-png\"> <img decoding=\"async\" alt=\"&#24494;&#20449;&#22270;&#29255;_20240227150053\" class=\"fl-photo-img wp-image-6620 size-thumbnail\" itemprop=\"image\" src=\"\/wp-content\/uploads\/2025\/09\/b13df0bf24464be4.webp\"> <\/div>\n<\/p><\/div>\n<\/p><\/div>\n<\/p><\/div>\n<div class=\"fl-module fl-module-heading fl-node-66b5e6f878004\" data-animation-delay=\"0.0\" data-node=\"66b5e6f878004\">\n<div class=\"fl-module-content fl-node-content\">\n<h3 class=\"fl-heading\"> <span class=\"fl-heading-text\">Po u\u017cyciu TAC (po prawej)<\/span> <\/h3>\n<\/p><\/div>\n<\/p><\/div>\n<\/p><\/div>\n<\/p><\/div>\n<\/p><\/div>\n<div class=\"fl-col-group fl-node-66b5e6f87833f\" data-node=\"66b5e6f87833f\">\n<div class=\"fl-col fl-node-66b5e6f87837f\" data-node=\"66b5e6f87837f\" style=\"width: 100%;\">\n<div class=\"fl-col-content fl-node-content\">\n<div class=\"fl-module fl-module-photo fl-node-66b5e6f8783bf\" data-animation-delay=\"0.0\" data-node=\"66b5e6f8783bf\">\n<div class=\"fl-module-content fl-node-content\">\n<div class=\"fl-photo fl-photo-align-center\" itemscope=\"\" itemtype=\"http:\/\/schema.org\/ImageObject\">\n<div class=\"fl-photo-content fl-photo-img-png\"> <img decoding=\"async\" alt=\"0(1)\" class=\"fl-photo-img wp-image-6851\" itemprop=\"image\" src=\"\/wp-content\/uploads\/2025\/09\/474f2973c811b4a2.webp\"> <\/div>\n<\/p><\/div>\n<\/p><\/div>\n<\/p><\/div>\n<\/p><\/div>\n<\/p><\/div>\n<\/p><\/div>\n<div class=\"fl-col-group fl-node-66b5e6f877c87\" data-node=\"66b5e6f877c87\">\n<div class=\"fl-col fl-node-66b5e6f877cc7\" data-node=\"66b5e6f877cc7\" style=\"width: 100%;\">\n<div class=\"fl-col-content fl-node-content\">\n<div class=\"fl-module fl-module-photo fl-node-66b5e6f877d07\" data-animation-delay=\"0.0\" data-node=\"66b5e6f877d07\">\n<div class=\"fl-module-content fl-node-content\">\n<div class=\"fl-photo fl-photo-align-center\" itemscope=\"\" itemtype=\"http:\/\/schema.org\/ImageObject\">\n<div class=\"fl-photo-content fl-photo-img-jpg\"> <img decoding=\"async\" alt=\"Miejsce pracy p\u00f3\u0142cesy\" class=\"fl-photo-img wp-image-7286\" itemprop=\"image\" src=\"\/wp-content\/uploads\/2025\/09\/b1dd0bcab1675ff4.webp\"> <\/div>\n<\/p><\/div>\n<\/p><\/div>\n<\/p><\/div>\n<\/p><\/div>\n<\/p><\/div>\n<\/p><\/div>\n<div class=\"fl-col-group fl-node-66b5e6f877e06\" data-node=\"66b5e6f877e06\">\n<div class=\"fl-col fl-node-66b5e6f877e46\" data-node=\"66b5e6f877e46\" style=\"width: 100%;\">\n<div class=\"fl-col-content fl-node-content\">\n<div class=\"fl-module fl-module-photo fl-node-66b5e6f877e85\" data-animation-delay=\"0.0\" data-node=\"66b5e6f877e85\">\n<div class=\"fl-module-content fl-node-content\">\n<div class=\"fl-photo fl-photo-align-center\" itemscope=\"\" itemtype=\"http:\/\/schema.org\/ImageObject\">\n<div class=\"fl-photo-content fl-photo-img-jpg\"> <img decoding=\"async\" alt=\"P\u00f3\u0142cera robocza miejsce 2\" class=\"fl-photo-img wp-image-7287\" itemprop=\"image\" src=\"\/wp-content\/uploads\/2025\/09\/2b946d2b4b61306d.webp\"> <\/div>\n<\/p><\/div>\n<\/p><\/div>\n<\/p><\/div>\n<div class=\"fl-module fl-module-photo fl-node-66b5e6f878300\" data-animation-delay=\"0.0\" data-node=\"66b5e6f878300\">\n<div class=\"fl-module-content fl-node-content\">\n<div class=\"fl-photo fl-photo-align-center\" itemscope=\"\" itemtype=\"http:\/\/schema.org\/ImageObject\">\n<div class=\"fl-photo-content fl-photo-img-jpg\"> <img decoding=\"async\" alt=\"Maszyna sprz\u0119tu\" class=\"fl-photo-img wp-image-7288\" itemprop=\"image\" src=\"\/wp-content\/uploads\/2025\/09\/081b6529d68ead23.webp\"> <\/div>\n<\/p><\/div>\n<\/p><\/div>\n<\/p><\/div>\n<div class=\"fl-module fl-module-photo fl-node-66b5e6f878241\" data-animation-delay=\"0.0\" data-node=\"66b5e6f878241\">\n<div class=\"fl-module-content fl-node-content\">\n<div class=\"fl-photo fl-photo-align-center\" itemscope=\"\" itemtype=\"http:\/\/schema.org\/ImageObject\">\n<div class=\"fl-photo-content fl-photo-img-jpg\"> <img decoding=\"async\" alt=\"Semicera Ware House\" class=\"fl-photo-img wp-image-7140\" itemprop=\"image\" src=\"\/wp-content\/uploads\/2025\/09\/2190bb9ce5c1d546.webp\"> <\/div>\n<\/p><\/div>\n<\/p><\/div>\n<\/p><\/div>\n<div class=\"fl-module fl-module-photo fl-node-66b5e6f8782c1\" data-animation-delay=\"0.0\" data-node=\"66b5e6f8782c1\">\n<div class=\"fl-module-content fl-node-content\">\n<div class=\"fl-photo fl-photo-align-center\" itemscope=\"\" itemtype=\"http:\/\/schema.org\/ImageObject\">\n<div class=\"fl-photo-content fl-photo-img-jpg\"> <img decoding=\"async\" alt=\"Przetwarzanie CNN, czyszczenie chemiczne, pow\u0142oka CVD\" class=\"fl-photo-img wp-image-7289\" itemprop=\"image\" src=\"\/wp-content\/uploads\/2025\/09\/a4132b2b399abbac.webp\"> <\/div>\n<\/p><\/div>\n<\/p><\/div>\n<\/p><\/div>\n<div class=\"fl-module fl-module-photo fl-node-66b5e6f878281\" data-animation-delay=\"0.0\" data-node=\"66b5e6f878281\">\n<div class=\"fl-module-content fl-node-content\">\n<div class=\"fl-photo fl-photo-align-center\" itemscope=\"\" itemtype=\"http:\/\/schema.org\/ImageObject\">\n<div class=\"fl-photo-content fl-photo-img-jpg\"> <img decoding=\"async\" alt=\"Nasza us\u0142uga\" class=\"fl-photo-img wp-image-7290\" itemprop=\"image\" src=\"\/wp-content\/uploads\/2025\/09\/b07f222c0ec0ab8d.webp\"> <\/div>\n<\/p><\/div>\n<\/p><\/div>\n<\/p><\/div>\n<\/p><\/div>\n<\/p><\/div>\n<\/p><\/div>\n<\/p><\/div>\n<\/p><\/div>\n<\/p><\/div>\n<\/div>","protected":false},"excerpt":{"rendered":"<p><?xml encoding=\"utf-8\" ?><\/p>\n<p>Semicera Tantalum Carbide Plates offer exceptional high-temperature stability and superior density, making them ideal for critical applications. Engineered for durability and precision, these plates are available with a reliable 30-day lead time. Trust Semicera to provide the highest quality solutions for demanding industrial environments.<\/p>","protected":false},"featured_media":647,"comment_status":"closed","ping_status":"open","template":"","meta":[],"product_brand":[],"product_cat":[37],"product_tag":[],"class_list":{"0":"post-1432","1":"product","2":"type-product","3":"status-publish","4":"has-post-thumbnail","6":"product_cat-cvd-tac-coating","8":"first","9":"instock","10":"product-type-simple"},"_links":{"self":[{"href":"https:\/\/www.cn-semiconductorparts.com\/pl\/wp-json\/wp\/v2\/product\/1432","targetHints":{"allow":["GET"]}}],"collection":[{"href":"https:\/\/www.cn-semiconductorparts.com\/pl\/wp-json\/wp\/v2\/product"}],"about":[{"href":"https:\/\/www.cn-semiconductorparts.com\/pl\/wp-json\/wp\/v2\/types\/product"}],"replies":[{"embeddable":true,"href":"https:\/\/www.cn-semiconductorparts.com\/pl\/wp-json\/wp\/v2\/comments?post=1432"}],"wp:featuredmedia":[{"embeddable":true,"href":"https:\/\/www.cn-semiconductorparts.com\/pl\/wp-json\/wp\/v2\/media\/647"}],"wp:attachment":[{"href":"https:\/\/www.cn-semiconductorparts.com\/pl\/wp-json\/wp\/v2\/media?parent=1432"}],"wp:term":[{"taxonomy":"product_brand","embeddable":true,"href":"https:\/\/www.cn-semiconductorparts.com\/pl\/wp-json\/wp\/v2\/product_brand?post=1432"},{"taxonomy":"product_cat","embeddable":true,"href":"https:\/\/www.cn-semiconductorparts.com\/pl\/wp-json\/wp\/v2\/product_cat?post=1432"},{"taxonomy":"product_tag","embeddable":true,"href":"https:\/\/www.cn-semiconductorparts.com\/pl\/wp-json\/wp\/v2\/product_tag?post=1432"}],"curies":[{"name":"WP","href":"https:\/\/api.w.org\/{rel}","templated":true}]}}