{"id":1447,"date":"2025-09-11T05:29:06","date_gmt":"2025-09-11T05:29:06","guid":{"rendered":"https:\/\/weitai2.globaldeepsea.site\/product\/ald-atomic-layer-deposition-planetary-susceptor\/"},"modified":"2026-04-29T15:33:33","modified_gmt":"2026-04-29T07:33:33","slug":"ald-atomic-layer-deposition-planetary-susceptor","status":"publish","type":"product","link":"https:\/\/www.cn-semiconductorparts.com\/pl\/product\/ald-atomic-layer-deposition-planetary-susceptor\/","title":{"rendered":"ALD Atomic Warstwa Zat\u0119pca Planetarna"},"content":{"rendered":"<div class=\"fl-builder-content fl-builder-content-9636 fl-builder-content-primary fl-builder-global-templates-locked\" data-post-id=\"9636\">\n<div class=\"fl-row fl-row-full-width fl-row-bg-none fl-node-66a36d4036375\" data-node=\"66a36d4036375\">\n<div class=\"fl-row-content-wrap\">\n<div class=\"fl-row-content fl-row-full-width fl-node-content\">\n<div class=\"fl-col-group fl-node-66a36d46a346e\" data-node=\"66a36d46a346e\">\n<div class=\"fl-col fl-node-66a36d46a3612\" data-node=\"66a36d46a3612\" style=\"width: 100%;\">\n<div class=\"fl-col-content fl-node-content\">\n<div class=\"fl-module fl-module-rich-text fl-node-66a36d46a332d\" data-animation-delay=\"0.0\" data-node=\"66a36d46a332d\">\n<div class=\"fl-module-content fl-node-content\">\n<div class=\"fl-rich-text\">\n<p>Odk\u0142adanie warstwy atomowej (ALD) to chemiczna technologia osadzania pary, kt\u00f3ra ro\u015bnie cienkie warstwy przez warstw\u0119 poprzez naprzemienne wstrzykni\u0119cie dw\u00f3ch lub wi\u0119cej cz\u0105steczek prekursorowych. ALD ma zalety wysokiej sterowania i jednorodno\u015bci i mo\u017ce by\u0107 szeroko stosowane w urz\u0105dzeniach p\u00f3\u0142przewodnikowych, urz\u0105dzeniach optoelektronicznych, urz\u0105dzeniach magazynowych i innych dziedzin. Podstawowe zasady ALD obejmuj\u0105 adsorpcj\u0119 prekursorow\u0105, reakcj\u0119 powierzchniow\u0105 i usuwanie produkt\u00f3w ubocznych oraz materia\u0142y wielowarstwowe mo\u017cna utworzy\u0107 poprzez powt\u00f3rzenie tych krok\u00f3w w cyklu. ALD ma charakterystyk\u0119 i zalety wysokiej sterowalno\u015bci, jednorodno\u015bci i nieusowej struktury i mo\u017ce by\u0107 stosowane do odk\u0142adania r\u00f3\u017cnych materia\u0142\u00f3w pod\u0142o\u017ca i r\u00f3\u017cnych materia\u0142\u00f3w.<\/p>\n<\/p><\/div>\n<\/p><\/div>\n<\/p><\/div>\n<div class=\"fl-module fl-module-photo fl-node-66a36e67c76f9\" data-animation-delay=\"0.0\" data-node=\"66a36e67c76f9\">\n<div class=\"fl-module-content fl-node-content\">\n<div class=\"fl-photo fl-photo-align-center\" itemscope=\"\" itemtype=\"http:\/\/schema.org\/ImageObject\">\n<div class=\"fl-photo-content fl-photo-img-jpg\"> <img decoding=\"async\" alt=\"ALD Atomic Warstwa Zat\u0119pca Planetarna (1)\" class=\"fl-photo-img wp-image-9643\" itemprop=\"image\" src=\"\/wp-content\/uploads\/2025\/09\/a43d91e4badd11c6.webp\"> <\/img><\/div>\n<\/p><\/div>\n<\/p><\/div>\n<\/p><\/div>\n<div class=\"fl-module fl-module-rich-text fl-node-66a36de7b0a03\" data-animation-delay=\"0.0\" data-node=\"66a36de7b0a03\">\n<div class=\"fl-module-content fl-node-content\">\n<div class=\"fl-rich-text\">\n<p><strong>ALD ma nast\u0119puj\u0105ce cechy i zalety:<\/strong><br \/><strong>1. Wysoka sterowalno\u015b\u0107:<\/strong> Poniewa\u017c ALD jest procesem wzrostu warstwy, grubo\u015b\u0107 i sk\u0142ad ka\u017cdej warstwy materia\u0142u mo\u017cna dok\u0142adnie kontrolowa\u0107.<br \/><strong>2. Jednorodno\u015b\u0107:<\/strong> ALD mo\u017ce r\u00f3wnomiernie sk\u0142ada\u0107 materia\u0142y na ca\u0142ej powierzchni pod\u0142o\u017ca, unikaj\u0105c nier\u00f3wno\u015bci, kt\u00f3ra mo\u017ce wyst\u0105pi\u0107 w innych technologiach osadzania.<br \/><strong>3. Struktura nieporowata:<\/strong> Poniewa\u017c ALD jest zdeponowane w jednostkach pojedynczych atom\u00f3w lub pojedynczych cz\u0105steczkach, powsta\u0142y film zwykle ma g\u0119st\u0105, nieporowat\u0105 struktur\u0119.<br \/><strong>4. Dobra wydajno\u015b\u0107 zasi\u0119gu:<\/strong> ALD mo\u017ce skutecznie obejmowa\u0107 struktury o wysokim wsp\u00f3\u0142czynniku kszta\u0142tu, takie jak tablice nanopor\u00f3w, materia\u0142y o wysokiej porowato\u015bci itp.<br \/><strong>5. Skalowalno\u015b\u0107:<\/strong> ALD mo\u017ce by\u0107 stosowany do r\u00f3\u017cnych materia\u0142\u00f3w pod\u0142o\u017ca, w tym metali, p\u00f3\u0142przewodnik\u00f3w, szk\u0142a itp.<br \/><strong>6. Wszechstronno\u015b\u0107:<\/strong> Wybieraj\u0105c r\u00f3\u017cne cz\u0105steczki prekursorowe, w procesie ALD mo\u017cna zdeponowa\u0107 r\u00f3\u017cnorodne materia\u0142y, takie jak tlenki metali, siarczki, azotki itp.<\/p>\n<\/p><\/div>\n<\/p><\/div>\n<\/p><\/div>\n<\/p><\/div>\n<\/p><\/div>\n<\/p><\/div>\n<div class=\"fl-col-group fl-node-66a36e0e5baff\" data-node=\"66a36e0e5baff\">\n<div class=\"fl-col fl-node-66a36e0e5bccd\" data-node=\"66a36e0e5bccd\" style=\"width: 100%;\">\n<div class=\"fl-col-content fl-node-content\">\n<div class=\"fl-module fl-module-photo fl-node-66a36e0e5b9c7\" data-animation-delay=\"0.0\" data-node=\"66a36e0e5b9c7\">\n<div class=\"fl-module-content fl-node-content\">\n<div class=\"fl-photo fl-photo-align-center\" itemscope=\"\" itemtype=\"http:\/\/schema.org\/ImageObject\">\n<div class=\"fl-photo-content fl-photo-img-png\"> <img decoding=\"async\" alt=\"123123123\" class=\"fl-photo-img wp-image-9641\" itemprop=\"image\" src=\"\/wp-content\/uploads\/2025\/09\/3e7af11e6a3f7414.webp\"> <\/img><\/div>\n<\/p><\/div>\n<\/p><\/div>\n<\/p><\/div>\n<div class=\"fl-module fl-module-photo fl-node-66a36ec338013\" data-animation-delay=\"0.0\" data-node=\"66a36ec338013\">\n<div class=\"fl-module-content fl-node-content\">\n<div class=\"fl-photo fl-photo-align-center\" itemscope=\"\" itemtype=\"http:\/\/schema.org\/ImageObject\">\n<div class=\"fl-photo-content fl-photo-img-png\"> <img decoding=\"async\" alt=\"640 (5)\" class=\"fl-photo-img wp-image-9645\" itemprop=\"image\" src=\"\/wp-content\/uploads\/2025\/09\/3a31c9dacefa35a5.webp\"> <\/img><\/div>\n<\/p><\/div>\n<\/p><\/div>\n<\/p><\/div>\n<\/p><\/div>\n<\/p><\/div>\n<\/p><\/div>\n<div class=\"fl-col-group fl-node-66a36d40363b5\" data-node=\"66a36d40363b5\">\n<div class=\"fl-col fl-node-66a36d40363f3\" data-node=\"66a36d40363f3\" style=\"width: 100%;\">\n<div class=\"fl-col-content fl-node-content\">\n<div class=\"fl-module fl-module-photo fl-node-66a36d4036431\" data-animation-delay=\"0.0\" data-node=\"66a36d4036431\">\n<div class=\"fl-module-content fl-node-content\">\n<div class=\"fl-photo fl-photo-align-center\" itemscope=\"\" itemtype=\"http:\/\/schema.org\/ImageObject\">\n<div class=\"fl-photo-content fl-photo-img-jpg\"> <img decoding=\"async\" alt=\"Miejsce pracy p\u00f3\u0142cesy\" class=\"fl-photo-img wp-image-9038\" itemprop=\"image\" src=\"\/wp-content\/uploads\/2025\/09\/b1dd0bcab1675ff4.webp\"> <\/img><\/div>\n<\/p><\/div>\n<\/p><\/div>\n<\/p><\/div>\n<div class=\"fl-module fl-module-photo fl-node-66a36d4036566\" data-animation-delay=\"0.0\" data-node=\"66a36d4036566\">\n<div class=\"fl-module-content fl-node-content\">\n<div class=\"fl-photo fl-photo-align-center\" itemscope=\"\" itemtype=\"http:\/\/schema.org\/ImageObject\">\n<div class=\"fl-photo-content fl-photo-img-jpg\"> <img decoding=\"async\" alt=\"P\u00f3\u0142cera robocza miejsce 2\" class=\"fl-photo-img wp-image-9037\" itemprop=\"image\" src=\"\/wp-content\/uploads\/2025\/09\/2b946d2b4b61306d.webp\"> <\/img><\/div>\n<\/p><\/div>\n<\/p><\/div>\n<\/p><\/div>\n<div class=\"fl-module fl-module-photo fl-node-66a36d4036528\" data-animation-delay=\"0.0\" data-node=\"66a36d4036528\">\n<div class=\"fl-module-content fl-node-content\">\n<div class=\"fl-photo fl-photo-align-center\" itemscope=\"\" itemtype=\"http:\/\/schema.org\/ImageObject\">\n<div class=\"fl-photo-content fl-photo-img-jpg\"> <img decoding=\"async\" alt=\"Maszyna sprz\u0119tu\" class=\"fl-photo-img wp-image-9034 size-full\" itemprop=\"image\" src=\"\/wp-content\/uploads\/2025\/09\/081b6529d68ead23.webp\"> <\/img><\/div>\n<\/p><\/div>\n<\/p><\/div>\n<\/p><\/div>\n<div class=\"fl-module fl-module-photo fl-node-66a36d40364ea\" data-animation-delay=\"0.0\" data-node=\"66a36d40364ea\">\n<div class=\"fl-module-content fl-node-content\">\n<div class=\"fl-photo fl-photo-align-center\" itemscope=\"\" itemtype=\"http:\/\/schema.org\/ImageObject\">\n<div class=\"fl-photo-content fl-photo-img-jpg\"> <img decoding=\"async\" alt=\"Przetwarzanie CNN, czyszczenie chemiczne, pow\u0142oka CVD\" class=\"fl-photo-img wp-image-9033\" itemprop=\"image\" src=\"\/wp-content\/uploads\/2025\/09\/a4132b2b399abbac.webp\"> <\/img><\/div>\n<\/p><\/div>\n<\/p><\/div>\n<\/p><\/div>\n<div class=\"fl-module fl-module-photo fl-node-66a36d40364ad\" data-animation-delay=\"0.0\" data-node=\"66a36d40364ad\">\n<div class=\"fl-module-content fl-node-content\">\n<div class=\"fl-photo fl-photo-align-center\" itemscope=\"\" itemtype=\"http:\/\/schema.org\/ImageObject\">\n<div class=\"fl-photo-content fl-photo-img-jpg\"> <img decoding=\"async\" alt=\"Semicera Ware House\" class=\"fl-photo-img wp-image-9036\" itemprop=\"image\" src=\"\/wp-content\/uploads\/2025\/09\/2190bb9ce5c1d546.webp\"> <\/img><\/div>\n<\/p><\/div>\n<\/p><\/div>\n<\/p><\/div>\n<div class=\"fl-module fl-module-photo fl-node-66a36d403646f\" data-animation-delay=\"0.0\" data-node=\"66a36d403646f\">\n<div class=\"fl-module-content fl-node-content\">\n<div class=\"fl-photo fl-photo-align-center\" itemscope=\"\" itemtype=\"http:\/\/schema.org\/ImageObject\">\n<div class=\"fl-photo-content fl-photo-img-jpg\"> <img decoding=\"async\" alt=\"Nasza us\u0142uga\" class=\"fl-photo-img wp-image-9035\" itemprop=\"image\" src=\"\/wp-content\/uploads\/2025\/09\/b07f222c0ec0ab8d.webp\"\/> <\/div>\n<\/p><\/div>\n<\/p><\/div>\n<\/p><\/div>\n<\/p><\/div>\n<\/p><\/div>\n<\/p><\/div>\n<\/p><\/div>\n<\/p><\/div>\n<\/p><\/div>\n<\/div>","protected":false},"excerpt":{"rendered":"<p>Zat\u0119pca warstwa atomowa ALD Warstwa planetarna przez p\u00f3\u0142cest\u0119 jest przeznaczona do precyzyjnego i jednolitego osadzania si\u0119 cienkiego warstwy w produkcji p\u00f3\u0142przewodnikowej. Jego solidna budowa i zaawansowane materia\u0142y zapewniaj\u0105 wysok\u0105 wydajno\u015b\u0107 i d\u0142ugowieczno\u015b\u0107. SEMICERA WYDAJNO\u015a\u0106 ZAKRESUJ\u0104CE ODPOWIEDZIALNO\u015aCI ODPOWIEDZIALNO\u015aCI I PROCESOWANIA, co czyni j\u0105 niezb\u0119dnym elementem najnowocze\u015bniejszych zastosowa\u0144 ALD.<\/p>","protected":false},"featured_media":1029,"comment_status":"closed","ping_status":"open","template":"","meta":[],"product_brand":[],"product_cat":[23,21],"product_tag":[],"class_list":{"0":"post-1447","1":"product","2":"type-product","3":"status-publish","4":"has-post-thumbnail","6":"product_cat-lsotropic-graphite","7":"product_cat-specialty-graphite","9":"first","10":"instock","11":"product-type-simple"},"_links":{"self":[{"href":"https:\/\/www.cn-semiconductorparts.com\/pl\/wp-json\/wp\/v2\/product\/1447","targetHints":{"allow":["GET"]}}],"collection":[{"href":"https:\/\/www.cn-semiconductorparts.com\/pl\/wp-json\/wp\/v2\/product"}],"about":[{"href":"https:\/\/www.cn-semiconductorparts.com\/pl\/wp-json\/wp\/v2\/types\/product"}],"replies":[{"embeddable":true,"href":"https:\/\/www.cn-semiconductorparts.com\/pl\/wp-json\/wp\/v2\/comments?post=1447"}],"wp:featuredmedia":[{"embeddable":true,"href":"https:\/\/www.cn-semiconductorparts.com\/pl\/wp-json\/wp\/v2\/media\/1029"}],"wp:attachment":[{"href":"https:\/\/www.cn-semiconductorparts.com\/pl\/wp-json\/wp\/v2\/media?parent=1447"}],"wp:term":[{"taxonomy":"product_brand","embeddable":true,"href":"https:\/\/www.cn-semiconductorparts.com\/pl\/wp-json\/wp\/v2\/product_brand?post=1447"},{"taxonomy":"product_cat","embeddable":true,"href":"https:\/\/www.cn-semiconductorparts.com\/pl\/wp-json\/wp\/v2\/product_cat?post=1447"},{"taxonomy":"product_tag","embeddable":true,"href":"https:\/\/www.cn-semiconductorparts.com\/pl\/wp-json\/wp\/v2\/product_tag?post=1447"}],"curies":[{"name":"WP","href":"https:\/\/api.w.org\/{rel}","templated":true}]}}