{"id":1453,"date":"2025-09-11T05:29:13","date_gmt":"2025-09-11T05:29:13","guid":{"rendered":"https:\/\/weitai2.globaldeepsea.site\/product\/silicon-carbide-ceramics-sic-seal-ring\/"},"modified":"2025-09-11T05:29:13","modified_gmt":"2025-09-11T05:29:13","slug":"silicon-carbide-ceramics-sic-seal-ring","status":"publish","type":"product","link":"https:\/\/www.cn-semiconductorparts.com\/pl\/product\/silicon-carbide-ceramics-sic-seal-ring\/","title":{"rendered":"Pier\u015bcie\u0144 piecz\u0119ciowa z w\u0119glik\u00f3w krzemowych (sic)"},"content":{"rendered":"<div class=\"fl-builder-content fl-builder-content-9390 fl-builder-content-primary fl-builder-global-templates-locked\" data-post-id=\"9390\">\n<div class=\"fl-row fl-row-full-width fl-row-bg-none fl-node-6687ac73c639f\" data-node=\"6687ac73c639f\">\n<div class=\"fl-row-content-wrap\">\n<div class=\"fl-row-content fl-row-full-width fl-node-content\">\n<div class=\"fl-col-group fl-node-6687ac73c63e2\" data-node=\"6687ac73c63e2\">\n<div class=\"fl-col fl-node-6687ac73c6424\" data-node=\"6687ac73c6424\" style=\"width: 100%;\">\n<div class=\"fl-col-content fl-node-content\">\n<div class=\"fl-module fl-module-rich-text fl-node-6687ac73c6465\" data-animation-delay=\"0.0\" data-node=\"6687ac73c6465\">\n<div class=\"fl-module-content fl-node-content\">\n<div class=\"fl-rich-text\">\n<p>Pier\u015bcie\u0144 uszczelniaj\u0105ca ceramik\u0119 z w\u0119glika krzemu jest elementem uszczelniaj\u0105cym wykonanym z krzemowego materia\u0142u ceramicznego i stosowanego w mechanicznych zastosowaniach uszczelniania. Pier\u015bcie\u0144 uszczelniaj\u0105ca w\u0119glika krzemu (SIC) wykorzystuje w\u0119glik krzemowy jako g\u0142\u00f3wny sk\u0142adnik i ma doskona\u0142e w\u0142a\u015bciwo\u015bci fizyczne i chemiczne, wi\u0119c jest szeroko stosowany w r\u00f3\u017cnych dziedzinach przemys\u0142owych, kt\u00f3re wymagaj\u0105 wysokowydajnego uszczelnienia.<\/p>\n<p>Krzemowa w\u0119glika to nowy rodzaj ceramiki o wysokich kosztach i doskona\u0142ych w\u0142a\u015bciwo\u015bciach materia\u0142u. Ze wzgl\u0119du na cechy, takie jak wysoka wytrzyma\u0142o\u015b\u0107 i twardo\u015b\u0107, odporno\u015b\u0107 na wysok\u0105 temperatur\u0119, du\u017c\u0105 przewodno\u015b\u0107 ciepln\u0105 i odporno\u015b\u0107 na korozj\u0119 chemiczn\u0105, w\u0119glika krzemu mo\u017ce prawie wytrzyma\u0107 ca\u0142\u0105 substancj\u0119 chemiczn\u0105. Dlatego SIC s\u0105 szeroko stosowane w wydobywaniu oleju, chemikalia, maszyn i przestrzeni powietrznej, nawet energii j\u0105drowej, a wojsko maj\u0105 szczeg\u00f3lne wymagania dotycz\u0105ce SIC. Niekt\u00f3re normalne zastosowanie, kt\u00f3re mo\u017cemy zaoferowa\u0107, to pier\u015bcienie uszczelniaj\u0105ce dla pompy, zaworu i zbroi ochronnej itp.<\/p>\n<p><span style=\"font-family: 'Segoe UI';\">Mo\u017ce tworzy\u0107 bardzo z\u0142o\u017cone struktury;\u00a0<\/span><span style=\"font-family: 'Segoe UI';\">Mo\u017cna go u\u017cywa\u0107 w 1400 \u2103;\u00a0<\/span><span style=\"font-family: 'Segoe UI';\">Wysoka twardo\u015b\u0107, bardzo odporna na zu\u017cycie;\u00a0<\/span><span style=\"font-family: 'Segoe UI';\">Wysoka odporno\u015b\u0107 na korozj\u0119; Mo\u017cemy projektowa\u0107 i produkowa\u0107 zgodnie z Twoim konkretnym rozmiarem.<\/span><\/p>\n<\/p><\/div>\n<\/p><\/div>\n<\/p><\/div>\n<\/p><\/div>\n<\/p><\/div>\n<\/p><\/div>\n<div class=\"fl-col-group fl-node-6687ac73c666f\" data-node=\"6687ac73c666f\">\n<div class=\"fl-col fl-node-6687ad018b6e8 fl-col-small\" data-node=\"6687ad018b6e8\" style=\"width: 50%;\">\n<div class=\"fl-col-content fl-node-content\">\n<div class=\"fl-module fl-module-photo fl-node-6687ac9d4f90a\" data-animation-delay=\"0.0\" data-node=\"6687ac9d4f90a\">\n<div class=\"fl-module-content fl-node-content\">\n<div class=\"fl-photo fl-photo-align-center\" itemscope=\"\" itemtype=\"http:\/\/schema.org\/ImageObject\">\n<div class=\"fl-photo-content fl-photo-img-png\"> <img decoding=\"async\" alt=\"Zdj\u0119cie 16\" class=\"fl-photo-img wp-image-9395\" itemprop=\"image\" src=\"\/wp-content\/uploads\/2025\/09\/b0da0b54542f7e6f.webp\"> <\/img><\/div>\n<\/p><\/div>\n<\/p><\/div>\n<\/p><\/div>\n<\/p><\/div>\n<\/p><\/div>\n<div class=\"fl-col fl-node-6687ac73c66b0 fl-col-small\" data-node=\"6687ac73c66b0\" style=\"width: 50%;\">\n<div class=\"fl-col-content fl-node-content\">\n<div class=\"fl-module fl-module-photo fl-node-6687ac73c66f1\" data-animation-delay=\"0.0\" data-node=\"6687ac73c66f1\">\n<div class=\"fl-module-content fl-node-content\">\n<div class=\"fl-photo fl-photo-align-center\" itemscope=\"\" itemtype=\"http:\/\/schema.org\/ImageObject\">\n<div class=\"fl-photo-content fl-photo-img-png\"> <img decoding=\"async\" alt=\"Zdj\u0119cie 18\" class=\"fl-photo-img wp-image-9396\" itemprop=\"image\" src=\"\/wp-content\/uploads\/2025\/09\/dc8d8f65b269a2b7.webp\"> <\/img><\/div>\n<\/p><\/div>\n<\/p><\/div>\n<\/p><\/div>\n<\/p><\/div>\n<\/p><\/div>\n<\/p><\/div>\n<div class=\"fl-col-group fl-node-6687ac73c64a6\" data-node=\"6687ac73c64a6\">\n<div class=\"fl-col fl-node-6687ac73c64e8\" data-node=\"6687ac73c64e8\" style=\"width: 100%;\">\n<div class=\"fl-col-content fl-node-content\">\n<div class=\"fl-module fl-module-rich-text fl-node-6687ac73c6529\" data-animation-delay=\"0.0\" data-node=\"6687ac73c6529\">\n<div class=\"fl-module-content fl-node-content\">\n<div class=\"fl-rich-text\">\n<p>G\u0142\u00f3wne funkcje:<\/p>\n<p>1. Odporno\u015b\u0107 na zu\u017cycie: Ceramika z w\u0119glik\u00f3w krzemowych ma wyj\u0105tkowo wysok\u0105 twardo\u015b\u0107 i doskona\u0142\u0105 odporno\u015b\u0107 na zu\u017cycie. Mo\u017ce utrzyma\u0107 d\u0142ug\u0105 \u017cywotno\u015b\u0107 us\u0142ug w warunkach szybkich i o du\u017cej strukturze, zmniejszaj\u0105c ryzyko zu\u017cycia i awarii uszczelnienia.<\/p>\n<p>2. Odporno\u015b\u0107 na korozj\u0119: Ceramika w\u0119gla krzemu ma doskona\u0142\u0105 odporno\u015b\u0107 na korozj\u0119 i mo\u017ce odporno\u015b\u0107 na erozj\u0119 przez kwasy, alkalis, rozpuszczalniki i wiele po\u017cywek korozyjnych. To sprawia, \u017ce \u200b\u200buszczelki z w\u0119glik\u00f3w krzemowych odpowiednie do zapotrzebowania na uszczelnienie w r\u00f3\u017cnych \u015brodowiskach \u017cr\u0105ckich.<\/p>\n<p>3. Stabilno\u015b\u0107 w wysokiej temperaturze: Ceramika w\u0119glik\u00f3w krzemu mo\u017ce utrzyma\u0107 swoj\u0105 struktur\u0119 i stabilno\u015b\u0107 wydajno\u015bci w warunkach wysokiej temperatury. Mo\u017ce wytrzyma\u0107 wysokie temperatury tysi\u0119cy stopni Celsjusza, dzi\u0119ki czemu dobrze sobie radzi w zastosowaniach uszczelnienia o wysokiej temperaturze.<\/p>\n<p>4. Niski wsp\u00f3\u0142czynnik tarcia: Ceramika z w\u0119glik\u00f3w krzemowych ma niski wsp\u00f3\u0142czynnik tarcia, kt\u00f3ry zmniejsza tarcie i wytwarzanie ciep\u0142a, zmniejsza utrat\u0119 energii i zu\u017cycie oraz poprawia wydajno\u015b\u0107 uszczelnienia.<\/p>\n<p>5. Doskona\u0142a wydajno\u015b\u0107 uszczelnienia: Pier\u015bcienie ceramiczne z w\u0119glik\u00f3w krzemowych mog\u0105 zapewni\u0107 niezawodn\u0105 wydajno\u015b\u0107 uszczelnienia, skutecznie zapobiega\u0107 przeciekaniu \u015bredniego i zanieczyszczenia w wej\u015bciu do strefy uszczelnienia oraz zapewni\u0107 bezpieczne dzia\u0142anie sprz\u0119tu.<\/p>\n<\/p><\/div>\n<\/p><\/div>\n<\/p><\/div>\n<\/p><\/div>\n<\/p><\/div>\n<\/p><\/div>\n<\/p><\/div>\n<\/p><\/div>\n<\/p><\/div>\n<div class=\"fl-row fl-row-full-width fl-row-bg-none fl-node-6687ad281b4f8\" data-node=\"6687ad281b4f8\">\n<div class=\"fl-row-content-wrap\">\n<div class=\"fl-row-content fl-row-full-width fl-node-content\">\n<div class=\"fl-col-group fl-node-6687ad281b53e\" data-node=\"6687ad281b53e\">\n<div class=\"fl-col fl-node-6687ad281b582\" data-node=\"6687ad281b582\" style=\"width: 100%;\">\n<div class=\"fl-col-content fl-node-content\">\n<div class=\"fl-module fl-module-photo fl-node-6687ad281b5c3\" data-animation-delay=\"0.0\" data-node=\"6687ad281b5c3\">\n<div class=\"fl-module-content fl-node-content\">\n<div class=\"fl-photo fl-photo-align-center\" itemscope=\"\" itemtype=\"http:\/\/schema.org\/ImageObject\">\n<div class=\"fl-photo-content fl-photo-img-jpg\"> <img decoding=\"async\" alt=\"Miejsce pracy p\u00f3\u0142cesy\" class=\"fl-photo-img wp-image-9038\" itemprop=\"image\" src=\"\/wp-content\/uploads\/2025\/09\/b1dd0bcab1675ff4.webp\"> <\/img><\/div>\n<\/p><\/div>\n<\/p><\/div>\n<\/p><\/div>\n<div class=\"fl-module fl-module-photo fl-node-6687ad281b70e\" data-animation-delay=\"0.0\" data-node=\"6687ad281b70e\">\n<div class=\"fl-module-content fl-node-content\">\n<div class=\"fl-photo fl-photo-align-center\" itemscope=\"\" itemtype=\"http:\/\/schema.org\/ImageObject\">\n<div class=\"fl-photo-content fl-photo-img-jpg\"> <img decoding=\"async\" alt=\"P\u00f3\u0142cera robocza miejsce 2\" class=\"fl-photo-img wp-image-9037\" itemprop=\"image\" src=\"\/wp-content\/uploads\/2025\/09\/2b946d2b4b61306d.webp\"> <\/img><\/div>\n<\/p><\/div>\n<\/p><\/div>\n<\/p><\/div>\n<div class=\"fl-module fl-module-photo fl-node-6687ad281b6cd\" data-animation-delay=\"0.0\" data-node=\"6687ad281b6cd\">\n<div class=\"fl-module-content fl-node-content\">\n<div class=\"fl-photo fl-photo-align-center\" itemscope=\"\" itemtype=\"http:\/\/schema.org\/ImageObject\">\n<div class=\"fl-photo-content fl-photo-img-jpg\"> <img decoding=\"async\" alt=\"Maszyna sprz\u0119tu\" class=\"fl-photo-img wp-image-9034 size-full\" itemprop=\"image\" src=\"\/wp-content\/uploads\/2025\/09\/081b6529d68ead23.webp\"> <\/img><\/div>\n<\/p><\/div>\n<\/p><\/div>\n<\/p><\/div>\n<div class=\"fl-module fl-module-photo fl-node-6687ad281b687\" data-animation-delay=\"0.0\" data-node=\"6687ad281b687\">\n<div class=\"fl-module-content fl-node-content\">\n<div class=\"fl-photo fl-photo-align-center\" itemscope=\"\" itemtype=\"http:\/\/schema.org\/ImageObject\">\n<div class=\"fl-photo-content fl-photo-img-jpg\"> <img decoding=\"async\" alt=\"Przetwarzanie CNN, czyszczenie chemiczne, pow\u0142oka CVD\" class=\"fl-photo-img wp-image-9033\" itemprop=\"image\" src=\"\/wp-content\/uploads\/2025\/09\/a4132b2b399abbac.webp\"> <\/img><\/div>\n<\/p><\/div>\n<\/p><\/div>\n<\/p><\/div>\n<div class=\"fl-module fl-module-photo fl-node-6687ad281b646\" data-animation-delay=\"0.0\" data-node=\"6687ad281b646\">\n<div class=\"fl-module-content fl-node-content\">\n<div class=\"fl-photo fl-photo-align-center\" itemscope=\"\" itemtype=\"http:\/\/schema.org\/ImageObject\">\n<div class=\"fl-photo-content fl-photo-img-jpg\"> <img decoding=\"async\" alt=\"Semicera Ware House\" class=\"fl-photo-img wp-image-9036\" itemprop=\"image\" src=\"\/wp-content\/uploads\/2025\/09\/2190bb9ce5c1d546.webp\"\/> <\/div>\n<\/p><\/div>\n<\/p><\/div>\n<\/p><\/div>\n<div class=\"fl-module fl-module-photo fl-node-6687ad281b604\" data-animation-delay=\"0.0\" data-node=\"6687ad281b604\">\n<div class=\"fl-module-content fl-node-content\">\n<div class=\"fl-photo fl-photo-align-center\" itemscope=\"\" itemtype=\"http:\/\/schema.org\/ImageObject\">\n<div class=\"fl-photo-content fl-photo-img-jpg\"> <img decoding=\"async\" alt=\"Nasza us\u0142uga\" class=\"fl-photo-img wp-image-9035\" itemprop=\"image\" src=\"\/wp-content\/uploads\/2025\/09\/b07f222c0ec0ab8d.webp\"\/> <\/div>\n<\/p><\/div>\n<\/p><\/div>\n<\/p><\/div>\n<\/p><\/div>\n<\/p><\/div>\n<\/p><\/div>\n<\/p><\/div>\n<\/p><\/div>\n<\/p><\/div>\n<\/div>","protected":false},"excerpt":{"rendered":"<p>Pier\u015bcie\u0144 uszczelniaj\u0105ca w\u0119glika krzemu (SIC) to wysokowydajny element uszczelniaj\u0105cy z odporno\u015bci\u0105 na zu\u017cycie, odporno\u015bci\u0105 na korozj\u0119 i stabilno\u015bci\u0105 w wysokiej temperaturze. Odgrywaj\u0105 wa\u017cn\u0105 rol\u0119 w dziedzinie przemys\u0142owej, zapewniaj\u0105c niezawodn\u0105 wydajno\u015b\u0107 uszczelnienia i chroni\u0105c sprz\u0119t przed wyciekiem i zu\u017cyciem.<\/p>","protected":false},"featured_media":874,"comment_status":"closed","ping_status":"open","template":"","meta":[],"product_brand":[],"product_cat":[25,24],"product_tag":[],"class_list":{"0":"post-1453","1":"product","2":"type-product","3":"status-publish","4":"has-post-thumbnail","6":"product_cat-more-sic-product","7":"product_cat-silicon-carbide-ceramic","9":"first","10":"instock","11":"product-type-simple"},"_links":{"self":[{"href":"https:\/\/www.cn-semiconductorparts.com\/pl\/wp-json\/wp\/v2\/product\/1453","targetHints":{"allow":["GET"]}}],"collection":[{"href":"https:\/\/www.cn-semiconductorparts.com\/pl\/wp-json\/wp\/v2\/product"}],"about":[{"href":"https:\/\/www.cn-semiconductorparts.com\/pl\/wp-json\/wp\/v2\/types\/product"}],"replies":[{"embeddable":true,"href":"https:\/\/www.cn-semiconductorparts.com\/pl\/wp-json\/wp\/v2\/comments?post=1453"}],"wp:featuredmedia":[{"embeddable":true,"href":"https:\/\/www.cn-semiconductorparts.com\/pl\/wp-json\/wp\/v2\/media\/874"}],"wp:attachment":[{"href":"https:\/\/www.cn-semiconductorparts.com\/pl\/wp-json\/wp\/v2\/media?parent=1453"}],"wp:term":[{"taxonomy":"product_brand","embeddable":true,"href":"https:\/\/www.cn-semiconductorparts.com\/pl\/wp-json\/wp\/v2\/product_brand?post=1453"},{"taxonomy":"product_cat","embeddable":true,"href":"https:\/\/www.cn-semiconductorparts.com\/pl\/wp-json\/wp\/v2\/product_cat?post=1453"},{"taxonomy":"product_tag","embeddable":true,"href":"https:\/\/www.cn-semiconductorparts.com\/pl\/wp-json\/wp\/v2\/product_tag?post=1453"}],"curies":[{"name":"WP","href":"https:\/\/api.w.org\/{rel}","templated":true}]}}