{"id":1456,"date":"2025-09-11T05:29:13","date_gmt":"2025-09-11T05:29:13","guid":{"rendered":"https:\/\/weitai2.globaldeepsea.site\/product\/silicon-carbide-ceramics-mechanical-seal-gasket-ring\/"},"modified":"2026-04-29T15:33:21","modified_gmt":"2026-04-29T07:33:21","slug":"silicon-carbide-ceramics-mechanical-seal-gasket-ring","status":"publish","type":"product","link":"https:\/\/www.cn-semiconductorparts.com\/pl\/product\/silicon-carbide-ceramics-mechanical-seal-gasket-ring\/","title":{"rendered":"Krzemowa ceramika w\u0119glika mechaniczna Pier\u015bcie\u0144 uszczelki uszczelki"},"content":{"rendered":"<div class=\"fl-builder-content fl-builder-content-9382 fl-builder-content-primary fl-builder-global-templates-locked\" data-post-id=\"9382\">\n<div class=\"fl-row fl-row-full-width fl-row-bg-none fl-node-6687aa097f08e\" data-node=\"6687aa097f08e\">\n<div class=\"fl-row-content-wrap\">\n<div class=\"fl-row-content fl-row-full-width fl-node-content\">\n<div class=\"fl-col-group fl-node-6687aa097f0da\" data-node=\"6687aa097f0da\">\n<div class=\"fl-col fl-node-6687aa097f122\" data-node=\"6687aa097f122\" style=\"width: 100%;\">\n<div class=\"fl-col-content fl-node-content\">\n<div class=\"fl-module fl-module-rich-text fl-node-6687aa097f16a\" data-animation-delay=\"0.0\" data-node=\"6687aa097f16a\">\n<div class=\"fl-module-content fl-node-content\">\n<div class=\"fl-rich-text\">\n<p>Silicon Carbide Ceramics Mechanical Seal Gasket Ring is a high-performance sealing element for mechanical sealing applications, made of silicon carbide (SiC) ceramic material. It has excellent wear resistance, corrosion resistance and high temperature stability, and is widely used in various industrial fields requiring high-performance sealing.<\/p>\n<p>Krzemowa w\u0119glika to nowy rodzaj ceramiki o wysokich kosztach i doskona\u0142ych w\u0142a\u015bciwo\u015bciach materia\u0142u. Ze wzgl\u0119du na cechy, takie jak wysoka wytrzyma\u0142o\u015b\u0107 i twardo\u015b\u0107, odporno\u015b\u0107 na wysok\u0105 temperatur\u0119, du\u017c\u0105 przewodno\u015b\u0107 ciepln\u0105 i odporno\u015b\u0107 na korozj\u0119 chemiczn\u0105, w\u0119glika krzemu mo\u017ce prawie wytrzyma\u0107 ca\u0142\u0105 substancj\u0119 chemiczn\u0105. Dlatego SIC s\u0105 szeroko stosowane w wydobywaniu oleju, chemikalia, maszyn i przestrzeni powietrznej, nawet energii j\u0105drowej, a wojsko maj\u0105 szczeg\u00f3lne wymagania dotycz\u0105ce SIC. Niekt\u00f3re normalne zastosowanie, kt\u00f3re mo\u017cemy zaoferowa\u0107, to pier\u015bcienie uszczelniaj\u0105ce dla pompy, zaworu i zbroi ochronnej itp.<\/p>\n<p><span style=\"font-family: 'Segoe UI';\">Mo\u017ce tworzy\u0107 bardzo z\u0142o\u017cone struktury;\u00a0<\/span><span style=\"font-family: 'Segoe UI';\">Mo\u017cna go u\u017cywa\u0107 w 1400 \u2103;\u00a0<\/span><span style=\"font-family: 'Segoe UI';\">Wysoka twardo\u015b\u0107, bardzo odporna na zu\u017cycie;\u00a0<\/span><span style=\"font-family: 'Segoe UI';\">High corrosion resistance;\u00a0We can design and manufacture according to your specific size.<\/span><\/p>\n<\/p><\/div>\n<\/p><\/div>\n<\/p><\/div>\n<\/p><\/div>\n<\/p><\/div>\n<\/p><\/div>\n<div class=\"fl-col-group fl-node-6687aa097f3ac\" data-node=\"6687aa097f3ac\">\n<div class=\"fl-col fl-node-6687ab1dca521 fl-col-small\" data-node=\"6687ab1dca521\" style=\"width: 50%;\">\n<div class=\"fl-col-content fl-node-content\">\n<div class=\"fl-module fl-module-photo fl-node-6687ab1556979\" data-animation-delay=\"0.0\" data-node=\"6687ab1556979\">\n<div class=\"fl-module-content fl-node-content\">\n<div class=\"fl-photo fl-photo-align-center\" itemscope=\"\" itemtype=\"http:\/\/schema.org\/ImageObject\">\n<div class=\"fl-photo-content fl-photo-img-png\"> <img decoding=\"async\" alt=\"\u56fe\u7247 21\" class=\"fl-photo-img wp-image-9388\" itemprop=\"image\" src=\"\/wp-content\/uploads\/2025\/09\/cf181855d6c650ed.webp\"> <\/img><\/div>\n<\/p><\/div>\n<\/p><\/div>\n<\/p><\/div>\n<\/p><\/div>\n<\/p><\/div>\n<div class=\"fl-col fl-node-6687aa097f3ef fl-col-small\" data-node=\"6687aa097f3ef\" style=\"width: 50%;\">\n<div class=\"fl-col-content fl-node-content\">\n<div class=\"fl-module fl-module-photo fl-node-6687ab0d7d63a\" data-animation-delay=\"0.0\" data-node=\"6687ab0d7d63a\">\n<div class=\"fl-module-content fl-node-content\">\n<div class=\"fl-photo fl-photo-align-center\" itemscope=\"\" itemtype=\"http:\/\/schema.org\/ImageObject\">\n<div class=\"fl-photo-content fl-photo-img-png\"> <img decoding=\"async\" alt=\"\u56fe\u7247 19\" class=\"fl-photo-img wp-image-9387\" itemprop=\"image\" src=\"\/wp-content\/uploads\/2025\/09\/2a6e357498c7158b.webp\"> <\/img><\/div>\n<\/p><\/div>\n<\/p><\/div>\n<\/p><\/div>\n<\/p><\/div>\n<\/p><\/div>\n<\/p><\/div>\n<div class=\"fl-col-group fl-node-6687aa097f1b1\" data-node=\"6687aa097f1b1\">\n<div class=\"fl-col fl-node-6687aa097f1f6\" data-node=\"6687aa097f1f6\" style=\"width: 100%;\">\n<div class=\"fl-col-content fl-node-content\">\n<div class=\"fl-module fl-module-rich-text fl-node-6687aa097f23c\" data-animation-delay=\"0.0\" data-node=\"6687aa097f23c\">\n<div class=\"fl-module-content fl-node-content\">\n<div class=\"fl-rich-text\">\n<p>Main features include:<\/p>\n<p>1. Wear resistance: Silicon carbide ceramics have excellent hardness and wear resistance, and show low wear rate under high-speed and high-friction conditions. This enables it to maintain sealing performance for a long time in harsh working environments and extend the service life of equipment.<br \/>2. Corrosion resistance: Silicon carbide ceramics have good corrosion resistance to acids, alkalis and some corrosive media, and can operate stably for a long time in chemically corrosive environments. It will not react chemically or be corroded in corrosive media, maintaining its original performance and sealing characteristics.<br \/>3. High temperature stability: Silicon carbide ceramics have excellent high temperature stability and can maintain its structure and performance under extreme high temperature conditions. It can withstand high temperatures of thousands of degrees Celsius and is suitable for high temperature sealing applications such as hearthstones, burners and high temperature reactors.<br \/>4. Low friction coefficient: Silicon carbide ceramics have a low friction coefficient, which reduces the friction and heat generation of the sealing interface, thereby reducing energy loss and wear, and improving sealing efficiency and performance.<br \/>5. Excellent sealing performance: Silicon carbide ceramic mechanical seal gaskets effectively prevent medium leakage and external impurities from entering the sealing area by providing reliable sealing performance, ensuring the safe operation and efficient work of the equipment.<\/p>\n<\/p><\/div>\n<\/p><\/div>\n<\/p><\/div>\n<\/p><\/div>\n<\/p><\/div>\n<\/p><\/div>\n<\/p><\/div>\n<\/p><\/div>\n<\/p><\/div>\n<div class=\"fl-row fl-row-full-width fl-row-bg-none fl-node-6687ab2d333b5\" data-node=\"6687ab2d333b5\">\n<div class=\"fl-row-content-wrap\">\n<div class=\"fl-row-content fl-row-full-width fl-node-content\">\n<div class=\"fl-col-group fl-node-6687ab2d333f8\" data-node=\"6687ab2d333f8\">\n<div class=\"fl-col fl-node-6687ab2d33438\" data-node=\"6687ab2d33438\" style=\"width: 100%;\">\n<div class=\"fl-col-content fl-node-content\">\n<div class=\"fl-module fl-module-photo fl-node-6687ab2d33478\" data-animation-delay=\"0.0\" data-node=\"6687ab2d33478\">\n<div class=\"fl-module-content fl-node-content\">\n<div class=\"fl-photo fl-photo-align-center\" itemscope=\"\" itemtype=\"http:\/\/schema.org\/ImageObject\">\n<div class=\"fl-photo-content fl-photo-img-jpg\"> <img decoding=\"async\" alt=\"Miejsce pracy p\u00f3\u0142cesy\" class=\"fl-photo-img wp-image-9038\" itemprop=\"image\" src=\"\/wp-content\/uploads\/2025\/09\/b1dd0bcab1675ff4.webp\"> <\/img><\/div>\n<\/p><\/div>\n<\/p><\/div>\n<\/p><\/div>\n<div class=\"fl-module fl-module-photo fl-node-6687ab2d335b9\" data-animation-delay=\"0.0\" data-node=\"6687ab2d335b9\">\n<div class=\"fl-module-content fl-node-content\">\n<div class=\"fl-photo fl-photo-align-center\" itemscope=\"\" itemtype=\"http:\/\/schema.org\/ImageObject\">\n<div class=\"fl-photo-content fl-photo-img-jpg\"> <img decoding=\"async\" alt=\"P\u00f3\u0142cera robocza miejsce 2\" class=\"fl-photo-img wp-image-9037\" itemprop=\"image\" src=\"\/wp-content\/uploads\/2025\/09\/2b946d2b4b61306d.webp\"> <\/img><\/div>\n<\/p><\/div>\n<\/p><\/div>\n<\/p><\/div>\n<div class=\"fl-module fl-module-photo fl-node-6687ab2d33579\" data-animation-delay=\"0.0\" data-node=\"6687ab2d33579\">\n<div class=\"fl-module-content fl-node-content\">\n<div class=\"fl-photo fl-photo-align-center\" itemscope=\"\" itemtype=\"http:\/\/schema.org\/ImageObject\">\n<div class=\"fl-photo-content fl-photo-img-jpg\"> <img decoding=\"async\" alt=\"Maszyna sprz\u0119tu\" class=\"fl-photo-img wp-image-9034 size-full\" itemprop=\"image\" src=\"\/wp-content\/uploads\/2025\/09\/081b6529d68ead23.webp\"> <\/img><\/div>\n<\/p><\/div>\n<\/p><\/div>\n<\/p><\/div>\n<div class=\"fl-module fl-module-photo fl-node-6687ab2d33539\" data-animation-delay=\"0.0\" data-node=\"6687ab2d33539\">\n<div class=\"fl-module-content fl-node-content\">\n<div class=\"fl-photo fl-photo-align-center\" itemscope=\"\" itemtype=\"http:\/\/schema.org\/ImageObject\">\n<div class=\"fl-photo-content fl-photo-img-jpg\"> <img decoding=\"async\" alt=\"Przetwarzanie CNN, czyszczenie chemiczne, pow\u0142oka CVD\" class=\"fl-photo-img wp-image-9033\" itemprop=\"image\" src=\"\/wp-content\/uploads\/2025\/09\/a4132b2b399abbac.webp\"> <\/img><\/div>\n<\/p><\/div>\n<\/p><\/div>\n<\/p><\/div>\n<div class=\"fl-module fl-module-photo fl-node-6687ab2d334f9\" data-animation-delay=\"0.0\" data-node=\"6687ab2d334f9\">\n<div class=\"fl-module-content fl-node-content\">\n<div class=\"fl-photo fl-photo-align-center\" itemscope=\"\" itemtype=\"http:\/\/schema.org\/ImageObject\">\n<div class=\"fl-photo-content fl-photo-img-jpg\"> <img decoding=\"async\" alt=\"Semicera Ware House\" class=\"fl-photo-img wp-image-9036\" itemprop=\"image\" src=\"\/wp-content\/uploads\/2025\/09\/2190bb9ce5c1d546.webp\"> <\/img><\/div>\n<\/p><\/div>\n<\/p><\/div>\n<\/p><\/div>\n<div class=\"fl-module fl-module-photo fl-node-6687ab2d334b9\" data-animation-delay=\"0.0\" data-node=\"6687ab2d334b9\">\n<div class=\"fl-module-content fl-node-content\">\n<div class=\"fl-photo fl-photo-align-center\" itemscope=\"\" itemtype=\"http:\/\/schema.org\/ImageObject\">\n<div class=\"fl-photo-content fl-photo-img-jpg\"> <img decoding=\"async\" alt=\"Nasza us\u0142uga\" class=\"fl-photo-img wp-image-9035\" itemprop=\"image\" src=\"\/wp-content\/uploads\/2025\/09\/b07f222c0ec0ab8d.webp\"\/> <\/div>\n<\/p><\/div>\n<\/p><\/div>\n<\/p><\/div>\n<\/p><\/div>\n<\/p><\/div>\n<\/p><\/div>\n<\/p><\/div>\n<\/p><\/div>\n<\/p><\/div>\n<\/div>","protected":false},"excerpt":{"rendered":"<p>Silicon Carbide Ceramics Mechanical Seal Gasket Ring is a high-performance sealing element with wear resistance, corrosion resistance and high temperature stability. Silicon Carbide Ceramics Mechanical Seal Gasket Ring plays an important role in the industrial field to ensure the reliability, safety and efficiency of equipment.<\/p>","protected":false},"featured_media":956,"comment_status":"closed","ping_status":"open","template":"","meta":[],"product_brand":[],"product_cat":[23,21],"product_tag":[],"class_list":{"0":"post-1456","1":"product","2":"type-product","3":"status-publish","4":"has-post-thumbnail","6":"product_cat-lsotropic-graphite","7":"product_cat-specialty-graphite","9":"first","10":"instock","11":"product-type-simple"},"_links":{"self":[{"href":"https:\/\/www.cn-semiconductorparts.com\/pl\/wp-json\/wp\/v2\/product\/1456","targetHints":{"allow":["GET"]}}],"collection":[{"href":"https:\/\/www.cn-semiconductorparts.com\/pl\/wp-json\/wp\/v2\/product"}],"about":[{"href":"https:\/\/www.cn-semiconductorparts.com\/pl\/wp-json\/wp\/v2\/types\/product"}],"replies":[{"embeddable":true,"href":"https:\/\/www.cn-semiconductorparts.com\/pl\/wp-json\/wp\/v2\/comments?post=1456"}],"wp:featuredmedia":[{"embeddable":true,"href":"https:\/\/www.cn-semiconductorparts.com\/pl\/wp-json\/wp\/v2\/media\/956"}],"wp:attachment":[{"href":"https:\/\/www.cn-semiconductorparts.com\/pl\/wp-json\/wp\/v2\/media?parent=1456"}],"wp:term":[{"taxonomy":"product_brand","embeddable":true,"href":"https:\/\/www.cn-semiconductorparts.com\/pl\/wp-json\/wp\/v2\/product_brand?post=1456"},{"taxonomy":"product_cat","embeddable":true,"href":"https:\/\/www.cn-semiconductorparts.com\/pl\/wp-json\/wp\/v2\/product_cat?post=1456"},{"taxonomy":"product_tag","embeddable":true,"href":"https:\/\/www.cn-semiconductorparts.com\/pl\/wp-json\/wp\/v2\/product_tag?post=1456"}],"curies":[{"name":"WP","href":"https:\/\/api.w.org\/{rel}","templated":true}]}}