{"id":1457,"date":"2025-09-11T05:29:13","date_gmt":"2025-09-11T05:29:13","guid":{"rendered":"https:\/\/weitai2.globaldeepsea.site\/product\/sic-micro-reaction-tubes\/"},"modified":"2025-09-11T05:29:14","modified_gmt":"2025-09-11T05:29:14","slug":"sic-micro-reaction-tubes","status":"publish","type":"product","link":"https:\/\/www.cn-semiconductorparts.com\/pl\/product\/sic-micro-reaction-tubes\/","title":{"rendered":"SIC Micro Reakcje"},"content":{"rendered":"<div class=\"fl-builder-content fl-builder-content-9278 fl-builder-content-primary fl-builder-global-templates-locked\" data-post-id=\"9278\">\n<div class=\"fl-row fl-row-full-width fl-row-bg-none fl-node-66851849b6150\" data-node=\"66851849b6150\">\n<div class=\"fl-row-content-wrap\">\n<div class=\"fl-row-content fl-row-full-width fl-node-content\">\n<div class=\"fl-col-group fl-node-6685191d20411\" data-node=\"6685191d20411\">\n<div class=\"fl-col fl-node-6685191d206c8\" data-node=\"6685191d206c8\" style=\"width: 100%;\">\n<div class=\"fl-col-content fl-node-content\">\n<div class=\"fl-module fl-module-rich-text fl-node-66851902ec4e8\" data-animation-delay=\"0.0\" data-node=\"66851902ec4e8\">\n<div class=\"fl-module-content fl-node-content\">\n<div class=\"fl-rich-text\">\n<p>SIC Micro Resact Rurki maj\u0105 doskona\u0142\u0105 oporno\u015b\u0107 w wysokiej temperaturze i mog\u0105 stabilnie dzia\u0142a\u0107 w warunkach wysokiej temperatury. Wysoka przewodno\u015b\u0107 cieplna i stabilno\u015b\u0107 termiczna materia\u0142\u00f3w z w\u0119glika krzemu umo\u017cliwiaj\u0105 mikroreaktorom szybkie prowadzenie i rozpraszanie ciep\u0142a, skuteczne kontrolowanie temperatury reakcji, a tym samym osi\u0105gni\u0119cie skutecznego zarz\u0105dzania termicznego i kontroli temperatury. Zapewnia to idealne \u015brodowisko do reakcji o wysokiej temperaturze i poprawia szybko\u015b\u0107 reakcji i selektywno\u015b\u0107.<\/p>\n<p>Ponadto rurki mikro reakcji SIC maj\u0105 doskona\u0142\u0105 stabilno\u015b\u0107 chemiczn\u0105 i mog\u0105 odpiera\u0107 erozj\u0119 i korozj\u0119 z r\u00f3\u017cnych chemikali\u00f3w. SIC Micro Resact Rures maj\u0105 dobr\u0105 tolerancj\u0119 na wsp\u00f3lne reagenty, takie jak kwasy, zasady i rozpuszczalniki, zapewniaj\u0105c w ten spos\u00f3b d\u0142ug\u0105 \u017cywotno\u015b\u0107 i niezawodno\u015b\u0107 rurki reakcyjnej. Oboj\u0119tna powierzchnia materia\u0142\u00f3w w\u0119gla krzemu zmniejsza r\u00f3wnie\u017c niepotrzebn\u0105 adsorpcj\u0119 i zanieczyszczenie reagent\u00f3w, utrzymuj\u0105c czysto\u015b\u0107 i sp\u00f3jno\u015b\u0107 reakcji.<\/p>\n<p>Mikro projekt rur SIC mikro reakcji daje im wysoki stosunek powierzchni do obj\u0119to\u015bci, zapewniaj\u0105c wy\u017csz\u0105 wydajno\u015b\u0107 reakcji i szybsze szybko\u015bci reakcji. Struktura mikrokana\u0142\u00f3w mikroreaktora umo\u017cliwia wysoki stopie\u0144 kontroli i mieszania p\u0142yn\u00f3w, osi\u0105gaj\u0105c w ten spos\u00f3b precyzyjne warunki reakcji i jednolit\u0105 wymian\u0119 materia\u0142\u00f3w. To sprawia, \u017ce \u200b\u200brurki mikro reakcji SIC maj\u0105 du\u017cy potencja\u0142 w zastosowaniach, takich jak mikroprzep\u0142yw, synteza leku, reakcje katalityczne i analiza biochemiczna.<\/p>\n<p>Dostosowanie i kompatybilno\u015b\u0107 rur SIC mikro reakcji sprawiaj\u0105, \u017ce s\u0105 odpowiednie do r\u00f3\u017cnych zastosowa\u0144 laboratoryjnych i przemys\u0142owych. Mo\u017cna je zintegrowa\u0107 z tradycyjnymi urz\u0105dzeniami laboratoryjnymi i systemami automatyzacji w celu osi\u0105gni\u0119cia wysokowydajnych i wysokowydajnych proces\u00f3w reakcji. Niezawodno\u015b\u0107 i precyzja rur mikro reakcji SIC sprawiaj\u0105, \u017ce s\u0105 one idealnym wyborem dla badaczy i in\u017cynier\u00f3w do wprowadzania innowacji i optymalizacji.<\/p>\n<\/p><\/div>\n<\/p><\/div>\n<\/p><\/div>\n<\/p><\/div>\n<\/p><\/div>\n<\/p><\/div>\n<div class=\"fl-col-group fl-node-66851849b6195\" data-node=\"66851849b6195\">\n<div class=\"fl-col fl-node-66851849b62e3\" data-node=\"66851849b62e3\" style=\"width: 100%;\">\n<div class=\"fl-col-content fl-node-content\">\n<div class=\"fl-module fl-module-photo fl-node-66851921e4600\" data-animation-delay=\"0.0\" data-node=\"66851921e4600\">\n<div class=\"fl-module-content fl-node-content\">\n<div class=\"fl-photo fl-photo-align-center\" itemscope=\"\" itemtype=\"http:\/\/schema.org\/ImageObject\">\n<div class=\"fl-photo-content fl-photo-img-jpg\"> <img decoding=\"async\" alt=\"SIC Micro Reakcja Tubes_Proc\" class=\"fl-photo-img wp-image-9281\" itemprop=\"image\" src=\"\/wp-content\/uploads\/2025\/09\/cc1535e32bb8922e.webp\"> <\/img><\/div>\n<\/p><\/div>\n<\/p><\/div>\n<\/p><\/div>\n<\/p><\/div>\n<\/p><\/div>\n<\/p><\/div>\n<div class=\"fl-col-group fl-node-66851849b6221\" data-node=\"66851849b6221\">\n<div class=\"fl-col fl-node-66851849b6262 fl-col-has-cols\" data-node=\"66851849b6262\" style=\"width: 100%;\">\n<div class=\"fl-col-content fl-node-content\">\n<div class=\"fl-module fl-module-heading fl-node-66851849b62a3\" data-animation-delay=\"0.0\" data-node=\"66851849b62a3\">\n<div class=\"fl-module-content fl-node-content\">\n<h3 class=\"fl-heading\"> <span class=\"fl-heading-text\">Parametry techniczne:<\/span> <\/h3>\n<\/p><\/div>\n<\/p><\/div>\n<div class=\"fl-col-group fl-node-66851849b64a7 fl-col-group-nested\" data-node=\"66851849b64a7\">\n<div class=\"fl-col fl-node-66851849b6364\" data-node=\"66851849b6364\" style=\"width: 100%;\">\n<div class=\"fl-col-content fl-node-content\">\n<div class=\"fl-module fl-module-photo fl-node-66851849b65ac\" data-animation-delay=\"0.0\" data-node=\"66851849b65ac\">\n<div class=\"fl-module-content fl-node-content\">\n<div class=\"fl-photo fl-photo-align-center\" itemscope=\"\" itemtype=\"http:\/\/schema.org\/ImageObject\">\n<div class=\"fl-photo-content fl-photo-img-png\"> <img decoding=\"async\" alt=\"Parametry w\u0119glik\u00f3w krzemowych\" class=\"fl-photo-img wp-image-3336\" itemprop=\"image\" src=\"\/wp-content\/uploads\/2025\/09\/f34bdb8e2db1ea64.webp\"> <\/img><\/div>\n<\/p><\/div>\n<\/p><\/div>\n<\/p><\/div>\n<\/p><\/div>\n<\/p><\/div>\n<\/p><\/div>\n<\/p><\/div>\n<\/p><\/div>\n<\/p><\/div>\n<\/p><\/div>\n<\/p><\/div>\n<\/p><\/div>\n<div class=\"fl-row fl-row-full-width fl-row-bg-none fl-node-668518683b2a8\" data-node=\"668518683b2a8\">\n<div class=\"fl-row-content-wrap\">\n<div class=\"fl-row-content fl-row-full-width fl-node-content\">\n<div class=\"fl-col-group fl-node-668518683b2eb\" data-node=\"668518683b2eb\">\n<div class=\"fl-col fl-node-668518683b32b\" data-node=\"668518683b32b\" style=\"width: 100%;\">\n<div class=\"fl-col-content fl-node-content\">\n<div class=\"fl-module fl-module-photo fl-node-668518683b36b\" data-animation-delay=\"0.0\" data-node=\"668518683b36b\">\n<div class=\"fl-module-content fl-node-content\">\n<div class=\"fl-photo fl-photo-align-center\" itemscope=\"\" itemtype=\"http:\/\/schema.org\/ImageObject\">\n<div class=\"fl-photo-content fl-photo-img-jpg\"> <img decoding=\"async\" alt=\"Miejsce pracy p\u00f3\u0142cesy\" class=\"fl-photo-img wp-image-9038\" itemprop=\"image\" src=\"\/wp-content\/uploads\/2025\/09\/b1dd0bcab1675ff4.webp\"> <\/img><\/div>\n<\/p><\/div>\n<\/p><\/div>\n<\/p><\/div>\n<div class=\"fl-module fl-module-photo fl-node-668518683b4ac\" data-animation-delay=\"0.0\" data-node=\"668518683b4ac\">\n<div class=\"fl-module-content fl-node-content\">\n<div class=\"fl-photo fl-photo-align-center\" itemscope=\"\" itemtype=\"http:\/\/schema.org\/ImageObject\">\n<div class=\"fl-photo-content fl-photo-img-jpg\"> <img decoding=\"async\" alt=\"P\u00f3\u0142cera robocza miejsce 2\" class=\"fl-photo-img wp-image-9037\" itemprop=\"image\" src=\"\/wp-content\/uploads\/2025\/09\/2b946d2b4b61306d.webp\"> <\/img><\/div>\n<\/p><\/div>\n<\/p><\/div>\n<\/p><\/div>\n<div class=\"fl-module fl-module-photo fl-node-668518683b46b\" data-animation-delay=\"0.0\" data-node=\"668518683b46b\">\n<div class=\"fl-module-content fl-node-content\">\n<div class=\"fl-photo fl-photo-align-center\" itemscope=\"\" itemtype=\"http:\/\/schema.org\/ImageObject\">\n<div class=\"fl-photo-content fl-photo-img-jpg\"> <img decoding=\"async\" alt=\"Maszyna sprz\u0119tu\" class=\"fl-photo-img wp-image-9034 size-full\" itemprop=\"image\" src=\"\/wp-content\/uploads\/2025\/09\/081b6529d68ead23.webp\"> <\/img><\/div>\n<\/p><\/div>\n<\/p><\/div>\n<\/p><\/div>\n<div class=\"fl-module fl-module-photo fl-node-668518683b42b\" data-animation-delay=\"0.0\" data-node=\"668518683b42b\">\n<div class=\"fl-module-content fl-node-content\">\n<div class=\"fl-photo fl-photo-align-center\" itemscope=\"\" itemtype=\"http:\/\/schema.org\/ImageObject\">\n<div class=\"fl-photo-content fl-photo-img-jpg\"> <img decoding=\"async\" alt=\"Przetwarzanie CNN, czyszczenie chemiczne, pow\u0142oka CVD\" class=\"fl-photo-img wp-image-9033\" itemprop=\"image\" src=\"\/wp-content\/uploads\/2025\/09\/a4132b2b399abbac.webp\"> <\/img><\/div>\n<\/p><\/div>\n<\/p><\/div>\n<\/p><\/div>\n<div class=\"fl-module fl-module-photo fl-node-668518683b3eb\" data-animation-delay=\"0.0\" data-node=\"668518683b3eb\">\n<div class=\"fl-module-content fl-node-content\">\n<div class=\"fl-photo fl-photo-align-center\" itemscope=\"\" itemtype=\"http:\/\/schema.org\/ImageObject\">\n<div class=\"fl-photo-content fl-photo-img-jpg\"> <img decoding=\"async\" alt=\"Semicera Ware House\" class=\"fl-photo-img wp-image-9036\" itemprop=\"image\" src=\"\/wp-content\/uploads\/2025\/09\/2190bb9ce5c1d546.webp\"> <\/img><\/div>\n<\/p><\/div>\n<\/p><\/div>\n<\/p><\/div>\n<div class=\"fl-module fl-module-photo fl-node-668518683b3ab\" data-animation-delay=\"0.0\" data-node=\"668518683b3ab\">\n<div class=\"fl-module-content fl-node-content\">\n<div class=\"fl-photo fl-photo-align-center\" itemscope=\"\" itemtype=\"http:\/\/schema.org\/ImageObject\">\n<div class=\"fl-photo-content fl-photo-img-jpg\"> <img decoding=\"async\" alt=\"Nasza us\u0142uga\" class=\"fl-photo-img wp-image-9035\" itemprop=\"image\" src=\"\/wp-content\/uploads\/2025\/09\/b07f222c0ec0ab8d.webp\"> <\/img><\/div>\n<\/p><\/div>\n<\/p><\/div>\n<\/p><\/div>\n<\/p><\/div>\n<\/p><\/div>\n<\/p><\/div>\n<\/p><\/div>\n<\/p><\/div>\n<\/p><\/div>\n<\/div>","protected":false},"excerpt":{"rendered":"<p>SIC Micro Resact Tubes to zaawansowany mikroreaktor stosowany do wydajnych i precyzyjnych proces\u00f3w reakcji w dziedzinach chemicznych i biologicznych. SIC Micro Resact Rures przyci\u0105gn\u0119\u0142y szerok\u0105 uwag\u0119 ze wzgl\u0119du na unikalne w\u0142a\u015bciwo\u015bci fizyczne i chemiczne, kt\u00f3re mog\u0105 zapewni\u0107 doskona\u0142\u0105 wydajno\u015b\u0107 reakcji i doskona\u0142\u0105 zdolno\u015b\u0107 kontroln\u0105.<\/p>","protected":false},"featured_media":838,"comment_status":"closed","ping_status":"open","template":"","meta":[],"product_brand":[],"product_cat":[25,24],"product_tag":[],"class_list":{"0":"post-1457","1":"product","2":"type-product","3":"status-publish","4":"has-post-thumbnail","6":"product_cat-more-sic-product","7":"product_cat-silicon-carbide-ceramic","9":"first","10":"instock","11":"product-type-simple"},"_links":{"self":[{"href":"https:\/\/www.cn-semiconductorparts.com\/pl\/wp-json\/wp\/v2\/product\/1457","targetHints":{"allow":["GET"]}}],"collection":[{"href":"https:\/\/www.cn-semiconductorparts.com\/pl\/wp-json\/wp\/v2\/product"}],"about":[{"href":"https:\/\/www.cn-semiconductorparts.com\/pl\/wp-json\/wp\/v2\/types\/product"}],"replies":[{"embeddable":true,"href":"https:\/\/www.cn-semiconductorparts.com\/pl\/wp-json\/wp\/v2\/comments?post=1457"}],"wp:featuredmedia":[{"embeddable":true,"href":"https:\/\/www.cn-semiconductorparts.com\/pl\/wp-json\/wp\/v2\/media\/838"}],"wp:attachment":[{"href":"https:\/\/www.cn-semiconductorparts.com\/pl\/wp-json\/wp\/v2\/media?parent=1457"}],"wp:term":[{"taxonomy":"product_brand","embeddable":true,"href":"https:\/\/www.cn-semiconductorparts.com\/pl\/wp-json\/wp\/v2\/product_brand?post=1457"},{"taxonomy":"product_cat","embeddable":true,"href":"https:\/\/www.cn-semiconductorparts.com\/pl\/wp-json\/wp\/v2\/product_cat?post=1457"},{"taxonomy":"product_tag","embeddable":true,"href":"https:\/\/www.cn-semiconductorparts.com\/pl\/wp-json\/wp\/v2\/product_tag?post=1457"}],"curies":[{"name":"WP","href":"https:\/\/api.w.org\/{rel}","templated":true}]}}