{"id":1458,"date":"2025-09-11T05:29:13","date_gmt":"2025-09-11T05:29:13","guid":{"rendered":"https:\/\/weitai2.globaldeepsea.site\/product\/sic-ceramic-rollers\/"},"modified":"2025-09-11T05:29:14","modified_gmt":"2025-09-11T05:29:14","slug":"sic-ceramic-rollers","status":"publish","type":"product","link":"https:\/\/www.cn-semiconductorparts.com\/pl\/product\/sic-ceramic-rollers\/","title":{"rendered":"Rolki ceramiczne sic"},"content":{"rendered":"<div class=\"fl-builder-content fl-builder-content-9283 fl-builder-content-primary fl-builder-global-templates-locked\" data-post-id=\"9283\">\n<div class=\"fl-row fl-row-full-width fl-row-bg-none fl-node-66851d3a6bdfc\" data-node=\"66851d3a6bdfc\">\n<div class=\"fl-row-content-wrap\">\n<div class=\"fl-row-content fl-row-full-width fl-node-content\">\n<div class=\"fl-col-group fl-node-66851da101419\" data-node=\"66851da101419\">\n<div class=\"fl-col fl-node-66851da1016a7\" data-node=\"66851da1016a7\" style=\"width: 100%;\">\n<div class=\"fl-col-content fl-node-content\">\n<div class=\"fl-module fl-module-rich-text fl-node-66851d3a6c07c\" data-animation-delay=\"0.0\" data-node=\"66851d3a6c07c\">\n<div class=\"fl-module-content fl-node-content\">\n<div class=\"fl-rich-text\">\n<p>Rolki ceramiczne SIC maj\u0105 doskona\u0142\u0105 odporno\u015b\u0107 na zu\u017cycie i mog\u0105 wytrzyma\u0107 wysokie ci\u015bnienie i tarcie bez utraty jako\u015bci powierzchni. Jego twardo\u015b\u0107 jest zbli\u017cona do twardo\u015bci Diamond, co umo\u017cliwia skuteczne zmniejszenie zu\u017cycia kontaktowego z metalowymi materia\u0142ami i przed\u0142u\u017cenie \u017cywotno\u015bci serwisowej wa\u0142ka. Niski wsp\u00f3\u0142czynnik tarcia ceramicznych wa\u0142k\u00f3w SIC zmniejsza r\u00f3wnie\u017c utrat\u0119 energii i wytwarzanie ciep\u0142a, poprawia wydajno\u015b\u0107 produkcji.<\/p>\n<p>Ponadto wa\u0142ki ceramiczne SIC maj\u0105 doskona\u0142\u0105 oporno\u015b\u0107 w wysokiej temperaturze. Mo\u017ce stabilnie dzia\u0142a\u0107 w \u015brodowiskach o wysokiej temperaturze bez zmi\u0119kczania lub deformacji. To sprawia, \u017ce \u200b\u200bsic ceramiczne wa\u0142ki s\u0105 bardzo odpowiednie do proces\u00f3w przetwarzania w wysokiej temperaturze, takich jak walcowanie na gor\u0105co metalowe i ci\u0105g\u0142e odlewanie, zapewniaj\u0105c, \u017ce rolki utrzymuj\u0105 doskona\u0142\u0105 wydajno\u015b\u0107 i stabilno\u015b\u0107 wymiarow\u0105 w ekstremalnych temperaturach.<\/p>\n<p>Wa\u0142ki ceramiczne SIC maj\u0105 r\u00f3wnie\u017c doskona\u0142\u0105 odporno\u015b\u0107 na korozj\u0119. Mo\u017ce oprze\u0107 si\u0119 erozji chemikali\u00f3w, takich jak kwasy, alkalia, rozpuszczalniki i gazy korozyjne, utrzymuj\u0105c wyko\u0144czenie powierzchni i funkcjonalno\u015b\u0107 rolk\u00f3w. To sprawia, \u017ce \u200b\u200bsic ceramiczne rolki dobrze dzia\u0142aj\u0105 w zastosowaniach, takich jak przetwarzanie chemiczne i galwaniczne, rozszerzaj\u0105c \u017cywotno\u015b\u0107 urz\u0105dze\u0144 i popraw\u0119 jako\u015bci produkcji.<\/p>\n<p>Lekkie cechy ceramicznych wa\u0142k\u00f3w SIC daj\u0105 im doskona\u0142e charakterystyk\u0119 bezw\u0142adno\u015bci i mo\u017cliwo\u015bci redukcji wibracji, zmniejszaj\u0105c w ten spos\u00f3b wibracje i ha\u0142as, poprawiaj\u0105c stabilno\u015b\u0107 sprz\u0119tu i komfort pracy. Jego precyzyjne wymiary i p\u0142aska powierzchnia zapewniaj\u0105 stabilno\u015b\u0107 wa\u0142k\u00f3w i g\u0142adko\u015b\u0107, zapewniaj\u0105c doskona\u0142e wyniki w procesach obr\u00f3bki metali i drukowania.<\/p>\n<\/p><\/div>\n<\/p><\/div>\n<\/p><\/div>\n<\/p><\/div>\n<\/p><\/div>\n<\/p><\/div>\n<div class=\"fl-col-group fl-node-66851d3a6be3f\" data-node=\"66851d3a6be3f\">\n<div class=\"fl-col fl-node-66851d3a6bf7e\" data-node=\"66851d3a6bf7e\" style=\"width: 100%;\">\n<div class=\"fl-col-content fl-node-content\">\n<div class=\"fl-module fl-module-photo fl-node-66851d3a6bfbe\" data-animation-delay=\"0.0\" data-node=\"66851d3a6bfbe\">\n<div class=\"fl-module-content fl-node-content\">\n<div class=\"fl-photo fl-photo-align-center\" itemscope=\"\" itemtype=\"http:\/\/schema.org\/ImageObject\">\n<div class=\"fl-photo-content fl-photo-img-png\"> <img decoding=\"async\" alt=\"SIC Ceramiczne rolki - kopia\" class=\"fl-photo-img wp-image-9286\" itemprop=\"image\" src=\"\/wp-content\/uploads\/2025\/09\/7c2ee77c8e71ef98.webp\"> <\/img><\/div>\n<\/p><\/div>\n<\/p><\/div>\n<\/p><\/div>\n<\/p><\/div>\n<\/p><\/div>\n<\/p><\/div>\n<div class=\"fl-col-group fl-node-66851d3a6c0bc\" data-node=\"66851d3a6c0bc\">\n<div class=\"fl-col fl-node-66851d3a6c0fc\" data-node=\"66851d3a6c0fc\" style=\"width: 100%;\">\n<div class=\"fl-col-content fl-node-content\">\n<div class=\"fl-module fl-module-rich-text fl-node-66851d3a6c03d\" data-animation-delay=\"0.0\" data-node=\"66851d3a6c03d\">\n<div class=\"fl-module-content fl-node-content\">\n<div class=\"fl-rich-text\">\n<p data-section=\"0\">Nieprzestrzeni spiekany silikonowy wa\u0142ek w\u0119gla, ci\u015bnienie atmosferyczne spiekane krzemowe produkty ceramiczne, stosowanie ultra-fine krzemowego proszku o wysokiej czysto\u015bci, spiekane w 2450 \u2103 Wysokiej temperatury, zawarto\u015b\u0107 w\u0119gla krzemu o wi\u0119cej ni\u017c 99,1%, g\u0119sto\u015b\u0107 produktu \u22653,10 g\/cm3, bez metalowych impitur\u00f3w, takich jak silikon metalowy.<\/p>\n<p data-section=\"2\">\u25ba Zawarto\u015b\u0107 w\u0119glik\u00f3w krzemowych - \u226599%;<\/p>\n<p data-section=\"4\">\u25ba Oporno\u015b\u0107 w wysokiej temperaturze - normalne u\u017cycie w 1800 \u2103;<\/p>\n<p data-section=\"6\">\u25ba Wysoka przewodno\u015b\u0107 cieplna - por\u00f3wnywalna z przewodno\u015bci\u0105 ciepln\u0105 materia\u0142\u00f3w grafitowych;<\/p>\n<p data-section=\"8\">\u25ba Wysoka twardo\u015b\u0107 - twardo\u015b\u0107 drug\u0105 tylko do diamentu, sze\u015bciennego azotku boru;<\/p>\n<p data-section=\"10\">\u25ba Odporno\u015b\u0107 na korozj\u0119 - silny kwas i alkalia nie maj\u0105 \u017cadnej korozji, odporno\u015b\u0107 na korozj\u0119 jest lepsza ni\u017c w\u0119glik wolframu i tlenku glinu;<\/p>\n<p data-section=\"12\">\u25ba Lekka - g\u0119sto\u015b\u0107 3.10 g\/cm3, blisko aluminium;<\/p>\n<p data-section=\"14\">\u25ba Bez deformacji - bardzo ma\u0142y wsp\u00f3\u0142czynnik rozszerzalno\u015bci cieplnej;<\/p>\n<p data-section=\"16\">\u25ba Odporno\u015b\u0107 na wstrz\u0105sy termiczne - materia\u0142 mo\u017ce wytrzyma\u0107 szybkie zmiany temperatury, odporno\u015b\u0107 na wstrz\u0105sy termiczne, odporno\u015b\u0107 na zimno i ciep\u0142o, stabilna wydajno\u015b\u0107.<\/p>\n<\/p><\/div>\n<\/p><\/div>\n<\/p><\/div>\n<\/p><\/div>\n<\/p><\/div>\n<\/p><\/div>\n<div class=\"fl-col-group fl-node-66851d3a6bebf\" data-node=\"66851d3a6bebf\">\n<div class=\"fl-col fl-node-66851d3a6beff fl-col-has-cols\" data-node=\"66851d3a6beff\" style=\"width: 100%;\">\n<div class=\"fl-col-content fl-node-content\">\n<div class=\"fl-module fl-module-heading fl-node-66851d3a6bf3f\" data-animation-delay=\"0.0\" data-node=\"66851d3a6bf3f\">\n<div class=\"fl-module-content fl-node-content\">\n<h3 class=\"fl-heading\"> <span class=\"fl-heading-text\">Parametry techniczne:<\/span> <\/h3>\n<\/p><\/div>\n<\/p><\/div>\n<div class=\"fl-col-group fl-node-66851d3a6c13c fl-col-group-nested\" data-node=\"66851d3a6c13c\">\n<div class=\"fl-col fl-node-66851d3a6bffd\" data-node=\"66851d3a6bffd\" style=\"width: 100%;\">\n<div class=\"fl-col-content fl-node-content\">\n<div class=\"fl-module fl-module-photo fl-node-66851d3a6c23c\" data-animation-delay=\"0.0\" data-node=\"66851d3a6c23c\">\n<div class=\"fl-module-content fl-node-content\">\n<div class=\"fl-photo fl-photo-align-center\" itemscope=\"\" itemtype=\"http:\/\/schema.org\/ImageObject\">\n<div class=\"fl-photo-content fl-photo-img-png\"> <img decoding=\"async\" alt=\"Parametry w\u0119glik\u00f3w krzemowych\" class=\"fl-photo-img wp-image-3336\" itemprop=\"image\" src=\"\/wp-content\/uploads\/2025\/09\/f34bdb8e2db1ea64.webp\"> <\/img><\/div>\n<\/p><\/div>\n<\/p><\/div>\n<\/p><\/div>\n<\/p><\/div>\n<\/p><\/div>\n<\/p><\/div>\n<\/p><\/div>\n<\/p><\/div>\n<\/p><\/div>\n<\/p><\/div>\n<\/p><\/div>\n<\/p><\/div>\n<div class=\"fl-row fl-row-full-width fl-row-bg-none fl-node-66851dcf05c1d\" data-node=\"66851dcf05c1d\">\n<div class=\"fl-row-content-wrap\">\n<div class=\"fl-row-content fl-row-full-width fl-node-content\">\n<div class=\"fl-col-group fl-node-66851dcf05c63\" data-node=\"66851dcf05c63\">\n<div class=\"fl-col fl-node-66851dcf05ca4\" data-node=\"66851dcf05ca4\" style=\"width: 100%;\">\n<div class=\"fl-col-content fl-node-content\">\n<div class=\"fl-module fl-module-photo fl-node-66851dcf05ce4\" data-animation-delay=\"0.0\" data-node=\"66851dcf05ce4\">\n<div class=\"fl-module-content fl-node-content\">\n<div class=\"fl-photo fl-photo-align-center\" itemscope=\"\" itemtype=\"http:\/\/schema.org\/ImageObject\">\n<div class=\"fl-photo-content fl-photo-img-jpg\"> <img decoding=\"async\" alt=\"Miejsce pracy p\u00f3\u0142cesy\" class=\"fl-photo-img wp-image-9038\" itemprop=\"image\" src=\"\/wp-content\/uploads\/2025\/09\/b1dd0bcab1675ff4.webp\"> <\/img><\/div>\n<\/p><\/div>\n<\/p><\/div>\n<\/p><\/div>\n<div class=\"fl-module fl-module-photo fl-node-66851dcf05e23\" data-animation-delay=\"0.0\" data-node=\"66851dcf05e23\">\n<div class=\"fl-module-content fl-node-content\">\n<div class=\"fl-photo fl-photo-align-center\" itemscope=\"\" itemtype=\"http:\/\/schema.org\/ImageObject\">\n<div class=\"fl-photo-content fl-photo-img-jpg\"> <img decoding=\"async\" alt=\"P\u00f3\u0142cera robocza miejsce 2\" class=\"fl-photo-img wp-image-9037\" itemprop=\"image\" src=\"\/wp-content\/uploads\/2025\/09\/2b946d2b4b61306d.webp\"> <\/img><\/div>\n<\/p><\/div>\n<\/p><\/div>\n<\/p><\/div>\n<div class=\"fl-module fl-module-photo fl-node-66851dcf05de4\" data-animation-delay=\"0.0\" data-node=\"66851dcf05de4\">\n<div class=\"fl-module-content fl-node-content\">\n<div class=\"fl-photo fl-photo-align-center\" itemscope=\"\" itemtype=\"http:\/\/schema.org\/ImageObject\">\n<div class=\"fl-photo-content fl-photo-img-jpg\"> <img decoding=\"async\" alt=\"Maszyna sprz\u0119tu\" class=\"fl-photo-img wp-image-9034 size-full\" itemprop=\"image\" src=\"\/wp-content\/uploads\/2025\/09\/081b6529d68ead23.webp\"> <\/img><\/div>\n<\/p><\/div>\n<\/p><\/div>\n<\/p><\/div>\n<div class=\"fl-module fl-module-photo fl-node-66851dcf05da4\" data-animation-delay=\"0.0\" data-node=\"66851dcf05da4\">\n<div class=\"fl-module-content fl-node-content\">\n<div class=\"fl-photo fl-photo-align-center\" itemscope=\"\" itemtype=\"http:\/\/schema.org\/ImageObject\">\n<div class=\"fl-photo-content fl-photo-img-jpg\"> <img decoding=\"async\" alt=\"Przetwarzanie CNN, czyszczenie chemiczne, pow\u0142oka CVD\" class=\"fl-photo-img wp-image-9033\" itemprop=\"image\" src=\"\/wp-content\/uploads\/2025\/09\/a4132b2b399abbac.webp\"> <\/img><\/div>\n<\/p><\/div>\n<\/p><\/div>\n<\/p><\/div>\n<div class=\"fl-module fl-module-photo fl-node-66851dcf05d64\" data-animation-delay=\"0.0\" data-node=\"66851dcf05d64\">\n<div class=\"fl-module-content fl-node-content\">\n<div class=\"fl-photo fl-photo-align-center\" itemscope=\"\" itemtype=\"http:\/\/schema.org\/ImageObject\">\n<div class=\"fl-photo-content fl-photo-img-jpg\"> <img decoding=\"async\" alt=\"Semicera Ware House\" class=\"fl-photo-img wp-image-9036\" itemprop=\"image\" src=\"\/wp-content\/uploads\/2025\/09\/2190bb9ce5c1d546.webp\"> <\/img><\/div>\n<\/p><\/div>\n<\/p><\/div>\n<\/p><\/div>\n<div class=\"fl-module fl-module-photo fl-node-66851dcf05d24\" data-animation-delay=\"0.0\" data-node=\"66851dcf05d24\">\n<div class=\"fl-module-content fl-node-content\">\n<div class=\"fl-photo fl-photo-align-center\" itemscope=\"\" itemtype=\"http:\/\/schema.org\/ImageObject\">\n<div class=\"fl-photo-content fl-photo-img-jpg\"> <img decoding=\"async\" alt=\"Nasza us\u0142uga\" class=\"fl-photo-img wp-image-9035\" itemprop=\"image\" src=\"\/wp-content\/uploads\/2025\/09\/b07f222c0ec0ab8d.webp\"> <\/img><\/div>\n<\/p><\/div>\n<\/p><\/div>\n<\/p><\/div>\n<\/p><\/div>\n<\/p><\/div>\n<\/p><\/div>\n<\/p><\/div>\n<\/p><\/div>\n<\/p><\/div>\n<\/div>","protected":false},"excerpt":{"rendered":"<p>SIC Ceramiczne rolki to wysokowydajny wa\u0142ek szeroko stosowany w przetwarzaniu metali i drukowaniu. Rolki ceramiczne SIC przyci\u0105gn\u0119\u0142y wiele uwagi ze wzgl\u0119du na ich doskona\u0142e w\u0142a\u015bciwo\u015bci fizyczne i chemiczne i mog\u0105 zapewni\u0107 doskona\u0142\u0105 odporno\u015b\u0107 na zu\u017cycie, oporno\u015b\u0107 w wysokiej temperaturze i odporno\u015b\u0107 na korozj\u0119.<\/p>","protected":false},"featured_media":813,"comment_status":"closed","ping_status":"open","template":"","meta":[],"product_brand":[],"product_cat":[58,24],"product_tag":[],"class_list":{"0":"post-1458","1":"product","2":"type-product","3":"status-publish","4":"has-post-thumbnail","6":"product_cat-sic-furnace-tube","7":"product_cat-silicon-carbide-ceramic","9":"first","10":"instock","11":"product-type-simple"},"_links":{"self":[{"href":"https:\/\/www.cn-semiconductorparts.com\/pl\/wp-json\/wp\/v2\/product\/1458","targetHints":{"allow":["GET"]}}],"collection":[{"href":"https:\/\/www.cn-semiconductorparts.com\/pl\/wp-json\/wp\/v2\/product"}],"about":[{"href":"https:\/\/www.cn-semiconductorparts.com\/pl\/wp-json\/wp\/v2\/types\/product"}],"replies":[{"embeddable":true,"href":"https:\/\/www.cn-semiconductorparts.com\/pl\/wp-json\/wp\/v2\/comments?post=1458"}],"wp:featuredmedia":[{"embeddable":true,"href":"https:\/\/www.cn-semiconductorparts.com\/pl\/wp-json\/wp\/v2\/media\/813"}],"wp:attachment":[{"href":"https:\/\/www.cn-semiconductorparts.com\/pl\/wp-json\/wp\/v2\/media?parent=1458"}],"wp:term":[{"taxonomy":"product_brand","embeddable":true,"href":"https:\/\/www.cn-semiconductorparts.com\/pl\/wp-json\/wp\/v2\/product_brand?post=1458"},{"taxonomy":"product_cat","embeddable":true,"href":"https:\/\/www.cn-semiconductorparts.com\/pl\/wp-json\/wp\/v2\/product_cat?post=1458"},{"taxonomy":"product_tag","embeddable":true,"href":"https:\/\/www.cn-semiconductorparts.com\/pl\/wp-json\/wp\/v2\/product_tag?post=1458"}],"curies":[{"name":"WP","href":"https:\/\/api.w.org\/{rel}","templated":true}]}}