{"id":1464,"date":"2025-09-11T05:29:13","date_gmt":"2025-09-11T05:29:13","guid":{"rendered":"https:\/\/weitai2.globaldeepsea.site\/product\/pyrolytic-carbon-coating-high-purity-hard-felt-ring\/"},"modified":"2026-04-29T15:33:24","modified_gmt":"2026-04-29T07:33:24","slug":"pyrolytic-carbon-coating-high-purity-hard-felt-ring","status":"publish","type":"product","link":"https:\/\/www.cn-semiconductorparts.com\/pl\/product\/pyrolytic-carbon-coating-high-purity-hard-felt-ring\/","title":{"rendered":"Pirolityczna pow\u0142oka w\u0119glowa o wysokiej czysto\u015bci twardy pier\u015bcie\u0144 filcowy"},"content":{"rendered":"<p><?xml encoding=\"utf-8\" ?><\/p>\n<div class=\"fl-builder-content fl-builder-content-9235 fl-builder-content-primary fl-builder-global-templates-locked\" data-post-id=\"9235\">\n<div class=\"fl-row fl-row-full-width fl-row-bg-none fl-node-667fc1afcb0b4\" data-node=\"667fc1afcb0b4\">\n<div class=\"fl-row-content-wrap\">\n<div class=\"fl-row-content fl-row-full-width fl-node-content\">\n<div class=\"fl-col-group fl-node-667fc1afcc0c5\" data-node=\"667fc1afcc0c5\">\n<div class=\"fl-col fl-node-667fc1afcc261\" data-node=\"667fc1afcc261\" style=\"width: 100%;\">\n<div class=\"fl-col-content fl-node-content\">\n<div class=\"fl-module fl-module-rich-text fl-node-667fc20585c18\" data-animation-delay=\"0.0\" data-node=\"667fc20585c18\">\n<div class=\"fl-module-content fl-node-content\">\n<div class=\"fl-rich-text\">\n<div><span style=\"font-family: &#24494;&#36719;&#38597;&#40657;;\">Pyrolytic carbon coating is a thin layer of pyrolytic carbon coated on the surface of highly purified isostatic&nbsp;<\/span><span style=\"font-family: &#24494;&#36719;&#38597;&#40657;;\">grafit z wykorzystaniem technologii chemicznej osadzania pary (CVD). Ma wysok\u0105 g\u0119sto\u015b\u0107, wysok\u0105 czysto\u015b\u0107 i anizotropowe&nbsp;<\/span><span style=\"font-family: &#24494;&#36719;&#38597;&#40657;;\">W\u0142a\u015bciwo\u015bci termiczne, elektryczne, magnetyczne i mechaniczne.<\/span><\/div>\n<div>&nbsp;<\/div>\n<\/p><\/div>\n<\/p><\/div>\n<\/p><\/div>\n<\/p><\/div>\n<\/p><\/div>\n<\/p><\/div>\n<div class=\"fl-col-group fl-node-667fc1f47ba3f\" data-node=\"667fc1f47ba3f\">\n<div class=\"fl-col fl-node-667fc1f47bbd3\" data-node=\"667fc1f47bbd3\" style=\"width: 100%;\">\n<div class=\"fl-col-content fl-node-content\">\n<div class=\"fl-module fl-module-heading fl-node-667fc1f47b8e3\" data-animation-delay=\"0.0\" data-node=\"667fc1f47b8e3\">\n<div class=\"fl-module-content fl-node-content\">\n<h3 class=\"fl-heading\"> <span class=\"fl-heading-text\">Mainfeatures&#65306;<\/span> <\/h3>\n<\/p><\/div>\n<\/p><\/div>\n<div class=\"fl-module fl-module-rich-text fl-node-667fc1afcaf49\" data-animation-delay=\"0.0\" data-node=\"667fc1afcaf49\">\n<div class=\"fl-module-content fl-node-content\">\n<div class=\"fl-rich-text\">\n<div><span style=\"font-family: &#24494;&#36719;&#38597;&#40657;;\">1. Powierzchnia jest g\u0119sta i wolna od por\u00f3w.<\/span><\/div>\n<div>\n<div>&nbsp;<\/div>\n<div><span style=\"font-family: &#24494;&#36719;&#38597;&#40657;;\">2. Wysoka czysto\u015b\u0107, ca\u0142kowita zawarto\u015b\u0107 zanieczyszczenia &lt;20ppm,<\/span><span style=\"font-family: &#24494;&#36719;&#38597;&#40657;;\">Dobra szczero\u015b\u0107.<\/span><\/div>\n<div>&nbsp;<\/div>\n<div>3.&nbsp;<span style=\"font-family: &#24494;&#36719;&#38597;&#40657;;\">Odporno\u015b\u0107 na wysok\u0105 temperatur\u0119, wytrzyma\u0142o\u015b\u0107 wzrasta wraz ze wzrostem temperatury u\u017cytkowania, osi\u0105gaj\u0105c najwy\u017csz\u0105&nbsp;<\/span><span style=\"font-family: &#24494;&#36719;&#38597;&#40657;;\">value at 2750 &#8451;,sublimation at 3600 &#8451;.<\/span><\/div>\n<div>&nbsp;<\/div>\n<div>4.&nbsp;<span style=\"font-family: &#24494;&#36719;&#38597;&#40657;;\">Niski modu\u0142 spr\u0119\u017cysty, wysoka przewodno\u015b\u0107 cieplna, niski wsp\u00f3\u0142czynnik rozszerzania cieplnego,&nbsp;<\/span><span style=\"font-family: &#24494;&#36719;&#38597;&#40657;;\">i doskona\u0142a odporno\u015b\u0107 na wstrz\u0105sy termiczne.<\/span><\/div>\n<div>&nbsp;<\/div>\n<div>5.&nbsp;<span style=\"font-family: &#24494;&#36719;&#38597;&#40657;;\">Dobra stabilno\u015b\u0107 chemiczna, odporna na kwas, alkalia, s\u00f3l i odczynniki organiczne i ma&nbsp;<\/span><span style=\"font-family: &#24494;&#36719;&#38597;&#40657;;\">Brak wp\u0142ywu na stopione metale, \u017cu\u017cla i inne media \u017cr\u0105ce. Nie utlenia si\u0119&nbsp;<\/span><span style=\"font-family: &#24494;&#36719;&#38597;&#40657;;\">significantly in the atmosphere below 400 &#8451;, and the oxidation rate significantly&nbsp;<\/span><span style=\"font-family: &#24494;&#36719;&#38597;&#40657;;\">increases at 800 &#8451;.<\/span><\/div>\n<div>\n<div>&nbsp;<\/div>\n<div><span style=\"font-family: &#24494;&#36719;&#38597;&#40657;;\">6. Bez uwalniania gazu w wysokich temperaturach mo\u017ce utrzymywa\u0107 pr\u00f3\u017cni\u0119&nbsp;<\/span><span style=\"font-family: &#24494;&#36719;&#38597;&#40657;;\">10-7mmHg at around 1800 &#8451;.<\/span><\/div>\n<div>&nbsp;<\/div>\n<\/p><\/div>\n<\/p><\/div>\n<\/p><\/div>\n<\/p><\/div>\n<\/p><\/div>\n<\/p><\/div>\n<\/p><\/div>\n<\/p><\/div>\n<div class=\"fl-col-group fl-node-667fc2a255268\" data-node=\"667fc2a255268\">\n<div class=\"fl-col fl-node-667fc2a2554e4\" data-node=\"667fc2a2554e4\" style=\"width: 100%;\">\n<div class=\"fl-col-content fl-node-content\">\n<div class=\"fl-module fl-module-heading fl-node-667fc29eb27c7\" data-animation-delay=\"0.0\" data-node=\"667fc29eb27c7\">\n<div class=\"fl-module-content fl-node-content\">\n<h3 class=\"fl-heading\"> <span class=\"fl-heading-text\">Application:<\/span> <\/h3>\n<\/p><\/div>\n<\/p><\/div>\n<div class=\"fl-module fl-module-rich-text fl-node-667fc2c2366ec\" data-animation-delay=\"0.0\" data-node=\"667fc2c2366ec\">\n<div class=\"fl-module-content fl-node-content\">\n<div class=\"fl-rich-text\">\n<div><span style=\"font-family: &#24494;&#36719;&#38597;&#40657;;\">1. Topienie tygla do odparowania w&nbsp;<\/span><span style=\"font-family: &#24494;&#36719;&#38597;&#40657;;\">Przemys\u0142 p\u00f3\u0142przewodnikowy.<\/span><\/div>\n<div>\n<div>&nbsp;<\/div>\n<div><span style=\"font-family: &#24494;&#36719;&#38597;&#40657;;\">2. Elektroniczna brama rurki o du\u017cej mocy.<\/span><\/div>\n<div>\n<div>&nbsp;<\/div>\n<div><span style=\"font-family: &#24494;&#36719;&#38597;&#40657;;\">3. Szczotka, kt\u00f3ra kontaktuje si\u0119 z regulatorem napi\u0119cia.<\/span><\/div>\n<div>\n<div>&nbsp;<\/div>\n<div><span style=\"font-family: &#24494;&#36719;&#38597;&#40657;;\">4. Monochromator grafitu dla promieniowania rentgenowskiego i neutronu.<\/span><\/div>\n<div>\n<div>&nbsp;<\/div>\n<div><span style=\"font-family: &#24494;&#36719;&#38597;&#40657;;\">5. R\u00f3\u017cne kszta\u0142ty substrat\u00f3w grafitowych i<\/span><span style=\"font-family: &#24494;&#36719;&#38597;&#40657;;\">Pow\u0142oka rurki absorpcyjnej atomowej.<\/span><\/div>\n<\/p><\/div>\n<\/p><\/div>\n<\/p><\/div>\n<\/p><\/div>\n<\/p><\/div>\n<\/p><\/div>\n<\/p><\/div>\n<\/p><\/div>\n<\/p><\/div>\n<\/p><\/div>\n<div class=\"fl-col-group fl-node-667fc343188ee\" data-node=\"667fc343188ee\">\n<div class=\"fl-col fl-node-667fc34318b23\" data-node=\"667fc34318b23\" style=\"width: 100%;\">\n<div class=\"fl-col-content fl-node-content\">\n<div class=\"fl-module fl-module-photo fl-node-667fc3431874f\" data-animation-delay=\"0.0\" data-node=\"667fc3431874f\">\n<div class=\"fl-module-content fl-node-content\">\n<div class=\"fl-photo fl-photo-align-center\" itemscope=\"\" itemtype=\"http:\/\/schema.org\/ImageObject\">\n<div class=\"fl-photo-content fl-photo-img-png\"> <img decoding=\"async\" alt=\"&#22270;&#29255;\" class=\"fl-photo-img wp-image-9239\" itemprop=\"image\" src=\"\/wp-content\/uploads\/2025\/09\/f0a1f70226f1e210.webp\"> <\/div>\n<\/p><\/div>\n<\/p><\/div>\n<\/p><\/div>\n<div class=\"fl-module fl-module-heading fl-node-667fc36c07558\" data-animation-delay=\"0.0\" data-node=\"667fc36c07558\">\n<div class=\"fl-module-content fl-node-content\">\n<h3 class=\"fl-heading\"> <span class=\"fl-heading-text\">Efekt pirolitycznego pow\u0142oki w\u0119glowej pod mikroskopem 500x, z nienaruszon\u0105 i zamkni\u0119t\u0105 powierzchni\u0105.<\/span> <\/h3>\n<\/p><\/div>\n<\/p><\/div>\n<\/p><\/div>\n<\/p><\/div>\n<\/p><\/div>\n<\/p><\/div>\n<\/p><\/div>\n<\/p><\/div>\n<div class=\"fl-row fl-row-full-width fl-row-bg-none fl-node-667fc395635f8\" data-node=\"667fc395635f8\">\n<div class=\"fl-row-content-wrap\">\n<div class=\"fl-row-content fl-row-full-width fl-node-content\">\n<div class=\"fl-col-group fl-node-667fc3956363b\" data-node=\"667fc3956363b\">\n<div class=\"fl-col fl-node-667fc39563681\" data-node=\"667fc39563681\" style=\"width: 100%;\">\n<div class=\"fl-col-content fl-node-content\">\n<div class=\"fl-module fl-module-photo fl-node-667fc395636c3\" data-animation-delay=\"0.0\" data-node=\"667fc395636c3\">\n<div class=\"fl-module-content fl-node-content\">\n<div class=\"fl-photo fl-photo-align-center\" itemscope=\"\" itemtype=\"http:\/\/schema.org\/ImageObject\">\n<div class=\"fl-photo-content fl-photo-img-jpg\"> <img decoding=\"async\" alt=\"Miejsce pracy p\u00f3\u0142cesy\" class=\"fl-photo-img wp-image-9038\" itemprop=\"image\" src=\"\/wp-content\/uploads\/2025\/09\/b1dd0bcab1675ff4.webp\"> <\/div>\n<\/p><\/div>\n<\/p><\/div>\n<\/p><\/div>\n<div class=\"fl-module fl-module-photo fl-node-667fc39563802\" data-animation-delay=\"0.0\" data-node=\"667fc39563802\">\n<div class=\"fl-module-content fl-node-content\">\n<div class=\"fl-photo fl-photo-align-center\" itemscope=\"\" itemtype=\"http:\/\/schema.org\/ImageObject\">\n<div class=\"fl-photo-content fl-photo-img-jpg\"> <img decoding=\"async\" alt=\"P\u00f3\u0142cera robocza miejsce 2\" class=\"fl-photo-img wp-image-9037\" itemprop=\"image\" src=\"\/wp-content\/uploads\/2025\/09\/2b946d2b4b61306d.webp\"> <\/div>\n<\/p><\/div>\n<\/p><\/div>\n<\/p><\/div>\n<div class=\"fl-module fl-module-photo fl-node-667fc395637c2\" data-animation-delay=\"0.0\" data-node=\"667fc395637c2\">\n<div class=\"fl-module-content fl-node-content\">\n<div class=\"fl-photo fl-photo-align-center\" itemscope=\"\" itemtype=\"http:\/\/schema.org\/ImageObject\">\n<div class=\"fl-photo-content fl-photo-img-jpg\"> <img decoding=\"async\" alt=\"Maszyna sprz\u0119tu\" class=\"fl-photo-img wp-image-9034 size-full\" itemprop=\"image\" src=\"\/wp-content\/uploads\/2025\/09\/081b6529d68ead23.webp\"> <\/div>\n<\/p><\/div>\n<\/p><\/div>\n<\/p><\/div>\n<div class=\"fl-module fl-module-photo fl-node-667fc39563783\" data-animation-delay=\"0.0\" data-node=\"667fc39563783\">\n<div class=\"fl-module-content fl-node-content\">\n<div class=\"fl-photo fl-photo-align-center\" itemscope=\"\" itemtype=\"http:\/\/schema.org\/ImageObject\">\n<div class=\"fl-photo-content fl-photo-img-jpg\"> <img decoding=\"async\" alt=\"Przetwarzanie CNN, czyszczenie chemiczne, pow\u0142oka CVD\" class=\"fl-photo-img wp-image-9033\" itemprop=\"image\" src=\"\/wp-content\/uploads\/2025\/09\/a4132b2b399abbac.webp\"> <\/div>\n<\/p><\/div>\n<\/p><\/div>\n<\/p><\/div>\n<div class=\"fl-module fl-module-photo fl-node-667fc39563743\" data-animation-delay=\"0.0\" data-node=\"667fc39563743\">\n<div class=\"fl-module-content fl-node-content\">\n<div class=\"fl-photo fl-photo-align-center\" itemscope=\"\" itemtype=\"http:\/\/schema.org\/ImageObject\">\n<div class=\"fl-photo-content fl-photo-img-jpg\"> <img decoding=\"async\" alt=\"Semicera Ware House\" class=\"fl-photo-img wp-image-9036\" itemprop=\"image\" src=\"\/wp-content\/uploads\/2025\/09\/2190bb9ce5c1d546.webp\"> <\/div>\n<\/p><\/div>\n<\/p><\/div>\n<\/p><\/div>\n<div class=\"fl-module fl-module-photo fl-node-667fc39563704\" data-animation-delay=\"0.0\" data-node=\"667fc39563704\">\n<div class=\"fl-module-content fl-node-content\">\n<div class=\"fl-photo fl-photo-align-center\" itemscope=\"\" itemtype=\"http:\/\/schema.org\/ImageObject\">\n<div class=\"fl-photo-content fl-photo-img-jpg\"> <img decoding=\"async\" alt=\"Nasza us\u0142uga\" class=\"fl-photo-img wp-image-9035\" itemprop=\"image\" src=\"\/wp-content\/uploads\/2025\/09\/b07f222c0ec0ab8d.webp\"> <\/div>\n<\/p><\/div>\n<\/p><\/div>\n<\/p><\/div>\n<\/p><\/div>\n<\/p><\/div>\n<\/p><\/div>\n<\/p><\/div>\n<\/p><\/div>\n<\/p><\/div>\n<\/div>","protected":false},"excerpt":{"rendered":"<p><?xml encoding=\"utf-8\" ?><\/p>\n<p>Semicera&rsquo;s Pyrolytic Carbon Coated High-Purity Hard Felt Ring is engineered for superior performance in high-temperature semiconductor applications. This advanced component features a high-purity hard felt base coated with pyrolytic carbon, offering outstanding wear resistance, thermal stability, and chemical durability. Ideal for use in demanding environments, this ring ensures reliable and efficient operation in processes requiring precise temperature control and material purity.<\/p>","protected":false},"featured_media":943,"comment_status":"closed","ping_status":"open","template":"","meta":[],"product_brand":[],"product_cat":[29,30],"product_tag":[],"class_list":{"0":"post-1464","1":"product","2":"type-product","3":"status-publish","4":"has-post-thumbnail","6":"product_cat-carbon-fiber","7":"product_cat-hard-felt","9":"first","10":"instock","11":"product-type-simple"},"_links":{"self":[{"href":"https:\/\/www.cn-semiconductorparts.com\/pl\/wp-json\/wp\/v2\/product\/1464","targetHints":{"allow":["GET"]}}],"collection":[{"href":"https:\/\/www.cn-semiconductorparts.com\/pl\/wp-json\/wp\/v2\/product"}],"about":[{"href":"https:\/\/www.cn-semiconductorparts.com\/pl\/wp-json\/wp\/v2\/types\/product"}],"replies":[{"embeddable":true,"href":"https:\/\/www.cn-semiconductorparts.com\/pl\/wp-json\/wp\/v2\/comments?post=1464"}],"wp:featuredmedia":[{"embeddable":true,"href":"https:\/\/www.cn-semiconductorparts.com\/pl\/wp-json\/wp\/v2\/media\/943"}],"wp:attachment":[{"href":"https:\/\/www.cn-semiconductorparts.com\/pl\/wp-json\/wp\/v2\/media?parent=1464"}],"wp:term":[{"taxonomy":"product_brand","embeddable":true,"href":"https:\/\/www.cn-semiconductorparts.com\/pl\/wp-json\/wp\/v2\/product_brand?post=1464"},{"taxonomy":"product_cat","embeddable":true,"href":"https:\/\/www.cn-semiconductorparts.com\/pl\/wp-json\/wp\/v2\/product_cat?post=1464"},{"taxonomy":"product_tag","embeddable":true,"href":"https:\/\/www.cn-semiconductorparts.com\/pl\/wp-json\/wp\/v2\/product_tag?post=1464"}],"curies":[{"name":"WP","href":"https:\/\/api.w.org\/{rel}","templated":true}]}}