{"id":1525,"date":"2025-09-11T05:29:33","date_gmt":"2025-09-11T05:29:33","guid":{"rendered":"https:\/\/weitai2.globaldeepsea.site\/product\/odm-factory-industrial-boron-silicon-carbide-plate-for-efficiency\/"},"modified":"2026-04-29T15:32:59","modified_gmt":"2026-04-29T07:32:59","slug":"odm-factory-industrial-boron-silicon-carbide-plate-for-efficiency","status":"publish","type":"product","link":"https:\/\/www.cn-semiconductorparts.com\/pl\/product\/odm-factory-industrial-boron-silicon-carbide-plate-for-efficiency\/","title":{"rendered":"Fabryka ODM przemys\u0142owy krzemowy krzemowa p\u0142yta w\u0119glikowa"},"content":{"rendered":"","protected":false},"excerpt":{"rendered":"<p>Materia\u0142y ceramiczne z w\u0119glika krzemu maj\u0105 wytrzyma\u0142o\u015b\u0107 wysokiej temperatury, dobr\u0105 odporno\u015b\u0107 na zu\u017cycie, dobr\u0105 stabilno\u015b\u0107 termiczn\u0105, ma\u0142y wsp\u00f3\u0142czynnik rozszerzania cieplnego, wysoka przewodno\u015b\u0107 cieplna, wysoka twardo\u015b\u0107, odporno\u015b\u0107 na wstrz\u0105sy cieplne i odporno\u015b\u0107 na korozj\u0119 chemiczn\u0105, a inne doskona\u0142e cechy, w wielu materia\u0142ach przemys\u0142u przemys\u0142owego, przemys\u0142u chemicznego, \u015brodowisku, przestrzeni przestronnej, informacja elektroniczna, energetyka i inne piel. Niezast\u0105piona ceramika strukturalna.<\/p>","protected":false},"featured_media":591,"comment_status":"closed","ping_status":"open","template":"","meta":[],"product_brand":[],"product_cat":[15],"product_tag":[],"class_list":{"0":"post-1525","1":"product","2":"type-product","3":"status-publish","4":"has-post-thumbnail","6":"product_cat-uncategorized","8":"first","9":"instock","10":"product-type-simple"},"_links":{"self":[{"href":"https:\/\/www.cn-semiconductorparts.com\/pl\/wp-json\/wp\/v2\/product\/1525","targetHints":{"allow":["GET"]}}],"collection":[{"href":"https:\/\/www.cn-semiconductorparts.com\/pl\/wp-json\/wp\/v2\/product"}],"about":[{"href":"https:\/\/www.cn-semiconductorparts.com\/pl\/wp-json\/wp\/v2\/types\/product"}],"replies":[{"embeddable":true,"href":"https:\/\/www.cn-semiconductorparts.com\/pl\/wp-json\/wp\/v2\/comments?post=1525"}],"wp:featuredmedia":[{"embeddable":true,"href":"https:\/\/www.cn-semiconductorparts.com\/pl\/wp-json\/wp\/v2\/media\/591"}],"wp:attachment":[{"href":"https:\/\/www.cn-semiconductorparts.com\/pl\/wp-json\/wp\/v2\/media?parent=1525"}],"wp:term":[{"taxonomy":"product_brand","embeddable":true,"href":"https:\/\/www.cn-semiconductorparts.com\/pl\/wp-json\/wp\/v2\/product_brand?post=1525"},{"taxonomy":"product_cat","embeddable":true,"href":"https:\/\/www.cn-semiconductorparts.com\/pl\/wp-json\/wp\/v2\/product_cat?post=1525"},{"taxonomy":"product_tag","embeddable":true,"href":"https:\/\/www.cn-semiconductorparts.com\/pl\/wp-json\/wp\/v2\/product_tag?post=1525"}],"curies":[{"name":"WP","href":"https:\/\/api.w.org\/{rel}","templated":true}]}}