{"id":1526,"date":"2025-09-11T05:29:33","date_gmt":"2025-09-11T05:29:33","guid":{"rendered":"https:\/\/weitai2.globaldeepsea.site\/product\/custom-silicon-carbide-ceramic-wear-plates\/"},"modified":"2026-04-29T15:33:00","modified_gmt":"2026-04-29T07:33:00","slug":"custom-silicon-carbide-ceramic-wear-plates","status":"publish","type":"product","link":"https:\/\/www.cn-semiconductorparts.com\/pl\/product\/custom-silicon-carbide-ceramic-wear-plates\/","title":{"rendered":"Niestandardowe silikonowe p\u0142ytki zu\u017cycia w\u0119glik\u00f3w"},"content":{"rendered":"","protected":false},"excerpt":{"rendered":"<p>Materia\u0142y ceramiczne z w\u0119glika krzemu maj\u0105 wytrzyma\u0142o\u015b\u0107 wysokotemperaturow\u0105, dobr\u0105 odporno\u015b\u0107 na zu\u017cycie, dobr\u0105 stabilno\u015b\u0107 termiczn\u0105, ma\u0142y wsp\u00f3\u0142czynnik rozszerzalno\u015bci cieplnej, wysoka przewodno\u015b\u0107 cieplna, wysoka twardo\u015b\u0107, odporno\u015b\u0107 na wstrz\u0105sy cieplne i odporno\u015b\u0107 na korozj\u0119 chemiczn\u0105, a inne doskona\u0142e cechy, w bran\u017cy samochodowej, mechanicznej chemicznej, ochron\u0119 \u015brodowiska, technologi\u0119 przestrzeni, informacyjna elektronika, energia i inne p\u00f3l, staj\u0105 si\u0119 doskona\u0142e w bran\u017cy przemys\u0142owej, w bran\u017cy przemys\u0142u przemys\u0142owego. Inne materia\u0142y niezast\u0105pialne ceramiki strukturalne.<\/p>","protected":false},"featured_media":591,"comment_status":"closed","ping_status":"open","template":"","meta":[],"product_brand":[],"product_cat":[15],"product_tag":[],"class_list":{"0":"post-1526","1":"product","2":"type-product","3":"status-publish","4":"has-post-thumbnail","6":"product_cat-uncategorized","8":"first","9":"instock","10":"product-type-simple"},"_links":{"self":[{"href":"https:\/\/www.cn-semiconductorparts.com\/pl\/wp-json\/wp\/v2\/product\/1526","targetHints":{"allow":["GET"]}}],"collection":[{"href":"https:\/\/www.cn-semiconductorparts.com\/pl\/wp-json\/wp\/v2\/product"}],"about":[{"href":"https:\/\/www.cn-semiconductorparts.com\/pl\/wp-json\/wp\/v2\/types\/product"}],"replies":[{"embeddable":true,"href":"https:\/\/www.cn-semiconductorparts.com\/pl\/wp-json\/wp\/v2\/comments?post=1526"}],"wp:featuredmedia":[{"embeddable":true,"href":"https:\/\/www.cn-semiconductorparts.com\/pl\/wp-json\/wp\/v2\/media\/591"}],"wp:attachment":[{"href":"https:\/\/www.cn-semiconductorparts.com\/pl\/wp-json\/wp\/v2\/media?parent=1526"}],"wp:term":[{"taxonomy":"product_brand","embeddable":true,"href":"https:\/\/www.cn-semiconductorparts.com\/pl\/wp-json\/wp\/v2\/product_brand?post=1526"},{"taxonomy":"product_cat","embeddable":true,"href":"https:\/\/www.cn-semiconductorparts.com\/pl\/wp-json\/wp\/v2\/product_cat?post=1526"},{"taxonomy":"product_tag","embeddable":true,"href":"https:\/\/www.cn-semiconductorparts.com\/pl\/wp-json\/wp\/v2\/product_tag?post=1526"}],"curies":[{"name":"WP","href":"https:\/\/api.w.org\/{rel}","templated":true}]}}