{"id":1543,"date":"2025-09-11T05:29:39","date_gmt":"2025-09-11T05:29:39","guid":{"rendered":"https:\/\/weitai2.globaldeepsea.site\/product\/high-quality-graphite-melting-crucible-made-of-natural-flake-graphite-and-silicon-carbide-bonded-with-fire-clay\/"},"modified":"2026-04-29T15:32:50","modified_gmt":"2026-04-29T07:32:50","slug":"high-quality-graphite-melting-crucible-made-of-natural-flake-graphite-and-silicon-carbide-bonded-with-fire-clay","status":"publish","type":"product","link":"https:\/\/www.cn-semiconductorparts.com\/pl\/product\/high-quality-graphite-melting-crucible-made-of-natural-flake-graphite-and-silicon-carbide-bonded-with-fire-clay\/","title":{"rendered":"High Quality Graphite Melting Crucible Made of Natural Flake Graphite and Silicon Carbide Bonded with Fire Clay"},"content":{"rendered":"","protected":false},"excerpt":{"rendered":"<p>Weitai EnergyTechnology Co., Ltd. jest wiod\u0105cym dostawc\u0105 specjalizuj\u0105cym si\u0119 w op\u0142atach i zaawansowanych na p\u00f3\u0142przewodnik\u00f3w materia\u0142\u00f3w eksploatacyjnych. Jeste\u015bmy zaanga\u017cowani w dostarczanie produkt\u00f3w graficznych o wysokiej jako\u015bci, niezawodnych i innowacyjnych produkt\u00f3w do p\u00f3\u0142przewodnik\u00f3w, takich jak busto\u0142a, i inne powi\u0105zane p\u00f3l. Produkty obejmuj\u0105 SIC\/TAC \u0142\u0105czne produkty graficzne, kt\u00f3re obejmuj\u0105 r\u00f3\u017cne materia\u0142y, takie jak silikonowe. oraz tlenku aluminium itp. Jako zaufany dostawca, rozumiemy znaczenie materia\u0142\u00f3w eksploatacyjnych w procesie produkcyjnym i jeste\u015bmy zaanga\u017cowani w dostarczanie produkt\u00f3w, kt\u00f3re spe\u0142niaj\u0105 najwy\u017csze standardy jako\u015bci w celu zaspokojenia potrzeb naszych klient\u00f3w.<\/p>","protected":false},"featured_media":1157,"comment_status":"closed","ping_status":"open","template":"","meta":[],"product_brand":[],"product_cat":[15],"product_tag":[],"class_list":{"0":"post-1543","1":"product","2":"type-product","3":"status-publish","4":"has-post-thumbnail","6":"product_cat-uncategorized","8":"first","9":"instock","10":"product-type-simple"},"_links":{"self":[{"href":"https:\/\/www.cn-semiconductorparts.com\/pl\/wp-json\/wp\/v2\/product\/1543","targetHints":{"allow":["GET"]}}],"collection":[{"href":"https:\/\/www.cn-semiconductorparts.com\/pl\/wp-json\/wp\/v2\/product"}],"about":[{"href":"https:\/\/www.cn-semiconductorparts.com\/pl\/wp-json\/wp\/v2\/types\/product"}],"replies":[{"embeddable":true,"href":"https:\/\/www.cn-semiconductorparts.com\/pl\/wp-json\/wp\/v2\/comments?post=1543"}],"wp:featuredmedia":[{"embeddable":true,"href":"https:\/\/www.cn-semiconductorparts.com\/pl\/wp-json\/wp\/v2\/media\/1157"}],"wp:attachment":[{"href":"https:\/\/www.cn-semiconductorparts.com\/pl\/wp-json\/wp\/v2\/media?parent=1543"}],"wp:term":[{"taxonomy":"product_brand","embeddable":true,"href":"https:\/\/www.cn-semiconductorparts.com\/pl\/wp-json\/wp\/v2\/product_brand?post=1543"},{"taxonomy":"product_cat","embeddable":true,"href":"https:\/\/www.cn-semiconductorparts.com\/pl\/wp-json\/wp\/v2\/product_cat?post=1543"},{"taxonomy":"product_tag","embeddable":true,"href":"https:\/\/www.cn-semiconductorparts.com\/pl\/wp-json\/wp\/v2\/product_tag?post=1543"}],"curies":[{"name":"WP","href":"https:\/\/api.w.org\/{rel}","templated":true}]}}