{"id":1554,"date":"2025-09-11T05:29:46","date_gmt":"2025-09-11T05:29:46","guid":{"rendered":"https:\/\/weitai2.globaldeepsea.site\/product\/super-lowest-price-high-temperature-refractory-recrystallized-rbsic-silicon-carbide-sic-ceramic-burner-tube-nozzle-with-good-quality\/"},"modified":"2026-04-29T15:32:38","modified_gmt":"2026-04-29T07:32:38","slug":"super-lowest-price-high-temperature-refractory-recrystallized-rbsic-silicon-carbide-sic-ceramic-burner-tube-nozzle-with-good-quality","status":"publish","type":"product","link":"https:\/\/www.cn-semiconductorparts.com\/pl\/product\/super-lowest-price-high-temperature-refractory-recrystallized-rbsic-silicon-carbide-sic-ceramic-burner-tube-nozzle-with-good-quality\/","title":{"rendered":"Super Lowest Price High Temperature Refractory Recrystallized Rbsic Silicon Carbide Sic Ceramic Burner Tube Nozzle with Good Quality"},"content":{"rendered":"","protected":false},"excerpt":{"rendered":"<p>Weitai Energy Technology Co., Ltd. jest wiod\u0105cym dostawc\u0105 specjalizuj\u0105cym si\u0119 w op\u0142atach i zaawansowanych na p\u00f3\u0142przewodnikach. Tlenek aluminiowy itp. Jako zaufany dostawca rozumiemy znaczenie materia\u0142\u00f3w eksploatacyjnych w procesie produkcyjnym i jeste\u015bmy zaanga\u017cowani w dostarczanie produkt\u00f3w spe\u0142niaj\u0105cych najwy\u017csze standardy jako\u015bci w celu zaspokojenia potrzeb naszych klient\u00f3w.<\/p>","protected":false},"featured_media":1052,"comment_status":"closed","ping_status":"open","template":"","meta":[],"product_brand":[],"product_cat":[15],"product_tag":[],"class_list":{"0":"post-1554","1":"product","2":"type-product","3":"status-publish","4":"has-post-thumbnail","6":"product_cat-uncategorized","8":"first","9":"instock","10":"product-type-simple"},"_links":{"self":[{"href":"https:\/\/www.cn-semiconductorparts.com\/pl\/wp-json\/wp\/v2\/product\/1554","targetHints":{"allow":["GET"]}}],"collection":[{"href":"https:\/\/www.cn-semiconductorparts.com\/pl\/wp-json\/wp\/v2\/product"}],"about":[{"href":"https:\/\/www.cn-semiconductorparts.com\/pl\/wp-json\/wp\/v2\/types\/product"}],"replies":[{"embeddable":true,"href":"https:\/\/www.cn-semiconductorparts.com\/pl\/wp-json\/wp\/v2\/comments?post=1554"}],"wp:featuredmedia":[{"embeddable":true,"href":"https:\/\/www.cn-semiconductorparts.com\/pl\/wp-json\/wp\/v2\/media\/1052"}],"wp:attachment":[{"href":"https:\/\/www.cn-semiconductorparts.com\/pl\/wp-json\/wp\/v2\/media?parent=1554"}],"wp:term":[{"taxonomy":"product_brand","embeddable":true,"href":"https:\/\/www.cn-semiconductorparts.com\/pl\/wp-json\/wp\/v2\/product_brand?post=1554"},{"taxonomy":"product_cat","embeddable":true,"href":"https:\/\/www.cn-semiconductorparts.com\/pl\/wp-json\/wp\/v2\/product_cat?post=1554"},{"taxonomy":"product_tag","embeddable":true,"href":"https:\/\/www.cn-semiconductorparts.com\/pl\/wp-json\/wp\/v2\/product_tag?post=1554"}],"curies":[{"name":"WP","href":"https:\/\/api.w.org\/{rel}","templated":true}]}}