{"id":1576,"date":"2025-09-11T05:29:52","date_gmt":"2025-09-11T05:29:52","guid":{"rendered":"https:\/\/weitai2.globaldeepsea.site\/product\/china-supplier-transparent-quartz-glass-boats-for-combustion\/"},"modified":"2026-04-29T15:32:31","modified_gmt":"2026-04-29T07:32:31","slug":"china-supplier-transparent-quartz-glass-boats-for-combustion","status":"publish","type":"product","link":"https:\/\/www.cn-semiconductorparts.com\/pl\/product\/china-supplier-transparent-quartz-glass-boats-for-combustion\/","title":{"rendered":"China Supplier Transparent Quartz Glass Boats for Combustion"},"content":{"rendered":"","protected":false},"excerpt":{"rendered":"<p>Nasza p\u00f3\u0142przewodnik kwarcowa zapewnia wysokiej jako\u015bci rozwi\u0105zania dla twoich zastosowa\u0144 przemys\u0142owych. Wykonane z materia\u0142\u00f3w kwarcowych premium, produkty te s\u0105 odpowiednie do r\u00f3\u017cnych proces\u00f3w p\u00f3\u0142przewodnik\u00f3w, w tym dyfuzji, utleniania i osadzania (CVD). Dost\u0119pne zar\u00f3wno w konfiguracjach pionowych, jak i poziomych, oferujemy szereg rozmiar\u00f3w i specyfikacji, aby zaspokoi\u0107 Twoje potrzeby. Wybierz nasz\u0105 \u0142\u00f3d\u017a kwarcow\u0105 p\u00f3\u0142przewodnikow\u0105, aby uzyska\u0107 doskona\u0142\u0105 wydajno\u015b\u0107 i niezawodno\u015b\u0107 w swojej linii produkcyjnej.<\/p>","protected":false},"featured_media":794,"comment_status":"closed","ping_status":"open","template":"","meta":[],"product_brand":[],"product_cat":[15],"product_tag":[],"class_list":{"0":"post-1576","1":"product","2":"type-product","3":"status-publish","4":"has-post-thumbnail","6":"product_cat-uncategorized","8":"first","9":"instock","10":"product-type-simple"},"_links":{"self":[{"href":"https:\/\/www.cn-semiconductorparts.com\/pl\/wp-json\/wp\/v2\/product\/1576","targetHints":{"allow":["GET"]}}],"collection":[{"href":"https:\/\/www.cn-semiconductorparts.com\/pl\/wp-json\/wp\/v2\/product"}],"about":[{"href":"https:\/\/www.cn-semiconductorparts.com\/pl\/wp-json\/wp\/v2\/types\/product"}],"replies":[{"embeddable":true,"href":"https:\/\/www.cn-semiconductorparts.com\/pl\/wp-json\/wp\/v2\/comments?post=1576"}],"wp:featuredmedia":[{"embeddable":true,"href":"https:\/\/www.cn-semiconductorparts.com\/pl\/wp-json\/wp\/v2\/media\/794"}],"wp:attachment":[{"href":"https:\/\/www.cn-semiconductorparts.com\/pl\/wp-json\/wp\/v2\/media?parent=1576"}],"wp:term":[{"taxonomy":"product_brand","embeddable":true,"href":"https:\/\/www.cn-semiconductorparts.com\/pl\/wp-json\/wp\/v2\/product_brand?post=1576"},{"taxonomy":"product_cat","embeddable":true,"href":"https:\/\/www.cn-semiconductorparts.com\/pl\/wp-json\/wp\/v2\/product_cat?post=1576"},{"taxonomy":"product_tag","embeddable":true,"href":"https:\/\/www.cn-semiconductorparts.com\/pl\/wp-json\/wp\/v2\/product_tag?post=1576"}],"curies":[{"name":"WP","href":"https:\/\/api.w.org\/{rel}","templated":true}]}}