{"id":1739,"date":"2025-09-11T05:30:45","date_gmt":"2025-09-11T05:30:45","guid":{"rendered":"https:\/\/weitai2.globaldeepsea.site\/product\/factory-directly-supply-graphite-felt-board-for-vacuum-induction-melting-furnace\/"},"modified":"2026-04-29T15:31:25","modified_gmt":"2026-04-29T07:31:25","slug":"factory-directly-supply-graphite-felt-board-for-vacuum-induction-melting-furnace","status":"publish","type":"product","link":"https:\/\/www.cn-semiconductorparts.com\/pl\/product\/factory-directly-supply-graphite-felt-board-for-vacuum-induction-melting-furnace\/","title":{"rendered":"Factory Directly supply Graphite Felt Board for Vacuum Induction Melting Furnace"},"content":{"rendered":"","protected":false},"excerpt":{"rendered":"<p>Weitai Energy Technology Co., Ltd. jest wiod\u0105cym dostawc\u0105 zaawansowanej ceramiki p\u00f3\u0142przewodnik\u00f3w i jedynym producentem w Chinach, kt\u00f3ry mo\u017ce jednocze\u015bnie zapewni\u0107 ceramik\u0119 w\u0119glika krzemu o wysokiej czysto\u015bci (zw\u0142aszcza rekrystalizowana SIC) i powlekania CVD SIC. Ponadto nasza firma jest r\u00f3wnie\u017c zaanga\u017cowana w dziedziny ceramiczne, takie jak glin\u0119, azotek aluminiowy, cyrkon i azotek krzemowy itp.<\/p>","protected":false},"featured_media":722,"comment_status":"closed","ping_status":"open","template":"","meta":[],"product_brand":[],"product_cat":[15],"product_tag":[],"class_list":{"0":"post-1739","1":"product","2":"type-product","3":"status-publish","4":"has-post-thumbnail","6":"product_cat-uncategorized","8":"first","9":"instock","10":"product-type-simple"},"_links":{"self":[{"href":"https:\/\/www.cn-semiconductorparts.com\/pl\/wp-json\/wp\/v2\/product\/1739","targetHints":{"allow":["GET"]}}],"collection":[{"href":"https:\/\/www.cn-semiconductorparts.com\/pl\/wp-json\/wp\/v2\/product"}],"about":[{"href":"https:\/\/www.cn-semiconductorparts.com\/pl\/wp-json\/wp\/v2\/types\/product"}],"replies":[{"embeddable":true,"href":"https:\/\/www.cn-semiconductorparts.com\/pl\/wp-json\/wp\/v2\/comments?post=1739"}],"wp:featuredmedia":[{"embeddable":true,"href":"https:\/\/www.cn-semiconductorparts.com\/pl\/wp-json\/wp\/v2\/media\/722"}],"wp:attachment":[{"href":"https:\/\/www.cn-semiconductorparts.com\/pl\/wp-json\/wp\/v2\/media?parent=1739"}],"wp:term":[{"taxonomy":"product_brand","embeddable":true,"href":"https:\/\/www.cn-semiconductorparts.com\/pl\/wp-json\/wp\/v2\/product_brand?post=1739"},{"taxonomy":"product_cat","embeddable":true,"href":"https:\/\/www.cn-semiconductorparts.com\/pl\/wp-json\/wp\/v2\/product_cat?post=1739"},{"taxonomy":"product_tag","embeddable":true,"href":"https:\/\/www.cn-semiconductorparts.com\/pl\/wp-json\/wp\/v2\/product_tag?post=1739"}],"curies":[{"name":"WP","href":"https:\/\/api.w.org\/{rel}","templated":true}]}}