{"id":1750,"date":"2025-09-11T05:30:45","date_gmt":"2025-09-11T05:30:45","guid":{"rendered":"https:\/\/weitai2.globaldeepsea.site\/product\/fixed-competitive-price-heat-resistance-roller-thermal-insulation-material-carbon-rigid-graphite-soft-felt\/"},"modified":"2026-04-29T15:31:30","modified_gmt":"2026-04-29T07:31:30","slug":"fixed-competitive-price-heat-resistance-roller-thermal-insulation-material-carbon-rigid-graphite-soft-felt","status":"publish","type":"product","link":"https:\/\/www.cn-semiconductorparts.com\/pl\/product\/fixed-competitive-price-heat-resistance-roller-thermal-insulation-material-carbon-rigid-graphite-soft-felt\/","title":{"rendered":"Sta\u0142\u0105 konkurencyjn\u0105 cen\u0119 odporno\u015b\u0107 na ciep\u0142o \/ wa\u0142ek Izolacja termiczna Materia\u0142 z izolacji w\u0119glowej Sztywne grafit mi\u0119kki filc"},"content":{"rendered":"","protected":false},"excerpt":{"rendered":"<p>Weitai Energy Technology Co., Ltd. jest wiod\u0105cym dostawc\u0105 zaawansowanej ceramiki p\u00f3\u0142przewodnik\u00f3w i jedynym producentem w Chinach, kt\u00f3ry mo\u017ce jednocze\u015bnie zapewni\u0107 ceramik\u0119 w\u0119glika krzemu o wysokiej czysto\u015bci (zw\u0142aszcza rekrystalizowana SIC) i powlekania CVD SIC. Ponadto nasza firma jest r\u00f3wnie\u017c zaanga\u017cowana w dziedziny ceramiczne, takie jak glin\u0119, azotek aluminiowy, cyrkon i azotek krzemowy itp.<\/p>","protected":false},"featured_media":722,"comment_status":"closed","ping_status":"open","template":"","meta":[],"product_brand":[],"product_cat":[48,31],"product_tag":[],"class_list":{"0":"post-1750","1":"product","2":"type-product","3":"status-publish","4":"has-post-thumbnail","6":"product_cat-aluminum-oxide-ceramics","7":"product_cat-more-ceramic-products","9":"first","10":"instock","11":"product-type-simple"},"_links":{"self":[{"href":"https:\/\/www.cn-semiconductorparts.com\/pl\/wp-json\/wp\/v2\/product\/1750","targetHints":{"allow":["GET"]}}],"collection":[{"href":"https:\/\/www.cn-semiconductorparts.com\/pl\/wp-json\/wp\/v2\/product"}],"about":[{"href":"https:\/\/www.cn-semiconductorparts.com\/pl\/wp-json\/wp\/v2\/types\/product"}],"replies":[{"embeddable":true,"href":"https:\/\/www.cn-semiconductorparts.com\/pl\/wp-json\/wp\/v2\/comments?post=1750"}],"wp:featuredmedia":[{"embeddable":true,"href":"https:\/\/www.cn-semiconductorparts.com\/pl\/wp-json\/wp\/v2\/media\/722"}],"wp:attachment":[{"href":"https:\/\/www.cn-semiconductorparts.com\/pl\/wp-json\/wp\/v2\/media?parent=1750"}],"wp:term":[{"taxonomy":"product_brand","embeddable":true,"href":"https:\/\/www.cn-semiconductorparts.com\/pl\/wp-json\/wp\/v2\/product_brand?post=1750"},{"taxonomy":"product_cat","embeddable":true,"href":"https:\/\/www.cn-semiconductorparts.com\/pl\/wp-json\/wp\/v2\/product_cat?post=1750"},{"taxonomy":"product_tag","embeddable":true,"href":"https:\/\/www.cn-semiconductorparts.com\/pl\/wp-json\/wp\/v2\/product_tag?post=1750"}],"curies":[{"name":"WP","href":"https:\/\/api.w.org\/{rel}","templated":true}]}}