{"id":1824,"date":"2025-09-11T05:31:12","date_gmt":"2025-09-11T05:31:12","guid":{"rendered":"https:\/\/weitai2.globaldeepsea.site\/product\/latest-design-silicon-carbide-sic-heating-elements-for-various-furnace\/"},"modified":"2026-04-29T15:30:54","modified_gmt":"2026-04-29T07:30:54","slug":"latest-design-silicon-carbide-sic-heating-elements-for-various-furnace","status":"publish","type":"product","link":"https:\/\/www.cn-semiconductorparts.com\/pl\/product\/latest-design-silicon-carbide-sic-heating-elements-for-various-furnace\/","title":{"rendered":"Latest Design Silicon Carbide (SiC) Heating Elements for Various Furnace"},"content":{"rendered":"","protected":false},"excerpt":{"rendered":"<p>Nowe zoptymalizowane grzejniki o wszystkich metalowych konstrukcjach s\u0105 w stanie ograniczy\u0107 deformacj\u0119 w wysokiej temperaturze. Ten MakeSthem ma wiele zalet u\u017cywanych, takich jak: wysoka zdolno\u015b\u0107 do przepustowo\u015bci, wysoka jednolito\u015b\u0107, wysoka niezawodno\u015b\u0107 i wysoka kompatybilno\u015b\u0107.<\/p>","protected":false},"featured_media":566,"comment_status":"closed","ping_status":"open","template":"","meta":[],"product_brand":[],"product_cat":[15],"product_tag":[],"class_list":{"0":"post-1824","1":"product","2":"type-product","3":"status-publish","4":"has-post-thumbnail","6":"product_cat-uncategorized","8":"first","9":"instock","10":"product-type-simple"},"_links":{"self":[{"href":"https:\/\/www.cn-semiconductorparts.com\/pl\/wp-json\/wp\/v2\/product\/1824","targetHints":{"allow":["GET"]}}],"collection":[{"href":"https:\/\/www.cn-semiconductorparts.com\/pl\/wp-json\/wp\/v2\/product"}],"about":[{"href":"https:\/\/www.cn-semiconductorparts.com\/pl\/wp-json\/wp\/v2\/types\/product"}],"replies":[{"embeddable":true,"href":"https:\/\/www.cn-semiconductorparts.com\/pl\/wp-json\/wp\/v2\/comments?post=1824"}],"wp:featuredmedia":[{"embeddable":true,"href":"https:\/\/www.cn-semiconductorparts.com\/pl\/wp-json\/wp\/v2\/media\/566"}],"wp:attachment":[{"href":"https:\/\/www.cn-semiconductorparts.com\/pl\/wp-json\/wp\/v2\/media?parent=1824"}],"wp:term":[{"taxonomy":"product_brand","embeddable":true,"href":"https:\/\/www.cn-semiconductorparts.com\/pl\/wp-json\/wp\/v2\/product_brand?post=1824"},{"taxonomy":"product_cat","embeddable":true,"href":"https:\/\/www.cn-semiconductorparts.com\/pl\/wp-json\/wp\/v2\/product_cat?post=1824"},{"taxonomy":"product_tag","embeddable":true,"href":"https:\/\/www.cn-semiconductorparts.com\/pl\/wp-json\/wp\/v2\/product_tag?post=1824"}],"curies":[{"name":"WP","href":"https:\/\/api.w.org\/{rel}","templated":true}]}}