{"id":1880,"date":"2025-09-11T05:31:32","date_gmt":"2025-09-11T05:31:32","guid":{"rendered":"https:\/\/weitai2.globaldeepsea.site\/product\/oem-manufacturer-sic-cantilever-paddles-silicon-carbide-sic-paddle\/"},"modified":"2026-04-29T15:30:28","modified_gmt":"2026-04-29T07:30:28","slug":"oem-manufacturer-sic-cantilever-paddles-silicon-carbide-sic-paddle","status":"publish","type":"product","link":"https:\/\/www.cn-semiconductorparts.com\/pl\/product\/oem-manufacturer-sic-cantilever-paddles-silicon-carbide-sic-paddle\/","title":{"rendered":"OEM Manufacturer Sic Cantilever Paddles Silicon Carbide Sic Paddle"},"content":{"rendered":"","protected":false},"excerpt":{"rendered":"<p>Paddle z w\u0119glik\u00f3w krzemionowych, znana r\u00f3wnie\u017c jako wios\u0142a krzemowa z w\u0119glikiem krzemowym, krzemowa wi\u0105zka z w\u0119glika w\u0119glika jest rodzajem produkt\u00f3w ceramicznych z w\u0119glik\u00f3w krzemowych po 1850 r. Oczekiwanie o wysokiej temperaturze, ale spiekanie o wysokiej temperaturze krzemowej ceramiki jest specjalnym ceramicznym produktami ceramicznymi, przez drobne cz\u0105steczki i dodane w sklepie, w kontakcie z p\u0142ynnym krzemem w \u015bwi\u0105t w wysokiej temperaturze, w pi\u00f3r w wysokiej temperaturze, w pi\u00f3r w wysokiej temperaturze, w pi\u00f3r w wysokiej temperaturze, w pionowym, w wysokiej temperaturze. Infiltracja reakcji SI, tworzenie \u03b2-SIC i w po\u0142\u0105czeniu z \u03b1-SIC, wolny krzem wype\u0142ni\u0142 porowato\u015b\u0107, aby uzyska\u0107 materia\u0142y ceramiczne o wysokiej g\u0119sto\u015bci; Ma r\u00f3\u017cne doskona\u0142e w\u0142a\u015bciwo\u015bci ceramiki przemys\u0142owej.<\/p>","protected":false},"featured_media":916,"comment_status":"closed","ping_status":"open","template":"","meta":[],"product_brand":[],"product_cat":[23,21],"product_tag":[],"class_list":{"0":"post-1880","1":"product","2":"type-product","3":"status-publish","4":"has-post-thumbnail","6":"product_cat-lsotropic-graphite","7":"product_cat-specialty-graphite","9":"first","10":"instock","11":"product-type-simple"},"_links":{"self":[{"href":"https:\/\/www.cn-semiconductorparts.com\/pl\/wp-json\/wp\/v2\/product\/1880","targetHints":{"allow":["GET"]}}],"collection":[{"href":"https:\/\/www.cn-semiconductorparts.com\/pl\/wp-json\/wp\/v2\/product"}],"about":[{"href":"https:\/\/www.cn-semiconductorparts.com\/pl\/wp-json\/wp\/v2\/types\/product"}],"replies":[{"embeddable":true,"href":"https:\/\/www.cn-semiconductorparts.com\/pl\/wp-json\/wp\/v2\/comments?post=1880"}],"wp:featuredmedia":[{"embeddable":true,"href":"https:\/\/www.cn-semiconductorparts.com\/pl\/wp-json\/wp\/v2\/media\/916"}],"wp:attachment":[{"href":"https:\/\/www.cn-semiconductorparts.com\/pl\/wp-json\/wp\/v2\/media?parent=1880"}],"wp:term":[{"taxonomy":"product_brand","embeddable":true,"href":"https:\/\/www.cn-semiconductorparts.com\/pl\/wp-json\/wp\/v2\/product_brand?post=1880"},{"taxonomy":"product_cat","embeddable":true,"href":"https:\/\/www.cn-semiconductorparts.com\/pl\/wp-json\/wp\/v2\/product_cat?post=1880"},{"taxonomy":"product_tag","embeddable":true,"href":"https:\/\/www.cn-semiconductorparts.com\/pl\/wp-json\/wp\/v2\/product_tag?post=1880"}],"curies":[{"name":"WP","href":"https:\/\/api.w.org\/{rel}","templated":true}]}}