{"id":1992,"date":"2025-09-11T05:32:13","date_gmt":"2025-09-11T05:32:13","guid":{"rendered":"https:\/\/weitai2.globaldeepsea.site\/product\/oem-odm-china-factory-price-custom-industrial-ceramic-robotic-arm-for-semiconductor-application-2\/"},"modified":"2026-04-29T15:29:35","modified_gmt":"2026-04-29T07:29:35","slug":"oem-odm-china-factory-price-custom-industrial-ceramic-robotic-arm-for-semiconductor-application-2","status":"publish","type":"product","link":"https:\/\/www.cn-semiconductorparts.com\/pl\/product\/oem-odm-china-factory-price-custom-industrial-ceramic-robotic-arm-for-semiconductor-application-2\/","title":{"rendered":"OEM\/ODM China Factory Price Custom Industrial Ceramic Robotic Arm for Semiconductor Application"},"content":{"rendered":"","protected":false},"excerpt":{"rendered":"<p>Tlenek cyrkoniczaka, zwany r\u00f3wnie\u017c cyrkoni\u0105, jest niezwykle trudn\u0105 ceramik\u0105 techniczn\u0105 o twardo\u015bci&gt; 9 mohs.zirconia ma najwy\u017csz\u0105 wytrzyma\u0142o\u015b\u0107 i wytrzyma\u0142o\u015b\u0107 p\u0119kni\u0119\u0107 w temperaturze pokojowej w\u015br\u00f3d wszystkich zaawansowanych materia\u0142\u00f3w ceramicznych, opr\u00f3cz wytrzyma\u0142o\u015bciowych atak\u00f3w z rozaltych metali, organicznych rozpuszczalnik\u00f3w, silnych kwas\u00f3w i silnych alkali\u00f3w, wi\u0119c silny alkalia, wi\u0119c z cyrkonami s\u0105 zawsze u\u017cywane w r\u00f3\u017cnych warunkach serwisowych.<\/p>","protected":false},"featured_media":1240,"comment_status":"closed","ping_status":"open","template":"","meta":[],"product_brand":[],"product_cat":[15],"product_tag":[],"class_list":{"0":"post-1992","1":"product","2":"type-product","3":"status-publish","4":"has-post-thumbnail","6":"product_cat-uncategorized","8":"first","9":"instock","10":"product-type-simple"},"_links":{"self":[{"href":"https:\/\/www.cn-semiconductorparts.com\/pl\/wp-json\/wp\/v2\/product\/1992","targetHints":{"allow":["GET"]}}],"collection":[{"href":"https:\/\/www.cn-semiconductorparts.com\/pl\/wp-json\/wp\/v2\/product"}],"about":[{"href":"https:\/\/www.cn-semiconductorparts.com\/pl\/wp-json\/wp\/v2\/types\/product"}],"replies":[{"embeddable":true,"href":"https:\/\/www.cn-semiconductorparts.com\/pl\/wp-json\/wp\/v2\/comments?post=1992"}],"wp:featuredmedia":[{"embeddable":true,"href":"https:\/\/www.cn-semiconductorparts.com\/pl\/wp-json\/wp\/v2\/media\/1240"}],"wp:attachment":[{"href":"https:\/\/www.cn-semiconductorparts.com\/pl\/wp-json\/wp\/v2\/media?parent=1992"}],"wp:term":[{"taxonomy":"product_brand","embeddable":true,"href":"https:\/\/www.cn-semiconductorparts.com\/pl\/wp-json\/wp\/v2\/product_brand?post=1992"},{"taxonomy":"product_cat","embeddable":true,"href":"https:\/\/www.cn-semiconductorparts.com\/pl\/wp-json\/wp\/v2\/product_cat?post=1992"},{"taxonomy":"product_tag","embeddable":true,"href":"https:\/\/www.cn-semiconductorparts.com\/pl\/wp-json\/wp\/v2\/product_tag?post=1992"}],"curies":[{"name":"WP","href":"https:\/\/api.w.org\/{rel}","templated":true}]}}