{"id":2002,"date":"2025-09-11T05:32:13","date_gmt":"2025-09-11T05:32:13","guid":{"rendered":"https:\/\/weitai2.globaldeepsea.site\/product\/newly-arrival-low-weight-recrystallized-silicon-carbide-nozzle-sagger-setting-ring-plate-for-sanitary-ware-kiln\/"},"modified":"2026-04-29T15:29:39","modified_gmt":"2026-04-29T07:29:39","slug":"newly-arrival-low-weight-recrystallized-silicon-carbide-nozzle-sagger-setting-ring-plate-for-sanitary-ware-kiln","status":"publish","type":"product","link":"https:\/\/www.cn-semiconductorparts.com\/pl\/product\/newly-arrival-low-weight-recrystallized-silicon-carbide-nozzle-sagger-setting-ring-plate-for-sanitary-ware-kiln\/","title":{"rendered":"Newly Arrival Low Weight Recrystallized Silicon Carbide Nozzle\/Sagger\/Setting Ring\/Plate for Sanitary Ware Kiln"},"content":{"rendered":"","protected":false},"excerpt":{"rendered":"<p>Weitai Energy Technology Co., Ltd. jest wiod\u0105cym dostawc\u0105 specjalizuj\u0105cym si\u0119 w op\u0142atach i zaawansowanych na p\u00f3\u0142przewodnikach. Tlenek aluminiowy itp. Jako zaufany dostawca rozumiemy znaczenie materia\u0142\u00f3w eksploatacyjnych w procesie produkcyjnym i jeste\u015bmy zaanga\u017cowani w dostarczanie produkt\u00f3w spe\u0142niaj\u0105cych najwy\u017csze standardy jako\u015bci w celu zaspokojenia potrzeb naszych klient\u00f3w.<\/p>","protected":false},"featured_media":792,"comment_status":"closed","ping_status":"open","template":"","meta":[],"product_brand":[],"product_cat":[15],"product_tag":[],"class_list":{"0":"post-2002","1":"product","2":"type-product","3":"status-publish","4":"has-post-thumbnail","6":"product_cat-uncategorized","8":"first","9":"instock","10":"product-type-simple"},"_links":{"self":[{"href":"https:\/\/www.cn-semiconductorparts.com\/pl\/wp-json\/wp\/v2\/product\/2002","targetHints":{"allow":["GET"]}}],"collection":[{"href":"https:\/\/www.cn-semiconductorparts.com\/pl\/wp-json\/wp\/v2\/product"}],"about":[{"href":"https:\/\/www.cn-semiconductorparts.com\/pl\/wp-json\/wp\/v2\/types\/product"}],"replies":[{"embeddable":true,"href":"https:\/\/www.cn-semiconductorparts.com\/pl\/wp-json\/wp\/v2\/comments?post=2002"}],"wp:featuredmedia":[{"embeddable":true,"href":"https:\/\/www.cn-semiconductorparts.com\/pl\/wp-json\/wp\/v2\/media\/792"}],"wp:attachment":[{"href":"https:\/\/www.cn-semiconductorparts.com\/pl\/wp-json\/wp\/v2\/media?parent=2002"}],"wp:term":[{"taxonomy":"product_brand","embeddable":true,"href":"https:\/\/www.cn-semiconductorparts.com\/pl\/wp-json\/wp\/v2\/product_brand?post=2002"},{"taxonomy":"product_cat","embeddable":true,"href":"https:\/\/www.cn-semiconductorparts.com\/pl\/wp-json\/wp\/v2\/product_cat?post=2002"},{"taxonomy":"product_tag","embeddable":true,"href":"https:\/\/www.cn-semiconductorparts.com\/pl\/wp-json\/wp\/v2\/product_tag?post=2002"}],"curies":[{"name":"WP","href":"https:\/\/api.w.org\/{rel}","templated":true}]}}