{"id":2016,"date":"2025-09-11T05:32:19","date_gmt":"2025-09-11T05:32:19","guid":{"rendered":"https:\/\/weitai2.globaldeepsea.site\/product\/semiceras-customized-isostatic-graphite-components-for-precision-engineering\/"},"modified":"2026-04-29T15:29:28","modified_gmt":"2026-04-29T07:29:28","slug":"semiceras-customized-isostatic-graphite-components-for-precision-engineering","status":"publish","type":"product","link":"https:\/\/www.cn-semiconductorparts.com\/pl\/product\/semiceras-customized-isostatic-graphite-components-for-precision-engineering\/","title":{"rendered":"Semiceras Customized Isostatic Graphite Components for Precision Engineering"},"content":{"rendered":"<div class=\"fl-builder-content fl-builder-content-5648 fl-builder-content-primary fl-builder-global-templates-locked\" data-post-id=\"5648\">\n<div class=\"fl-row fl-row-full-width fl-row-bg-none fl-node-6583f052e1e27\" data-node=\"6583f052e1e27\">\n<div class=\"fl-row-content-wrap\">\n<div class=\"fl-row-content fl-row-full-width fl-node-content\">\n<div class=\"fl-col-group fl-node-6583f5b40642e\" data-node=\"6583f5b40642e\">\n<div class=\"fl-col fl-node-6583f5b406696\" data-node=\"6583f5b406696\" style=\"width: 100%;\">\n<div class=\"fl-col-content fl-node-content\">\n<div class=\"fl-module fl-module-heading fl-node-6583f5b406239\" data-animation-delay=\"0.0\" data-node=\"6583f5b406239\">\n<div class=\"fl-module-content fl-node-content\">\n<h3 class=\"fl-heading\"> <span class=\"fl-heading-text\">G\u0142\u00f3wnymi produktami p\u00f3\u0142cesyn s\u0105 drobnoziarniste grafit naciskany izostatycznie stosowany w p\u00f3\u0142przewodnikach. Podstawowe informacje o najbardziej zaawansowanych niemieckich produktach SGL na \u015bwiecie i japo\u0144skich Toyo Carbon:<\/span> <\/h3>\n<\/p><\/div>\n<\/p><\/div>\n<\/p><\/div>\n<\/p><\/div>\n<\/p><\/div>\n<div class=\"fl-col-group fl-node-6583f44c214e6\" data-node=\"6583f44c214e6\">\n<div class=\"fl-col fl-node-6583f44c2165e\" data-node=\"6583f44c2165e\" style=\"width: 100%;\">\n<div class=\"fl-col-content fl-node-content\">\n<div class=\"fl-module fl-module-rich-text fl-node-6583f44c213c2\" data-animation-delay=\"0.0\" data-node=\"6583f44c213c2\">\n<div class=\"fl-module-content fl-node-content\">\n<div class=\"fl-rich-text\">\n<table border=\"1\" cellspacing=\"0\">\n<tbody>\n<tr>\n<td style=\"text-align: center;\" valign=\"top\" width=\"262\"><strong>Parametr wydajno\u015bci<\/strong><\/td>\n<td style=\"text-align: center;\" valign=\"top\" width=\"62\"><strong>p\u00f3\u0142cesta<\/strong><\/td>\n<td style=\"text-align: center;\" valign=\"top\" width=\"142\"><strong>SGL R6510<\/strong><\/td>\n<td style=\"text-align: center;\" valign=\"top\" width=\"142\"><strong>Toyo IG310<\/strong><\/td>\n<\/tr>\n<tr>\n<td valign=\"top\" width=\"262\">\n<p style=\"text-align: center;\"><span style=\"font-family: Calibri;\">G\u0119sto\u015b\u0107 luzem (g\/cm3)<\/span><\/p>\n<\/td>\n<td style=\"text-align: center;\" valign=\"top\" width=\"62\">\n<p align=\"center\"><span style=\"font-family: Calibri;\">1.91<\/span><\/p>\n<\/td>\n<td style=\"text-align: center;\" valign=\"top\" width=\"142\">\n<p align=\"center\"><span style=\"font-family: Calibri;\">1.83<\/span><\/p>\n<\/td>\n<td style=\"text-align: center;\" valign=\"top\" width=\"142\">\n<p align=\"center\"><span style=\"font-family: Calibri;\">1.85<\/span><\/p>\n<\/td>\n<\/tr>\n<tr>\n<td valign=\"top\" width=\"262\">\n<p style=\"text-align: center;\"><span style=\"font-family: Calibri;\">Si\u0142a zginania (MPA)<\/span><\/p>\n<\/td>\n<td valign=\"top\" width=\"62\">\n<p align=\"center\" style=\"text-align: center;\"><span style=\"font-family: Calibri;\">63<\/span><\/p>\n<\/td>\n<td valign=\"top\" width=\"142\">\n<p align=\"center\"><span style=\"font-family: Calibri;\">60<\/span><\/p>\n<\/td>\n<td valign=\"top\" width=\"142\">\n<p align=\"center\"><span style=\"font-family: Calibri;\">49<\/span><\/p>\n<\/td>\n<\/tr>\n<tr>\n<td valign=\"top\" width=\"262\">\n<p style=\"text-align: center;\"><span style=\"font-family: Calibri;\">Wytrzyma\u0142o\u015b\u0107 na \u015bciskanie (MPA)<\/span><\/p>\n<\/td>\n<td valign=\"top\" width=\"62\">\n<p align=\"center\" style=\"text-align: center;\"><span style=\"font-family: Calibri;\">135<\/span><\/p>\n<\/td>\n<td valign=\"top\" width=\"142\">\n<p align=\"center\"><span style=\"font-family: Calibri;\">130<\/span><\/p>\n<\/td>\n<td valign=\"top\" width=\"142\">\n<p align=\"center\"><span style=\"font-family: Calibri;\">103<\/span><\/p>\n<\/td>\n<\/tr>\n<tr>\n<td valign=\"top\" width=\"262\">\n<p style=\"text-align: center;\"><span style=\"font-family: Calibri;\">Twardo\u015b\u0107 brzegu (HS)<\/span><\/p>\n<\/td>\n<td valign=\"top\" width=\"62\">\n<p align=\"center\" style=\"text-align: center;\"><span style=\"font-family: Calibri;\">70<\/span><\/p>\n<\/td>\n<td valign=\"top\" width=\"142\">\n<p align=\"center\"><span style=\"font-family: Calibri;\">64<\/span><\/p>\n<\/td>\n<td valign=\"top\" width=\"142\">\n<p align=\"center\"><span style=\"font-family: Calibri;\">60<\/span><\/p>\n<\/td>\n<\/tr>\n<tr>\n<td valign=\"top\" width=\"262\">\n<p style=\"text-align: center;\"><span style=\"font-family: Calibri;\">Przewodno\u015b\u0107 cieplna <\/span>(W\/m \u00b7 k)<\/p>\n<\/td>\n<td valign=\"top\" width=\"62\">\n<p align=\"center\" style=\"text-align: center;\"><span style=\"font-family: Calibri;\">85<\/span><\/p>\n<\/td>\n<td valign=\"top\" width=\"142\">\n<p align=\"center\"><span style=\"font-family: Calibri;\">105<\/span><\/p>\n<\/td>\n<td valign=\"top\" width=\"142\">\n<p align=\"center\"><span style=\"font-family: Calibri;\">130<\/span><\/p>\n<\/td>\n<\/tr>\n<tr>\n<td valign=\"top\" width=\"262\">\n<p style=\"text-align: center;\"><span style=\"font-family: Calibri;\">Wsp\u00f3\u0142czynnik rozszerzalno\u015bci cieplnej<\/span><span style=\"font-family: \u5b8b\u4f53;\">\uff08<\/span>10-6\/K<span style=\"font-family: \u5b8b\u4f53;\">\uff09<\/span><\/p>\n<\/td>\n<td valign=\"top\" width=\"62\">\n<p align=\"center\" style=\"text-align: center;\"><span style=\"font-family: Calibri;\">5.85<\/span><\/p>\n<\/td>\n<td valign=\"top\" width=\"142\">\n<p align=\"center\"><span style=\"font-family: Calibri;\">4.2<\/span><\/p>\n<\/td>\n<td valign=\"top\" width=\"142\">\n<p align=\"center\"><span style=\"font-family: Calibri;\">5.0<\/span><\/p>\n<\/td>\n<\/tr>\n<tr>\n<td valign=\"top\" width=\"262\">\n<p style=\"text-align: center;\"><span style=\"font-family: Calibri;\">Rezystywno\u015b\u0107 (<\/span><span style=\"font-family: \u5b8b\u4f53;\">Dziecko<\/span><span style=\"font-family: Calibri;\">M)<\/span><\/p>\n<\/td>\n<td valign=\"top\" width=\"62\">\n<p align=\"center\" style=\"text-align: center;\"><span style=\"font-family: Calibri;\">11-13<\/span><\/p>\n<\/td>\n<td valign=\"top\" width=\"142\">\n<p align=\"center\"><span style=\"font-family: Calibri;\">13<\/span><\/p>\n<\/td>\n<td valign=\"top\" width=\"142\">\n<p align=\"center\"><span style=\"font-family: Calibri;\">10<\/span><\/p>\n<\/td>\n<\/tr>\n<\/tbody>\n<\/table><\/div>\n<\/p><\/div>\n<\/p><\/div>\n<\/p><\/div>\n<\/p><\/div>\n<\/p><\/div>\n<div class=\"fl-col-group fl-node-6583f6832b0ed\" data-node=\"6583f6832b0ed\">\n<div class=\"fl-col fl-node-6583f68b3d8e3 fl-col-small\" data-node=\"6583f68b3d8e3\" style=\"width: 50%;\">\n<div class=\"fl-col-content fl-node-content\">\n<div class=\"fl-module fl-module-rich-text fl-node-6583f052e1cda\" data-animation-delay=\"0.0\" data-node=\"6583f052e1cda\">\n<div class=\"fl-module-content fl-node-content\">\n<div class=\"fl-rich-text\">\n<p><strong>Przewaga wydajno\u015bci:<\/strong><br \/>1. Struktura jest dobra i g\u0119sta, a jednolito\u015b\u0107 jest dobra.<br \/>2. Wsp\u00f3\u0142czynnik rozszerzania cieplnego, doskona\u0142a odporno\u015b\u0107 na wstrz\u0105sy termiczne;<br \/>3.Isotropy;<br \/>4. odporno\u015b\u0107 chemiczna;<br \/>5. Przewodnictwo termiczne i elektryczne;<br \/>6. Ma doskona\u0142e w\u0142a\u015bciwo\u015bci obr\u00f3bki.<\/p>\n<\/p><\/div>\n<\/p><\/div>\n<\/p><\/div>\n<\/p><\/div>\n<\/p><\/div>\n<div class=\"fl-col fl-node-6583f6832b2b0 fl-col-small\" data-node=\"6583f6832b2b0\" style=\"width: 50%;\">\n<div class=\"fl-col-content fl-node-content\">\n<div class=\"fl-module fl-module-rich-text fl-node-6583f6832af7d\" data-animation-delay=\"0.0\" data-node=\"6583f6832af7d\">\n<div class=\"fl-module-content fl-node-content\">\n<div class=\"fl-rich-text\">\n<p><strong>Kluczowe podstawowe materia\u0142y dla wsp\u00f3\u0142czesnego przemys\u0142u<\/strong><br \/>1. Przemys\u0142 p\u00f3\u0142przewodnikowy<br \/>2. Przemys\u0142 energii s\u0142onecznej<br \/>3. Przemys\u0142 lotniczy<br \/>4. Przemys\u0142 nuklearny<\/p>\n<\/p><\/div>\n<\/p><\/div>\n<\/p><\/div>\n<\/p><\/div>\n<\/p><\/div>\n<\/p><\/div>\n<div class=\"fl-col-group fl-node-6583f6fbc0261\" data-node=\"6583f6fbc0261\">\n<div class=\"fl-col fl-node-6583f6fbc03d9\" data-node=\"6583f6fbc03d9\" style=\"width: 100%;\">\n<div class=\"fl-col-content fl-node-content\">\n<div class=\"fl-module fl-module-rich-text fl-node-6583f6fbc013a\" data-animation-delay=\"0.0\" data-node=\"6583f6fbc013a\">\n<div class=\"fl-module-content fl-node-content\">\n<div class=\"fl-rich-text\">\n<p>Projekt grafitu na t\u0142oczonej p\u00f3\u0142cerai, przeszed\u0142 przez produkcj\u0119 masy, aby uzyska\u0107 wysok\u0105 g\u0119sto\u015b\u0107, wysok\u0105 czysto\u015b\u0107, wysok\u0105 wytrzyma\u0142o\u015b\u0107, produkty grafitowe o du\u017cej wielko\u015bci<\/p>\n<\/p><\/div>\n<\/p><\/div>\n<\/p><\/div>\n<\/p><\/div>\n<\/p><\/div>\n<\/p><\/div>\n<div class=\"fl-col-group fl-node-6583f6937c4d4\" data-node=\"6583f6937c4d4\">\n<div class=\"fl-col fl-node-6583f6937c6fe fl-col-small\" data-node=\"6583f6937c6fe\" style=\"width: 50%;\">\n<div class=\"fl-col-content fl-node-content\">\n<div class=\"fl-module fl-module-photo fl-node-6583f11bddf77\" data-animation-delay=\"0.0\" data-node=\"6583f11bddf77\">\n<div class=\"fl-module-content fl-node-content\">\n<div class=\"fl-photo fl-photo-align-center\" itemscope=\"\" itemtype=\"http:\/\/schema.org\/ImageObject\">\n<div class=\"fl-photo-content fl-photo-img-png\"> <img decoding=\"async\" alt=\"Isostatic Graphite Components (1)\" class=\"fl-photo-img wp-image-5649\" itemprop=\"image\" src=\"\/wp-content\/uploads\/2025\/09\/95cfabd372fffd8f.webp\"> <\/img><\/div>\n<\/p><\/div>\n<\/p><\/div>\n<\/p><\/div>\n<\/p><\/div>\n<\/p><\/div>\n<div class=\"fl-col fl-node-6583f6a47b1ec fl-col-small\" data-node=\"6583f6a47b1ec\" style=\"width: 50%;\">\n<div class=\"fl-col-content fl-node-content\">\n<div class=\"fl-module fl-module-photo fl-node-6583f6a47ac0a\" data-animation-delay=\"0.0\" data-node=\"6583f6a47ac0a\">\n<div class=\"fl-module-content fl-node-content\">\n<div class=\"fl-photo fl-photo-align-center\" itemscope=\"\" itemtype=\"http:\/\/schema.org\/ImageObject\">\n<div class=\"fl-photo-content fl-photo-img-png\"> <img decoding=\"async\" alt=\"Isostatic Graphite Components (5)\" class=\"fl-photo-img wp-image-5651\" itemprop=\"image\" src=\"\/wp-content\/uploads\/2025\/09\/61d42995e0e44599.webp\"> <\/img><\/div>\n<\/p><\/div>\n<\/p><\/div>\n<\/p><\/div>\n<\/p><\/div>\n<\/p><\/div>\n<\/p><\/div>\n<div class=\"fl-col-group fl-node-6583fa4db6e19\" data-node=\"6583fa4db6e19\">\n<div class=\"fl-col fl-node-6583fa4db70e2\" data-node=\"6583fa4db70e2\" style=\"width: 100%;\">\n<div class=\"fl-col-content fl-node-content\">\n<div class=\"fl-module fl-module-photo fl-node-6583fa4db6bf5\" data-animation-delay=\"0.0\" data-node=\"6583fa4db6bf5\">\n<div class=\"fl-module-content fl-node-content\">\n<div class=\"fl-photo fl-photo-align-center\" itemscope=\"\" itemtype=\"http:\/\/schema.org\/ImageObject\">\n<div class=\"fl-photo-content fl-photo-img-png\"> <img decoding=\"async\" alt=\"Asdf\" class=\"fl-photo-img wp-image-5653\" itemprop=\"image\" src=\"\/wp-content\/uploads\/2025\/09\/c06f5839a65f0939.webp\"> <\/img><\/div>\n<\/p><\/div>\n<\/p><\/div>\n<\/p><\/div>\n<div class=\"fl-module fl-module-photo fl-node-6583fe55e06bf\" data-animation-delay=\"0.0\" data-node=\"6583fe55e06bf\">\n<div class=\"fl-module-content fl-node-content\">\n<div class=\"fl-photo fl-photo-align-center\" itemscope=\"\" itemtype=\"http:\/\/schema.org\/ImageObject\">\n<div class=\"fl-photo-content fl-photo-img-png\"> <img decoding=\"async\" alt=\"SCDFV\" class=\"fl-photo-img wp-image-5654\" itemprop=\"image\" src=\"\/wp-content\/uploads\/2025\/09\/c950bc30835d9cbb.webp\"> <\/img><\/div>\n<\/p><\/div>\n<\/p><\/div>\n<\/p><\/div>\n<\/p><\/div>\n<\/p><\/div>\n<\/p><\/div>\n<div class=\"fl-col-group fl-node-661772f548a3b\" data-node=\"661772f548a3b\">\n<div class=\"fl-col fl-node-661772f548c8d\" data-node=\"661772f548c8d\" style=\"width: 100%;\">\n<div class=\"fl-col-content fl-node-content\">\n<div class=\"fl-module fl-module-photo fl-node-661772f548865\" data-animation-delay=\"0.0\" data-node=\"661772f548865\">\n<div class=\"fl-module-content fl-node-content\">\n<div class=\"fl-photo fl-photo-align-center\" itemscope=\"\" itemtype=\"http:\/\/schema.org\/ImageObject\">\n<div class=\"fl-photo-content fl-photo-img-jpg\"> <img decoding=\"async\" alt=\"Miejsce pracy p\u00f3\u0142cesy\" class=\"fl-photo-img wp-image-7286\" itemprop=\"image\" src=\"\/wp-content\/uploads\/2025\/09\/b1dd0bcab1675ff4.webp\"> <\/img><\/div>\n<\/p><\/div>\n<\/p><\/div>\n<\/p><\/div>\n<div class=\"fl-module fl-module-photo fl-node-661772ff8588f\" data-animation-delay=\"0.0\" data-node=\"661772ff8588f\">\n<div class=\"fl-module-content fl-node-content\">\n<div class=\"fl-photo fl-photo-align-center\" itemscope=\"\" itemtype=\"http:\/\/schema.org\/ImageObject\">\n<div class=\"fl-photo-content fl-photo-img-jpg\"> <img decoding=\"async\" alt=\"P\u00f3\u0142cera robocza miejsce 2\" class=\"fl-photo-img wp-image-7287\" itemprop=\"image\" src=\"\/wp-content\/uploads\/2025\/09\/2b946d2b4b61306d.webp\"> <\/img><\/div>\n<\/p><\/div>\n<\/p><\/div>\n<\/p><\/div>\n<div class=\"fl-module fl-module-photo fl-node-661772fea4451\" data-animation-delay=\"0.0\" data-node=\"661772fea4451\">\n<div class=\"fl-module-content fl-node-content\">\n<div class=\"fl-photo fl-photo-align-center\" itemscope=\"\" itemtype=\"http:\/\/schema.org\/ImageObject\">\n<div class=\"fl-photo-content fl-photo-img-jpg\"> <img decoding=\"async\" alt=\"Maszyna sprz\u0119tu\" class=\"fl-photo-img wp-image-7288\" itemprop=\"image\" src=\"\/wp-content\/uploads\/2025\/09\/081b6529d68ead23.webp\"> <\/img><\/div>\n<\/p><\/div>\n<\/p><\/div>\n<\/p><\/div>\n<div class=\"fl-module fl-module-photo fl-node-661772fdd7a4c\" data-animation-delay=\"0.0\" data-node=\"661772fdd7a4c\">\n<div class=\"fl-module-content fl-node-content\">\n<div class=\"fl-photo fl-photo-align-center\" itemscope=\"\" itemtype=\"http:\/\/schema.org\/ImageObject\">\n<div class=\"fl-photo-content fl-photo-img-jpg\"> <img decoding=\"async\" alt=\"Przetwarzanie CNN, czyszczenie chemiczne, pow\u0142oka CVD\" class=\"fl-photo-img wp-image-7289\" itemprop=\"image\" src=\"\/wp-content\/uploads\/2025\/09\/a4132b2b399abbac.webp\"> <\/img><\/div>\n<\/p><\/div>\n<\/p><\/div>\n<\/p><\/div>\n<div class=\"fl-module fl-module-photo fl-node-661772fd0cfb7\" data-animation-delay=\"0.0\" data-node=\"661772fd0cfb7\">\n<div class=\"fl-module-content fl-node-content\">\n<div class=\"fl-photo fl-photo-align-center\" itemscope=\"\" itemtype=\"http:\/\/schema.org\/ImageObject\">\n<div class=\"fl-photo-content fl-photo-img-jpg\"> <img decoding=\"async\" alt=\"Nasza us\u0142uga\" class=\"fl-photo-img wp-image-7290\" itemprop=\"image\" src=\"\/wp-content\/uploads\/2025\/09\/b07f222c0ec0ab8d.webp\"\/> <\/div>\n<\/p><\/div>\n<\/p><\/div>\n<\/p><\/div>\n<\/p><\/div>\n<\/p><\/div>\n<\/p><\/div>\n<\/p><\/div>\n<\/p><\/div>\n<\/p><\/div>\n<\/div>","protected":false},"excerpt":{"rendered":"<p>Nasz grafit izostatyczny o wysokiej g\u0119sto\u015bci premium, produkowany przez p\u00f3\u0142cest\u0119, jest idealny do szerokiej gamy zastosowa\u0144 pod wysokim ci\u015bnieniem. Te wyj\u0105tkowy grafit s\u0105 starannie wykonane przy u\u017cyciu zaawansowanej technologii, aby zapewni\u0107 doskona\u0142\u0105 g\u0119sto\u015b\u0107, si\u0142\u0119 i wydajno\u015b\u0107. Dzi\u0119ki doskona\u0142ej przewodno\u015bci cieplnej i stabilno\u015bci nasze izostatyczne bloki grafitowe zapewniaj\u0105 wyj\u0105tkow\u0105 niezawodno\u015b\u0107 i trwa\u0142o\u015b\u0107 w wymagaj\u0105cych \u015brodowiskach. Zaufaj p\u00f3\u0142cesta dla najwy\u017cszej jako\u015bci izostatycznych produkt\u00f3w grafitowych, kt\u00f3re spe\u0142niaj\u0105 rygorystyczne wymagania r\u00f3\u017cnych bran\u017c.<\/p>","protected":false},"featured_media":853,"comment_status":"closed","ping_status":"open","template":"","meta":[],"product_brand":[],"product_cat":[23,21],"product_tag":[],"class_list":{"0":"post-2016","1":"product","2":"type-product","3":"status-publish","4":"has-post-thumbnail","6":"product_cat-lsotropic-graphite","7":"product_cat-specialty-graphite","9":"first","10":"instock","11":"product-type-simple"},"_links":{"self":[{"href":"https:\/\/www.cn-semiconductorparts.com\/pl\/wp-json\/wp\/v2\/product\/2016","targetHints":{"allow":["GET"]}}],"collection":[{"href":"https:\/\/www.cn-semiconductorparts.com\/pl\/wp-json\/wp\/v2\/product"}],"about":[{"href":"https:\/\/www.cn-semiconductorparts.com\/pl\/wp-json\/wp\/v2\/types\/product"}],"replies":[{"embeddable":true,"href":"https:\/\/www.cn-semiconductorparts.com\/pl\/wp-json\/wp\/v2\/comments?post=2016"}],"wp:featuredmedia":[{"embeddable":true,"href":"https:\/\/www.cn-semiconductorparts.com\/pl\/wp-json\/wp\/v2\/media\/853"}],"wp:attachment":[{"href":"https:\/\/www.cn-semiconductorparts.com\/pl\/wp-json\/wp\/v2\/media?parent=2016"}],"wp:term":[{"taxonomy":"product_brand","embeddable":true,"href":"https:\/\/www.cn-semiconductorparts.com\/pl\/wp-json\/wp\/v2\/product_brand?post=2016"},{"taxonomy":"product_cat","embeddable":true,"href":"https:\/\/www.cn-semiconductorparts.com\/pl\/wp-json\/wp\/v2\/product_cat?post=2016"},{"taxonomy":"product_tag","embeddable":true,"href":"https:\/\/www.cn-semiconductorparts.com\/pl\/wp-json\/wp\/v2\/product_tag?post=2016"}],"curies":[{"name":"WP","href":"https:\/\/api.w.org\/{rel}","templated":true}]}}