{"id":2027,"date":"2025-09-11T05:32:19","date_gmt":"2025-09-11T05:32:19","guid":{"rendered":"https:\/\/weitai2.globaldeepsea.site\/product\/sic-coating-barrel-reactor-epi-system\/"},"modified":"2026-04-29T15:29:33","modified_gmt":"2026-04-29T07:29:33","slug":"sic-coating-barrel-reactor-epi-system","status":"publish","type":"product","link":"https:\/\/www.cn-semiconductorparts.com\/pl\/product\/sic-coating-barrel-reactor-epi-system\/","title":{"rendered":"SiC Coating Barrel Reactor Epi System"},"content":{"rendered":"<p><?xml encoding=\"utf-8\" ?><\/p>\n<div class=\"fl-builder-content fl-builder-content-5514 fl-builder-content-primary fl-builder-global-templates-locked\" data-post-id=\"5514\">\n<div class=\"fl-row fl-row-full-width fl-row-bg-none fl-node-6572e7e333404\" data-node=\"6572e7e333404\">\n<div class=\"fl-row-content-wrap\">\n<div class=\"fl-row-content fl-row-full-width fl-node-content\">\n<div class=\"fl-col-group fl-node-6572e7e333502\" data-node=\"6572e7e333502\">\n<div class=\"fl-col fl-node-6572e7e333541\" data-node=\"6572e7e333541\" style=\"width: 100%;\">\n<div class=\"fl-col-content fl-node-content\">\n<div class=\"fl-module fl-module-rich-text fl-node-6572e7e333580\" data-animation-delay=\"0.0\" data-node=\"6572e7e333580\">\n<div class=\"fl-module-content fl-node-content\">\n<div class=\"fl-rich-text\">\n<p>Our company provides SiC coating process services on the surface of graphite, ceramics and other materials by CVD method, so that special gases containing carbon and silicon can react at high temperature to obtain high-purity Sic molecules, which can be deposited on the surface of coated materials to form a SiC protective layer for&nbsp;epitaxy barrel type hy pnotic.<\/p>\n<div id=\"gtx-trans\" style=\"position: absolute; left: 209px; top: 76.6719px;\">&nbsp;<\/div>\n<\/p><\/div>\n<\/p><\/div>\n<\/p><\/div>\n<\/p><\/div>\n<\/p><\/div>\n<\/p><\/div>\n<div class=\"fl-col-group fl-node-6572e7e3335be\" data-node=\"6572e7e3335be\">\n<div class=\"fl-col fl-node-6572e7e3335fe fl-col-small\" data-node=\"6572e7e3335fe\" style=\"width: 50%;\">\n<div class=\"fl-col-content fl-node-content\">\n<div class=\"fl-module fl-module-rich-text fl-node-6572e7e33363c\" data-animation-delay=\"0.0\" data-node=\"6572e7e33363c\">\n<div class=\"fl-module-content fl-node-content\">\n<div class=\"fl-rich-text\">\n<p><b>G\u0142\u00f3wne funkcje:<\/b><\/p>\n<p>1 .High purity SiC coated graphite<\/p>\n<p>2. Superior heat resistance &amp; thermal uniformity<\/p>\n<p>3. Fine SiC crystal coated for a smooth surface<\/p>\n<p>4. High durability against chemical cleaning<\/p>\n<div id=\"gtx-trans\" style=\"position: absolute; left: 40px; top: 115.672px;\">&nbsp;<\/div>\n<\/p><\/div>\n<\/p><\/div>\n<\/p><\/div>\n<\/p><\/div>\n<\/p><\/div>\n<div class=\"fl-col fl-node-6572e7e3339a7 fl-col-small\" data-node=\"6572e7e3339a7\" style=\"width: 50%;\">\n<div class=\"fl-col-content fl-node-content\">\n<div class=\"fl-module fl-module-photo fl-node-6572e7e33367a\" data-animation-delay=\"0.0\" data-node=\"6572e7e33367a\">\n<div class=\"fl-module-content fl-node-content\">\n<div class=\"fl-photo fl-photo-align-center\" itemscope=\"\" itemtype=\"http:\/\/schema.org\/ImageObject\">\n<div class=\"fl-photo-content fl-photo-img-png\"> <img decoding=\"async\" alt=\"Barrel Susceptor Epi System\" class=\"fl-photo-img wp-image-5526\" itemprop=\"image\" src=\"\/wp-content\/uploads\/2025\/09\/57e567e34b85ea8d.webp\"> <\/div>\n<\/p><\/div>\n<\/p><\/div>\n<\/p><\/div>\n<\/p><\/div>\n<\/p><\/div>\n<\/p><\/div>\n<div class=\"fl-col-group fl-node-6572e7e333446\" data-node=\"6572e7e333446\">\n<div class=\"fl-col fl-node-6572e7e333485\" data-node=\"6572e7e333485\" style=\"width: 100%;\">\n<div class=\"fl-col-content fl-node-content\">\n<div class=\"fl-module fl-module-rich-text fl-node-6572e7e3334c4\" data-animation-delay=\"0.0\" data-node=\"6572e7e3334c4\">\n<div class=\"fl-module-content fl-node-content\">\n<div class=\"fl-rich-text\">\n<p align=\"center\"><b>Main Specifications of CVD-SIC Coating<\/b><b><\/b><\/p>\n<table border=\"0\" cellspacing=\"0\">\n<tbody>\n<tr>\n<td colspan=\"3\" valign=\"center\" width=\"100.0000%\">\n<p align=\"center\"><b>SiC-CVD Properties<\/b><b><\/b><\/p>\n<\/td>\n<\/tr>\n<tr>\n<td valign=\"center\" width=\"30.9000%\">Crystal Structure<\/td>\n<td colspan=\"2\" valign=\"center\" width=\"69.1000%\">FCC&nbsp;&beta;&nbsp;phase<\/td>\n<\/tr>\n<tr>\n<td valign=\"center\" width=\"30.9000%\">G\u0119sto\u015b\u0107<\/td>\n<td valign=\"center\" width=\"30.2600%\">g\/cm&nbsp;&sup3;<\/td>\n<td valign=\"center\" width=\"38.8600%\">3.21<\/td>\n<\/tr>\n<tr>\n<td valign=\"center\" width=\"30.9000%\">Hardness<\/td>\n<td valign=\"center\" width=\"30.2600%\">Vickers hardness<\/td>\n<td valign=\"center\" width=\"38.8600%\">2500<\/td>\n<\/tr>\n<tr>\n<td valign=\"center\" width=\"30.9000%\">Grain Size<\/td>\n<td valign=\"center\" width=\"30.2600%\">&mu;m<\/td>\n<td valign=\"center\" width=\"38.8600%\">2~10<\/td>\n<\/tr>\n<tr>\n<td valign=\"center\" width=\"30.9000%\">Chemical Purity<\/td>\n<td valign=\"center\" width=\"30.2600%\">%<\/td>\n<td valign=\"bottom\" width=\"38.8600%\">99.99995<\/td>\n<\/tr>\n<tr>\n<td valign=\"center\" width=\"30.9000%\">Heat Capacity<\/td>\n<td valign=\"center\" width=\"30.2600%\">J&middot;kg-1&nbsp;&middot;K-1<\/td>\n<td valign=\"bottom\" width=\"38.8600%\">640<\/td>\n<\/tr>\n<tr>\n<td valign=\"center\" width=\"30.9000%\">Sublimation Temperature<\/td>\n<td valign=\"center\" width=\"30.2600%\">&#8451;<\/td>\n<td valign=\"bottom\" width=\"38.8600%\">2700<\/td>\n<\/tr>\n<tr>\n<td valign=\"center\" width=\"30.9000%\">Felexural Strength<\/td>\n<td valign=\"center\" width=\"30.2600%\">MPa&nbsp; (RT 4-point)<\/td>\n<td valign=\"bottom\" width=\"38.8600%\">415<\/td>\n<\/tr>\n<tr>\n<td valign=\"center\" width=\"30.9000%\">Young&rsquo; s Modulus<\/td>\n<td valign=\"center\" width=\"30.2600%\">Gpa (4pt bend, 1300&#8451;)<\/td>\n<td valign=\"bottom\" width=\"38.8600%\">430<\/td>\n<\/tr>\n<tr>\n<td valign=\"center\" width=\"30.9000%\">Thermal Expansion (C.T.E)<\/td>\n<td valign=\"center\" width=\"30.2600%\">10-6K-1<\/td>\n<td valign=\"bottom\" width=\"38.8600%\">4.5<\/td>\n<\/tr>\n<tr>\n<td valign=\"center\" width=\"30.9000%\">Przewodno\u015b\u0107 cieplna<\/td>\n<td valign=\"center\" width=\"30.2600%\">(W\/mK)<\/td>\n<td valign=\"bottom\" width=\"38.8600%\">300<\/td>\n<\/tr>\n<\/tbody>\n<\/table>\n<p>&nbsp;<\/p>\n<div id=\"gtx-trans\" style=\"position: absolute; left: 446px; top: -18px;\">&nbsp;<\/div>\n<\/p><\/div>\n<\/p><\/div>\n<\/p><\/div>\n<\/p><\/div>\n<\/p><\/div>\n<\/p><\/div>\n<div class=\"fl-col-group fl-node-6572e7e3338ac\" data-node=\"6572e7e3338ac\">\n<div class=\"fl-col fl-node-6572e7e3338eb\" data-node=\"6572e7e3338eb\" style=\"width: 100%;\">\n<div class=\"fl-col-content fl-node-content\">\n<div class=\"fl-module fl-module-photo fl-node-6572e7e333929\" data-animation-delay=\"0.0\" data-node=\"6572e7e333929\">\n<div class=\"fl-module-content fl-node-content\">\n<div class=\"fl-photo fl-photo-align-center\" itemscope=\"\" itemtype=\"http:\/\/schema.org\/ImageObject\">\n<div class=\"fl-photo-content fl-photo-img-jpg\"> <img decoding=\"async\" alt=\"2--cvd-sic-purity---99-99995-_60366\" class=\"fl-photo-img wp-image-5551\" itemprop=\"image\" src=\"\/wp-content\/uploads\/2025\/09\/3d0056916a3a1ba8.webp\"> <\/div>\n<\/p><\/div>\n<\/p><\/div>\n<\/p><\/div>\n<\/p><\/div>\n<\/p><\/div>\n<\/p><\/div>\n<div class=\"fl-col-group fl-node-6572e7e3339e6\" data-node=\"6572e7e3339e6\">\n<div class=\"fl-col fl-node-6572e7e333a24\" data-node=\"6572e7e333a24\" style=\"width: 100%;\">\n<div class=\"fl-col-content fl-node-content\">\n<div class=\"fl-module fl-module-photo fl-node-6572e7e333968\" data-animation-delay=\"0.0\" data-node=\"6572e7e333968\">\n<div class=\"fl-module-content fl-node-content\">\n<div class=\"fl-photo fl-photo-align-center\" itemscope=\"\" itemtype=\"http:\/\/schema.org\/ImageObject\">\n<div class=\"fl-photo-content fl-photo-img-jpg\"> <img decoding=\"async\" alt=\"5----sic-crystal_242127\" class=\"fl-photo-img wp-image-5552\" itemprop=\"image\" src=\"\/wp-content\/uploads\/2025\/09\/55d280e7986cc4cf.webp\"> <\/div>\n<\/p><\/div>\n<\/p><\/div>\n<\/p><\/div>\n<\/p><\/div>\n<\/p><\/div>\n<\/p><\/div>\n<div class=\"fl-col-group fl-node-6572e7e333774\" data-node=\"6572e7e333774\">\n<div class=\"fl-col fl-node-6572e7e3337b2\" data-node=\"6572e7e3337b2\" style=\"width: 100%;\">\n<div class=\"fl-col-content fl-node-content\">\n<div class=\"fl-module fl-module-photo fl-node-6572e7e33386e\" data-animation-delay=\"0.0\" data-node=\"6572e7e33386e\">\n<div class=\"fl-module-content fl-node-content\">\n<div class=\"fl-photo fl-photo-align-center\" itemscope=\"\" itemtype=\"http:\/\/schema.org\/ImageObject\">\n<div class=\"fl-photo-content fl-photo-img-jpg\"> <img decoding=\"async\" alt=\"Miejsce pracy p\u00f3\u0142cesy\" class=\"fl-photo-img wp-image-7286\" itemprop=\"image\" src=\"\/wp-content\/uploads\/2025\/09\/b1dd0bcab1675ff4.webp\"> <\/div>\n<\/p><\/div>\n<\/p><\/div>\n<\/p><\/div>\n<\/p><\/div>\n<\/p><\/div>\n<\/p><\/div>\n<div class=\"fl-col-group fl-node-6572e7e333a63\" data-node=\"6572e7e333a63\">\n<div class=\"fl-col fl-node-6572e7e333aa2\" data-node=\"6572e7e333aa2\" style=\"width: 100%;\">\n<div class=\"fl-col-content fl-node-content\">\n<div class=\"fl-module fl-module-photo fl-node-6572e7e33382f\" data-animation-delay=\"0.0\" data-node=\"6572e7e33382f\">\n<div class=\"fl-module-content fl-node-content\">\n<div class=\"fl-photo fl-photo-align-center\" itemscope=\"\" itemtype=\"http:\/\/schema.org\/ImageObject\">\n<div class=\"fl-photo-content fl-photo-img-jpg\"> <img decoding=\"async\" alt=\"P\u00f3\u0142cera robocza miejsce 2\" class=\"fl-photo-img wp-image-7287\" itemprop=\"image\" src=\"\/wp-content\/uploads\/2025\/09\/2b946d2b4b61306d.webp\"> <\/div>\n<\/p><\/div>\n<\/p><\/div>\n<\/p><\/div>\n<div class=\"fl-module fl-module-photo fl-node-66175234151f9\" data-animation-delay=\"0.0\" data-node=\"66175234151f9\">\n<div class=\"fl-module-content fl-node-content\">\n<div class=\"fl-photo fl-photo-align-center\" itemscope=\"\" itemtype=\"http:\/\/schema.org\/ImageObject\">\n<div class=\"fl-photo-content fl-photo-img-jpg\"> <img decoding=\"async\" alt=\"Maszyna sprz\u0119tu\" class=\"fl-photo-img wp-image-7288\" itemprop=\"image\" src=\"\/wp-content\/uploads\/2025\/09\/081b6529d68ead23.webp\"> <\/div>\n<\/p><\/div>\n<\/p><\/div>\n<\/p><\/div>\n<div class=\"fl-module fl-module-photo fl-node-661752333877d\" data-animation-delay=\"0.0\" data-node=\"661752333877d\">\n<div class=\"fl-module-content fl-node-content\">\n<div class=\"fl-photo fl-photo-align-center\" itemscope=\"\" itemtype=\"http:\/\/schema.org\/ImageObject\">\n<div class=\"fl-photo-content fl-photo-img-jpg\"> <img decoding=\"async\" alt=\"Przetwarzanie CNN, czyszczenie chemiczne, pow\u0142oka CVD\" class=\"fl-photo-img wp-image-7289\" itemprop=\"image\" src=\"\/wp-content\/uploads\/2025\/09\/a4132b2b399abbac.webp\"> <\/div>\n<\/p><\/div>\n<\/p><\/div>\n<\/p><\/div>\n<div class=\"fl-module fl-module-photo fl-node-661752323accd\" data-animation-delay=\"0.0\" data-node=\"661752323accd\">\n<div class=\"fl-module-content fl-node-content\">\n<div class=\"fl-photo fl-photo-align-center\" itemscope=\"\" itemtype=\"http:\/\/schema.org\/ImageObject\">\n<div class=\"fl-photo-content fl-photo-img-jpg\"> <img decoding=\"async\" alt=\"Nasza us\u0142uga\" class=\"fl-photo-img wp-image-7290\" itemprop=\"image\" src=\"\/wp-content\/uploads\/2025\/09\/b07f222c0ec0ab8d.webp\"> <\/div>\n<\/p><\/div>\n<\/p><\/div>\n<\/p><\/div>\n<\/p><\/div>\n<\/p><\/div>\n<\/p><\/div>\n<\/p><\/div>\n<\/p><\/div>\n<\/p><\/div>\n<\/div>","protected":false},"excerpt":{"rendered":"<p><?xml encoding=\"utf-8\" ?><\/p>\n<p>Semicera&nbsp;offers a comprehensive range of susceptors and graphite components designed for various epitaxy reactors.Through strategic partnerships with industry-leading OEMs, extensive materials expertise, and advanced manufacturing capabilities, Semicera&nbsp;delivers tailored designs to meet the specific requirements of your application. Our commitment to excellence ensures that you receive optimal solutions for your epitaxy reactor needs.<\/p>","protected":false},"featured_media":960,"comment_status":"closed","ping_status":"open","template":"","meta":[],"product_brand":[],"product_cat":[16,17],"product_tag":[],"class_list":{"0":"post-2027","1":"product","2":"type-product","3":"status-publish","4":"has-post-thumbnail","6":"product_cat-cvd-sic","7":"product_cat-si-epitaxial-parts","9":"first","10":"instock","11":"product-type-simple"},"_links":{"self":[{"href":"https:\/\/www.cn-semiconductorparts.com\/pl\/wp-json\/wp\/v2\/product\/2027","targetHints":{"allow":["GET"]}}],"collection":[{"href":"https:\/\/www.cn-semiconductorparts.com\/pl\/wp-json\/wp\/v2\/product"}],"about":[{"href":"https:\/\/www.cn-semiconductorparts.com\/pl\/wp-json\/wp\/v2\/types\/product"}],"replies":[{"embeddable":true,"href":"https:\/\/www.cn-semiconductorparts.com\/pl\/wp-json\/wp\/v2\/comments?post=2027"}],"wp:featuredmedia":[{"embeddable":true,"href":"https:\/\/www.cn-semiconductorparts.com\/pl\/wp-json\/wp\/v2\/media\/960"}],"wp:attachment":[{"href":"https:\/\/www.cn-semiconductorparts.com\/pl\/wp-json\/wp\/v2\/media?parent=2027"}],"wp:term":[{"taxonomy":"product_brand","embeddable":true,"href":"https:\/\/www.cn-semiconductorparts.com\/pl\/wp-json\/wp\/v2\/product_brand?post=2027"},{"taxonomy":"product_cat","embeddable":true,"href":"https:\/\/www.cn-semiconductorparts.com\/pl\/wp-json\/wp\/v2\/product_cat?post=2027"},{"taxonomy":"product_tag","embeddable":true,"href":"https:\/\/www.cn-semiconductorparts.com\/pl\/wp-json\/wp\/v2\/product_tag?post=2027"}],"curies":[{"name":"WP","href":"https:\/\/api.w.org\/{rel}","templated":true}]}}