{"id":2039,"date":"2025-09-11T05:32:25","date_gmt":"2025-09-11T05:32:25","guid":{"rendered":"https:\/\/weitai2.globaldeepsea.site\/product\/semiceras-siliconized-graphite-high-performance-solution-for-advanced-applications\/"},"modified":"2026-04-29T15:29:22","modified_gmt":"2026-04-29T07:29:22","slug":"semiceras-siliconized-graphite-high-performance-solution-for-advanced-applications","status":"publish","type":"product","link":"https:\/\/www.cn-semiconductorparts.com\/pl\/product\/semiceras-siliconized-graphite-high-performance-solution-for-advanced-applications\/","title":{"rendered":"Semicera\u2019s Siliconized Graphite \u2013 High-Performance Solution for Advanced Applications"},"content":{"rendered":"<div class=\"fl-builder-content fl-builder-content-5329 fl-builder-content-primary fl-builder-global-templates-locked\" data-post-id=\"5329\">\n<div class=\"fl-row fl-row-full-width fl-row-bg-none fl-node-655f038d04eaf\" data-node=\"655f038d04eaf\">\n<div class=\"fl-row-content-wrap\">\n<div class=\"fl-row-content fl-row-full-width fl-node-content\">\n<div class=\"fl-col-group fl-node-655f038d04eef\" data-node=\"655f038d04eef\">\n<div class=\"fl-col fl-node-655f038d04f2c\" data-node=\"655f038d04f2c\" style=\"width: 100%;\">\n<div class=\"fl-col-content fl-node-content\">\n<div class=\"fl-module fl-module-rich-text fl-node-655f038d04f69\" data-animation-delay=\"0.0\" data-node=\"655f038d04f69\">\n<div class=\"fl-module-content fl-node-content\">\n<div class=\"fl-rich-text\">\n<p align=\"justify\">Siliconized graphite is a composite material in which silicon carbide is attached to the surface of a graphite substrate. It has the characteristics of high hardness, high mechanical strength and wear resistance of silicon carbide, as well as the self-lubricating properties and thermal shock resistance of graphite. It is an ideal friction materials and mechanical seal materials, suitable for mechanical sealing of various water pumps, oil pumps, chemical pumps, and bearings of various high-speed and high-load main pumps. In addition, siliconized graphite has good oxidation resistance, thermal shock resistance, low porosity, and certain electrical conductivity, and can be used as materials such as metal smelting crucibles and draft tubes.<\/p>\n<\/p><\/div>\n<\/p><\/div>\n<\/p><\/div>\n<\/p><\/div>\n<\/p><\/div>\n<\/p><\/div>\n<div class=\"fl-col-group fl-node-655f038d0505d\" data-node=\"655f038d0505d\">\n<div class=\"fl-col fl-node-655f038d05099\" data-node=\"655f038d05099\" style=\"width: 100%;\">\n<div class=\"fl-col-content fl-node-content\">\n<div class=\"fl-module fl-module-gallery fl-node-655f038d050d6\" data-animation-delay=\"0.0\" data-node=\"655f038d050d6\">\n<div class=\"fl-module-content fl-node-content\">\n<div class=\"fl-mosaicflow\">\n<div class=\"fl-mosaicflow-content\">\n<div class=\"fl-mosaicflow-item\">\n<div class=\"fl-photo fl-photo-align-center\" itemscope=\"\" itemtype=\"http:\/\/schema.org\/ImageObject\">\n<div class=\"fl-photo-content fl-photo-img-png\"> <a href=\"\/pl\/uploads\/Siliconized-Graphite-6.webp\/\" itemprop=\"url\" target=\"_self\"> <img decoding=\"async\" alt=\"Siliconized Graphite (6)\" class=\"fl-photo-img wp-image-5332\" itemprop=\"image\" src=\"\/wp-content\/uploads\/2025\/09\/4530da8eb70a3eea.webp\"> <\/img><\/a> <\/div>\n<\/p><\/div>\n<\/p><\/div>\n<div class=\"fl-mosaicflow-item\">\n<div class=\"fl-photo fl-photo-align-center\" itemscope=\"\" itemtype=\"http:\/\/schema.org\/ImageObject\">\n<div class=\"fl-photo-content fl-photo-img-png\"> <a href=\"\/pl\/uploads\/Siliconized-Graphite-8.webp\/\" itemprop=\"url\" target=\"_self\"> <img decoding=\"async\" alt=\"Siliconized Graphite (8)\" class=\"fl-photo-img wp-image-5338\" itemprop=\"image\" src=\"\/wp-content\/uploads\/2025\/09\/4e933fc2a340ed7e.webp\"> <\/img><\/a> <\/div>\n<\/p><\/div>\n<\/p><\/div>\n<div class=\"fl-mosaicflow-item\">\n<div class=\"fl-photo fl-photo-align-center\" itemscope=\"\" itemtype=\"http:\/\/schema.org\/ImageObject\">\n<div class=\"fl-photo-content fl-photo-img-png\"> <a href=\"\/pl\/uploads\/Siliconized-Graphite-1.webp\/\" itemprop=\"url\" target=\"_self\"> <img decoding=\"async\" alt=\"Siliconized Graphite (1)\" class=\"fl-photo-img wp-image-5337\" itemprop=\"image\" src=\"\/wp-content\/uploads\/2025\/09\/b15b026d2e57e278.webp\"> <\/img><\/a> <\/div>\n<\/p><\/div>\n<\/p><\/div>\n<\/p><\/div>\n<div class=\"fl-clear\"><\/div>\n<\/p><\/div>\n<\/p><\/div>\n<\/p><\/div>\n<\/p><\/div>\n<\/p><\/div>\n<\/p><\/div>\n<div class=\"fl-col-group fl-node-655f038d04fa6\" data-node=\"655f038d04fa6\">\n<div class=\"fl-col fl-node-655f038d04fe3\" data-node=\"655f038d04fe3\" style=\"width: 100%;\">\n<div class=\"fl-col-content fl-node-content\">\n<div class=\"fl-module fl-module-rich-text fl-node-655f038d05020\" data-animation-delay=\"0.0\" data-node=\"655f038d05020\">\n<div class=\"fl-module-content fl-node-content\">\n<div class=\"fl-rich-text\">\n<p align=\"justify\">The composition of siliconized\u00a0<span style=\"font-family: \u5fae\u8f6f\u96c5\u9ed1;\">graphite is uniform, the surface is consistent with the inside, and the composition ratio of silicon carbide and graphite is adjustable. The higher the content of silicon carbide, the greater the density of the material, the higher the compressive strength, and the resistivity increases.<\/span><\/p>\n<p align=\"justify\"><a href=\"\/\/cdn.globalso.com\/semi-cera\/15a6ba393.webp\"><img decoding=\"async\" alt=\"Zdj\u0119cie 1\" class=\"size-full wp-image-5336 aligncenter\" src=\"\/wp-content\/uploads\/2025\/09\/88ea4ea07a02b95e.webp\"\/><\/a><\/p>\n<p align=\"justify\" style=\"text-align: center;\">Metallographic picture of siliconized\u00a0<span style=\"font-family: \u5fae\u8f6f\u96c5\u9ed1;\">graphite<\/span><\/p>\n<p align=\"justify\" style=\"text-align: center;\">(the black part is graphite, the gray part is silicon carbide, and the white part is silicon)<\/p>\n<\/p><\/div>\n<\/p><\/div>\n<\/p><\/div>\n<\/p><\/div>\n<\/p><\/div>\n<\/p><\/div>\n<div class=\"fl-col-group fl-node-655f038d05113\" data-node=\"655f038d05113\">\n<div class=\"fl-col fl-node-655f038d05150\" data-node=\"655f038d05150\" style=\"width: 100%;\">\n<div class=\"fl-col-content fl-node-content\">\n<div class=\"fl-module fl-module-rich-text fl-node-655f038d05193\" data-animation-delay=\"0.0\" data-node=\"655f038d05193\">\n<div class=\"fl-module-content fl-node-content\">\n<div class=\"fl-rich-text\">\n<table border=\"0\" cellspacing=\"0\">\n<tbody>\n<tr>\n<td colspan=\"2\" valign=\"center\" width=\"592\">\n<p align=\"center\"><b><span style=\"font-family: \u5fae\u8f6f\u96c5\u9ed1;\">\u7845\u5316\u77f3\u58a8\u4e3b\u8981\u6280\u672f\u6307\u6807<\/span> <\/b><b><br \/><\/b><b>Main parameters of Siliconized graphite<\/b><b><\/b><\/p>\n<\/td>\n<\/tr>\n<tr>\n<td valign=\"center\" width=\"305\">\n<p><span style=\"font-family: \u5fae\u8f6f\u96c5\u9ed1;\">\u7c7b\u522b<\/span> <span style=\"font-family: \u5fae\u8f6f\u96c5\u9ed1;\">Przedmiot<\/span><\/p>\n<\/td>\n<td valign=\"center\" width=\"287\">\n<p><span style=\"font-family: \u5fae\u8f6f\u96c5\u9ed1;\">\u6307\u6807<\/span> <span style=\"font-family: \u5fae\u8f6f\u96c5\u9ed1;\">Warto\u015b\u0107<\/span><\/p>\n<\/td>\n<\/tr>\n<tr>\n<td valign=\"center\" width=\"305\">\n<p><span style=\"font-family: \u5fae\u8f6f\u96c5\u9ed1;\">\u5bc6\u5ea6<\/span> <span style=\"font-family: \u5fae\u8f6f\u96c5\u9ed1;\">G\u0119sto\u015b\u0107<\/span><\/p>\n<\/td>\n<td valign=\"center\" width=\"287\">\n<p>2.4-2.9g\/cm\u00b3<\/p>\n<\/td>\n<\/tr>\n<tr>\n<td valign=\"center\" width=\"305\">\n<p><span style=\"font-family: \u5fae\u8f6f\u96c5\u9ed1;\">\u5b54\u9699\u7387<\/span> <span style=\"font-family: \u5fae\u8f6f\u96c5\u9ed1;\">Porosity<\/span><\/p>\n<\/td>\n<td valign=\"center\" width=\"287\">\n<p>&lt;0.5%<\/p>\n<\/td>\n<\/tr>\n<tr>\n<td valign=\"center\" width=\"305\">\n<p><span style=\"font-family: \u5fae\u8f6f\u96c5\u9ed1;\">Si\u0142a \u015bciskaj\u0105ca<\/span><span style=\"font-family: \u5fae\u8f6f\u96c5\u9ed1;\">Si\u0142a \u015bciskaj\u0105ca<\/span><\/p>\n<\/td>\n<td valign=\"center\" width=\"287\">\n<p>&gt;400MPa<\/p>\n<\/td>\n<\/tr>\n<tr>\n<td valign=\"center\" width=\"305\">\n<p><span style=\"font-family: \u5fae\u8f6f\u96c5\u9ed1;\">\u6297\u6298\u5f3a\u5ea6<\/span> <span style=\"font-family: \u5fae\u8f6f\u96c5\u9ed1;\">Flexural strength<\/span><\/p>\n<p>Flexural strength<\/p>\n<\/td>\n<td valign=\"center\" width=\"287\">\n<p>&gt;120MPa<\/p>\n<\/td>\n<\/tr>\n<tr>\n<td valign=\"center\" width=\"305\">\n<p><span style=\"font-family: \u5fae\u8f6f\u96c5\u9ed1;\">\u70ed\u5bfc\u7387<\/span> <span style=\"font-family: \u5fae\u8f6f\u96c5\u9ed1;\">Przewodno\u015b\u0107 cieplna<\/span><\/p>\n<\/td>\n<td valign=\"center\" width=\"287\">\n<p>120W\/mK<\/p>\n<\/td>\n<\/tr>\n<tr>\n<td valign=\"center\" width=\"305\">\n<p><span style=\"font-family: \u5fae\u8f6f\u96c5\u9ed1;\">Wsp\u00f3\u0142czynnik rozszerzalno\u015bci cieplnej<\/span><span style=\"font-family: \u5fae\u8f6f\u96c5\u9ed1;\">Thermal expansion coefficient<\/span><\/p>\n<\/td>\n<td valign=\"center\" width=\"287\">\n<p>4.5\u00d710<sup><span style=\"font-family: \u5fae\u8f6f\u96c5\u9ed1;\">-6<\/span><\/sup><\/p>\n<\/td>\n<\/tr>\n<tr>\n<td valign=\"center\" width=\"305\">\n<p><span style=\"font-family: \u5fae\u8f6f\u96c5\u9ed1;\">\u5f39\u6027\u6a21\u91cf<\/span><span style=\"font-family: \u5fae\u8f6f\u96c5\u9ed1;\">Modu\u0142 spr\u0119\u017cysto\u015bci<\/span><\/p>\n<\/td>\n<td valign=\"center\" width=\"287\">\n<p>120GPa<\/p>\n<\/td>\n<\/tr>\n<tr>\n<td valign=\"center\" width=\"305\">\n<p><span style=\"font-family: \u5fae\u8f6f\u96c5\u9ed1;\">\u51b2\u51fb\u5f3a\u5ea6<\/span><span style=\"font-family: \u5fae\u8f6f\u96c5\u9ed1;\">Impact strength<\/span><\/p>\n<\/td>\n<td valign=\"center\" width=\"287\">\n<p>1.9KJ\/m\u00b2<\/p>\n<\/td>\n<\/tr>\n<tr>\n<td valign=\"center\" width=\"305\">\n<p>\u6c34\u6da6\u6ed1\u6469\u64e6\u7cfb\u6570\u00a0Water lubricated friction<\/p>\n<\/td>\n<td valign=\"center\" width=\"287\">\n<p>0.005<\/p>\n<\/td>\n<\/tr>\n<tr>\n<td valign=\"center\" width=\"305\">\n<p><span style=\"font-family: \u5fae\u8f6f\u96c5\u9ed1;\">\u5e72\u6469\u64e6\u7cfb\u6570<\/span><span style=\"font-family: \u5fae\u8f6f\u96c5\u9ed1;\">Dry friction coefficient<\/span><\/p>\n<\/td>\n<td valign=\"center\" width=\"287\">\n<p>0.05<\/p>\n<\/td>\n<\/tr>\n<tr>\n<td valign=\"center\" width=\"305\">\n<p>\u5316\u5b66\u7a33\u5b9a\u6027<\/p>\n<p>Chemical stability<\/p>\n<\/td>\n<td valign=\"center\" width=\"287\">\n<p><span style=\"font-family: \u5fae\u8f6f\u96c5\u9ed1;\">\u5404\u79cd\u76d0\uff0c\u6709\u673a\u6eb6\u5242\uff0c\u5f3a\u9178<\/span><span style=\"font-family: \u5fae\u8f6f\u96c5\u9ed1;\">(HF,HCl,H<\/span>\u2082SO<sub><span style=\"font-family: \u5fae\u8f6f\u96c5\u9ed1;\">4<\/span><\/sub>,HNO\u2083)<\/p>\n<p>Various salts, organic solvents,<\/p>\n<p>strong acids (HF,HCl,H\u2082SO<sub><span style=\"font-family: \u5fae\u8f6f\u96c5\u9ed1;\">4<\/span><\/sub>,HNO\u2083)<\/p>\n<\/td>\n<\/tr>\n<tr>\n<td valign=\"center\" width=\"305\">\n<p>\u957f\u671f\u7a33\u5b9a\u4f7f\u7528\u6e29\u5ea6<\/p>\n<p>Long-term stable use temperature<\/p>\n<\/td>\n<td valign=\"center\" width=\"287\">\n<p>800\u2103(\u6c27\u5316\u6c14\u6c1b), 2300\u2103(\u60f0\u6027\u6216\u771f\u7a7a\u6c14\u6c1b)<\/p>\n<p>800\u2103(oxidizing atmosphere),<\/p>\n<p>2300\u2103(inert or vacuum atmosphere)<b><\/b><\/p>\n<\/td>\n<\/tr>\n<tr>\n<td valign=\"center\" width=\"305\">\n<p><span style=\"font-family: \u5fae\u8f6f\u96c5\u9ed1;\">\u7535\u963b\u7387<\/span> <span style=\"font-family: \u5fae\u8f6f\u96c5\u9ed1;\">Electrical resistivity<\/span><\/p>\n<\/td>\n<td valign=\"center\" width=\"287\">\n<p>120\u00d710<sup><span style=\"font-family: \u5fae\u8f6f\u96c5\u9ed1;\">-6<\/span><\/sup>\u03a9m<\/p>\n<\/td>\n<\/tr>\n<\/tbody>\n<\/table><\/div>\n<\/p><\/div>\n<\/p><\/div>\n<\/p><\/div>\n<\/p><\/div>\n<\/p><\/div>\n<div class=\"fl-col-group fl-node-6617732c8b537\" data-node=\"6617732c8b537\">\n<div class=\"fl-col fl-node-6617732c8b6c7\" data-node=\"6617732c8b6c7\" style=\"width: 100%;\">\n<div class=\"fl-col-content fl-node-content\">\n<div class=\"fl-module fl-module-photo fl-node-6617732c8b3f3\" data-animation-delay=\"0.0\" data-node=\"6617732c8b3f3\">\n<div class=\"fl-module-content fl-node-content\">\n<div class=\"fl-photo fl-photo-align-center\" itemscope=\"\" itemtype=\"http:\/\/schema.org\/ImageObject\">\n<div class=\"fl-photo-content fl-photo-img-jpg\"> <img decoding=\"async\" alt=\"Miejsce pracy p\u00f3\u0142cesy\" class=\"fl-photo-img wp-image-7286\" itemprop=\"image\" src=\"\/wp-content\/uploads\/2025\/09\/b1dd0bcab1675ff4.webp\"> <\/img><\/div>\n<\/p><\/div>\n<\/p><\/div>\n<\/p><\/div>\n<div class=\"fl-module fl-module-photo fl-node-66177338092bd\" data-animation-delay=\"0.0\" data-node=\"66177338092bd\">\n<div class=\"fl-module-content fl-node-content\">\n<div class=\"fl-photo fl-photo-align-center\" itemscope=\"\" itemtype=\"http:\/\/schema.org\/ImageObject\">\n<div class=\"fl-photo-content fl-photo-img-jpg\"> <img decoding=\"async\" alt=\"P\u00f3\u0142cera robocza miejsce 2\" class=\"fl-photo-img wp-image-7287\" itemprop=\"image\" src=\"\/wp-content\/uploads\/2025\/09\/2b946d2b4b61306d.webp\"> <\/img><\/div>\n<\/p><\/div>\n<\/p><\/div>\n<\/p><\/div>\n<div class=\"fl-module fl-module-photo fl-node-661773375535c\" data-animation-delay=\"0.0\" data-node=\"661773375535c\">\n<div class=\"fl-module-content fl-node-content\">\n<div class=\"fl-photo fl-photo-align-center\" itemscope=\"\" itemtype=\"http:\/\/schema.org\/ImageObject\">\n<div class=\"fl-photo-content fl-photo-img-jpg\"> <img decoding=\"async\" alt=\"Maszyna sprz\u0119tu\" class=\"fl-photo-img wp-image-7288\" itemprop=\"image\" src=\"\/wp-content\/uploads\/2025\/09\/081b6529d68ead23.webp\"> <\/img><\/div>\n<\/p><\/div>\n<\/p><\/div>\n<\/p><\/div>\n<div class=\"fl-module fl-module-photo fl-node-66177336a1ab7\" data-animation-delay=\"0.0\" data-node=\"66177336a1ab7\">\n<div class=\"fl-module-content fl-node-content\">\n<div class=\"fl-photo fl-photo-align-center\" itemscope=\"\" itemtype=\"http:\/\/schema.org\/ImageObject\">\n<div class=\"fl-photo-content fl-photo-img-jpg\"> <img decoding=\"async\" alt=\"Przetwarzanie CNN, czyszczenie chemiczne, pow\u0142oka CVD\" class=\"fl-photo-img wp-image-7289\" itemprop=\"image\" src=\"\/wp-content\/uploads\/2025\/09\/a4132b2b399abbac.webp\"> <\/img><\/div>\n<\/p><\/div>\n<\/p><\/div>\n<\/p><\/div>\n<div class=\"fl-module fl-module-photo fl-node-66177335dcb65\" data-animation-delay=\"0.0\" data-node=\"66177335dcb65\">\n<div class=\"fl-module-content fl-node-content\">\n<div class=\"fl-photo fl-photo-align-center\" itemscope=\"\" itemtype=\"http:\/\/schema.org\/ImageObject\">\n<div class=\"fl-photo-content fl-photo-img-jpg\"> <img decoding=\"async\" alt=\"Nasza us\u0142uga\" class=\"fl-photo-img wp-image-7290\" itemprop=\"image\" src=\"\/wp-content\/uploads\/2025\/09\/b07f222c0ec0ab8d.webp\"\/> <\/div>\n<\/p><\/div>\n<\/p><\/div>\n<\/p><\/div>\n<\/p><\/div>\n<\/p><\/div>\n<\/p><\/div>\n<\/p><\/div>\n<\/p><\/div>\n<\/p><\/div>\n<\/div>","protected":false},"excerpt":{"rendered":"<p>Discover Semicera\u2019s siliconized graphite, a cutting-edge solution designed for high performance in advanced applications. With its unique combination of silicon and graphite, our product offers exceptional thermal conductivity, excellent stability, and enhanced resistance to oxidation, making it an ideal choice for demanding industries.<\/p>","protected":false},"featured_media":819,"comment_status":"closed","ping_status":"open","template":"","meta":[],"product_brand":[],"product_cat":[37],"product_tag":[],"class_list":{"0":"post-2039","1":"product","2":"type-product","3":"status-publish","4":"has-post-thumbnail","6":"product_cat-cvd-tac-coating","8":"first","9":"instock","10":"product-type-simple"},"_links":{"self":[{"href":"https:\/\/www.cn-semiconductorparts.com\/pl\/wp-json\/wp\/v2\/product\/2039","targetHints":{"allow":["GET"]}}],"collection":[{"href":"https:\/\/www.cn-semiconductorparts.com\/pl\/wp-json\/wp\/v2\/product"}],"about":[{"href":"https:\/\/www.cn-semiconductorparts.com\/pl\/wp-json\/wp\/v2\/types\/product"}],"replies":[{"embeddable":true,"href":"https:\/\/www.cn-semiconductorparts.com\/pl\/wp-json\/wp\/v2\/comments?post=2039"}],"wp:featuredmedia":[{"embeddable":true,"href":"https:\/\/www.cn-semiconductorparts.com\/pl\/wp-json\/wp\/v2\/media\/819"}],"wp:attachment":[{"href":"https:\/\/www.cn-semiconductorparts.com\/pl\/wp-json\/wp\/v2\/media?parent=2039"}],"wp:term":[{"taxonomy":"product_brand","embeddable":true,"href":"https:\/\/www.cn-semiconductorparts.com\/pl\/wp-json\/wp\/v2\/product_brand?post=2039"},{"taxonomy":"product_cat","embeddable":true,"href":"https:\/\/www.cn-semiconductorparts.com\/pl\/wp-json\/wp\/v2\/product_cat?post=2039"},{"taxonomy":"product_tag","embeddable":true,"href":"https:\/\/www.cn-semiconductorparts.com\/pl\/wp-json\/wp\/v2\/product_tag?post=2039"}],"curies":[{"name":"WP","href":"https:\/\/api.w.org\/{rel}","templated":true}]}}