{"id":2043,"date":"2025-09-11T13:32:25","date_gmt":"2025-09-11T05:32:25","guid":{"rendered":"https:\/\/weitai2.globaldeepsea.site\/product\/graphite-susceptor-with-silicon-carbide-coating-6-pieces-6-inch-wafer-carrier\/"},"modified":"2026-04-29T15:27:48","modified_gmt":"2026-04-29T07:27:48","slug":"graphite-susceptor-with-silicon-carbide-coating-6-pieces-6-inch-wafer-carrier","status":"publish","type":"product","link":"https:\/\/www.cn-semiconductorparts.com\/pl\/product\/graphite-susceptor-with-silicon-carbide-coating-6-pieces-6-inch-wafer-carrier\/","title":{"rendered":"Graphite Susceptor with Silicon Carbide Coating 6 pieces 6 inch wafer Carrier"},"content":{"rendered":"<p><!--?xml encoding=\"utf-8\" ?--><\/p>\n<div class=\"fl-builder-content fl-builder-content-4759 fl-builder-content-primary fl-builder-global-templates-locked\" data-post-id=\"4759\">\n<div class=\"fl-row fl-row-full-width fl-row-bg-none fl-node-66ebda748c09f\" data-node=\"66ebda748c09f\">\n<div class=\"fl-row-content-wrap\">\n<div class=\"fl-row-content fl-row-full-width fl-node-content\">\n<div class=\"fl-col-group fl-node-66ebda748c0e3\" data-node=\"66ebda748c0e3\">\n<div class=\"fl-col fl-node-66ebda748c124\" style=\"width: 100%\" data-node=\"66ebda748c124\">\n<div class=\"fl-col-content fl-node-content\">\n<div class=\"fl-module fl-module-heading fl-node-66ebda748c164 pro_tit\" data-animation-delay=\"0.0\" data-node=\"66ebda748c164\">\n<div class=\"fl-module-content fl-node-content\">\n<h3 class=\"fl-heading\"><span class=\"fl-heading-text\">Opis<\/span><\/h3>\n<p>&nbsp;<\/p>\n<\/div>\n<p>&nbsp;<\/p>\n<\/div>\n<p>&nbsp;<\/p>\n<\/div>\n<p>&nbsp;<\/p>\n<\/div>\n<p>&nbsp;<\/p>\n<\/div>\n<div class=\"fl-col-group fl-node-66ebda748c1a4\" data-node=\"66ebda748c1a4\">\n<div class=\"fl-col fl-node-66ebda748c1e4\" style=\"width: 100%\" data-node=\"66ebda748c1e4\">\n<div class=\"fl-col-content fl-node-content\">\n<div class=\"fl-module fl-module-rich-text fl-node-66ebda748c22d\" data-animation-delay=\"0.0\" data-node=\"66ebda748c22d\">\n<div class=\"fl-module-content fl-node-content\">\n<div class=\"fl-rich-text\">\n<p><span style=\"font-family: arial, helvetica, sans-serif;font-size: medium\">The Graphite Susceptor with Silicon Carbide Coating, 6 pieces 6 inch wafer Carrier from semicera offers exceptional durability and thermal conductivity for high-performance epitaxial growth applications. Semicera specializes in advanced susceptors designed to enhance processes like Si Epitaxy and SiC Epitaxy, ensuring reliable performance in demanding semiconductor environments.<\/span><\/p>\n<p><span style=\"font-family: arial, helvetica, sans-serif;font-size: medium\">This susceptor is specifically engineered for use with MOCVD Susceptor systems and offers compatibility with various carriers such as the PSS Etching Carrier, ICP Etching Carrier, and RTP Carrier. It is ideal for Monocrystalline Silicon production and LED Epitaxial Susceptor setups, offering versatility in different configurations, including Barrel Susceptor and Pancake Susceptor designs.<\/span><\/p>\n<p><span style=\"font-family: arial, helvetica, sans-serif;font-size: medium\">The Graphite Susceptor with Silicon Carbide Coating also supports applications in the solar energy sector through its integration with Photovoltaic Parts and excels in GaN on SiC Epitaxy processes. Its 6-inch wafer carrier capacity ensures high throughput, making it an essential tool for manufacturers in semiconductor and photovoltaic industries.<\/span><\/p>\n<div id=\"gtx-trans\" style=\"position: absolute;left: 123px;top: 100.234px\"><\/div>\n<p>&nbsp;<\/p>\n<\/div>\n<p>&nbsp;<\/p>\n<\/div>\n<p>&nbsp;<\/p>\n<\/div>\n<p>&nbsp;<\/p>\n<\/div>\n<p>&nbsp;<\/p>\n<\/div>\n<p>&nbsp;<\/p>\n<\/div>\n<div class=\"fl-col-group fl-node-66ebda748c26e\" data-node=\"66ebda748c26e\">\n<div class=\"fl-col fl-node-66ebda748c2ad\" style=\"width: 100%\" data-node=\"66ebda748c2ad\">\n<div class=\"fl-col-content fl-node-content\">\n<div class=\"fl-module fl-module-gallery fl-node-66ebda748c852\" data-animation-delay=\"0.0\" data-node=\"66ebda748c852\">\n<div class=\"fl-module-content fl-node-content\">\n<div class=\"fl-mosaicflow\">\n<div class=\"fl-mosaicflow-content\">\n<div class=\"fl-mosaicflow-item\">\n<div class=\"fl-photo fl-photo-align-center\">\n<div class=\"fl-photo-content fl-photo-img-jpg\"><a href=\"\/pl\/uploads\/6-inch-wafer-Carrier1.webp\/\" target=\"_self\"> <img decoding=\"async\" class=\"fl-photo-img wp-image-10881\" src=\"\/wp-content\/uploads\/2025\/09\/1cac066086a94877.webp\" alt=\"6 inch wafer Carrier\"> <\/a><\/div>\n<p>&nbsp;<\/p>\n<\/div>\n<p>&nbsp;<\/p>\n<\/div>\n<div class=\"fl-mosaicflow-item\">\n<div class=\"fl-photo fl-photo-align-center\">\n<div class=\"fl-photo-content fl-photo-img-jpg\"><a href=\"\/pl\/uploads\/Silicon-based-GaN-epitaxy3.webp\/\" target=\"_self\"> <img decoding=\"async\" class=\"fl-photo-img wp-image-10882\" src=\"\/wp-content\/uploads\/2025\/09\/852719b4fdff216d.webp\" alt=\"Silicon based GaN epitaxy\"> <\/a><\/div>\n<p>&nbsp;<\/p>\n<\/div>\n<p>&nbsp;<\/p>\n<\/div>\n<p>&nbsp;<\/p>\n<\/div>\n<div class=\"fl-clear\">&nbsp;<\/div>\n<p>&nbsp;<\/p>\n<\/div>\n<p>&nbsp;<\/p>\n<\/div>\n<p>&nbsp;<\/p>\n<\/div>\n<p>&nbsp;<\/p>\n<\/div>\n<p>&nbsp;<\/p>\n<\/div>\n<p>&nbsp;<\/p>\n<\/div>\n<p>&nbsp;<\/p>\n<\/div>\n<p>&nbsp;<\/p>\n<\/div>\n<p>&nbsp;<\/p>\n<\/div>\n<div class=\"fl-row fl-row-full-width fl-row-bg-none fl-node-66ebda748c2ee\" data-node=\"66ebda748c2ee\">\n<div class=\"fl-row-content-wrap\">\n<div class=\"fl-row-content fl-row-full-width fl-node-content\">\n<div class=\"fl-col-group fl-node-66ebda748c32e\" data-node=\"66ebda748c32e\">\n<div class=\"fl-col fl-node-66ebda748c36e\" style=\"width: 100%\" data-node=\"66ebda748c36e\">\n<div class=\"fl-col-content fl-node-content\">\n<div class=\"fl-module fl-module-heading fl-node-66ebda748c3ad pro_tit\" data-animation-delay=\"0.0\" data-node=\"66ebda748c3ad\">\n<div class=\"fl-module-content fl-node-content\">\n<h3 class=\"fl-heading\"><span class=\"fl-heading-text\">Main Features<\/span><\/h3>\n<p>&nbsp;<\/p>\n<\/div>\n<p>&nbsp;<\/p>\n<\/div>\n<p>&nbsp;<\/p>\n<\/div>\n<p>&nbsp;<\/p>\n<\/div>\n<p>&nbsp;<\/p>\n<\/div>\n<div class=\"fl-col-group fl-node-66ebda748c3ed\" data-node=\"66ebda748c3ed\">\n<div class=\"fl-col fl-node-66ebda748c42d\" style=\"width: 100%\" data-node=\"66ebda748c42d\">\n<div class=\"fl-col-content fl-node-content\">\n<div class=\"fl-module fl-module-rich-text fl-node-66ebda748c46d\" data-animation-delay=\"0.0\" data-node=\"66ebda748c46d\">\n<div class=\"fl-module-content fl-node-content\">\n<div class=\"fl-rich-text\">\n<p><span style=\"font-family: arial, helvetica, sans-serif;font-size: medium\">1 .High purity SiC coated graphite<\/span><\/p>\n<p><span style=\"font-family: arial, helvetica, sans-serif;font-size: medium\">2. Superior heat resistance &amp; thermal uniformity<\/span><\/p>\n<p><span style=\"font-family: arial, helvetica, sans-serif;font-size: medium\">3. Fine SiC crystal coated for a smooth surface<\/span><\/p>\n<p><span style=\"font-family: arial, helvetica, sans-serif;font-size: medium\">4. High durability against chemical cleaning<\/span><\/p>\n<div id=\"gtx-trans\" style=\"position: absolute;left: 138px;top: 41.7812px\"><\/div>\n<p>&nbsp;<\/p>\n<\/div>\n<p>&nbsp;<\/p>\n<\/div>\n<p>&nbsp;<\/p>\n<\/div>\n<p>&nbsp;<\/p>\n<\/div>\n<p>&nbsp;<\/p>\n<\/div>\n<p>&nbsp;<\/p>\n<\/div>\n<p>&nbsp;<\/p>\n<\/div>\n<p>&nbsp;<\/p>\n<\/div>\n<p>&nbsp;<\/p>\n<\/div>\n<div class=\"fl-row fl-row-full-width fl-row-bg-none fl-node-66ebda748c4ac\" data-node=\"66ebda748c4ac\">\n<div class=\"fl-row-content-wrap\">\n<div class=\"fl-row-content fl-row-full-width fl-node-content\">\n<div class=\"fl-col-group fl-node-66ebda748c4ec\" data-node=\"66ebda748c4ec\">\n<div class=\"fl-col fl-node-66ebda748c52c\" style=\"width: 100%\" data-node=\"66ebda748c52c\">\n<div class=\"fl-col-content fl-node-content\">\n<div class=\"fl-module fl-module-heading fl-node-66ebda748c56c pro_tit\" data-animation-delay=\"0.0\" data-node=\"66ebda748c56c\">\n<div class=\"fl-module-content fl-node-content\">\n<h3 class=\"fl-heading\"><span class=\"fl-heading-text\">Main Specifications of CVD-SIC Coatings:<\/span><\/h3>\n<p>&nbsp;<\/p>\n<\/div>\n<p>&nbsp;<\/p>\n<\/div>\n<p>&nbsp;<\/p>\n<\/div>\n<p>&nbsp;<\/p>\n<\/div>\n<p>&nbsp;<\/p>\n<\/div>\n<div class=\"fl-col-group fl-node-66ebda748c5ab\" data-node=\"66ebda748c5ab\">\n<div class=\"fl-col fl-node-66ebda748c5f0\" style=\"width: 100%\" data-node=\"66ebda748c5f0\">\n<div class=\"fl-col-content fl-node-content\">\n<div class=\"fl-module fl-module-rich-text fl-node-66ebda748c630\" data-animation-delay=\"0.0\" data-node=\"66ebda748c630\">\n<div class=\"fl-module-content fl-node-content\">\n<div class=\"fl-rich-text\">\n<table border=\"1\" cellspacing=\"0\">\n<tbody>\n<tr>\n<td style=\"text-align: center\" colspan=\"3\" valign=\"center\"><span style=\"font-family: arial, helvetica, sans-serif;font-size: medium;color: #888888\">SiC-CVD<\/span><\/td>\n<\/tr>\n<tr>\n<td valign=\"center\"><span style=\"font-family: arial, helvetica, sans-serif;font-size: medium;color: #888888\">G\u0119sto\u015b\u0107<\/span><\/td>\n<td valign=\"center\"><span style=\"font-family: arial, helvetica, sans-serif;font-size: medium;color: #888888\">(g\/cc)<\/span><\/td>\n<td valign=\"center\"><span style=\"font-family: arial, helvetica, sans-serif;font-size: medium;color: #888888\">3.21<\/span><\/td>\n<\/tr>\n<tr>\n<td valign=\"center\"><span style=\"font-family: arial, helvetica, sans-serif;font-size: medium;color: #888888\">Flexural strength<\/span><\/td>\n<td valign=\"center\"><span style=\"font-family: arial, helvetica, sans-serif;font-size: medium;color: #888888\">(Mpa)<\/span><\/td>\n<td valign=\"center\"><span style=\"font-family: arial, helvetica, sans-serif;font-size: medium;color: #888888\">470<\/span><\/td>\n<\/tr>\n<tr>\n<td valign=\"center\"><span style=\"font-family: arial, helvetica, sans-serif;font-size: medium;color: #888888\">Thermal expansion<\/span><\/td>\n<td valign=\"center\"><span style=\"font-family: arial, helvetica, sans-serif;font-size: medium;color: #888888\">(10-6\/K)<\/span><\/td>\n<td valign=\"center\"><span style=\"font-family: arial, helvetica, sans-serif;font-size: medium;color: #888888\">4<\/span><\/td>\n<\/tr>\n<tr>\n<td valign=\"center\"><span style=\"font-family: arial, helvetica, sans-serif;font-size: medium;color: #888888\">Przewodno\u015b\u0107 cieplna<\/span><\/td>\n<td valign=\"center\"><span style=\"font-family: arial, helvetica, sans-serif;font-size: medium;color: #888888\">(W\/mK)<\/span><\/td>\n<td valign=\"center\"><span style=\"font-family: arial, helvetica, sans-serif;font-size: medium;color: #888888\">300<\/span><\/td>\n<\/tr>\n<\/tbody>\n<\/table>\n<\/div>\n<p>&nbsp;<\/p>\n<\/div>\n<p>&nbsp;<\/p>\n<\/div>\n<p>&nbsp;<\/p>\n<\/div>\n<p>&nbsp;<\/p>\n<\/div>\n<p>&nbsp;<\/p>\n<\/div>\n<p>&nbsp;<\/p>\n<\/div>\n<p>&nbsp;<\/p>\n<\/div>\n<p>&nbsp;<\/p>\n<\/div>\n<div class=\"fl-row fl-row-full-width fl-row-bg-none fl-node-66ebda748c670\" data-node=\"66ebda748c670\">\n<div class=\"fl-row-content-wrap\">\n<div class=\"fl-row-content fl-row-full-width fl-node-content\">\n<div class=\"fl-col-group fl-node-66ebda748c6b0\" data-node=\"66ebda748c6b0\">\n<div class=\"fl-col fl-node-66ebda748c702\" style=\"width: 100%\" data-node=\"66ebda748c702\">\n<div class=\"fl-col-content fl-node-content\">\n<div class=\"fl-module fl-module-heading fl-node-66ebda748c751 pro_tit\" data-animation-delay=\"0.0\" data-node=\"66ebda748c751\">\n<div class=\"fl-module-content fl-node-content\">\n<h3 class=\"fl-heading\"><span class=\"fl-heading-text\">Packing and Shipping <\/span><\/h3>\n<p>&nbsp;<\/p>\n<\/div>\n<p>&nbsp;<\/p>\n<\/div>\n<p>&nbsp;<\/p>\n<\/div>\n<p>&nbsp;<\/p>\n<\/div>\n<p>&nbsp;<\/p>\n<\/div>\n<div class=\"fl-col-group fl-node-66ebda748c792\" data-node=\"66ebda748c792\">\n<div class=\"fl-col fl-node-66ebda748c7d2\" style=\"width: 100%\" data-node=\"66ebda748c7d2\">\n<div class=\"fl-col-content fl-node-content\">\n<div class=\"fl-module fl-module-rich-text fl-node-66ebda748c812\" data-animation-delay=\"0.0\" data-node=\"66ebda748c812\">\n<div class=\"fl-module-content fl-node-content\">\n<div class=\"fl-rich-text\">\n<p><span style=\"font-family: arial, helvetica, sans-serif;font-size: medium\"><strong>Supply Ability:<\/strong><\/span><br \/><span style=\"font-family: arial, helvetica, sans-serif;font-size: medium\"> 10000 Piece\/Pieces per Month<\/span><br \/><span style=\"font-family: arial, helvetica, sans-serif;font-size: medium\"> <strong>Packaging &amp; Delivery:<\/strong><\/span><br \/><span style=\"font-family: arial, helvetica, sans-serif;font-size: medium\"> Packing:Standard &amp; Strong Packing<\/span><br \/><span style=\"font-family: arial, helvetica, sans-serif;font-size: medium\"> Poly bag + Box + Carton + Pallet<\/span><br \/><span style=\"font-family: arial, helvetica, sans-serif;font-size: medium\"> Port:<\/span><br \/><span style=\"font-family: arial, helvetica, sans-serif;font-size: medium\"> Ningbo\/Shenzhen\/Shanghai<\/span><br \/><span style=\"font-family: arial, helvetica, sans-serif;font-size: medium\"> Lead Time:<\/span><\/p>\n<table border=\"0\" cellspacing=\"0\">\n<tbody>\n<tr>\n<td valign=\"center\" width=\"250\">\n<p><span style=\"font-family: arial, helvetica, sans-serif;font-size: medium;color: #000000\">Quantity(Pieces)<\/span><\/p>\n<\/td>\n<td valign=\"center\" width=\"150\">\n<p><span style=\"font-family: arial, helvetica, sans-serif;font-size: medium;color: #000000\">1-1000<\/span><\/p>\n<\/td>\n<td valign=\"center\" width=\"247\">\n<p><span style=\"font-family: arial, helvetica, sans-serif;font-size: medium;color: #000000\">&gt;1000<\/span><\/p>\n<\/td>\n<\/tr>\n<tr>\n<td valign=\"center\" width=\"250\"><span style=\"font-family: arial, helvetica, sans-serif;font-size: medium\">&nbsp;Est. Time(days)<\/span><\/td>\n<td valign=\"center\" width=\"150\"><span style=\"font-family: arial, helvetica, sans-serif;font-size: medium\">30<\/span><\/td>\n<td valign=\"center\" width=\"247\"><span style=\"font-family: arial, helvetica, sans-serif;font-size: medium\">To&nbsp;be negotiated<\/span><\/td>\n<\/tr>\n<\/tbody>\n<\/table>\n<\/div>\n<p>&nbsp;<\/p>\n<\/div>\n<p>&nbsp;<\/p>\n<\/div>\n<p>&nbsp;<\/p>\n<\/div>\n<p>&nbsp;<\/p>\n<\/div>\n<p>&nbsp;<\/p>\n<\/div>\n<p>&nbsp;<\/p>\n<\/div>\n<p>&nbsp;<\/p>\n<\/div>\n<p>&nbsp;<\/p>\n<\/div>\n<div class=\"fl-row fl-row-full-width fl-row-bg-none fl-node-66ebda748c891\" data-node=\"66ebda748c891\">\n<div class=\"fl-row-content-wrap\">\n<div class=\"fl-row-content fl-row-full-width fl-node-content\">\n<div class=\"fl-col-group fl-node-66ebda748c8d1\" data-node=\"66ebda748c8d1\">\n<div class=\"fl-col fl-node-66ebda748c911\" style=\"width: 100%\" data-node=\"66ebda748c911\">\n<div class=\"fl-col-content fl-node-content\">\n<div class=\"fl-module fl-module-photo fl-node-66ebda748c951\" data-animation-delay=\"0.0\" data-node=\"66ebda748c951\">\n<div class=\"fl-module-content fl-node-content\">\n<div class=\"fl-photo fl-photo-align-center\">\n<div class=\"fl-photo-content fl-photo-img-jpg\"><img decoding=\"async\" class=\"fl-photo-img wp-image-9038\" src=\"\/wp-content\/uploads\/2025\/09\/b1dd0bcab1675ff4.webp\" alt=\"Miejsce pracy p\u00f3\u0142cesy\"><\/div>\n<p>&nbsp;<\/p>\n<\/div>\n<p>&nbsp;<\/p>\n<\/div>\n<p>&nbsp;<\/p>\n<\/div>\n<div class=\"fl-module fl-module-photo fl-node-66ebda748ca98\" data-animation-delay=\"0.0\" data-node=\"66ebda748ca98\">\n<div class=\"fl-module-content fl-node-content\">\n<div class=\"fl-photo fl-photo-align-center\">\n<div class=\"fl-photo-content fl-photo-img-jpg\"><img decoding=\"async\" class=\"fl-photo-img wp-image-9037\" src=\"\/wp-content\/uploads\/2025\/09\/2b946d2b4b61306d.webp\" alt=\"P\u00f3\u0142cera robocza miejsce 2\"><\/div>\n<p>&nbsp;<\/p>\n<\/div>\n<p>&nbsp;<\/p>\n<\/div>\n<p>&nbsp;<\/p>\n<\/div>\n<div class=\"fl-module fl-module-photo fl-node-66ebda748ca58\" data-animation-delay=\"0.0\" data-node=\"66ebda748ca58\">\n<div class=\"fl-module-content fl-node-content\">\n<div class=\"fl-photo fl-photo-align-center\">\n<div class=\"fl-photo-content fl-photo-img-jpg\"><img decoding=\"async\" class=\"fl-photo-img wp-image-9034 size-full\" src=\"\/wp-content\/uploads\/2025\/09\/081b6529d68ead23.webp\" alt=\"Maszyna sprz\u0119tu\"><\/div>\n<p>&nbsp;<\/p>\n<\/div>\n<p>&nbsp;<\/p>\n<\/div>\n<p>&nbsp;<\/p>\n<\/div>\n<div class=\"fl-module fl-module-photo fl-node-66ebda748ca19\" data-animation-delay=\"0.0\" data-node=\"66ebda748ca19\">\n<div class=\"fl-module-content fl-node-content\">\n<div class=\"fl-photo fl-photo-align-center\">\n<div class=\"fl-photo-content fl-photo-img-jpg\"><img decoding=\"async\" class=\"fl-photo-img wp-image-9033\" src=\"\/wp-content\/uploads\/2025\/09\/a4132b2b399abbac.webp\" alt=\"Przetwarzanie CNN, czyszczenie chemiczne, pow\u0142oka CVD\"><\/div>\n<p>&nbsp;<\/p>\n<\/div>\n<p>&nbsp;<\/p>\n<\/div>\n<p>&nbsp;<\/p>\n<\/div>\n<div class=\"fl-module fl-module-photo fl-node-66ebda748c9d9\" data-animation-delay=\"0.0\" data-node=\"66ebda748c9d9\">\n<div class=\"fl-module-content fl-node-content\">\n<div class=\"fl-photo fl-photo-align-center\">\n<div class=\"fl-photo-content fl-photo-img-jpg\"><img decoding=\"async\" class=\"fl-photo-img wp-image-9036\" src=\"\/wp-content\/uploads\/2025\/09\/2190bb9ce5c1d546.webp\" alt=\"Semicera Ware House\"><\/div>\n<p>&nbsp;<\/p>\n<\/div>\n<p>&nbsp;<\/p>\n<\/div>\n<p>&nbsp;<\/p>\n<\/div>\n<div class=\"fl-module fl-module-photo fl-node-66ebda748c991\" data-animation-delay=\"0.0\" data-node=\"66ebda748c991\">\n<div class=\"fl-module-content fl-node-content\">\n<div class=\"fl-photo fl-photo-align-center\">\n<div class=\"fl-photo-content fl-photo-img-jpg\"><img decoding=\"async\" class=\"fl-photo-img wp-image-9035\" src=\"\/wp-content\/uploads\/2025\/09\/b07f222c0ec0ab8d.webp\" alt=\"Nasza us\u0142uga\"><\/div>\n<p>&nbsp;<\/p>\n<\/div>\n<p>&nbsp;<\/p>\n<\/div>\n<p>&nbsp;<\/p>\n<\/div>\n<p>&nbsp;<\/p>\n<\/div>\n<p>&nbsp;<\/p>\n<\/div>\n<p>&nbsp;<\/p>\n<\/div>\n<p>&nbsp;<\/p>\n<\/div>\n<p>&nbsp;<\/p>\n<\/div>\n<p>&nbsp;<\/p>\n<\/div>\n<\/div>","protected":false},"excerpt":{"rendered":"<p><!--?xml encoding=\"utf-8\" ?--><\/p>\n<p><span>Semicera offers a comprehensive range of susceptors and graphite components designed for various epitaxy reactors (such as MOCVD, CVD). Through strategic partnerships with industry-leading OEMs, extensive materials expertise, and advanced manufacturing capabilities, Semicera delivers tailored designs to meet the specific requirements of your application. Our commitment to excellence ensures that you receive optimal solutions in terms of thermal uniformity, durability, and more for your epitaxy reactor needs.<\/span><\/p>","protected":false},"featured_media":4314,"comment_status":"closed","ping_status":"open","template":"","meta":[],"product_brand":[],"product_cat":[16],"product_tag":[],"class_list":{"0":"post-2043","1":"product","2":"type-product","3":"status-publish","4":"has-post-thumbnail","6":"product_cat-cvd-sic","8":"first","9":"instock","10":"product-type-simple"},"_links":{"self":[{"href":"https:\/\/www.cn-semiconductorparts.com\/pl\/wp-json\/wp\/v2\/product\/2043","targetHints":{"allow":["GET"]}}],"collection":[{"href":"https:\/\/www.cn-semiconductorparts.com\/pl\/wp-json\/wp\/v2\/product"}],"about":[{"href":"https:\/\/www.cn-semiconductorparts.com\/pl\/wp-json\/wp\/v2\/types\/product"}],"replies":[{"embeddable":true,"href":"https:\/\/www.cn-semiconductorparts.com\/pl\/wp-json\/wp\/v2\/comments?post=2043"}],"wp:featuredmedia":[{"embeddable":true,"href":"https:\/\/www.cn-semiconductorparts.com\/pl\/wp-json\/wp\/v2\/media\/4314"}],"wp:attachment":[{"href":"https:\/\/www.cn-semiconductorparts.com\/pl\/wp-json\/wp\/v2\/media?parent=2043"}],"wp:term":[{"taxonomy":"product_brand","embeddable":true,"href":"https:\/\/www.cn-semiconductorparts.com\/pl\/wp-json\/wp\/v2\/product_brand?post=2043"},{"taxonomy":"product_cat","embeddable":true,"href":"https:\/\/www.cn-semiconductorparts.com\/pl\/wp-json\/wp\/v2\/product_cat?post=2043"},{"taxonomy":"product_tag","embeddable":true,"href":"https:\/\/www.cn-semiconductorparts.com\/pl\/wp-json\/wp\/v2\/product_tag?post=2043"}],"curies":[{"name":"WP","href":"https:\/\/api.w.org\/{rel}","templated":true}]}}