{"id":2085,"date":"2025-09-11T05:32:39","date_gmt":"2025-09-11T05:32:39","guid":{"rendered":"https:\/\/weitai2.globaldeepsea.site\/product\/sic-special-high-purity-graphite-crucible-6-inch-substrate\/"},"modified":"2026-04-29T15:29:08","modified_gmt":"2026-04-29T07:29:08","slug":"sic-special-high-purity-graphite-crucible-6-inch-substrate","status":"publish","type":"product","link":"https:\/\/www.cn-semiconductorparts.com\/pl\/product\/sic-special-high-purity-graphite-crucible-6-inch-substrate\/","title":{"rendered":"SIC special high purity graphite crucible 6-inch substrate"},"content":{"rendered":"<div class=\"fl-builder-content fl-builder-content-4434 fl-builder-content-primary fl-builder-global-templates-locked\" data-post-id=\"4434\">\n<div class=\"fl-row fl-row-full-width fl-row-bg-none fl-node-6503c9efa7c78\" data-node=\"6503c9efa7c78\">\n<div class=\"fl-row-content-wrap\">\n<div class=\"fl-row-content fl-row-full-width fl-node-content\">\n<div class=\"fl-col-group fl-node-6503c9efa7cb7\" data-node=\"6503c9efa7cb7\">\n<div class=\"fl-col fl-node-6503c9efa7cf5\" data-node=\"6503c9efa7cf5\" style=\"width: 100%;\">\n<div class=\"fl-col-content fl-node-content\">\n<div class=\"fl-module fl-module-rich-text fl-node-6503c9efa7d32\" data-animation-delay=\"0.0\" data-node=\"6503c9efa7d32\">\n<div class=\"fl-module-content fl-node-content\">\n<div class=\"fl-rich-text\">\n<p>Graphite crucible is mainly used to smelt copper, brass, gold, silver, zinc and lead, and other non-ferrous metals and their alloys.<\/p>\n<\/p><\/div>\n<\/p><\/div>\n<\/p><\/div>\n<div class=\"fl-module fl-module-rich-text fl-node-6503c9efa80ba\" data-animation-delay=\"0.0\" data-node=\"6503c9efa80ba\">\n<div class=\"fl-module-content fl-node-content\">\n<div class=\"fl-rich-text\">\n<p><span style=\"font-family: Calibri;\">Our graphite crucible are processed with high purity isostatic pressed graphite, which has good thermal conductivity and high temperature resistance. In the process of high temperature use, the coefficient of thermal expansion is small, and it has certain strain resistance to acute heat and acute cooling.<\/span>\u00a0It has strong corrosion resistance to acid and alkaline solution and excellent chemical stability. The specific models can be customized with drawings and samples, and the materials are domestic graphite and imported graphite to meet the different needs of customers.<\/p>\n<\/p><\/div>\n<\/p><\/div>\n<\/p><\/div>\n<\/p><\/div>\n<\/p><\/div>\n<\/p><\/div>\n<div class=\"fl-col-group fl-node-6503c9efa8003\" data-node=\"6503c9efa8003\">\n<div class=\"fl-col fl-node-6503c9efa8040 fl-col-small\" data-node=\"6503c9efa8040\" style=\"width: 50%;\">\n<div class=\"fl-col-content fl-node-content\">\n<div class=\"fl-module fl-module-rich-text fl-node-6503c9efa7d6f\" data-animation-delay=\"0.0\" data-node=\"6503c9efa7d6f\">\n<div class=\"fl-module-content fl-node-content\">\n<div class=\"fl-rich-text\">\n<p>The main raw materials of graphite crucible are graphite, silicon carbide, silica, refractory clay, pitch, and tar, etc.<br \/>&gt;High Pure Graphite Crucible<br \/>&gt;Isostatic Graphite Crucible<br \/>&gt;Silicon Carbide Graphite Crucible\u00a0<br \/>&gt;Silicon Carbide Crucible<br \/>&gt;Clay Graphite Crucible<br \/>&gt;Quarts Crucible<\/p>\n<\/p><\/div>\n<\/p><\/div>\n<\/p><\/div>\n<\/p><\/div>\n<\/p><\/div>\n<div class=\"fl-col fl-node-6503c9efa807d fl-col-small\" data-node=\"6503c9efa807d\" style=\"width: 50%;\">\n<div class=\"fl-col-content fl-node-content\">\n<div class=\"fl-module fl-module-photo fl-node-6503c9efa7edd\" data-animation-delay=\"0.0\" data-node=\"6503c9efa7edd\">\n<div class=\"fl-module-content fl-node-content\">\n<div class=\"fl-photo fl-photo-align-center\" itemscope=\"\" itemtype=\"http:\/\/schema.org\/ImageObject\">\n<div class=\"fl-photo-content fl-photo-img-png\"> <img decoding=\"async\" alt=\"SiC Crucible (5)\" class=\"fl-photo-img wp-image-4438\" itemprop=\"image\" src=\"\/wp-content\/uploads\/2025\/09\/853713457b9ed3b3.webp\"> <\/img><\/div>\n<\/p><\/div>\n<\/p><\/div>\n<\/p><\/div>\n<\/p><\/div>\n<\/p><\/div>\n<\/p><\/div>\n<\/p><\/div>\n<\/p><\/div>\n<\/p><\/div>\n<div class=\"fl-row fl-row-full-width fl-row-bg-none fl-node-6503c9efa7dac\" data-node=\"6503c9efa7dac\">\n<div class=\"fl-row-content-wrap\">\n<div class=\"fl-row-content fl-row-full-width fl-node-content\">\n<div class=\"fl-col-group fl-node-6503c9efa7de9\" data-node=\"6503c9efa7de9\">\n<div class=\"fl-col fl-node-6503c9efa7e26 fl-col-small\" data-node=\"6503c9efa7e26\" style=\"width: 50%;\">\n<div class=\"fl-col-content fl-node-content\">\n<div class=\"fl-module fl-module-photo fl-node-6503c9efa7f0e\" data-animation-delay=\"0.0\" data-node=\"6503c9efa7f0e\">\n<div class=\"fl-module-content fl-node-content\">\n<div class=\"fl-photo fl-photo-align-center\" itemscope=\"\" itemtype=\"http:\/\/schema.org\/ImageObject\">\n<div class=\"fl-photo-content fl-photo-img-png\"> <img decoding=\"async\" alt=\"SiC Crucible (3)\" class=\"fl-photo-img wp-image-4439\" itemprop=\"image\" src=\"\/wp-content\/uploads\/2025\/09\/bc04f9bb485168ad.webp\"> <\/img><\/div>\n<\/p><\/div>\n<\/p><\/div>\n<\/p><\/div>\n<\/p><\/div>\n<\/p><\/div>\n<div class=\"fl-col fl-node-6503c9efa7ea0 fl-col-small\" data-node=\"6503c9efa7ea0\" style=\"width: 50%;\">\n<div class=\"fl-col-content fl-node-content\">\n<div class=\"fl-module fl-module-rich-text fl-node-6503c9efa7e63\" data-animation-delay=\"0.0\" data-node=\"6503c9efa7e63\">\n<div class=\"fl-module-content fl-node-content\">\n<div class=\"fl-rich-text\">\n<p>\u00a0Features:<br \/>1. Long working life time<br \/>2. High thermal conductivity<br \/>3. New-style materials<br \/>4. Resistance to corrosion<br \/>5. Resistance to oxidation<br \/>6. High-strength<br \/>7. Multi-function<\/p>\n<\/p><\/div>\n<\/p><\/div>\n<\/p><\/div>\n<\/p><\/div>\n<\/p><\/div>\n<\/p><\/div>\n<div class=\"fl-col-group fl-node-6503c9efa7f4c\" data-node=\"6503c9efa7f4c\">\n<div class=\"fl-col fl-node-6503c9efa7f89\" data-node=\"6503c9efa7f89\" style=\"width: 100%;\">\n<div class=\"fl-col-content fl-node-content\">\n<div class=\"fl-module fl-module-rich-text fl-node-6503c9efa7fc6\" data-animation-delay=\"0.0\" data-node=\"6503c9efa7fc6\">\n<div class=\"fl-module-content fl-node-content\">\n<div class=\"fl-rich-text\">\n<div align=\"center\">\n<table border=\"0\" cellspacing=\"0\">\n<tbody>\n<tr>\n<td colspan=\"4\" valign=\"center\">\n<p align=\"center\">Technical Data of Material<\/p>\n<\/td>\n<\/tr>\n<tr>\n<td valign=\"center\">\n<p>Indeks<\/p>\n<\/td>\n<td valign=\"center\">\n<p>Jednostka<\/p>\n<\/td>\n<td valign=\"center\">\n<p>Standard value<\/p>\n<\/td>\n<td valign=\"center\">\n<p>Test value<\/p>\n<\/td>\n<\/tr>\n<tr>\n<td valign=\"center\">\n<p>Temperature Resistance<\/p>\n<\/td>\n<td valign=\"center\">\n<p>\u2103<\/p>\n<\/td>\n<td valign=\"center\">\n<p>1650\u2103<\/p>\n<\/td>\n<td valign=\"center\">\n<p>1800\u2103<\/p>\n<\/td>\n<\/tr>\n<tr>\n<td rowspan=\"4\" valign=\"center\">\n<p>Sk\u0142ad chemiczny<br \/>(%)<\/p>\n<\/td>\n<td valign=\"center\">\n<p>C<\/p>\n<\/td>\n<td valign=\"center\">\n<p>35~45<\/p>\n<\/td>\n<td valign=\"center\">\n<p>45<\/p>\n<\/td>\n<\/tr>\n<tr>\n<td valign=\"center\">\n<p>Sic<\/p>\n<\/td>\n<td valign=\"center\">\n<p>15~25<\/p>\n<\/td>\n<td valign=\"center\">\n<p>25<\/p>\n<\/td>\n<\/tr>\n<tr>\n<td valign=\"center\">\n<p>AL2O3<\/p>\n<\/td>\n<td valign=\"center\">\n<p>10~20<\/p>\n<\/td>\n<td valign=\"center\">\n<p>25<\/p>\n<\/td>\n<\/tr>\n<tr>\n<td valign=\"center\">\n<p>SiO2<\/p>\n<\/td>\n<td valign=\"center\">\n<p>20~25<\/p>\n<\/td>\n<td valign=\"center\">\n<p>5<\/p>\n<\/td>\n<\/tr>\n<tr>\n<td valign=\"center\">\n<p>Apparent Porosity<\/p>\n<\/td>\n<td valign=\"center\">\n<p>%<\/p>\n<\/td>\n<td valign=\"center\">\n<p>\u226430%<\/p>\n<\/td>\n<td valign=\"center\">\n<p>\u226428%<\/p>\n<\/td>\n<\/tr>\n<tr>\n<td valign=\"center\">\n<p>Compressive Strength<\/p>\n<\/td>\n<td valign=\"center\">\n<p>MPA<\/p>\n<\/td>\n<td valign=\"center\">\n<p>\u22658.5MPa<\/p>\n<\/td>\n<td valign=\"center\">\n<p>\u22658.5MPa<\/p>\n<\/td>\n<\/tr>\n<tr>\n<td valign=\"center\">\n<p>Bulk Density<\/p>\n<\/td>\n<td valign=\"center\">\n<p>g\/cm3<\/p>\n<\/td>\n<td valign=\"center\">\n<p>\u22651.75<\/p>\n<\/td>\n<td valign=\"center\">\n<p>1.78<\/p>\n<\/td>\n<\/tr>\n<tr>\n<td colspan=\"4\" valign=\"center\">\n<p>Our silicon carbide crucible is isostatic forming, which can use 23 times in furnace, while others only can use 12 times<\/p>\n<\/td>\n<\/tr>\n<\/tbody>\n<\/table><\/div>\n<\/p><\/div>\n<\/p><\/div>\n<\/p><\/div>\n<\/p><\/div>\n<\/p><\/div>\n<\/p><\/div>\n<div class=\"fl-col-group fl-node-6503c9efa80f7\" data-node=\"6503c9efa80f7\">\n<div class=\"fl-col fl-node-6503c9efa8134\" data-node=\"6503c9efa8134\" style=\"width: 100%;\">\n<div class=\"fl-col-content fl-node-content\">\n<div class=\"fl-module fl-module-gallery fl-node-6503c9efa8171\" data-animation-delay=\"0.0\" data-node=\"6503c9efa8171\">\n<div class=\"fl-module-content fl-node-content\">\n<div class=\"fl-mosaicflow\">\n<div class=\"fl-mosaicflow-content\">\n<div class=\"fl-mosaicflow-item\">\n<div class=\"fl-photo fl-photo-align-center\" itemscope=\"\" itemtype=\"http:\/\/schema.org\/ImageObject\">\n<div class=\"fl-photo-content fl-photo-img-png\"> <a href=\"\/pl\/uploads\/SiC-Crucible-2.webp\/\" itemprop=\"url\" target=\"_self\"> <img decoding=\"async\" alt=\"SiC Crucible (2)\" class=\"fl-photo-img wp-image-4445\" itemprop=\"image\" src=\"\/wp-content\/uploads\/2025\/09\/8ba3a30ca589cfb6.webp\"> <\/img><\/a> <\/div>\n<\/p><\/div>\n<\/p><\/div>\n<div class=\"fl-mosaicflow-item\">\n<div class=\"fl-photo fl-photo-align-center\" itemscope=\"\" itemtype=\"http:\/\/schema.org\/ImageObject\">\n<div class=\"fl-photo-content fl-photo-img-png\"> <a href=\"\/pl\/uploads\/SiC-Crucible-41.webp\/\" itemprop=\"url\" target=\"_self\"> <img decoding=\"async\" alt=\"SiC Crucible (4)\" class=\"fl-photo-img wp-image-4446\" itemprop=\"image\" src=\"\/wp-content\/uploads\/2025\/09\/6ac08f7c4c69df70.webp\"> <\/img><\/a> <\/div>\n<\/p><\/div>\n<\/p><\/div>\n<\/p><\/div>\n<div class=\"fl-clear\"><\/div>\n<\/p><\/div>\n<\/p><\/div>\n<\/p><\/div>\n<div class=\"fl-module fl-module-gallery fl-node-6503c9efa81ae\" data-animation-delay=\"0.0\" data-node=\"6503c9efa81ae\">\n<div class=\"fl-module-content fl-node-content\">\n<div class=\"fl-mosaicflow\">\n<div class=\"fl-mosaicflow-content\">\n<div class=\"fl-mosaicflow-item\">\n<div class=\"fl-photo fl-photo-align-center\" itemscope=\"\" itemtype=\"http:\/\/schema.org\/ImageObject\">\n<div class=\"fl-photo-content fl-photo-img-png\"> <a href=\"\/pl\/uploads\/SiC-Crucible-1.webp\/\" itemprop=\"url\" target=\"_self\"> <img decoding=\"async\" alt=\"SiC Crucible (1)\" class=\"fl-photo-img wp-image-4447\" itemprop=\"image\" src=\"\/wp-content\/uploads\/2025\/09\/6ec1ad5f11acfd5a.webp\"> <\/img><\/a> <\/div>\n<\/p><\/div>\n<\/p><\/div>\n<div class=\"fl-mosaicflow-item\">\n<div class=\"fl-photo fl-photo-align-center\" itemscope=\"\" itemtype=\"http:\/\/schema.org\/ImageObject\">\n<div class=\"fl-photo-content fl-photo-img-png\"> <a href=\"\/pl\/uploads\/SiC-Crucible-51.webp\/\" itemprop=\"url\" target=\"_self\"> <img decoding=\"async\" alt=\"SiC Crucible (5)\" class=\"fl-photo-img wp-image-4448\" itemprop=\"image\" src=\"\/wp-content\/uploads\/2025\/09\/419f834e231b495b.webp\"> <\/img><\/a> <\/div>\n<\/p><\/div>\n<\/p><\/div>\n<\/p><\/div>\n<div class=\"fl-clear\"><\/div>\n<\/p><\/div>\n<\/p><\/div>\n<\/p><\/div>\n<\/p><\/div>\n<\/p><\/div>\n<\/p><\/div>\n<\/p><\/div>\n<\/p><\/div>\n<\/p><\/div>\n<\/div>","protected":false},"excerpt":{"rendered":"<p>Weitai EnergyTechnology Co., Ltd. jest wiod\u0105cym dostawc\u0105 specjalizuj\u0105cym si\u0119 w op\u0142atach i zaawansowanych na p\u00f3\u0142przewodnik\u00f3w materia\u0142\u00f3w eksploatacyjnych. Jeste\u015bmy zaanga\u017cowani w dostarczanie produkt\u00f3w graficznych o wysokiej jako\u015bci, niezawodnych i innowacyjnych produkt\u00f3w do p\u00f3\u0142przewodnik\u00f3w, takich jak busto\u0142a, i inne powi\u0105zane p\u00f3l. Produkty obejmuj\u0105 SIC\/TAC \u0142\u0105czne produkty graficzne, kt\u00f3re obejmuj\u0105 r\u00f3\u017cne materia\u0142y, takie jak silikonowe. oraz tlenku aluminium itp. Jako zaufany dostawca, rozumiemy znaczenie materia\u0142\u00f3w eksploatacyjnych w procesie produkcyjnym i jeste\u015bmy zaanga\u017cowani w dostarczanie produkt\u00f3w, kt\u00f3re spe\u0142niaj\u0105 najwy\u017csze standardy jako\u015bci w celu zaspokojenia potrzeb naszych klient\u00f3w.<\/p>","protected":false},"featured_media":847,"comment_status":"closed","ping_status":"open","template":"","meta":[],"product_brand":[],"product_cat":[25,24],"product_tag":[],"class_list":{"0":"post-2085","1":"product","2":"type-product","3":"status-publish","4":"has-post-thumbnail","6":"product_cat-more-sic-product","7":"product_cat-silicon-carbide-ceramic","9":"first","10":"instock","11":"product-type-simple"},"_links":{"self":[{"href":"https:\/\/www.cn-semiconductorparts.com\/pl\/wp-json\/wp\/v2\/product\/2085","targetHints":{"allow":["GET"]}}],"collection":[{"href":"https:\/\/www.cn-semiconductorparts.com\/pl\/wp-json\/wp\/v2\/product"}],"about":[{"href":"https:\/\/www.cn-semiconductorparts.com\/pl\/wp-json\/wp\/v2\/types\/product"}],"replies":[{"embeddable":true,"href":"https:\/\/www.cn-semiconductorparts.com\/pl\/wp-json\/wp\/v2\/comments?post=2085"}],"wp:featuredmedia":[{"embeddable":true,"href":"https:\/\/www.cn-semiconductorparts.com\/pl\/wp-json\/wp\/v2\/media\/847"}],"wp:attachment":[{"href":"https:\/\/www.cn-semiconductorparts.com\/pl\/wp-json\/wp\/v2\/media?parent=2085"}],"wp:term":[{"taxonomy":"product_brand","embeddable":true,"href":"https:\/\/www.cn-semiconductorparts.com\/pl\/wp-json\/wp\/v2\/product_brand?post=2085"},{"taxonomy":"product_cat","embeddable":true,"href":"https:\/\/www.cn-semiconductorparts.com\/pl\/wp-json\/wp\/v2\/product_cat?post=2085"},{"taxonomy":"product_tag","embeddable":true,"href":"https:\/\/www.cn-semiconductorparts.com\/pl\/wp-json\/wp\/v2\/product_tag?post=2085"}],"curies":[{"name":"WP","href":"https:\/\/api.w.org\/{rel}","templated":true}]}}