{"id":2119,"date":"2025-09-11T05:32:53","date_gmt":"2025-09-11T05:32:53","guid":{"rendered":"https:\/\/weitai2.globaldeepsea.site\/product\/new-arrival-china-silicon-nitride-ceramic-plate-custom-processing-mechanical-arm-silicon-nitride-ceramic-sheet-picker\/"},"modified":"2026-04-29T15:28:49","modified_gmt":"2026-04-29T07:28:49","slug":"new-arrival-china-silicon-nitride-ceramic-plate-custom-processing-mechanical-arm-silicon-nitride-ceramic-sheet-picker","status":"publish","type":"product","link":"https:\/\/www.cn-semiconductorparts.com\/pl\/product\/new-arrival-china-silicon-nitride-ceramic-plate-custom-processing-mechanical-arm-silicon-nitride-ceramic-sheet-picker\/","title":{"rendered":"New Arrival China Silicon Nitride Ceramic Plate Custom Processing Mechanical Arm Silicon Nitride Ceramic Sheet Picker"},"content":{"rendered":"","protected":false},"excerpt":{"rendered":"<p>Cyrkon jest materia\u0142em o wysokiej wytrzyma\u0142o\u015bci mechanicznej i wytrzyma\u0142o\u015bci p\u0119kni\u0119\u0107 w temperaturze pokojowej. Nasza cyrkonia (ZRO2) dodaje si\u0119 za pomoc\u0105 cz\u0119\u015bciowej stabilnej cyrkonu (PSZ) 3MOL%Y2O3 (PSZ). Poniewa\u017c \u015brednica cz\u0105stek materia\u0142u PSZ jest niewielka, mo\u017ce by\u0107 przetwarzana z wysok\u0105 precyzj\u0105, a jego zastosowanie w precyzyjnych cz\u0119\u015bciach obr\u00f3bki, takich jak formy. Ponadto mo\u017cna r\u00f3wnie\u017c u\u017cywa\u0107 narz\u0119dzi przemys\u0142owych, cz\u0119\u015bci z\u0142\u0105cza optycznego i medium sprz\u0119tu kruszenia. Wysoka wytrzyma\u0142o\u015b\u0107 PSZ mo\u017ce by\u0107 u\u017cywana do produkcji specjalnych \u017ar\u00f3de\u0142, a tak\u017ce jest szeroko stosowana w domowych no\u017cy ceramicznych, \u015blimakach i innych cz\u0119\u015bciach.<\/p>","protected":false},"featured_media":1208,"comment_status":"closed","ping_status":"open","template":"","meta":[],"product_brand":[],"product_cat":[25,24],"product_tag":[],"class_list":{"0":"post-2119","1":"product","2":"type-product","3":"status-publish","4":"has-post-thumbnail","6":"product_cat-more-sic-product","7":"product_cat-silicon-carbide-ceramic","9":"first","10":"instock","11":"product-type-simple"},"_links":{"self":[{"href":"https:\/\/www.cn-semiconductorparts.com\/pl\/wp-json\/wp\/v2\/product\/2119","targetHints":{"allow":["GET"]}}],"collection":[{"href":"https:\/\/www.cn-semiconductorparts.com\/pl\/wp-json\/wp\/v2\/product"}],"about":[{"href":"https:\/\/www.cn-semiconductorparts.com\/pl\/wp-json\/wp\/v2\/types\/product"}],"replies":[{"embeddable":true,"href":"https:\/\/www.cn-semiconductorparts.com\/pl\/wp-json\/wp\/v2\/comments?post=2119"}],"wp:featuredmedia":[{"embeddable":true,"href":"https:\/\/www.cn-semiconductorparts.com\/pl\/wp-json\/wp\/v2\/media\/1208"}],"wp:attachment":[{"href":"https:\/\/www.cn-semiconductorparts.com\/pl\/wp-json\/wp\/v2\/media?parent=2119"}],"wp:term":[{"taxonomy":"product_brand","embeddable":true,"href":"https:\/\/www.cn-semiconductorparts.com\/pl\/wp-json\/wp\/v2\/product_brand?post=2119"},{"taxonomy":"product_cat","embeddable":true,"href":"https:\/\/www.cn-semiconductorparts.com\/pl\/wp-json\/wp\/v2\/product_cat?post=2119"},{"taxonomy":"product_tag","embeddable":true,"href":"https:\/\/www.cn-semiconductorparts.com\/pl\/wp-json\/wp\/v2\/product_tag?post=2119"}],"curies":[{"name":"WP","href":"https:\/\/api.w.org\/{rel}","templated":true}]}}