{"id":2121,"date":"2025-09-11T05:32:53","date_gmt":"2025-09-11T05:32:53","guid":{"rendered":"https:\/\/weitai2.globaldeepsea.site\/product\/hot-sale-factory-al2o3-alumina-ceramic-transport-arm-precision-ceramic-parts-custom-processing\/"},"modified":"2026-04-29T15:28:50","modified_gmt":"2026-04-29T07:28:50","slug":"hot-sale-factory-al2o3-alumina-ceramic-transport-arm-precision-ceramic-parts-custom-processing","status":"publish","type":"product","link":"https:\/\/www.cn-semiconductorparts.com\/pl\/product\/hot-sale-factory-al2o3-alumina-ceramic-transport-arm-precision-ceramic-parts-custom-processing\/","title":{"rendered":"Hot sale Factory Al2O3\/Alumina Ceramic Transport Arm, Precision Ceramic Parts, Custom Processing."},"content":{"rendered":"","protected":false},"excerpt":{"rendered":"<p>Tlenek cyrkoniczaka, zwany r\u00f3wnie\u017c cyrkoni\u0105, jest niezwykle trudn\u0105 ceramik\u0105 techniczn\u0105 o twardo\u015bci&gt; 9 mohs.zirconia ma najwy\u017csz\u0105 wytrzyma\u0142o\u015b\u0107 i wytrzyma\u0142o\u015b\u0107 p\u0119kni\u0119\u0107 w temperaturze pokojowej w\u015br\u00f3d wszystkich zaawansowanych materia\u0142\u00f3w ceramicznych, opr\u00f3cz wytrzyma\u0142o\u015bciowych atak\u00f3w z rozaltych metali, organicznych rozpuszczalnik\u00f3w, silnych kwas\u00f3w i silnych alkali\u00f3w, wi\u0119c silny alkalia, wi\u0119c z cyrkonami s\u0105 zawsze u\u017cywane w r\u00f3\u017cnych warunkach serwisowych.<\/p>","protected":false},"featured_media":1158,"comment_status":"closed","ping_status":"open","template":"","meta":[],"product_brand":[],"product_cat":[15],"product_tag":[],"class_list":{"0":"post-2121","1":"product","2":"type-product","3":"status-publish","4":"has-post-thumbnail","6":"product_cat-uncategorized","8":"first","9":"instock","10":"product-type-simple"},"_links":{"self":[{"href":"https:\/\/www.cn-semiconductorparts.com\/pl\/wp-json\/wp\/v2\/product\/2121","targetHints":{"allow":["GET"]}}],"collection":[{"href":"https:\/\/www.cn-semiconductorparts.com\/pl\/wp-json\/wp\/v2\/product"}],"about":[{"href":"https:\/\/www.cn-semiconductorparts.com\/pl\/wp-json\/wp\/v2\/types\/product"}],"replies":[{"embeddable":true,"href":"https:\/\/www.cn-semiconductorparts.com\/pl\/wp-json\/wp\/v2\/comments?post=2121"}],"wp:featuredmedia":[{"embeddable":true,"href":"https:\/\/www.cn-semiconductorparts.com\/pl\/wp-json\/wp\/v2\/media\/1158"}],"wp:attachment":[{"href":"https:\/\/www.cn-semiconductorparts.com\/pl\/wp-json\/wp\/v2\/media?parent=2121"}],"wp:term":[{"taxonomy":"product_brand","embeddable":true,"href":"https:\/\/www.cn-semiconductorparts.com\/pl\/wp-json\/wp\/v2\/product_brand?post=2121"},{"taxonomy":"product_cat","embeddable":true,"href":"https:\/\/www.cn-semiconductorparts.com\/pl\/wp-json\/wp\/v2\/product_cat?post=2121"},{"taxonomy":"product_tag","embeddable":true,"href":"https:\/\/www.cn-semiconductorparts.com\/pl\/wp-json\/wp\/v2\/product_tag?post=2121"}],"curies":[{"name":"WP","href":"https:\/\/api.w.org\/{rel}","templated":true}]}}