{"id":2123,"date":"2025-09-11T05:32:53","date_gmt":"2025-09-11T05:32:53","guid":{"rendered":"https:\/\/weitai2.globaldeepsea.site\/product\/high-quality-graphite-hard-felt-by-semicera-for-precision-cleaning-in-semiconductor-industry\/"},"modified":"2026-04-29T15:28:51","modified_gmt":"2026-04-29T07:28:51","slug":"high-quality-graphite-hard-felt-by-semicera-for-precision-cleaning-in-semiconductor-industry","status":"publish","type":"product","link":"https:\/\/www.cn-semiconductorparts.com\/pl\/product\/high-quality-graphite-hard-felt-by-semicera-for-precision-cleaning-in-semiconductor-industry\/","title":{"rendered":"High-Quality Graphite Hard Felt by Semicera for Precision Cleaning in Semiconductor Industry"},"content":{"rendered":"<p><?xml encoding=\"utf-8\" ?><\/p>\n<div class=\"fl-builder-content fl-builder-content-4251 fl-builder-content-primary fl-builder-global-templates-locked\" data-post-id=\"4251\">\n<div class=\"fl-row fl-row-full-width fl-row-bg-none fl-node-64fed2148a83d\" data-node=\"64fed2148a83d\">\n<div class=\"fl-row-content-wrap\">\n<div class=\"fl-row-content fl-row-full-width fl-node-content\">\n<div class=\"fl-col-group fl-node-64fed2148a87d\" data-node=\"64fed2148a87d\">\n<div class=\"fl-col fl-node-64fed2148a8bb\" data-node=\"64fed2148a8bb\" style=\"width: 100%;\">\n<div class=\"fl-col-content fl-node-content\">\n<div class=\"fl-module fl-module-heading fl-node-64fed2148a935\" data-animation-delay=\"0.0\" data-node=\"64fed2148a935\">\n<div class=\"fl-module-content fl-node-content\">\n<h3 class=\"fl-heading\"> <span class=\"fl-heading-text\">Szczeg\u00f3\u0142y produktu<\/span> <\/h3>\n<\/p><\/div>\n<\/p><\/div>\n<div class=\"fl-module fl-module-rich-text fl-node-64fed2148a8f8\" data-animation-delay=\"0.0\" data-node=\"64fed2148a8f8\">\n<div class=\"fl-module-content fl-node-content\">\n<div class=\"fl-rich-text\">\n<table border=\"0\" cellspacing=\"0\">\n<tbody>\n<tr>\n<td valign=\"center\" width=\"337\">\n<p>Nazwa produktu<\/p>\n<\/td>\n<td valign=\"center\" width=\"330\">\n<p>Graphit Fintr<\/p>\n<\/td>\n<\/tr>\n<tr>\n<td valign=\"center\" width=\"337\">\n<p>Sk\u0142ad chemiczny<\/p>\n<\/td>\n<td valign=\"center\" width=\"330\">\n<p>W\u0142\u00f3kno w\u0119glowe<\/p>\n<\/td>\n<\/tr>\n<tr>\n<td valign=\"center\" width=\"337\">\n<p>G\u0119sto\u015b\u0107 luzem<\/p>\n<\/td>\n<td valign=\"center\" width=\"330\">\n<p>0.12-0.14g\/cm3<\/p>\n<\/td>\n<\/tr>\n<tr>\n<td valign=\"center\" width=\"337\">\n<p>Zawarto\u015b\u0107 w\u0119gla<\/p>\n<\/td>\n<td valign=\"center\" width=\"330\">\n<p>&gt; = 99%<\/p>\n<\/td>\n<\/tr>\n<tr>\n<td valign=\"center\" width=\"337\">\n<p>Wytrzyma\u0142o\u015b\u0107 na rozci\u0105ganie<\/p>\n<\/td>\n<td valign=\"center\" width=\"330\">\n<p>0.14Mpa<\/p>\n<\/td>\n<\/tr>\n<tr>\n<td valign=\"center\" width=\"337\">\n<p>Thermal conductivity(1150&#8451;)<\/p>\n<\/td>\n<td valign=\"center\" width=\"330\">\n<p>0,08 ~ 0,14 W\/mk<\/p>\n<\/td>\n<\/tr>\n<tr>\n<td valign=\"center\" width=\"337\">\n<p>Popi\u00f3\u0142<\/p>\n<\/td>\n<td valign=\"center\" width=\"330\">\n<p>&lt;= 0,005%<\/p>\n<\/td>\n<\/tr>\n<tr>\n<td valign=\"center\" width=\"337\">\n<p>Mia\u017cd\u017c\u0105cy stres<\/p>\n<\/td>\n<td valign=\"center\" width=\"330\">\n<p>8-10N\/cm<\/p>\n<\/td>\n<\/tr>\n<tr>\n<td valign=\"center\" width=\"337\">\n<p>Grubo\u015b\u0107<\/p>\n<\/td>\n<td valign=\"center\" width=\"330\">\n<p>1-10mm<\/p>\n<\/td>\n<\/tr>\n<tr>\n<td valign=\"center\" width=\"337\">\n<p>Temperatura przetwarzania<\/p>\n<\/td>\n<td valign=\"center\" width=\"330\">\n<p>2500(&#8451;)<\/p>\n<\/td>\n<\/tr>\n<\/tbody>\n<\/table><\/div>\n<\/p><\/div>\n<\/p><\/div>\n<\/p><\/div>\n<\/p><\/div>\n<\/p><\/div>\n<div class=\"fl-col-group fl-node-64fed2148a9eb\" data-node=\"64fed2148a9eb\">\n<div class=\"fl-col fl-node-64fed2148aa28 fl-col-small\" data-node=\"64fed2148aa28\" style=\"width: 50%;\">\n<div class=\"fl-col-content fl-node-content\">\n<div class=\"fl-module fl-module-rich-text fl-node-64fed2148a972\" data-animation-delay=\"0.0\" data-node=\"64fed2148a972\">\n<div class=\"fl-module-content fl-node-content\">\n<div class=\"fl-rich-text\">\n<p>G\u0119sto\u015b\u0107 obj\u0119to\u015bci (g\/cm3): 0,22-0,28<br \/>Wytrzyma\u0142o\u015b\u0107 na rozci\u0105ganie (MPA): 2.5 (deformacja 5%)<br \/>Przewodnictwo cieplne (w\/mk): 0,15-0,25 (25) 0,40-0,45 (1400)<br \/>Specyficzna oporno\u015b\u0107 (OHM.CM): 0,18-0.22<br \/>Carbon Content (%): &ge;99<br \/>Ash Content (%): &le;0.6<br \/>Moisture Absorption (%): &le;1.6<br \/>Skala oczyszczania: czysto\u015b\u0107 wysoko\u015bci<br \/>Temperatura przetwarzania: 1450-2000<\/p>\n<\/p><\/div>\n<\/p><\/div>\n<\/p><\/div>\n<\/p><\/div>\n<\/p><\/div>\n<div class=\"fl-col fl-node-64fed2148aa4b fl-col-small\" data-node=\"64fed2148aa4b\" style=\"width: 50%;\">\n<div class=\"fl-col-content fl-node-content\">\n<div class=\"fl-module fl-module-rich-text fl-node-64fed2148a9ae\" data-animation-delay=\"0.0\" data-node=\"64fed2148a9ae\">\n<div class=\"fl-module-content fl-node-content\">\n<div class=\"fl-rich-text\">\n<p>Pola aplikacji:<br \/><span style=\"font-family: Calibri;\">&bull;Vacuum furnaces<\/span><br \/><span style=\"font-family: Calibri;\">&bull;Inert gas furnaces<\/span><br \/><span style=\"font-family: Calibri;\">&bull;Heat treatment&nbsp;<\/span>(Hartowanie, karbonizacja, lutowanie itp.)<br \/><span style=\"font-family: Calibri;\">&bull;Carbon fiber production<\/span><br \/><span style=\"font-family: Calibri;\">&bull;Hard metal production<\/span><br \/><span style=\"font-family: Calibri;\">&bull;Sintering applications<\/span><br \/><span style=\"font-family: Calibri;\">&bull;Technical ceramic production<\/span><br \/><span style=\"font-family: Calibri;\">&bull;CVD\/PVD coasting<\/span><\/p>\n<\/p><\/div>\n<\/p><\/div>\n<\/p><\/div>\n<\/p><\/div>\n<\/p><\/div>\n<\/p><\/div>\n<div class=\"fl-col-group fl-node-64fed2148aac4\" data-node=\"64fed2148aac4\">\n<div class=\"fl-col fl-node-64fed2148ab02\" data-node=\"64fed2148ab02\" style=\"width: 100%;\">\n<div class=\"fl-col-content fl-node-content\">\n<div class=\"fl-module fl-module-rich-text fl-node-64fed2148aa88\" data-animation-delay=\"0.0\" data-node=\"64fed2148aa88\">\n<div class=\"fl-module-content fl-node-content\">\n<div class=\"fl-rich-text\">\n<p>Dost\u0119pny rozmiar:<br \/>P\u0142yta: 1500*1800 (maksymalna) grubo\u015b\u0107 20-200 mm<br \/>Okr\u0105g\u0142y b\u0119ben: 1500*2000 (maksymalny) grubo\u015bci 20-150 mm<br \/>Kwadratowy b\u0119ben: 1500*1500*2000 (maksymalny) grubo\u015b\u0107 60-120 mm<br \/>Aplikacyjny zakres temperatur: 1250-2600<\/p>\n<\/p><\/div>\n<\/p><\/div>\n<\/p><\/div>\n<\/p><\/div>\n<\/p><\/div>\n<\/p><\/div>\n<div class=\"fl-col-group fl-node-64fed2148abf6\" data-node=\"64fed2148abf6\">\n<div class=\"fl-col fl-node-64fed2148ac33 fl-col-small\" data-node=\"64fed2148ac33\" style=\"width: 50%;\">\n<div class=\"fl-col-content fl-node-content\">\n<div class=\"fl-module fl-module-photo fl-node-64fed2148ac70\" data-animation-delay=\"0.0\" data-node=\"64fed2148ac70\">\n<div class=\"fl-module-content fl-node-content\">\n<div class=\"fl-photo fl-photo-align-center\" itemscope=\"\" itemtype=\"http:\/\/schema.org\/ImageObject\">\n<div class=\"fl-photo-content fl-photo-img-jpg\"> <img decoding=\"async\" alt=\"Sztywny filc (2)\" class=\"fl-photo-img wp-image-2398\" itemprop=\"image\" src=\"\/wp-content\/uploads\/2025\/09\/c89380726c765648.webp\"> <\/div>\n<\/p><\/div>\n<\/p><\/div>\n<\/p><\/div>\n<\/p><\/div>\n<\/p><\/div>\n<div class=\"fl-col fl-node-64fed2148ace9 fl-col-small\" data-node=\"64fed2148ace9\" style=\"width: 50%;\">\n<div class=\"fl-col-content fl-node-content\">\n<div class=\"fl-module fl-module-photo fl-node-64fed2148acad\" data-animation-delay=\"0.0\" data-node=\"64fed2148acad\">\n<div class=\"fl-module-content fl-node-content\">\n<div class=\"fl-photo fl-photo-align-center\" itemscope=\"\" itemtype=\"http:\/\/schema.org\/ImageObject\">\n<div class=\"fl-photo-content fl-photo-img-jpg\"> <img decoding=\"async\" alt=\"Sztywny filc (1)\" class=\"fl-photo-img wp-image-2394\" itemprop=\"image\" src=\"\/wp-content\/uploads\/2025\/09\/333a75ef420a7ab9.webp\"> <\/div>\n<\/p><\/div>\n<\/p><\/div>\n<\/p><\/div>\n<\/p><\/div>\n<\/p><\/div>\n<\/p><\/div>\n<div class=\"fl-col-group fl-node-64fed2148ab3f\" data-node=\"64fed2148ab3f\">\n<div class=\"fl-col fl-node-64fed2148ab7c\" data-node=\"64fed2148ab7c\" style=\"width: 100%;\">\n<div class=\"fl-col-content fl-node-content\">\n<div class=\"fl-module fl-module-photo fl-node-64fed2148abb9\" data-animation-delay=\"0.0\" data-node=\"64fed2148abb9\">\n<div class=\"fl-module-content fl-node-content\">\n<div class=\"fl-photo fl-photo-align-center\" itemscope=\"\" itemtype=\"http:\/\/schema.org\/ImageObject\">\n<div class=\"fl-photo-content fl-photo-img-png\"> <img decoding=\"async\" alt=\"SDFS\" class=\"fl-photo-img wp-image-2397\" itemprop=\"image\" src=\"\/wp-content\/uploads\/2025\/09\/26eb965d6cf57638.webp\"> <\/div>\n<\/p><\/div>\n<\/p><\/div>\n<\/p><\/div>\n<\/p><\/div>\n<\/p><\/div>\n<\/p><\/div>\n<div class=\"fl-col-group fl-node-661775edcb8b2\" data-node=\"661775edcb8b2\">\n<div class=\"fl-col fl-node-661775edcba8e\" data-node=\"661775edcba8e\" style=\"width: 100%;\">\n<div class=\"fl-col-content fl-node-content\">\n<div class=\"fl-module fl-module-rich-text fl-node-661775edcb743\" data-animation-delay=\"0.0\" data-node=\"661775edcb743\">\n<div class=\"fl-module-content fl-node-content\">\n<div class=\"fl-rich-text\">\n<\/p>\n<p><img decoding=\"async\" alt=\"Maszyna sprz\u0119tu\" class=\"size-full wp-image-7288 aligncenter\" src=\"\/wp-content\/uploads\/2025\/09\/081b6529d68ead23.webp\"><\/p>\n<\/p><\/div>\n<\/p><\/div>\n<\/p><\/div>\n<\/p><\/div>\n<\/p><\/div>\n<\/p><\/div>\n<\/p><\/div>\n<\/p><\/div>\n<\/p><\/div>\n<\/div>","protected":false},"excerpt":{"rendered":"<p><?xml encoding=\"utf-8\" ?><\/p>\n<p>Explore Semicera&rsquo;s high-quality graphite hard felt designed for precision cleaning in the semiconductor industry. Its advanced composition and meticulous craftsmanship enable effective removal of particles and contaminants, ensuring the highest level of cleanliness for critical processes.<\/p>","protected":false},"featured_media":533,"comment_status":"closed","ping_status":"open","template":"","meta":[],"product_brand":[],"product_cat":[29,30],"product_tag":[],"class_list":{"0":"post-2123","1":"product","2":"type-product","3":"status-publish","4":"has-post-thumbnail","6":"product_cat-carbon-fiber","7":"product_cat-hard-felt","9":"first","10":"instock","11":"product-type-simple"},"_links":{"self":[{"href":"https:\/\/www.cn-semiconductorparts.com\/pl\/wp-json\/wp\/v2\/product\/2123","targetHints":{"allow":["GET"]}}],"collection":[{"href":"https:\/\/www.cn-semiconductorparts.com\/pl\/wp-json\/wp\/v2\/product"}],"about":[{"href":"https:\/\/www.cn-semiconductorparts.com\/pl\/wp-json\/wp\/v2\/types\/product"}],"replies":[{"embeddable":true,"href":"https:\/\/www.cn-semiconductorparts.com\/pl\/wp-json\/wp\/v2\/comments?post=2123"}],"wp:featuredmedia":[{"embeddable":true,"href":"https:\/\/www.cn-semiconductorparts.com\/pl\/wp-json\/wp\/v2\/media\/533"}],"wp:attachment":[{"href":"https:\/\/www.cn-semiconductorparts.com\/pl\/wp-json\/wp\/v2\/media?parent=2123"}],"wp:term":[{"taxonomy":"product_brand","embeddable":true,"href":"https:\/\/www.cn-semiconductorparts.com\/pl\/wp-json\/wp\/v2\/product_brand?post=2123"},{"taxonomy":"product_cat","embeddable":true,"href":"https:\/\/www.cn-semiconductorparts.com\/pl\/wp-json\/wp\/v2\/product_cat?post=2123"},{"taxonomy":"product_tag","embeddable":true,"href":"https:\/\/www.cn-semiconductorparts.com\/pl\/wp-json\/wp\/v2\/product_tag?post=2123"}],"curies":[{"name":"WP","href":"https:\/\/api.w.org\/{rel}","templated":true}]}}