{"id":2127,"date":"2025-09-11T05:32:53","date_gmt":"2025-09-11T05:32:53","guid":{"rendered":"https:\/\/weitai2.globaldeepsea.site\/product\/graphite-soft-felt-for-thermal-insulation\/"},"modified":"2026-04-29T15:28:52","modified_gmt":"2026-04-29T07:28:52","slug":"graphite-soft-felt-for-thermal-insulation","status":"publish","type":"product","link":"https:\/\/www.cn-semiconductorparts.com\/pl\/product\/graphite-soft-felt-for-thermal-insulation\/","title":{"rendered":"Grafit mi\u0119kki do izolacji termicznej"},"content":{"rendered":"<p><?xml encoding=\"utf-8\" ?><\/p>\n<div class=\"fl-builder-content fl-builder-content-4238 fl-builder-content-primary fl-builder-global-templates-locked\" data-post-id=\"4238\">\n<div class=\"fl-row fl-row-full-width fl-row-bg-none fl-node-65700215c751e\" data-node=\"65700215c751e\">\n<div class=\"fl-row-content-wrap\">\n<div class=\"fl-row-content fl-row-full-width fl-node-content\">\n<div class=\"fl-col-group fl-node-65700215c755f\" data-node=\"65700215c755f\">\n<div class=\"fl-col fl-node-65700215c759c\" data-node=\"65700215c759c\" style=\"width: 100%;\">\n<div class=\"fl-col-content fl-node-content\">\n<div class=\"fl-module fl-module-heading fl-node-65700215c7617\" data-animation-delay=\"0.0\" data-node=\"65700215c7617\">\n<div class=\"fl-module-content fl-node-content\">\n<h3 class=\"fl-heading\"> <span class=\"fl-heading-text\">Szczeg\u00f3\u0142y produktu<\/span> <\/h3>\n<\/p><\/div>\n<\/p><\/div>\n<div class=\"fl-module fl-module-rich-text fl-node-65700215c75da\" data-animation-delay=\"0.0\" data-node=\"65700215c75da\">\n<div class=\"fl-module-content fl-node-content\">\n<div class=\"fl-rich-text\">\n<table border=\"0\" cellspacing=\"0\">\n<tbody>\n<tr>\n<td valign=\"center\">\n<p>Nazwa produktu<\/p>\n<\/td>\n<td valign=\"center\">\n<p>Graphit Fintr<\/p>\n<\/td>\n<\/tr>\n<tr>\n<td valign=\"center\">\n<p>Sk\u0142ad chemiczny<\/p>\n<\/td>\n<td valign=\"center\">\n<p>W\u0142\u00f3kno w\u0119glowe<\/p>\n<\/td>\n<\/tr>\n<tr>\n<td valign=\"center\">\n<p>G\u0119sto\u015b\u0107 luzem<\/p>\n<\/td>\n<td valign=\"center\">\n<p>0.12-0.14g\/cm3<\/p>\n<\/td>\n<\/tr>\n<tr>\n<td valign=\"center\">\n<p>Zawarto\u015b\u0107 w\u0119gla<\/p>\n<\/td>\n<td valign=\"center\">\n<p>&gt; = 99%<\/p>\n<\/td>\n<\/tr>\n<tr>\n<td valign=\"center\">\n<p>Wytrzyma\u0142o\u015b\u0107 na rozci\u0105ganie<\/p>\n<\/td>\n<td valign=\"center\">\n<p>0.14Mpa<\/p>\n<\/td>\n<\/tr>\n<tr>\n<td valign=\"center\">\n<p>Thermal conductivity(1150&#8451;)<\/p>\n<\/td>\n<td valign=\"center\">\n<p>0,08 ~ 0,14 W\/mk<\/p>\n<\/td>\n<\/tr>\n<tr>\n<td valign=\"center\">\n<p>Popi\u00f3\u0142<\/p>\n<\/td>\n<td valign=\"center\">\n<p>&lt;= 0,005%<\/p>\n<\/td>\n<\/tr>\n<tr>\n<td valign=\"center\">\n<p>Mia\u017cd\u017c\u0105cy stres<\/p>\n<\/td>\n<td valign=\"center\">\n<p>8-10N\/cm<\/p>\n<\/td>\n<\/tr>\n<tr>\n<td valign=\"center\">\n<p>Grubo\u015b\u0107<\/p>\n<\/td>\n<td valign=\"center\">\n<p>1-10mm<\/p>\n<\/td>\n<\/tr>\n<tr>\n<td valign=\"center\">\n<p>Temperatura przetwarzania<\/p>\n<\/td>\n<td valign=\"center\">\n<p>2500(&#8451;)<\/p>\n<\/td>\n<\/tr>\n<\/tbody>\n<\/table><\/div>\n<\/p><\/div>\n<\/p><\/div>\n<\/p><\/div>\n<\/p><\/div>\n<\/p><\/div>\n<div class=\"fl-col-group fl-node-65700215c7784\" data-node=\"65700215c7784\">\n<div class=\"fl-col fl-node-65700215c77c1\" data-node=\"65700215c77c1\" style=\"width: 100%;\">\n<div class=\"fl-col-content fl-node-content\">\n<div class=\"fl-module fl-module-rich-text fl-node-65700215c77fe\" data-animation-delay=\"0.0\" data-node=\"65700215c77fe\">\n<div class=\"fl-module-content fl-node-content\">\n<div class=\"fl-rich-text\">\n<p>Obecnie dost\u0119pne w czterech specyfikacjach, ka\u017cda dost\u0119pna w rolkach, cz\u0119\u015bciach i wst\u0119pnie zjechanych rurkach z filc:<br \/>SCSF: High purity graphite felt, better thermal conductivity, heat treatment temperature of more than 1900&#8451;<br \/>SCSF-P: Ultra-wysoka czysto\u015b\u0107 SCSF-B Felt<br \/>SCSF-v: High purity graphite felt, heat treatment temperature of more than 2650&#8451;, low thermal conductivity<br \/>SCSF-VP: Ultra-wysoka czysto\u015b\u0107 SCSF-D Felt<\/p>\n<\/p><\/div>\n<\/p><\/div>\n<\/p><\/div>\n<\/p><\/div>\n<\/p><\/div>\n<\/p><\/div>\n<div class=\"fl-col-group fl-node-65700215c783b\" data-node=\"65700215c783b\">\n<div class=\"fl-col fl-node-65700215c7878\" data-node=\"65700215c7878\" style=\"width: 100%;\">\n<div class=\"fl-col-content fl-node-content\">\n<div class=\"fl-module fl-module-photo fl-node-65700215c78b5\" data-animation-delay=\"0.0\" data-node=\"65700215c78b5\">\n<div class=\"fl-module-content fl-node-content\">\n<div class=\"fl-photo fl-photo-align-center\" itemscope=\"\" itemtype=\"http:\/\/schema.org\/ImageObject\">\n<div class=\"fl-photo-content fl-photo-img-png\"> <img decoding=\"async\" alt=\"&#24494;&#20449;&#25130;&#22270;_20231206112113\" class=\"fl-photo-img wp-image-5393\" itemprop=\"image\" src=\"\/wp-content\/uploads\/2025\/09\/06bef272babefc1e.webp\"> <\/div>\n<\/p><\/div>\n<\/p><\/div>\n<\/p><\/div>\n<\/p><\/div>\n<\/p><\/div>\n<\/p><\/div>\n<div class=\"fl-col-group fl-node-65700215c78f2\" data-node=\"65700215c78f2\">\n<div class=\"fl-col fl-node-65700215c78fe fl-col-small\" data-node=\"65700215c78fe\" style=\"width: 50%;\">\n<div class=\"fl-col-content fl-node-content\">\n<div class=\"fl-module fl-module-rich-text fl-node-65700215c7654\" data-animation-delay=\"0.0\" data-node=\"65700215c7654\">\n<div class=\"fl-module-content fl-node-content\">\n<div class=\"fl-rich-text\">\n<p><strong>W\u0142a\u015bciwo\u015bci :<\/strong><br \/>-Znakomita stabilno\u015b\u0107 termiczna<br \/>-Wysoka wytrzyma\u0142o\u015b\u0107 mechaniczna<br \/>-Dobra przewodno\u015b\u0107 elektryczna i cieplna<br \/>-Doskona\u0142a odporno\u015b\u0107 na szok termiczny i korozj\u0119<br \/>-Wysoka czysto\u015b\u0107 materia\u0142u<br \/>-Wysoka pojemno\u015b\u0107 obci\u0105\u017cenia elektrycznego<br \/>-Jednolity profil temperatury<\/p>\n<\/p><\/div>\n<\/p><\/div>\n<\/p><\/div>\n<\/p><\/div>\n<\/p><\/div>\n<div class=\"fl-col fl-node-65700215c793b fl-col-small\" data-node=\"65700215c793b\" style=\"width: 50%;\">\n<div class=\"fl-col-content fl-node-content\">\n<div class=\"fl-module fl-module-photo fl-node-65700215c7978\" data-animation-delay=\"0.0\" data-node=\"65700215c7978\">\n<div class=\"fl-module-content fl-node-content\">\n<div class=\"fl-photo fl-photo-align-center\" itemscope=\"\" itemtype=\"http:\/\/schema.org\/ImageObject\">\n<div class=\"fl-photo-content fl-photo-img-png\"> <img decoding=\"async\" alt=\"&#24494;&#20449;&#25130;&#22270;_20231206112141\" class=\"fl-photo-img wp-image-5394\" itemprop=\"image\" src=\"\/wp-content\/uploads\/2025\/09\/c0fde29a528d2d7a.webp\"> <\/div>\n<\/p><\/div>\n<\/p><\/div>\n<\/p><\/div>\n<\/p><\/div>\n<\/p><\/div>\n<\/p><\/div>\n<div class=\"fl-col-group fl-node-65700215c79b5\" data-node=\"65700215c79b5\">\n<div class=\"fl-col fl-node-65700215c7a6c fl-col-small\" data-node=\"65700215c7a6c\" style=\"width: 50%;\">\n<div class=\"fl-col-content fl-node-content\">\n<div class=\"fl-module fl-module-photo fl-node-65700215c7a2f\" data-animation-delay=\"0.0\" data-node=\"65700215c7a2f\">\n<div class=\"fl-module-content fl-node-content\">\n<div class=\"fl-photo fl-photo-align-center\" itemscope=\"\" itemtype=\"http:\/\/schema.org\/ImageObject\">\n<div class=\"fl-photo-content fl-photo-img-png\"> <img decoding=\"async\" alt=\"Grafit Felt (1)\" class=\"fl-photo-img wp-image-5395\" itemprop=\"image\" src=\"\/wp-content\/uploads\/2025\/09\/998a0d4f5cbf8804.webp\"> <\/div>\n<\/p><\/div>\n<\/p><\/div>\n<\/p><\/div>\n<\/p><\/div>\n<\/p><\/div>\n<div class=\"fl-col fl-node-65700215c79f2 fl-col-small\" data-node=\"65700215c79f2\" style=\"width: 50%;\">\n<div class=\"fl-col-content fl-node-content\">\n<div class=\"fl-module fl-module-rich-text fl-node-65700215c7690\" data-animation-delay=\"0.0\" data-node=\"65700215c7690\">\n<div class=\"fl-module-content fl-node-content\">\n<div class=\"fl-rich-text\">\n<p><strong>Pola aplikacji:<\/strong><br \/>-Piece pr\u00f3\u017cniowe<br \/>-Oboj\u0119tne piece gazowe<br \/>-Obr\u00f3bka cieplna<br \/>(Hartowanie, karbonizacja, lutowanie itp.)<br \/>-Produkcja w\u0142\u00f3kien w\u0119glowych<br \/>-Produkcja twardej metalu<br \/>-Aplikacje spiekania<br \/>-Techniczna produkcja ceramiczna<br \/>-Wybrze\u017ce CVD\/PVD<\/p>\n<\/p><\/div>\n<\/p><\/div>\n<\/p><\/div>\n<\/p><\/div>\n<\/p><\/div>\n<\/p><\/div>\n<div class=\"fl-col-group fl-node-65700215c76cd\" data-node=\"65700215c76cd\">\n<div class=\"fl-col fl-node-65700215c770a\" data-node=\"65700215c770a\" style=\"width: 100%;\">\n<div class=\"fl-col-content fl-node-content\">\n<div class=\"fl-module fl-module-gallery fl-node-65700215c7747\" data-animation-delay=\"0.0\" data-node=\"65700215c7747\">\n<div class=\"fl-module-content fl-node-content\">\n<div class=\"fl-mosaicflow\">\n<div class=\"fl-mosaicflow-content\">\n<div class=\"fl-mosaicflow-item\">\n<div class=\"fl-photo fl-photo-align-center\" itemscope=\"\" itemtype=\"http:\/\/schema.org\/ImageObject\">\n<div class=\"fl-photo-content fl-photo-img-jpg\"> <a href=\"\/pl\/uploads\/Soft-Felt-5.webp\/\" itemprop=\"url\" target=\"_self\"> <img decoding=\"async\" alt=\"Mi\u0119kki filc (5)\" class=\"fl-photo-img wp-image-2364\" itemprop=\"image\" src=\"\/wp-content\/uploads\/2025\/09\/90023093f967c7bc.webp\"> <\/a> <\/div>\n<\/p><\/div>\n<\/p><\/div>\n<div class=\"fl-mosaicflow-item\">\n<div class=\"fl-photo fl-photo-align-center\" itemscope=\"\" itemtype=\"http:\/\/schema.org\/ImageObject\">\n<div class=\"fl-photo-content fl-photo-img-jpg\"> <a href=\"\/pl\/uploads\/Soft-Felt-7.webp\/\" itemprop=\"url\" target=\"_self\"> <img decoding=\"async\" alt=\"Mi\u0119kki filc (7)\" class=\"fl-photo-img wp-image-2366\" itemprop=\"image\" src=\"\/wp-content\/uploads\/2025\/09\/4d2a0ce8de54e8af.webp\"> <\/a> <\/div>\n<\/p><\/div>\n<\/p><\/div>\n<div class=\"fl-mosaicflow-item\">\n<div class=\"fl-photo fl-photo-align-center\" itemscope=\"\" itemtype=\"http:\/\/schema.org\/ImageObject\">\n<div class=\"fl-photo-content fl-photo-img-jpg\"> <a href=\"\/pl\/uploads\/Soft-Felt-4.webp\/\" itemprop=\"url\" target=\"_self\"> <img decoding=\"async\" alt=\"Mi\u0119kki filc (4)\" class=\"fl-photo-img wp-image-2367\" itemprop=\"image\" src=\"\/wp-content\/uploads\/2025\/09\/778e08640f4e2401.webp\"> <\/a> <\/div>\n<\/p><\/div>\n<\/p><\/div>\n<\/p><\/div>\n<div class=\"fl-clear\"><\/div>\n<\/p><\/div>\n<\/p><\/div>\n<\/p><\/div>\n<\/p><\/div>\n<\/p><\/div>\n<\/p><\/div>\n<div class=\"fl-col-group fl-node-661776b24db34\" data-node=\"661776b24db34\">\n<div class=\"fl-col fl-node-661776b24dcf4\" data-node=\"661776b24dcf4\" style=\"width: 100%;\">\n<div class=\"fl-col-content fl-node-content\">\n<div class=\"fl-module fl-module-rich-text fl-node-661776b24d9df\" data-animation-delay=\"0.0\" data-node=\"661776b24d9df\">\n<div class=\"fl-module-content fl-node-content\">\n<div class=\"fl-rich-text\">\n<\/p><\/div>\n<\/p><\/div>\n<\/p><\/div>\n<\/p><\/div>\n<\/p><\/div>\n<\/p><\/div>\n<\/p><\/div>\n<\/p><\/div>\n<\/p><\/div>\n<\/div>","protected":false},"excerpt":{"rendered":"<p><?xml encoding=\"utf-8\" ?><\/p>\n<p>Semicera&nbsp;EnergyTechnology Co., Ltd.is a leading supplier specializing in wafer and advanced semiconductor consumables.We are dedicated to providing high-quality, reliable, and innovative products to semiconductor manufacturing,photovoltaic industryand other related fields.Our product line includes SiC\/TaC coated graphite products and ceramic products, encompassing various materials such as silicon carbide, silicon nitride, and aluminum oxide and etc.As a trusted supplier, we understand the importance of consumables in the manufacturing process, and we are committed to delivering products that meet the highest quality standards to fulfill our customers&rsquo; needs.<\/p>","protected":false},"featured_media":1175,"comment_status":"closed","ping_status":"open","template":"","meta":[],"product_brand":[],"product_cat":[29,43],"product_tag":[],"class_list":{"0":"post-2127","1":"product","2":"type-product","3":"status-publish","4":"has-post-thumbnail","6":"product_cat-carbon-fiber","7":"product_cat-soft-felt","9":"first","10":"instock","11":"product-type-simple"},"_links":{"self":[{"href":"https:\/\/www.cn-semiconductorparts.com\/pl\/wp-json\/wp\/v2\/product\/2127","targetHints":{"allow":["GET"]}}],"collection":[{"href":"https:\/\/www.cn-semiconductorparts.com\/pl\/wp-json\/wp\/v2\/product"}],"about":[{"href":"https:\/\/www.cn-semiconductorparts.com\/pl\/wp-json\/wp\/v2\/types\/product"}],"replies":[{"embeddable":true,"href":"https:\/\/www.cn-semiconductorparts.com\/pl\/wp-json\/wp\/v2\/comments?post=2127"}],"wp:featuredmedia":[{"embeddable":true,"href":"https:\/\/www.cn-semiconductorparts.com\/pl\/wp-json\/wp\/v2\/media\/1175"}],"wp:attachment":[{"href":"https:\/\/www.cn-semiconductorparts.com\/pl\/wp-json\/wp\/v2\/media?parent=2127"}],"wp:term":[{"taxonomy":"product_brand","embeddable":true,"href":"https:\/\/www.cn-semiconductorparts.com\/pl\/wp-json\/wp\/v2\/product_brand?post=2127"},{"taxonomy":"product_cat","embeddable":true,"href":"https:\/\/www.cn-semiconductorparts.com\/pl\/wp-json\/wp\/v2\/product_cat?post=2127"},{"taxonomy":"product_tag","embeddable":true,"href":"https:\/\/www.cn-semiconductorparts.com\/pl\/wp-json\/wp\/v2\/product_tag?post=2127"}],"curies":[{"name":"WP","href":"https:\/\/api.w.org\/{rel}","templated":true}]}}