{"id":2129,"date":"2025-09-11T05:32:53","date_gmt":"2025-09-11T05:32:53","guid":{"rendered":"https:\/\/weitai2.globaldeepsea.site\/product\/high-strength-and-high-temperature-thermal-field-carbon-fiber-composite-material-cfc\/"},"modified":"2026-04-29T15:28:53","modified_gmt":"2026-04-29T07:28:53","slug":"high-strength-and-high-temperature-thermal-field-carbon-fiber-composite-material-cfc","status":"publish","type":"product","link":"https:\/\/www.cn-semiconductorparts.com\/pl\/product\/high-strength-and-high-temperature-thermal-field-carbon-fiber-composite-material-cfc\/","title":{"rendered":"Wysoka wytrzyma\u0142o\u015b\u0107 i materia\u0142 kompozytowy z w\u0142\u00f3kna w\u0119glowego w wysokiej temperaturze (CFC)"},"content":{"rendered":"<p><?xml encoding=\"utf-8\" ?><\/p>\n<div class=\"fl-builder-content fl-builder-content-4223 fl-builder-content-primary fl-builder-global-templates-locked\" data-post-id=\"4223\">\n<div class=\"fl-row fl-row-full-width fl-row-bg-none fl-node-64feb32b1ea98\" data-node=\"64feb32b1ea98\">\n<div class=\"fl-row-content-wrap\">\n<div class=\"fl-row-content fl-row-full-width fl-node-content\">\n<div class=\"fl-col-group fl-node-64feb32b1ee1a\" data-node=\"64feb32b1ee1a\">\n<div class=\"fl-col fl-node-64feb32b1ee5d\" data-node=\"64feb32b1ee5d\" style=\"width: 100%;\">\n<div class=\"fl-col-content fl-node-content\">\n<div class=\"fl-module fl-module-rich-text fl-node-64feb32b1ec46\" data-animation-delay=\"0.0\" data-node=\"64feb32b1ec46\">\n<div class=\"fl-module-content fl-node-content\">\n<div class=\"fl-rich-text\">\n<p><b>Kompozyty w\u0119glowe w\u0119glowe:<\/b><\/p>\n<p data-section=\"0\">Carbon\/carbon composites are carbon matrix composites reinforced by carbon fibers and their fabrics. With low density (&amp;lt; 2.0g\/cm3), high strength, high specific modulus, high thermal conductivity, low coefficient of expansion, good friction performance, good thermal shock resistance, high dimensional stability, is now in the application of more than 1650&#8451;, the highest theoretical temperature up to 2600&#8451;, so it is considered to be one of the most promising high temperature materials.<\/p>\n<\/p><\/div>\n<\/p><\/div>\n<\/p><\/div>\n<\/p><\/div>\n<\/p><\/div>\n<\/p><\/div>\n<div class=\"fl-col-group fl-node-64feb32b1eaeb\" data-node=\"64feb32b1eaeb\">\n<div class=\"fl-col fl-node-64feb32b1eb30\" data-node=\"64feb32b1eb30\" style=\"width: 100%;\">\n<div class=\"fl-col-content fl-node-content\">\n<div class=\"fl-module fl-module-rich-text fl-node-64feb32b1eb76\" data-animation-delay=\"0.0\" data-node=\"64feb32b1eb76\">\n<div class=\"fl-module-content fl-node-content\">\n<div class=\"fl-rich-text\">\n<table border=\"0\" cellspacing=\"0\">\n<tbody>\n<tr>\n<td colspan=\"3\" valign=\"center\" width=\"615\">\n<p align=\"center\"><b>Dane techniczne kompozyt\u00f3w w\u0119glowych\/w\u0119glowych<\/b><\/p>\n<\/td>\n<td valign=\"center\" width=\"10\">\n<p>&nbsp;<\/p>\n<\/td>\n<\/tr>\n<tr>\n<td valign=\"center\" width=\"205\">\n<p>Indeks<\/p>\n<\/td>\n<td valign=\"center\" width=\"126\">\n<p align=\"center\">Jednostka<\/p>\n<\/td>\n<td valign=\"center\" width=\"283\">\n<p align=\"center\">Warto\u015b\u0107<\/p>\n<\/td>\n<td valign=\"center\" width=\"10\">\n<p>&nbsp;<\/p>\n<\/td>\n<\/tr>\n<tr>\n<td valign=\"center\" width=\"205\">\n<p>G\u0119sto\u015b\u0107 luzem<\/p>\n<\/td>\n<td valign=\"center\" width=\"126\">\n<p align=\"center\">g\/cm3<\/p>\n<\/td>\n<td valign=\"center\" width=\"283\">\n<p align=\"center\">1.40~1.50<\/p>\n<\/td>\n<td valign=\"center\" width=\"10\">\n<p>&nbsp;<\/p>\n<\/td>\n<\/tr>\n<tr>\n<td valign=\"center\" width=\"205\">\n<p>Zawarto\u015b\u0107 w\u0119gla<\/p>\n<\/td>\n<td valign=\"center\" width=\"126\">\n<p align=\"center\">%<\/p>\n<\/td>\n<td valign=\"center\" width=\"283\">\n<p align=\"center\">&ge;98.5~99.9<\/p>\n<\/td>\n<td valign=\"center\" width=\"10\">\n<p>&nbsp;<\/p>\n<\/td>\n<\/tr>\n<tr>\n<td valign=\"center\" width=\"205\">\n<p>Popi\u00f3\u0142<\/p>\n<\/td>\n<td valign=\"center\" width=\"126\">\n<p align=\"center\">Ppm<\/p>\n<\/td>\n<td valign=\"center\" width=\"283\">\n<p align=\"center\">&le;65<\/p>\n<\/td>\n<td valign=\"center\" width=\"10\">\n<p>&nbsp;<\/p>\n<\/td>\n<\/tr>\n<tr>\n<td valign=\"center\" width=\"205\">\n<p>Thermal conductivity (1150&#8451;)<\/p>\n<\/td>\n<td valign=\"center\" width=\"126\">\n<p align=\"center\">W\/mk<\/p>\n<\/td>\n<td valign=\"center\" width=\"283\">\n<p align=\"center\">10~30<\/p>\n<\/td>\n<td valign=\"center\" width=\"10\">\n<p>&nbsp;<\/p>\n<\/td>\n<\/tr>\n<tr>\n<td valign=\"center\" width=\"205\">\n<p>Wytrzyma\u0142o\u015b\u0107 na rozci\u0105ganie<\/p>\n<\/td>\n<td valign=\"center\" width=\"126\">\n<p align=\"center\">MPA<\/p>\n<\/td>\n<td valign=\"center\" width=\"283\">\n<p align=\"center\">90~130<\/p>\n<\/td>\n<td valign=\"center\" width=\"10\">\n<p>&nbsp;<\/p>\n<\/td>\n<\/tr>\n<tr>\n<td valign=\"center\" width=\"205\">\n<p>Si\u0142a zginania<\/p>\n<\/td>\n<td valign=\"center\" width=\"126\">\n<p align=\"center\">MPA<\/p>\n<\/td>\n<td valign=\"center\" width=\"283\">\n<p align=\"center\">100~150<\/p>\n<\/td>\n<td valign=\"center\" width=\"10\">\n<p>&nbsp;<\/p>\n<\/td>\n<\/tr>\n<tr>\n<td valign=\"center\" width=\"205\">\n<p>Si\u0142a \u015bciskaj\u0105ca<\/p>\n<\/td>\n<td valign=\"center\" width=\"126\">\n<p align=\"center\">MPA<\/p>\n<\/td>\n<td valign=\"center\" width=\"283\">\n<p align=\"center\">130~170<\/p>\n<\/td>\n<td valign=\"center\" width=\"10\">\n<p>&nbsp;<\/p>\n<\/td>\n<\/tr>\n<tr>\n<td valign=\"center\" width=\"205\">\n<p>Si\u0142a \u015bcinania<\/p>\n<\/td>\n<td valign=\"center\" width=\"126\">\n<p align=\"center\">MPA<\/p>\n<\/td>\n<td valign=\"center\" width=\"283\">\n<p align=\"center\">50~60<\/p>\n<\/td>\n<td valign=\"center\" width=\"10\">\n<p>&nbsp;<\/p>\n<\/td>\n<\/tr>\n<tr>\n<td valign=\"center\" width=\"205\">\n<p>Si\u0142a \u015bcinania interlaminarnego<\/p>\n<\/td>\n<td valign=\"center\" width=\"126\">\n<p align=\"center\">MPA<\/p>\n<\/td>\n<td valign=\"center\" width=\"283\">\n<p align=\"center\">&ge;13<\/p>\n<\/td>\n<td valign=\"center\" width=\"10\">\n<p>&nbsp;<\/p>\n<\/td>\n<\/tr>\n<tr>\n<td valign=\"center\" width=\"205\">\n<p>Rezystywno\u015b\u0107 elektryczna<\/p>\n<\/td>\n<td valign=\"center\" width=\"126\">\n<p align=\"center\">&Omega;.mm2\/m<\/p>\n<\/td>\n<td valign=\"center\" width=\"283\">\n<p align=\"center\">30~43<\/p>\n<\/td>\n<td valign=\"center\" width=\"10\">\n<p>&nbsp;<\/p>\n<\/td>\n<\/tr>\n<tr>\n<td valign=\"center\" width=\"205\">\n<p>Wsp\u00f3\u0142czynnik rozszerzalno\u015bci cieplnej<\/p>\n<\/td>\n<td valign=\"center\" width=\"126\">\n<p align=\"center\">106\/K<\/p>\n<\/td>\n<td valign=\"center\" width=\"283\">\n<p align=\"center\">0.3~1.2<\/p>\n<\/td>\n<td valign=\"center\" width=\"10\">\n<p>&nbsp;<\/p>\n<\/td>\n<\/tr>\n<tr>\n<td valign=\"center\" width=\"205\">\n<p>Temperatura przetwarzania<\/p>\n<\/td>\n<td valign=\"center\" width=\"126\">\n<p align=\"center\">&#8451;<\/p>\n<\/td>\n<td valign=\"center\" width=\"283\">\n<p align=\"center\">&ge;2400&#8451;<\/p>\n<\/td>\n<td valign=\"center\" width=\"10\">\n<p>&nbsp;<\/p>\n<\/td>\n<\/tr>\n<tr>\n<td colspan=\"3\" rowspan=\"2\" valign=\"center\" width=\"615\">\n<p>Jako\u015b\u0107 wojskowa, pe\u0142ne chemiczne osadzanie pary piec\u00f3w, importowane z w\u0142\u00f3kna w\u0119glowego Toray T700 Wst\u0119pnie tkane ig\u0142y 3D<br \/>Specyfikacje materia\u0142u: maksymalna \u015brednica zewn\u0119trzna 2000 mm, grubo\u015b\u0107 \u015bciany 8-25 mm, wysoko\u015b\u0107 1600 mm<\/p>\n<\/td>\n<td valign=\"center\">\n<p>&nbsp;<\/p>\n<\/td>\n<\/tr>\n<tr>\n<td valign=\"center\">&nbsp;<\/td>\n<\/tr>\n<\/tbody>\n<\/table><\/div>\n<\/p><\/div>\n<\/p><\/div>\n<\/p><\/div>\n<\/p><\/div>\n<\/p><\/div>\n<div class=\"fl-col-group fl-node-64feb32b1ec8b\" data-node=\"64feb32b1ec8b\">\n<div class=\"fl-col fl-node-64feb32b1ecd0 fl-col-small\" data-node=\"64feb32b1ecd0\" style=\"width: 50%;\">\n<div class=\"fl-col-content fl-node-content\">\n<div class=\"fl-module fl-module-rich-text fl-node-64feb32b1ebbe\" data-animation-delay=\"0.0\" data-node=\"64feb32b1ebbe\">\n<div class=\"fl-module-content fl-node-content\">\n<div class=\"fl-rich-text\">\n<p>Mo\u017ce by\u0107 szeroko stosowany w \u015brodowisku o wysokiej temperaturze r\u00f3\u017cnych struktury, grzejnika i naczynia. W por\u00f3wnaniu z tradycyjnymi materia\u0142ami in\u017cynierskimi kompozyt w\u0119glowy ma nast\u0119puj\u0105ce zalety:<\/p>\n<p>1) Wysoka si\u0142a<\/p>\n<p>2) High temperature up to 2000&#8451;<\/p>\n<p>3) Odporno\u015b\u0107 na wstrz\u0105sy termiczne<\/p>\n<p>4) niski wsp\u00f3\u0142czynnik rozszerzalno\u015bci cieplnej<\/p>\n<p>5) Ma\u0142a pojemno\u015b\u0107 termiczna<\/p>\n<p>6) Doskona\u0142a odporno\u015b\u0107 na korozj\u0119 i odporno\u015b\u0107 na promieniowanie<\/p>\n<\/p><\/div>\n<\/p><\/div>\n<\/p><\/div>\n<\/p><\/div>\n<\/p><\/div>\n<div class=\"fl-col fl-node-64feb32b1ed14 fl-col-small\" data-node=\"64feb32b1ed14\" style=\"width: 50%;\">\n<div class=\"fl-col-content fl-node-content\">\n<div class=\"fl-module fl-module-rich-text fl-node-64feb32b1ec03\" data-animation-delay=\"0.0\" data-node=\"64feb32b1ec03\">\n<div class=\"fl-module-content fl-node-content\">\n<div class=\"fl-rich-text\">\n<p><b>Aplikacja:<\/b><br \/>1. Aerospace. Z powodu materia\u0142u kompozytowego ma dobr\u0105 stabilno\u015b\u0107 termiczn\u0105, wysok\u0105 wytrzyma\u0142o\u015b\u0107 i sztywno\u015b\u0107. Mo\u017ce by\u0107 stosowany do produkcji hamulc\u00f3w samolot\u00f3w, skrzyd\u0142a i kad\u0142uba, anteny satelitarnej oraz struktury wsporczej, skrzyd\u0142a s\u0142onecznego i skorupy, du\u017cej skorupy rakietowej, skorupy silnika itp.<\/p>\n<p>2. Przemys\u0142 motoryzacyjny.<\/p>\n<p>3. Pole medyczne.<\/p>\n<p>4. Osadowanie ciep\u0142a<\/p>\n<p>5. Jednostka grzewcza<\/p>\n<p>6. Insulation Ray<\/p>\n<\/p><\/div>\n<\/p><\/div>\n<\/p><\/div>\n<\/p><\/div>\n<\/p><\/div>\n<\/p><\/div>\n<div class=\"fl-col-group fl-node-64feb32b1ed56\" data-node=\"64feb32b1ed56\">\n<div class=\"fl-col fl-node-64feb32b1ed98\" data-node=\"64feb32b1ed98\" style=\"width: 100%;\">\n<div class=\"fl-col-content fl-node-content\">\n<div class=\"fl-module fl-module-gallery fl-node-64feb32b1edd9\" data-animation-delay=\"0.0\" data-node=\"64feb32b1edd9\">\n<div class=\"fl-module-content fl-node-content\">\n<div class=\"fl-mosaicflow\">\n<div class=\"fl-mosaicflow-content\">\n<div class=\"fl-mosaicflow-item\">\n<div class=\"fl-photo fl-photo-align-center\" itemscope=\"\" itemtype=\"http:\/\/schema.org\/ImageObject\">\n<div class=\"fl-photo-content fl-photo-img-jpg\"> <a href=\"\/pl\/uploads\/Main-015.webp\/\" itemprop=\"url\" target=\"_self\"> <img decoding=\"async\" alt=\"Main-01\" class=\"fl-photo-img wp-image-2412\" itemprop=\"image\" src=\"\/wp-content\/uploads\/2025\/09\/8b5bc07db6f86acd.webp\"> <\/a> <\/div>\n<\/p><\/div>\n<\/p><\/div>\n<div class=\"fl-mosaicflow-item\">\n<div class=\"fl-photo fl-photo-align-center\" itemscope=\"\" itemtype=\"http:\/\/schema.org\/ImageObject\">\n<div class=\"fl-photo-content fl-photo-img-jpg\"> <a href=\"\/pl\/uploads\/Main-022.webp\/\" itemprop=\"url\" target=\"_self\"> <img decoding=\"async\" alt=\"Main-02\" class=\"fl-photo-img wp-image-2413\" itemprop=\"image\" src=\"\/wp-content\/uploads\/2025\/09\/b8f96da4b9f6f20b.webp\"> <\/a> <\/div>\n<\/p><\/div>\n<\/p><\/div>\n<div class=\"fl-mosaicflow-item\">\n<div class=\"fl-photo fl-photo-align-center\" itemscope=\"\" itemtype=\"http:\/\/schema.org\/ImageObject\">\n<div class=\"fl-photo-content fl-photo-img-jpg\"> <a href=\"\/pl\/uploads\/Main-033.webp\/\" itemprop=\"url\" target=\"_self\"> <img decoding=\"async\" alt=\"Main-03\" class=\"fl-photo-img wp-image-2414\" itemprop=\"image\" src=\"\/wp-content\/uploads\/2025\/09\/5e9d5ea14306a866.webp\"> <\/a> <\/div>\n<\/p><\/div>\n<\/p><\/div>\n<\/p><\/div>\n<div class=\"fl-clear\"><\/div>\n<\/p><\/div>\n<\/p><\/div>\n<\/p><\/div>\n<\/p><\/div>\n<\/p><\/div>\n<\/p><\/div>\n<div class=\"fl-col-group fl-node-661776de3e5a3\" data-node=\"661776de3e5a3\">\n<div class=\"fl-col fl-node-661776de3ebf3\" data-node=\"661776de3ebf3\" style=\"width: 100%;\">\n<div class=\"fl-col-content fl-node-content\">\n<div class=\"fl-module fl-module-rich-text fl-node-661776de3d467\" data-animation-delay=\"0.0\" data-node=\"661776de3d467\">\n<div class=\"fl-module-content fl-node-content\">\n<div class=\"fl-rich-text\">\n<\/p><\/div>\n<\/p><\/div>\n<\/p><\/div>\n<\/p><\/div>\n<\/p><\/div>\n<\/p><\/div>\n<\/p><\/div>\n<\/p><\/div>\n<\/p><\/div>\n<\/div>","protected":false},"excerpt":{"rendered":"<p><?xml encoding=\"utf-8\" ?><\/p>\n<p>Semicera EnergyTechnology Co., Ltd.is a leading supplier specializing in wafer and advanced semiconductor consumables.We are dedicated to providing high-quality, reliable, and innovative products to semiconductor manufacturing,photovoltaic industryand other related fields.Our product line includes SiC\/TaC coated graphite products and ceramic products, encompassing various materials such as silicon carbide, silicon nitride, and aluminum oxide and etc.As a trusted supplier, we understand the importance of consumables in the manufacturing process, and we are committed to delivering products that meet the highest quality standards to fulfill our customers&rsquo; needs.<\/p>","protected":false},"featured_media":556,"comment_status":"closed","ping_status":"open","template":"","meta":[],"product_brand":[],"product_cat":[38,29],"product_tag":[],"class_list":{"0":"post-2129","1":"product","2":"type-product","3":"status-publish","4":"has-post-thumbnail","6":"product_cat-c-c-composite-cfc","7":"product_cat-carbon-fiber","9":"first","10":"instock","11":"product-type-simple"},"_links":{"self":[{"href":"https:\/\/www.cn-semiconductorparts.com\/pl\/wp-json\/wp\/v2\/product\/2129","targetHints":{"allow":["GET"]}}],"collection":[{"href":"https:\/\/www.cn-semiconductorparts.com\/pl\/wp-json\/wp\/v2\/product"}],"about":[{"href":"https:\/\/www.cn-semiconductorparts.com\/pl\/wp-json\/wp\/v2\/types\/product"}],"replies":[{"embeddable":true,"href":"https:\/\/www.cn-semiconductorparts.com\/pl\/wp-json\/wp\/v2\/comments?post=2129"}],"wp:featuredmedia":[{"embeddable":true,"href":"https:\/\/www.cn-semiconductorparts.com\/pl\/wp-json\/wp\/v2\/media\/556"}],"wp:attachment":[{"href":"https:\/\/www.cn-semiconductorparts.com\/pl\/wp-json\/wp\/v2\/media?parent=2129"}],"wp:term":[{"taxonomy":"product_brand","embeddable":true,"href":"https:\/\/www.cn-semiconductorparts.com\/pl\/wp-json\/wp\/v2\/product_brand?post=2129"},{"taxonomy":"product_cat","embeddable":true,"href":"https:\/\/www.cn-semiconductorparts.com\/pl\/wp-json\/wp\/v2\/product_cat?post=2129"},{"taxonomy":"product_tag","embeddable":true,"href":"https:\/\/www.cn-semiconductorparts.com\/pl\/wp-json\/wp\/v2\/product_tag?post=2129"}],"curies":[{"name":"WP","href":"https:\/\/api.w.org\/{rel}","templated":true}]}}