{"id":2149,"date":"2025-09-11T05:32:59","date_gmt":"2025-09-11T05:32:59","guid":{"rendered":"https:\/\/weitai2.globaldeepsea.site\/product\/oem-odm-factory-kiln-furniture-silicon-carbide-beam-sic-tube-for-hollow-support\/"},"modified":"2026-04-29T15:28:45","modified_gmt":"2026-04-29T07:28:45","slug":"oem-odm-factory-kiln-furniture-silicon-carbide-beam-sic-tube-for-hollow-support","status":"publish","type":"product","link":"https:\/\/www.cn-semiconductorparts.com\/pl\/product\/oem-odm-factory-kiln-furniture-silicon-carbide-beam-sic-tube-for-hollow-support\/","title":{"rendered":"OEM\/ODM Factory Kiln Furniture Silicon Carbide Beam \/ Sic Tube for Hollow Support"},"content":{"rendered":"","protected":false},"excerpt":{"rendered":"<p>Rurka w\u0119gla krzemu ma wysok\u0105 wytrzyma\u0142o\u015b\u0107, wysok\u0105 twardo\u015b\u0107, dobr\u0105 odporno\u015b\u0107 na zu\u017cycie, odporno\u015b\u0107 na wysok\u0105 temperatur\u0119, odporno\u015b\u0107 na korozj\u0119, dobr\u0105 odporno\u015b\u0107 na ciep\u0142o i wstrz\u0105s, du\u017c\u0105 przewodno\u015b\u0107 ciepln\u0105 oraz dobr\u0105 odporno\u015b\u0107 na utlenianie oraz inne doskona\u0142e w\u0142a\u015bciwo\u015bci.<\/p>","protected":false},"featured_media":1231,"comment_status":"closed","ping_status":"open","template":"","meta":[],"product_brand":[],"product_cat":[15],"product_tag":[],"class_list":{"0":"post-2149","1":"product","2":"type-product","3":"status-publish","4":"has-post-thumbnail","6":"product_cat-uncategorized","8":"first","9":"instock","10":"product-type-simple"},"_links":{"self":[{"href":"https:\/\/www.cn-semiconductorparts.com\/pl\/wp-json\/wp\/v2\/product\/2149","targetHints":{"allow":["GET"]}}],"collection":[{"href":"https:\/\/www.cn-semiconductorparts.com\/pl\/wp-json\/wp\/v2\/product"}],"about":[{"href":"https:\/\/www.cn-semiconductorparts.com\/pl\/wp-json\/wp\/v2\/types\/product"}],"replies":[{"embeddable":true,"href":"https:\/\/www.cn-semiconductorparts.com\/pl\/wp-json\/wp\/v2\/comments?post=2149"}],"wp:featuredmedia":[{"embeddable":true,"href":"https:\/\/www.cn-semiconductorparts.com\/pl\/wp-json\/wp\/v2\/media\/1231"}],"wp:attachment":[{"href":"https:\/\/www.cn-semiconductorparts.com\/pl\/wp-json\/wp\/v2\/media?parent=2149"}],"wp:term":[{"taxonomy":"product_brand","embeddable":true,"href":"https:\/\/www.cn-semiconductorparts.com\/pl\/wp-json\/wp\/v2\/product_brand?post=2149"},{"taxonomy":"product_cat","embeddable":true,"href":"https:\/\/www.cn-semiconductorparts.com\/pl\/wp-json\/wp\/v2\/product_cat?post=2149"},{"taxonomy":"product_tag","embeddable":true,"href":"https:\/\/www.cn-semiconductorparts.com\/pl\/wp-json\/wp\/v2\/product_tag?post=2149"}],"curies":[{"name":"WP","href":"https:\/\/api.w.org\/{rel}","templated":true}]}}