{"id":2152,"date":"2025-09-11T05:33:06","date_gmt":"2025-09-11T05:33:06","guid":{"rendered":"https:\/\/weitai2.globaldeepsea.site\/product\/factory-for-sisic-radiation-tube-for-metallurgical-industrial-furnace\/"},"modified":"2026-04-29T15:28:31","modified_gmt":"2026-04-29T07:28:31","slug":"factory-for-sisic-radiation-tube-for-metallurgical-industrial-furnace","status":"publish","type":"product","link":"https:\/\/www.cn-semiconductorparts.com\/pl\/product\/factory-for-sisic-radiation-tube-for-metallurgical-industrial-furnace\/","title":{"rendered":"Factory For Sisic radiation tube for Metallurgical industrial furnace"},"content":{"rendered":"","protected":false},"excerpt":{"rendered":"<p>Weitai Energy Technology Co., Ltd. jest wiod\u0105cym dostawc\u0105 zaawansowanej ceramiki p\u00f3\u0142przewodnikowej i jedynym producentem w Chinach, kt\u00f3ry mo\u017ce jednocze\u015bnie zapewni\u0107 ceramik\u0119 w\u0119glika krzemu o wysokiej czysto\u015bci (zw\u0142aszcza w trakcie krystalizowanej SIC) i powlekania CVD SIC. Ponadto nasza firma jest r\u00f3wnie\u017c zaanga\u017cowana w dziedziny ceramiczne, takie jak glin\u0119, azotek aluminiowy, cyrkon i azotek krzemowy itp.<\/p>","protected":false},"featured_media":818,"comment_status":"closed","ping_status":"open","template":"","meta":[],"product_brand":[],"product_cat":[15],"product_tag":[],"class_list":{"0":"post-2152","1":"product","2":"type-product","3":"status-publish","4":"has-post-thumbnail","6":"product_cat-uncategorized","8":"first","9":"instock","10":"product-type-simple"},"_links":{"self":[{"href":"https:\/\/www.cn-semiconductorparts.com\/pl\/wp-json\/wp\/v2\/product\/2152","targetHints":{"allow":["GET"]}}],"collection":[{"href":"https:\/\/www.cn-semiconductorparts.com\/pl\/wp-json\/wp\/v2\/product"}],"about":[{"href":"https:\/\/www.cn-semiconductorparts.com\/pl\/wp-json\/wp\/v2\/types\/product"}],"replies":[{"embeddable":true,"href":"https:\/\/www.cn-semiconductorparts.com\/pl\/wp-json\/wp\/v2\/comments?post=2152"}],"wp:featuredmedia":[{"embeddable":true,"href":"https:\/\/www.cn-semiconductorparts.com\/pl\/wp-json\/wp\/v2\/media\/818"}],"wp:attachment":[{"href":"https:\/\/www.cn-semiconductorparts.com\/pl\/wp-json\/wp\/v2\/media?parent=2152"}],"wp:term":[{"taxonomy":"product_brand","embeddable":true,"href":"https:\/\/www.cn-semiconductorparts.com\/pl\/wp-json\/wp\/v2\/product_brand?post=2152"},{"taxonomy":"product_cat","embeddable":true,"href":"https:\/\/www.cn-semiconductorparts.com\/pl\/wp-json\/wp\/v2\/product_cat?post=2152"},{"taxonomy":"product_tag","embeddable":true,"href":"https:\/\/www.cn-semiconductorparts.com\/pl\/wp-json\/wp\/v2\/product_tag?post=2152"}],"curies":[{"name":"WP","href":"https:\/\/api.w.org\/{rel}","templated":true}]}}