{"id":2166,"date":"2025-09-11T05:33:06","date_gmt":"2025-09-11T05:33:06","guid":{"rendered":"https:\/\/weitai2.globaldeepsea.site\/product\/corrosion-resistant-silicon-carbide-ceramic-effector\/"},"modified":"2026-04-29T15:28:37","modified_gmt":"2026-04-29T07:28:37","slug":"corrosion-resistant-silicon-carbide-ceramic-effector","status":"publish","type":"product","link":"https:\/\/www.cn-semiconductorparts.com\/pl\/product\/corrosion-resistant-silicon-carbide-ceramic-effector\/","title":{"rendered":"Corrosion-resistant silicon carbide Ceramic effector"},"content":{"rendered":"<div class=\"fl-builder-content fl-builder-content-3910 fl-builder-content-primary fl-builder-global-templates-locked\" data-post-id=\"3910\">\n<div class=\"fl-row fl-row-full-width fl-row-bg-none fl-node-65531d858a8b9\" data-node=\"65531d858a8b9\">\n<div class=\"fl-row-content-wrap\">\n<div class=\"fl-row-content fl-row-full-width fl-node-content\">\n<div class=\"fl-col-group fl-node-65531d858aa95\" data-node=\"65531d858aa95\">\n<div class=\"fl-col fl-node-65531d858aad8\" data-node=\"65531d858aad8\" style=\"width: 100%;\">\n<div class=\"fl-col-content fl-node-content\">\n<div class=\"fl-module fl-module-photo fl-node-65531d858ab5f\" data-animation-delay=\"0.0\" data-node=\"65531d858ab5f\">\n<div class=\"fl-module-content fl-node-content\">\n<div class=\"fl-photo fl-photo-align-center\" itemscope=\"\" itemtype=\"http:\/\/schema.org\/ImageObject\">\n<div class=\"fl-photo-content fl-photo-img-png\"> <img decoding=\"async\" alt=\"12\" class=\"fl-photo-img wp-image-5126\" itemprop=\"image\" src=\"\/wp-content\/uploads\/2025\/09\/cbccbeaad20106b5.webp\"> <\/img><\/div>\n<\/p><\/div>\n<\/p><\/div>\n<\/p><\/div>\n<\/p><\/div>\n<\/p><\/div>\n<\/p><\/div>\n<div class=\"fl-col-group fl-node-65531d858aba3\" data-node=\"65531d858aba3\">\n<div class=\"fl-col fl-node-65531d858abe7\" data-node=\"65531d858abe7\" style=\"width: 100%;\">\n<div class=\"fl-col-content fl-node-content\">\n<div class=\"fl-module fl-module-rich-text fl-node-65531d858ac2a\" data-animation-delay=\"0.0\" data-node=\"65531d858ac2a\">\n<div class=\"fl-module-content fl-node-content\">\n<div class=\"fl-rich-text\">\n<p style=\"text-align: center;\">Charakterystyka i zalety<\/p>\n<p>1. Wymiary i stabilno\u015b\u0107 termiczna<\/p>\n<p>2. Wysoka sztywno\u015b\u0107 specyficzna i doskona\u0142a jednorodno\u015b\u0107 termiczna, d\u0142ugoterminowe u\u017cycie nie jest \u0142atwe do zginania deformacji;<\/p>\n<p>3. Ma g\u0142adk\u0105 powierzchni\u0119 i dobr\u0105 odporno\u015b\u0107 na zu\u017cycie, w ten spos\u00f3b bezpiecznie obs\u0142uguj\u0105c chip bez zanieczyszczenia cz\u0105stek.<\/p>\n<p>4. Oporno\u015b\u0107 na w\u0119glika Silicon w 106-108\u03a9, niemagnetyczna, zgodnie z wymaganiami dotycz\u0105cymi specyfikacji anty-ESD; Mo\u017ce zapobiec gromadzeniu si\u0119 elektryczno\u015bci statycznej na powierzchni uk\u0142adu<\/p>\n<p>5. Dobra przewodno\u015b\u0107 cieplna, niski wsp\u00f3\u0142czynnik rozszerzania.<\/p>\n<\/p><\/div>\n<\/p><\/div>\n<\/p><\/div>\n<\/p><\/div>\n<\/p><\/div>\n<\/p><\/div>\n<div class=\"fl-col-group fl-node-65531d858ac6e\" data-node=\"65531d858ac6e\">\n<div class=\"fl-col fl-node-65531d858ad39 fl-col-small\" data-node=\"65531d858ad39\" style=\"width: 50%;\">\n<div class=\"fl-col-content fl-node-content\">\n<div class=\"fl-module fl-module-photo fl-node-65531d858ab1c\" data-animation-delay=\"0.0\" data-node=\"65531d858ab1c\">\n<div class=\"fl-module-content fl-node-content\">\n<div class=\"fl-photo fl-photo-align-center\" itemscope=\"\" itemtype=\"http:\/\/schema.org\/ImageObject\">\n<div class=\"fl-photo-content fl-photo-img-png\"> <img decoding=\"async\" alt=\"Efektora ramion robota\" class=\"fl-photo-img wp-image-5121\" itemprop=\"image\" src=\"\/wp-content\/uploads\/2025\/09\/41c37c626d219401.webp\"> <\/img><\/div>\n<\/p><\/div>\n<\/p><\/div>\n<\/p><\/div>\n<\/p><\/div>\n<\/p><\/div>\n<div class=\"fl-col fl-node-65531d858acb1 fl-col-small\" data-node=\"65531d858acb1\" style=\"width: 50%;\">\n<div class=\"fl-col-content fl-node-content\">\n<div class=\"fl-module fl-module-photo fl-node-65531d858acf5\" data-animation-delay=\"0.0\" data-node=\"65531d858acf5\">\n<div class=\"fl-module-content fl-node-content\">\n<div class=\"fl-photo fl-photo-align-center\" itemscope=\"\" itemtype=\"http:\/\/schema.org\/ImageObject\">\n<div class=\"fl-photo-content fl-photo-img-png\"> <img decoding=\"async\" alt=\"SIC End Efftor\" class=\"fl-photo-img wp-image-5119\" itemprop=\"image\" src=\"\/wp-content\/uploads\/2025\/09\/7fbb185fd9c28a20.webp\"> <\/img><\/div>\n<\/p><\/div>\n<\/p><\/div>\n<\/p><\/div>\n<\/p><\/div>\n<\/p><\/div>\n<\/p><\/div>\n<div class=\"fl-col-group fl-node-65531d858aa0d\" data-node=\"65531d858aa0d\">\n<div class=\"fl-col fl-node-65531d858aa51\" data-node=\"65531d858aa51\" style=\"width: 100%;\">\n<div class=\"fl-col-content fl-node-content\">\n<div class=\"fl-module fl-module-photo fl-node-65531d858a900\" data-animation-delay=\"0.0\" data-node=\"65531d858a900\">\n<div class=\"fl-module-content fl-node-content\">\n<div class=\"fl-photo fl-photo-align-center\" itemscope=\"\" itemtype=\"http:\/\/schema.org\/ImageObject\">\n<div class=\"fl-photo-content fl-photo-img-png\"> <img decoding=\"async\" alt=\"Por\u00f3wnanie materia\u0142\u00f3w ceramicznych SIC\" class=\"fl-photo-img wp-image-2082\" itemprop=\"image\" src=\"\/wp-content\/uploads\/2025\/09\/56525b05fddbd22a.webp\"> <\/img><\/div>\n<\/p><\/div>\n<\/p><\/div>\n<\/p><\/div>\n<\/p><\/div>\n<\/p><\/div>\n<\/p><\/div>\n<div class=\"fl-col-group fl-node-65531d858a943\" data-node=\"65531d858a943\">\n<div class=\"fl-col fl-node-65531d858a987\" data-node=\"65531d858a987\" style=\"width: 100%;\">\n<div class=\"fl-col-content fl-node-content\">\n<div class=\"fl-module fl-module-photo fl-node-65531d858a9c9\" data-animation-delay=\"0.0\" data-node=\"65531d858a9c9\">\n<div class=\"fl-module-content fl-node-content\">\n<div class=\"fl-photo fl-photo-align-center\" itemscope=\"\" itemtype=\"http:\/\/schema.org\/ImageObject\">\n<div class=\"fl-photo-content fl-photo-img-png\"> <img decoding=\"async\" alt=\"Adfvzcvxcd\" class=\"fl-photo-img wp-image-1732\" itemprop=\"image\" src=\"\/wp-content\/uploads\/2025\/09\/b2c38ce1672f5a38.webp\"> <\/img><\/div>\n<\/p><\/div>\n<\/p><\/div>\n<\/p><\/div>\n<\/p><\/div>\n<\/p><\/div>\n<\/p><\/div>\n<\/p><\/div>\n<\/p><\/div>\n<\/p><\/div>\n<\/div>","protected":false},"excerpt":{"rendered":"<p>Weitai Energy Technology Co., Ltd. jest wiod\u0105cym dostawc\u0105 specjalizuj\u0105cym si\u0119 w op\u0142atach i zaawansowanych na p\u00f3\u0142przewodnikach. Tlenek aluminiowy itp. Jako zaufany dostawca rozumiemy znaczenie materia\u0142\u00f3w eksploatacyjnych w procesie produkcyjnym i jeste\u015bmy zaanga\u017cowani w dostarczanie produkt\u00f3w spe\u0142niaj\u0105cych najwy\u017csze standardy jako\u015bci w celu zaspokojenia potrzeb naszych klient\u00f3w.<\/p>","protected":false},"featured_media":1237,"comment_status":"closed","ping_status":"open","template":"","meta":[],"product_brand":[],"product_cat":[59,24],"product_tag":[],"class_list":{"0":"post-2166","1":"product","2":"type-product","3":"status-publish","4":"has-post-thumbnail","6":"product_cat-sic-robotic-arm","7":"product_cat-silicon-carbide-ceramic","9":"first","10":"instock","11":"product-type-simple"},"_links":{"self":[{"href":"https:\/\/www.cn-semiconductorparts.com\/pl\/wp-json\/wp\/v2\/product\/2166","targetHints":{"allow":["GET"]}}],"collection":[{"href":"https:\/\/www.cn-semiconductorparts.com\/pl\/wp-json\/wp\/v2\/product"}],"about":[{"href":"https:\/\/www.cn-semiconductorparts.com\/pl\/wp-json\/wp\/v2\/types\/product"}],"replies":[{"embeddable":true,"href":"https:\/\/www.cn-semiconductorparts.com\/pl\/wp-json\/wp\/v2\/comments?post=2166"}],"wp:featuredmedia":[{"embeddable":true,"href":"https:\/\/www.cn-semiconductorparts.com\/pl\/wp-json\/wp\/v2\/media\/1237"}],"wp:attachment":[{"href":"https:\/\/www.cn-semiconductorparts.com\/pl\/wp-json\/wp\/v2\/media?parent=2166"}],"wp:term":[{"taxonomy":"product_brand","embeddable":true,"href":"https:\/\/www.cn-semiconductorparts.com\/pl\/wp-json\/wp\/v2\/product_brand?post=2166"},{"taxonomy":"product_cat","embeddable":true,"href":"https:\/\/www.cn-semiconductorparts.com\/pl\/wp-json\/wp\/v2\/product_cat?post=2166"},{"taxonomy":"product_tag","embeddable":true,"href":"https:\/\/www.cn-semiconductorparts.com\/pl\/wp-json\/wp\/v2\/product_tag?post=2166"}],"curies":[{"name":"WP","href":"https:\/\/api.w.org\/{rel}","templated":true}]}}