{"id":2170,"date":"2025-09-11T05:33:13","date_gmt":"2025-09-11T05:33:13","guid":{"rendered":"https:\/\/weitai2.globaldeepsea.site\/product\/long-life-sic-coated-graphite-heater-for-mocvd-k465i-graphite-heater-for-epitaxy\/"},"modified":"2026-04-29T15:28:22","modified_gmt":"2026-04-29T07:28:22","slug":"long-life-sic-coated-graphite-heater-for-mocvd-k465i-graphite-heater-for-epitaxy","status":"publish","type":"product","link":"https:\/\/www.cn-semiconductorparts.com\/pl\/product\/long-life-sic-coated-graphite-heater-for-mocvd-k465i-graphite-heater-for-epitaxy\/","title":{"rendered":"Grze\u017anik graficzny powlekany d\u0142ugoterminowo SIC dla MOCVD K465I, grzejnik grafitu do epitaksji"},"content":{"rendered":"<div class=\"fl-builder-content fl-builder-content-1488 fl-builder-content-primary fl-builder-global-templates-locked\" data-post-id=\"1488\">\n<div class=\"fl-row fl-row-full-width fl-row-bg-none fl-node-647d905a58d38\" data-node=\"647d905a58d38\">\n<div class=\"fl-row-content-wrap\">\n<div class=\"fl-row-content fl-row-full-width fl-node-content\">\n<div class=\"fl-col-group fl-node-647d905a590c5\" data-node=\"647d905a590c5\">\n<div class=\"fl-col fl-node-647d905a59105\" data-node=\"647d905a59105\" style=\"width: 100%;\">\n<div class=\"fl-col-content fl-node-content\">\n<div class=\"fl-module fl-module-heading fl-node-647d905a59142 pro_tit\" data-animation-delay=\"0.0\" data-node=\"647d905a59142\">\n<div class=\"fl-module-content fl-node-content\">\n<h3 class=\"fl-heading\"> <span class=\"fl-heading-text\">Opis<\/span> <\/h3>\n<\/p><\/div>\n<\/p><\/div>\n<\/p><\/div>\n<\/p><\/div>\n<\/p><\/div>\n<div class=\"fl-col-group fl-node-647d905a59237\" data-node=\"647d905a59237\">\n<div class=\"fl-col fl-node-647d905a59275\" data-node=\"647d905a59275\" style=\"width: 100%;\">\n<div class=\"fl-col-content fl-node-content\">\n<div class=\"fl-module fl-module-rich-text fl-node-647d905a592b2\" data-animation-delay=\"0.0\" data-node=\"647d905a592b2\">\n<div class=\"fl-module-content fl-node-content\">\n<div class=\"fl-rich-text\">\n<p>The graphite heater components are used in the high temperature furnace with temperature reached 2200 degrees at vacuum environment and 3000 degrees in the deoxidized and inserted gas environment.<\/p>\n<\/p><\/div>\n<\/p><\/div>\n<\/p><\/div>\n<\/p><\/div>\n<\/p><\/div>\n<\/p><\/div>\n<div class=\"fl-col-group fl-node-647d93083add8\" data-node=\"647d93083add8\">\n<div class=\"fl-col fl-node-647d93083af70 fl-col-small\" data-node=\"647d93083af70\" style=\"width: 33.33%;\">\n<div class=\"fl-col-content fl-node-content\">\n<div class=\"fl-module fl-module-rich-text fl-node-647d931917804\" data-animation-delay=\"0.0\" data-node=\"647d931917804\">\n<div class=\"fl-module-content fl-node-content\">\n<div class=\"fl-rich-text\">\n<p><img decoding=\"async\" alt=\"-59f6c6926c9c7404\" src=\"\/wp-content\/uploads\/2025\/09\/a035c166f1bc06b3.webp\"\/><\/p>\n<\/p><\/div>\n<\/p><\/div>\n<\/p><\/div>\n<\/p><\/div>\n<\/p><\/div>\n<div class=\"fl-col fl-node-647d931c128ca fl-col-small\" data-node=\"647d931c128ca\" style=\"width: 33.33%;\">\n<div class=\"fl-col-content fl-node-content\">\n<div class=\"fl-module fl-module-rich-text fl-node-648fbe4fd9eea\" data-animation-delay=\"0.0\" data-node=\"648fbe4fd9eea\">\n<div class=\"fl-module-content fl-node-content\">\n<div class=\"fl-rich-text\">\n<p><img decoding=\"async\" alt=\"ZSDFV\" src=\"\/wp-content\/uploads\/2025\/09\/3c93628d7aa73f78.webp\"\/><\/p>\n<\/p><\/div>\n<\/p><\/div>\n<\/p><\/div>\n<\/p><\/div>\n<\/p><\/div>\n<div class=\"fl-col fl-node-648fbe52070f6 fl-col-small\" data-node=\"648fbe52070f6\" style=\"width: 33.33%;\">\n<div class=\"fl-col-content fl-node-content\">\n<div class=\"fl-module fl-module-rich-text fl-node-647d93083ac99\" data-animation-delay=\"0.0\" data-node=\"647d93083ac99\">\n<div class=\"fl-module-content fl-node-content\">\n<div class=\"fl-rich-text\">\n<p><img decoding=\"async\" alt=\"mmexport1569060455717\" src=\"\/wp-content\/uploads\/2025\/09\/a37aef27ee142dbb.webp\"> <\/img><\/p>\n<\/p><\/div>\n<\/p><\/div>\n<\/p><\/div>\n<\/p><\/div>\n<\/p><\/div>\n<\/p><\/div>\n<\/p><\/div>\n<\/p><\/div>\n<\/p><\/div>\n<div class=\"fl-row fl-row-full-width fl-row-bg-none fl-node-648fba461e867\" data-node=\"648fba461e867\">\n<div class=\"fl-row-content-wrap\">\n<div class=\"fl-row-content fl-row-full-width fl-node-content\">\n<div class=\"fl-col-group fl-node-648fba461ec36\" data-node=\"648fba461ec36\">\n<div class=\"fl-col fl-node-648fba461ec75\" data-node=\"648fba461ec75\" style=\"width: 100%;\">\n<div class=\"fl-col-content fl-node-content\">\n<div class=\"fl-module fl-module-heading fl-node-648fba461ecb2 pro_tit\" data-animation-delay=\"0.0\" data-node=\"648fba461ecb2\">\n<div class=\"fl-module-content fl-node-content\">\n<h3 class=\"fl-heading\"> <span class=\"fl-heading-text\">Main Features<\/span> <\/h3>\n<\/p><\/div>\n<\/p><\/div>\n<\/p><\/div>\n<\/p><\/div>\n<\/p><\/div>\n<div class=\"fl-col-group fl-node-648fba461ecf0\" data-node=\"648fba461ecf0\">\n<div class=\"fl-col fl-node-648fba461ed2e\" data-node=\"648fba461ed2e\" style=\"width: 100%;\">\n<div class=\"fl-col-content fl-node-content\">\n<div class=\"fl-module fl-module-rich-text fl-node-648fba461ed6b\" data-animation-delay=\"0.0\" data-node=\"648fba461ed6b\">\n<div class=\"fl-module-content fl-node-content\">\n<div class=\"fl-rich-text\">\n<p>1. Jedno\u015bciowo\u015b\u0107 struktury grzewczej.<br \/> 2. Dobra przewodno\u015b\u0107 elektryczna i wysokie obci\u0105\u017cenie elektryczne.<br \/> 3. Odporno\u015b\u0107 na korozj\u0119.<br \/> 4. Niedok\u0142adno\u015b\u0107.<br \/> 5. Wysoka czysto\u015b\u0107 chemiczna.<br \/> 6. Wysoka wytrzyma\u0142o\u015b\u0107 mechaniczna.<br \/> Zalet\u0105 jest energooszcz\u0119dno\u015b\u0107, wysoka warto\u015b\u0107 i niska konserwacja.<br \/> Mo\u017cemy wytwarza\u0107 przeciwutlenienie i d\u0142ug\u0105 \u017cywotno\u015b\u0107 tygla grafitow\u0105, form\u0119 grafitow\u0105 i wszystkie cz\u0119\u015bci grzejnika grafitu.<\/p>\n<\/p><\/div>\n<\/p><\/div>\n<\/p><\/div>\n<\/p><\/div>\n<\/p><\/div>\n<\/p><\/div>\n<div class=\"fl-col-group fl-node-648fbf0852620\" data-node=\"648fbf0852620\">\n<div class=\"fl-col fl-node-648fbf08528a5 fl-col-small\" data-node=\"648fbf08528a5\" style=\"width: 33.33%;\">\n<div class=\"fl-col-content fl-node-content\">\n<div class=\"fl-module fl-module-rich-text fl-node-648fbf114b787\" data-animation-delay=\"0.0\" data-node=\"648fbf114b787\">\n<div class=\"fl-module-content fl-node-content\">\n<div class=\"fl-rich-text\">\n<p><img decoding=\"async\" alt=\"XDFvSDc\" src=\"\/wp-content\/uploads\/2025\/09\/697b8d85922df264.webp\"\/><\/p>\n<\/p><\/div>\n<\/p><\/div>\n<\/p><\/div>\n<\/p><\/div>\n<\/p><\/div>\n<div class=\"fl-col fl-node-648fbf08528e8 fl-col-small\" data-node=\"648fbf08528e8\" style=\"width: 33.33%;\">\n<div class=\"fl-col-content fl-node-content\">\n<div class=\"fl-module fl-module-rich-text fl-node-648fbf18d491c\" data-animation-delay=\"0.0\" data-node=\"648fbf18d491c\">\n<div class=\"fl-module-content fl-node-content\">\n<div class=\"fl-rich-text\">\n<p> <img decoding=\"async\" alt=\"xvghxvgbn\" src=\"\/wp-content\/uploads\/2025\/09\/1fe7e1709cf12c6c.webp\"> <\/img><\/p>\n<\/p><\/div>\n<\/p><\/div>\n<\/p><\/div>\n<\/p><\/div>\n<\/p><\/div>\n<div class=\"fl-col fl-node-648fbf0852928 fl-col-small\" data-node=\"648fbf0852928\" style=\"width: 33.33%;\">\n<div class=\"fl-col-content fl-node-content\">\n<div class=\"fl-module fl-module-rich-text fl-node-648fbf0a7f4e6\" data-animation-delay=\"0.0\" data-node=\"648fbf0a7f4e6\">\n<div class=\"fl-module-content fl-node-content\">\n<div class=\"fl-rich-text\">\n<p><img decoding=\"async\" alt=\"zdfzdbv\" src=\"\/wp-content\/uploads\/2025\/09\/739e940a139c3613.webp\"> <\/img><\/p>\n<\/p><\/div>\n<\/p><\/div>\n<\/p><\/div>\n<\/p><\/div>\n<\/p><\/div>\n<\/p><\/div>\n<\/p><\/div>\n<\/p><\/div>\n<\/p><\/div>\n<div class=\"fl-row fl-row-full-width fl-row-bg-none fl-node-648fb4d3e9930\" data-node=\"648fb4d3e9930\">\n<div class=\"fl-row-content-wrap\">\n<div class=\"fl-row-content fl-row-full-width fl-node-content\">\n<div class=\"fl-col-group fl-node-648fb4d3e9c52\" data-node=\"648fb4d3e9c52\">\n<div class=\"fl-col fl-node-648fb4d3e9c91\" data-node=\"648fb4d3e9c91\" style=\"width: 100%;\">\n<div class=\"fl-col-content fl-node-content\">\n<div class=\"fl-module fl-module-heading fl-node-648fb4d3e9cce pro_tit\" data-animation-delay=\"0.0\" data-node=\"648fb4d3e9cce\">\n<div class=\"fl-module-content fl-node-content\">\n<h3 class=\"fl-heading\"> <span class=\"fl-heading-text\">G\u0142\u00f3wne parametry grzejnika grafitu<\/span> <\/h3>\n<\/p><\/div>\n<\/p><\/div>\n<\/p><\/div>\n<\/p><\/div>\n<\/p><\/div>\n<div class=\"fl-col-group fl-node-648fb4d3e9d0c\" data-node=\"648fb4d3e9d0c\">\n<div class=\"fl-col fl-node-648fb4d3e9d4b\" data-node=\"648fb4d3e9d4b\" style=\"width: 100%;\">\n<div class=\"fl-col-content fl-node-content\">\n<div class=\"fl-module fl-module-rich-text fl-node-648fb4d3e9d89\" data-animation-delay=\"0.0\" data-node=\"648fb4d3e9d89\">\n<div class=\"fl-module-content fl-node-content\">\n<div class=\"fl-rich-text\">\n<table border=\"1\" cellspacing=\"0\">\n<tbody>\n<tr>\n<td valign=\"center\" width=\"319\">Specyfikacja techniczna<\/td>\n<td valign=\"center\" width=\"225\">\n<p align=\"center\">VET-M3<\/p>\n<\/td>\n<\/tr>\n<tr>\n<td valign=\"center\">G\u0119sto\u015b\u0107 luzem (g\/cm3)<\/td>\n<td valign=\"center\">\n<p align=\"center\">\u22651.85<\/p>\n<\/td>\n<\/tr>\n<tr>\n<td valign=\"center\">Tre\u015b\u0107 popio\u0142u (PPM)<\/td>\n<td valign=\"center\">\n<p align=\"center\">\u2264500<\/p>\n<\/td>\n<\/tr>\n<tr>\n<td valign=\"center\">Twardo\u015b\u0107 brzegu<\/td>\n<td valign=\"center\">\n<p align=\"center\">\u226545<\/p>\n<\/td>\n<\/tr>\n<tr>\n<td valign=\"center\">Oporno\u015b\u0107 specyficzna (\u03bc.\u03c9.m)<\/td>\n<td valign=\"center\">\n<p align=\"center\">\u226412<\/p>\n<\/td>\n<\/tr>\n<tr>\n<td valign=\"center\">Si\u0142a zginania (MPA)<\/td>\n<td valign=\"center\">\n<p align=\"center\">\u226540<\/p>\n<\/td>\n<\/tr>\n<tr>\n<td valign=\"center\">Wytrzyma\u0142o\u015b\u0107 na \u015bciskanie (MPA)<\/td>\n<td valign=\"center\">\n<p align=\"center\">\u226570<\/p>\n<\/td>\n<\/tr>\n<tr>\n<td valign=\"center\">Max. Wielko\u015b\u0107 ziarna (\u03bcm)<\/td>\n<td valign=\"center\">\n<p align=\"center\">\u226443<\/p>\n<\/td>\n<\/tr>\n<tr>\n<td valign=\"center\">Wsp\u00f3\u0142czynnik rozszerzalno\u015bci cieplnej mm\/\u00b0 C<\/td>\n<td valign=\"center\">\n<p align=\"center\">\u22644.4*10-6<\/p>\n<\/td>\n<\/tr>\n<\/tbody>\n<\/table>\n<p>Grze\u017anik grafitu do pieca elektrycznego ma w\u0142a\u015bciwo\u015bci odporno\u015bci na ciep\u0142o, odporno\u015b\u0107 na utlenianie, dobr\u0105 przewodno\u015b\u0107 elektryczn\u0105 i lepsz\u0105 intensywno\u015b\u0107 mechaniczn\u0105. Mo\u017cemy pomie\u015bci\u0107 r\u00f3\u017cne rodzaje grzejnika grafitu zgodnie z projektami klient\u00f3w.<\/p>\n<\/p><\/div>\n<\/p><\/div>\n<\/p><\/div>\n<\/p><\/div>\n<\/p><\/div>\n<\/p><\/div>\n<div class=\"fl-col-group fl-node-66175522781b8\" data-node=\"66175522781b8\">\n<div class=\"fl-col fl-node-661755227835d\" data-node=\"661755227835d\" style=\"width: 100%;\">\n<div class=\"fl-col-content fl-node-content\">\n<div class=\"fl-module fl-module-photo fl-node-6617552278068\" data-animation-delay=\"0.0\" data-node=\"6617552278068\">\n<div class=\"fl-module-content fl-node-content\">\n<div class=\"fl-photo fl-photo-align-center\" itemscope=\"\" itemtype=\"http:\/\/schema.org\/ImageObject\">\n<div class=\"fl-photo-content fl-photo-img-jpg\"> <img decoding=\"async\" alt=\"Miejsce pracy p\u00f3\u0142cesy\" class=\"fl-photo-img wp-image-7286\" itemprop=\"image\" src=\"\/wp-content\/uploads\/2025\/09\/b1dd0bcab1675ff4.webp\"> <\/img><\/div>\n<\/p><\/div>\n<\/p><\/div>\n<\/p><\/div>\n<div class=\"fl-module fl-module-photo fl-node-6617552dad174\" data-animation-delay=\"0.0\" data-node=\"6617552dad174\">\n<div class=\"fl-module-content fl-node-content\">\n<div class=\"fl-photo fl-photo-align-center\" itemscope=\"\" itemtype=\"http:\/\/schema.org\/ImageObject\">\n<div class=\"fl-photo-content fl-photo-img-jpg\"> <img decoding=\"async\" alt=\"P\u00f3\u0142cera robocza miejsce 2\" class=\"fl-photo-img wp-image-7287\" itemprop=\"image\" src=\"\/wp-content\/uploads\/2025\/09\/2b946d2b4b61306d.webp\"> <\/img><\/div>\n<\/p><\/div>\n<\/p><\/div>\n<\/p><\/div>\n<div class=\"fl-module fl-module-photo fl-node-6617552ce5514\" data-animation-delay=\"0.0\" data-node=\"6617552ce5514\">\n<div class=\"fl-module-content fl-node-content\">\n<div class=\"fl-photo fl-photo-align-center\" itemscope=\"\" itemtype=\"http:\/\/schema.org\/ImageObject\">\n<div class=\"fl-photo-content fl-photo-img-jpg\"> <img decoding=\"async\" alt=\"Maszyna sprz\u0119tu\" class=\"fl-photo-img wp-image-7288\" itemprop=\"image\" src=\"\/wp-content\/uploads\/2025\/09\/081b6529d68ead23.webp\"\/> <\/div>\n<\/p><\/div>\n<\/p><\/div>\n<\/p><\/div>\n<div class=\"fl-module fl-module-photo fl-node-6617552c0fd91\" data-animation-delay=\"0.0\" data-node=\"6617552c0fd91\">\n<div class=\"fl-module-content fl-node-content\">\n<div class=\"fl-photo fl-photo-align-center\" itemscope=\"\" itemtype=\"http:\/\/schema.org\/ImageObject\">\n<div class=\"fl-photo-content fl-photo-img-jpg\"> <img decoding=\"async\" alt=\"Przetwarzanie CNN, czyszczenie chemiczne, pow\u0142oka CVD\" class=\"fl-photo-img wp-image-7289\" itemprop=\"image\" src=\"\/wp-content\/uploads\/2025\/09\/a4132b2b399abbac.webp\"\/> <\/div>\n<\/p><\/div>\n<\/p><\/div>\n<\/p><\/div>\n<div class=\"fl-module fl-module-photo fl-node-6617552b21394\" data-animation-delay=\"0.0\" data-node=\"6617552b21394\">\n<div class=\"fl-module-content fl-node-content\">\n<div class=\"fl-photo fl-photo-align-center\" itemscope=\"\" itemtype=\"http:\/\/schema.org\/ImageObject\">\n<div class=\"fl-photo-content fl-photo-img-jpg\"> <img decoding=\"async\" alt=\"Semicera Ware House\" class=\"fl-photo-img wp-image-7140\" itemprop=\"image\" src=\"\/wp-content\/uploads\/2025\/09\/2190bb9ce5c1d546.webp\"\/> <\/div>\n<\/p><\/div>\n<\/p><\/div>\n<\/p><\/div>\n<div class=\"fl-module fl-module-photo fl-node-66260f65adb81\" data-animation-delay=\"0.0\" data-node=\"66260f65adb81\">\n<div class=\"fl-module-content fl-node-content\">\n<div class=\"fl-photo fl-photo-align-center\" itemscope=\"\" itemtype=\"http:\/\/schema.org\/ImageObject\">\n<div class=\"fl-photo-content fl-photo-img-jpg\"> <img decoding=\"async\" alt=\"Nasza us\u0142uga\" class=\"fl-photo-img wp-image-7290\" itemprop=\"image\" src=\"\/wp-content\/uploads\/2025\/09\/b07f222c0ec0ab8d.webp\"\/> <\/div>\n<\/p><\/div>\n<\/p><\/div>\n<\/p><\/div>\n<\/p><\/div>\n<\/p><\/div>\n<\/p><\/div>\n<\/p><\/div>\n<\/p><\/div>\n<\/p><\/div>\n<\/div>","protected":false},"excerpt":{"rendered":"<p>The graphite heater components are used in the high temperature furnace with temperature reached 2200 degrees at vacuum environment and 3000 degrees in the deoxidized and inserted gas environment.<\/p>","protected":false},"featured_media":483,"comment_status":"closed","ping_status":"open","template":"","meta":[],"product_brand":[],"product_cat":[16,66],"product_tag":[],"class_list":{"0":"post-2170","1":"product","2":"type-product","3":"status-publish","4":"has-post-thumbnail","6":"product_cat-cvd-sic","7":"product_cat-etching-process-parts","9":"first","10":"instock","11":"product-type-simple"},"_links":{"self":[{"href":"https:\/\/www.cn-semiconductorparts.com\/pl\/wp-json\/wp\/v2\/product\/2170","targetHints":{"allow":["GET"]}}],"collection":[{"href":"https:\/\/www.cn-semiconductorparts.com\/pl\/wp-json\/wp\/v2\/product"}],"about":[{"href":"https:\/\/www.cn-semiconductorparts.com\/pl\/wp-json\/wp\/v2\/types\/product"}],"replies":[{"embeddable":true,"href":"https:\/\/www.cn-semiconductorparts.com\/pl\/wp-json\/wp\/v2\/comments?post=2170"}],"wp:featuredmedia":[{"embeddable":true,"href":"https:\/\/www.cn-semiconductorparts.com\/pl\/wp-json\/wp\/v2\/media\/483"}],"wp:attachment":[{"href":"https:\/\/www.cn-semiconductorparts.com\/pl\/wp-json\/wp\/v2\/media?parent=2170"}],"wp:term":[{"taxonomy":"product_brand","embeddable":true,"href":"https:\/\/www.cn-semiconductorparts.com\/pl\/wp-json\/wp\/v2\/product_brand?post=2170"},{"taxonomy":"product_cat","embeddable":true,"href":"https:\/\/www.cn-semiconductorparts.com\/pl\/wp-json\/wp\/v2\/product_cat?post=2170"},{"taxonomy":"product_tag","embeddable":true,"href":"https:\/\/www.cn-semiconductorparts.com\/pl\/wp-json\/wp\/v2\/product_tag?post=2170"}],"curies":[{"name":"WP","href":"https:\/\/api.w.org\/{rel}","templated":true}]}}