{"id":2173,"date":"2025-09-11T05:33:13","date_gmt":"2025-09-11T05:33:13","guid":{"rendered":"https:\/\/weitai2.globaldeepsea.site\/product\/high-temperature-and-corrosion-resistant-led-silicon-carbide-etching-tray-icp-etching-tray\/"},"modified":"2026-04-29T15:28:23","modified_gmt":"2026-04-29T07:28:23","slug":"high-temperature-and-corrosion-resistant-led-silicon-carbide-etching-tray-icp-etching-tray","status":"publish","type":"product","link":"https:\/\/www.cn-semiconductorparts.com\/pl\/product\/high-temperature-and-corrosion-resistant-led-silicon-carbide-etching-tray-icp-etching-tray\/","title":{"rendered":"High temperature and corrosion resistant LED Silicon Carbide etching tray (ICP etching tray)"},"content":{"rendered":"<div class=\"fl-builder-content fl-builder-content-3874 fl-builder-content-primary fl-builder-global-templates-locked\" data-post-id=\"3874\">\n<div class=\"fl-row fl-row-full-width fl-row-bg-none fl-node-64effbd97673b\" data-node=\"64effbd97673b\">\n<div class=\"fl-row-content-wrap\">\n<div class=\"fl-row-content fl-row-full-width fl-node-content\">\n<div class=\"fl-col-group fl-node-64effbd97677b\" data-node=\"64effbd97677b\">\n<div class=\"fl-col fl-node-64effbd9767b9\" data-node=\"64effbd9767b9\" style=\"width: 100%;\">\n<div class=\"fl-col-content fl-node-content\">\n<div class=\"fl-module fl-module-rich-text fl-node-64effbd9767f6\" data-animation-delay=\"0.0\" data-node=\"64effbd9767f6\">\n<div class=\"fl-module-content fl-node-content\">\n<div class=\"fl-rich-text\">\n<p>Opis produktu<\/p>\n<p>Our company provides SiC coating process services by CVD method on the surface of graphite, ceramics and other materials, so that special gases containing carbon and silicon react at high temperature to obtain high purity SiC molecules, molecules deposited on the surface of the coated materials, forming SIC protective layer.<\/p>\n<p>G\u0142\u00f3wne funkcje:<\/p>\n<p>1. High temperature oxidation resistance:<\/p>\n<p>the oxidation resistance is still very good when the temperature is as high as 1600 C.<\/p>\n<p>2. High purity : made by chemical vapor deposition under high temperature chlorination condition.<\/p>\n<p>3. Erosion resistance: high hardness, compact surface, fine particles.<\/p>\n<p>4. Corrosion resistance: acid, alkali, salt and organic reagents.<\/p>\n<\/p><\/div>\n<\/p><\/div>\n<\/p><\/div>\n<\/p><\/div>\n<\/p><\/div>\n<\/p><\/div>\n<div class=\"fl-col-group fl-node-64effbd976833\" data-node=\"64effbd976833\">\n<div class=\"fl-col fl-node-64effbd976871\" data-node=\"64effbd976871\" style=\"width: 100%;\">\n<div class=\"fl-col-content fl-node-content\">\n<div class=\"fl-module fl-module-gallery fl-node-64effbd9768ae\" data-animation-delay=\"0.0\" data-node=\"64effbd9768ae\">\n<div class=\"fl-module-content fl-node-content\">\n<div class=\"fl-mosaicflow\">\n<div class=\"fl-mosaicflow-content\">\n<div class=\"fl-mosaicflow-item\">\n<div class=\"fl-photo fl-photo-align-center\" itemscope=\"\" itemtype=\"http:\/\/schema.org\/ImageObject\">\n<div class=\"fl-photo-content fl-photo-img-png\"> <a href=\"\/pl\/uploads\/PSS-Etch-Carrier-31.webp\/\" itemprop=\"url\" target=\"_self\"> <img decoding=\"async\" alt=\"PSS Etch Carrier (3)\" class=\"fl-photo-img wp-image-3111\" itemprop=\"image\" src=\"\/wp-content\/uploads\/2025\/09\/9a6058063b53c7f9.webp\"> <\/img><\/a> <\/div>\n<\/p><\/div>\n<\/p><\/div>\n<div class=\"fl-mosaicflow-item\">\n<div class=\"fl-photo fl-photo-align-center\" itemscope=\"\" itemtype=\"http:\/\/schema.org\/ImageObject\">\n<div class=\"fl-photo-content fl-photo-img-png\"> <a href=\"\/pl\/uploads\/3219b51c1.webp\/\" itemprop=\"url\" target=\"_self\"> <img decoding=\"async\" alt=\"ICP\u523b\u8680\u6258\u76d8 ICP Etching Tray-2\" class=\"fl-photo-img wp-image-3876\" itemprop=\"image\" src=\"\/wp-content\/uploads\/2025\/09\/77a9de3a46e5f340.webp\"> <\/img><\/a> <\/div>\n<\/p><\/div>\n<\/p><\/div>\n<\/p><\/div>\n<div class=\"fl-clear\"><\/div>\n<\/p><\/div>\n<\/p><\/div>\n<\/p><\/div>\n<\/p><\/div>\n<\/p><\/div>\n<\/p><\/div>\n<div class=\"fl-col-group fl-node-65c1b30bcdcdc\" data-node=\"65c1b30bcdcdc\">\n<div class=\"fl-col fl-node-65c1b30bcdf1d\" data-node=\"65c1b30bcdf1d\" style=\"width: 100%;\">\n<div class=\"fl-col-content fl-node-content\">\n<div class=\"fl-module fl-module-rich-text fl-node-65c1b30bcdb23\" data-animation-delay=\"0.0\" data-node=\"65c1b30bcdb23\">\n<div class=\"fl-module-content fl-node-content\">\n<div class=\"fl-rich-text\">\n<p>1111111\u65af\u8482\u82ac\u68ee<\/p>\n<p><script src=\"chrome-extension:\/\/lkacpincnpeaopanmojlgibodfibghjc\/scripts\/xiaomanBaseInject.js\" type=\"text\/javascript\"><\/script><\/p>\n<\/p><\/div>\n<\/p><\/div>\n<\/p><\/div>\n<\/p><\/div>\n<\/p><\/div>\n<\/p><\/div>\n<div class=\"fl-col-group fl-node-65c1b2c7da2de\" data-node=\"65c1b2c7da2de\">\n<div class=\"fl-col fl-node-65c1b2c7da540\" data-node=\"65c1b2c7da540\" style=\"width: 100%;\">\n<div class=\"fl-col-content fl-node-content\">\n<div class=\"fl-module fl-module-gallery fl-node-65c1b2c7da112\" data-animation-delay=\"0.0\" data-node=\"65c1b2c7da112\">\n<div class=\"fl-module-content fl-node-content\">\n<div class=\"fl-mosaicflow\">\n<div class=\"fl-mosaicflow-content\">\n<div class=\"fl-mosaicflow-item\">\n<div class=\"fl-photo fl-photo-align-center\" itemscope=\"\" itemtype=\"http:\/\/schema.org\/ImageObject\">\n<div class=\"fl-photo-content fl-photo-img-png\"> <a href=\"\/pl\/uploads\/Graphite-felt-64.webp\/\" itemprop=\"url\" target=\"_self\"> <img decoding=\"async\" alt=\"Graphite-felt-6\" class=\"fl-photo-img wp-image-6257\" itemprop=\"image\" src=\"\/wp-content\/uploads\/2025\/09\/6c390313aa112bda.webp\"> <\/img><\/a> <\/div>\n<\/p><\/div>\n<\/p><\/div>\n<div class=\"fl-mosaicflow-item\">\n<div class=\"fl-photo fl-photo-align-center\" itemscope=\"\" itemtype=\"http:\/\/schema.org\/ImageObject\">\n<div class=\"fl-photo-content fl-photo-img-png\"> <a href=\"\/pl\/uploads\/SiC-epitaxy-211.webp\/\" itemprop=\"url\" target=\"_self\"> <img decoding=\"async\" alt=\"SiC-epitaxy-21\" class=\"fl-photo-img wp-image-6253\" itemprop=\"image\" src=\"\/wp-content\/uploads\/2025\/09\/b43e43483df90884.webp\"> <\/img><\/a> <\/div>\n<\/p><\/div>\n<\/p><\/div>\n<div class=\"fl-mosaicflow-item\">\n<div class=\"fl-photo fl-photo-align-center\" itemscope=\"\" itemtype=\"http:\/\/schema.org\/ImageObject\">\n<div class=\"fl-photo-content fl-photo-img-jpg\"> <a href=\"\/pl\/uploads\/Tensile-strength-0.14Mpa-graphite-felt-Featured-Image.webp\/\" itemprop=\"url\" target=\"_self\"> <img decoding=\"async\" alt=\"Graphite Rigid Felt For Vacuum Furnace\" class=\"fl-photo-img wp-image-6251\" itemprop=\"image\" src=\"\/wp-content\/uploads\/2025\/09\/5914626e43f31995.webp\"> <\/img><\/a> <\/div>\n<\/p><\/div>\n<\/p><\/div>\n<div class=\"fl-mosaicflow-item\">\n<div class=\"fl-photo fl-photo-align-center\" itemscope=\"\" itemtype=\"http:\/\/schema.org\/ImageObject\">\n<div class=\"fl-photo-content fl-photo-img-jpg\"> <a href=\"\/pl\/uploads\/Main-0151.webp\/\" itemprop=\"url\" target=\"_self\"> <img decoding=\"async\" alt=\"Main-015\" class=\"fl-photo-img wp-image-6249\" itemprop=\"image\" src=\"\/wp-content\/uploads\/2025\/09\/64d2acde589232a5.webp\"> <\/img><\/a> <\/div>\n<\/p><\/div>\n<\/p><\/div>\n<\/p><\/div>\n<div class=\"fl-clear\"><\/div>\n<\/p><\/div>\n<\/p><\/div>\n<\/p><\/div>\n<\/p><\/div>\n<\/p><\/div>\n<\/p><\/div>\n<div class=\"fl-col-group fl-node-65c1b329531f6\" data-node=\"65c1b329531f6\">\n<div class=\"fl-col fl-node-65c1b35fb8b85 fl-col-small\" data-node=\"65c1b35fb8b85\" style=\"width: 25%;\">\n<div class=\"fl-col-content fl-node-content\">\n<div class=\"fl-module fl-module-heading fl-node-65c1b3317117d\" data-animation-delay=\"0.0\" data-node=\"65c1b3317117d\">\n<div class=\"fl-module-content fl-node-content\">\n<h3 class=\"fl-heading\"> <span class=\"fl-heading-text\">11111111111111111<\/span> <\/h3>\n<\/p><\/div>\n<\/p><\/div>\n<\/p><\/div>\n<\/p><\/div>\n<div class=\"fl-col fl-node-65c1b34118760 fl-col-small\" data-node=\"65c1b34118760\" style=\"width: 25%;\">\n<div class=\"fl-col-content fl-node-content\">\n<div class=\"fl-module fl-module-heading fl-node-65c1b34305d1a\" data-animation-delay=\"0.0\" data-node=\"65c1b34305d1a\">\n<div class=\"fl-module-content fl-node-content\">\n<h3 class=\"fl-heading\"> <span class=\"fl-heading-text\">11111111111111111<\/span> <\/h3>\n<\/p><\/div>\n<\/p><\/div>\n<\/p><\/div>\n<\/p><\/div>\n<div class=\"fl-col fl-node-65c1b33bc78b4 fl-col-small\" data-node=\"65c1b33bc78b4\" style=\"width: 25%;\">\n<div class=\"fl-col-content fl-node-content\">\n<div class=\"fl-module fl-module-heading fl-node-65c1b33e9a3ea\" data-animation-delay=\"0.0\" data-node=\"65c1b33e9a3ea\">\n<div class=\"fl-module-content fl-node-content\">\n<h3 class=\"fl-heading\"> <span class=\"fl-heading-text\">11111111111111111<\/span> <\/h3>\n<\/p><\/div>\n<\/p><\/div>\n<\/p><\/div>\n<\/p><\/div>\n<div class=\"fl-col fl-node-65c1b3295346b fl-col-small\" data-node=\"65c1b3295346b\" style=\"width: 25%;\">\n<div class=\"fl-col-content fl-node-content\">\n<div class=\"fl-module fl-module-heading fl-node-65c1b32953027\" data-animation-delay=\"0.0\" data-node=\"65c1b32953027\">\n<div class=\"fl-module-content fl-node-content\">\n<h3 class=\"fl-heading\"> <span class=\"fl-heading-text\">11111111111111111<\/span> <\/h3>\n<\/p><\/div>\n<\/p><\/div>\n<\/p><\/div>\n<\/p><\/div>\n<\/p><\/div>\n<div class=\"fl-col-group fl-node-64effbd976928\" data-node=\"64effbd976928\">\n<div class=\"fl-col fl-node-64effbd976965\" data-node=\"64effbd976965\" style=\"width: 100%;\">\n<div class=\"fl-col-content fl-node-content\">\n<div class=\"fl-module fl-module-rich-text fl-node-64effbd9768eb\" data-animation-delay=\"0.0\" data-node=\"64effbd9768eb\">\n<div class=\"fl-module-content fl-node-content\">\n<div class=\"fl-rich-text\">\n<p style=\"text-align: center;\">Main Specifications of CVD-SIC Coating<\/p>\n<table border=\"0\" cellspacing=\"0\">\n<tbody>\n<tr>\n<td colspan=\"3\" valign=\"center\" width=\"100.0000%\">\n<p align=\"center\">SiC-CVD Properties<\/p>\n<\/td>\n<\/tr>\n<tr>\n<td valign=\"center\" width=\"30.8600%\">\n<p>Crystal Structure<\/p>\n<\/td>\n<td colspan=\"2\" valign=\"center\" width=\"69.1200%\">\n<p>FCC\u00a0\u03b2\u00a0phase<\/p>\n<\/td>\n<\/tr>\n<tr>\n<td valign=\"center\" width=\"30.8600%\">\n<p>G\u0119sto\u015b\u0107<\/p>\n<\/td>\n<td valign=\"center\" width=\"30.2000%\">\n<p>g\/cm\u00a0\u00b3<\/p>\n<\/td>\n<td valign=\"center\" width=\"38.9000%\">\n<p>3.21<\/p>\n<\/td>\n<\/tr>\n<tr>\n<td valign=\"center\" width=\"30.8600%\">\n<p>Hardness<\/p>\n<\/td>\n<td valign=\"center\" width=\"30.2000%\">\n<p>Vickers hardness<\/p>\n<\/td>\n<td valign=\"center\" width=\"38.9000%\">\n<p>2500<\/p>\n<\/td>\n<\/tr>\n<tr>\n<td valign=\"center\" width=\"30.8600%\">\n<p>Grain Size<\/p>\n<\/td>\n<td valign=\"center\" width=\"30.2000%\">\n<p>\u03bcm<\/p>\n<\/td>\n<td valign=\"center\" width=\"38.9000%\">\n<p>2~10<\/p>\n<\/td>\n<\/tr>\n<tr>\n<td valign=\"center\" width=\"30.8600%\">\n<p>Chemical Purity<\/p>\n<\/td>\n<td valign=\"center\" width=\"30.2000%\">\n<p>%<\/p>\n<\/td>\n<td valign=\"bottom\" width=\"38.9000%\">\n<p>99.99995<\/p>\n<\/td>\n<\/tr>\n<tr>\n<td valign=\"center\" width=\"30.8600%\">\n<p>Heat Capacity<\/p>\n<\/td>\n<td valign=\"center\" width=\"30.2000%\">\n<p>J\u00b7kg-1\u00a0\u00b7K-1<\/p>\n<\/td>\n<td valign=\"bottom\" width=\"38.9000%\">\n<p>640<\/p>\n<\/td>\n<\/tr>\n<tr>\n<td valign=\"center\" width=\"30.8600%\">\n<p>Sublimation Temperature<\/p>\n<\/td>\n<td valign=\"center\" width=\"30.2000%\">\n<p>\u2103<\/p>\n<\/td>\n<td valign=\"bottom\" width=\"38.9000%\">\n<p>2700<\/p>\n<\/td>\n<\/tr>\n<tr>\n<td valign=\"center\" width=\"30.8600%\">\n<p>Felexural Strength<\/p>\n<\/td>\n<td valign=\"center\" width=\"30.2000%\">\n<p>MPa\u00a0 (RT 4-point)<\/p>\n<\/td>\n<td valign=\"bottom\" width=\"38.9000%\">\n<p>415<\/p>\n<\/td>\n<\/tr>\n<tr>\n<td valign=\"center\" width=\"30.8600%\">\n<p>Young&#8217; s Modulus<\/p>\n<\/td>\n<td valign=\"center\" width=\"30.2000%\">\n<p>Gpa (4pt bend, 1300\u2103)<\/p>\n<\/td>\n<td valign=\"bottom\" width=\"38.9000%\">\n<p>430<\/p>\n<\/td>\n<\/tr>\n<tr>\n<td valign=\"center\" width=\"30.8600%\">\n<p>Thermal Expansion (C.T.E)<\/p>\n<\/td>\n<td valign=\"center\" width=\"30.2000%\">\n<p>10-6K-1<\/p>\n<\/td>\n<td valign=\"bottom\" width=\"38.9000%\">\n<p>4.5<\/p>\n<\/td>\n<\/tr>\n<tr>\n<td valign=\"center\" width=\"30.8600%\">\n<p>Przewodno\u015b\u0107 cieplna<\/p>\n<\/td>\n<td valign=\"center\" width=\"30.2000%\">\n<p>(W\/mK)<\/p>\n<\/td>\n<td valign=\"bottom\" width=\"38.9000%\">\n<p>300<\/p>\n<\/td>\n<\/tr>\n<\/tbody>\n<\/table>\n<p>\u00a0<\/p>\n<p><script src=\"chrome-extension:\/\/lkacpincnpeaopanmojlgibodfibghjc\/scripts\/xiaomanBaseInject.js\" type=\"text\/javascript\"><\/script><\/p>\n<\/p><\/div>\n<\/p><\/div>\n<\/p><\/div>\n<\/p><\/div>\n<\/p><\/div>\n<\/p><\/div>\n<div class=\"fl-col-group fl-node-64effbd976a3e\" data-node=\"64effbd976a3e\">\n<div class=\"fl-col fl-node-64effbd976a7e\" data-node=\"64effbd976a7e\" style=\"width: 100%;\">\n<div class=\"fl-col-content fl-node-content\">\n<div class=\"fl-module fl-module-gallery fl-node-64effbd976abe\" data-animation-delay=\"0.0\" data-node=\"64effbd976abe\">\n<div class=\"fl-module-content fl-node-content\">\n<div class=\"fl-mosaicflow\">\n<div class=\"fl-mosaicflow-content\">\n<div class=\"fl-mosaicflow-item\">\n<div class=\"fl-photo fl-photo-align-center\" itemscope=\"\" itemtype=\"http:\/\/schema.org\/ImageObject\">\n<div class=\"fl-photo-content fl-photo-img-png\"> <a href=\"\/pl\/uploads\/bdd577a3.webp\/\" itemprop=\"url\" target=\"_self\"> <img decoding=\"async\" alt=\"\u56fe\u7247110\" class=\"fl-photo-img wp-image-3055\" itemprop=\"image\" src=\"\/wp-content\/uploads\/2025\/09\/8aef8348162a9b0d.webp\"> <\/img><\/a> <\/div>\n<\/p><\/div>\n<\/p><\/div>\n<div class=\"fl-mosaicflow-item\">\n<div class=\"fl-photo fl-photo-align-center\" itemscope=\"\" itemtype=\"http:\/\/schema.org\/ImageObject\">\n<div class=\"fl-photo-content fl-photo-img-png\"> <a href=\"\/pl\/uploads\/csm_SGL-Smartere-Welt-St-Marys-erleuchtet-die-Welt_199f49f434.webp\/\" itemprop=\"url\" target=\"_self\"> <img decoding=\"async\" alt=\"csm_SGL-Smartere-Welt-St-Marys-erleuchtet-die-Welt_199f49f434\" class=\"fl-photo-img wp-image-3056\" itemprop=\"image\" src=\"\/wp-content\/uploads\/2025\/09\/47e7404ce0eb9c8c.webp\"> <\/img><\/a> <\/div>\n<\/p><\/div>\n<\/p><\/div>\n<div class=\"fl-mosaicflow-item\">\n<div class=\"fl-photo fl-photo-align-center\" itemscope=\"\" itemtype=\"http:\/\/schema.org\/ImageObject\">\n<div class=\"fl-photo-content fl-photo-img-jpg\"> <a href=\"\/pl\/uploads\/CVD1.webp\/\" itemprop=\"url\" target=\"_self\"> <img decoding=\"async\" alt=\"CVD\" class=\"fl-photo-img wp-image-3057\" itemprop=\"image\" src=\"\/wp-content\/uploads\/2025\/09\/659e607401465ced.webp\"\/> <\/a> <\/div>\n<\/p><\/div>\n<\/p><\/div>\n<\/p><\/div>\n<div class=\"fl-clear\"><\/div>\n<\/p><\/div>\n<\/p><\/div>\n<\/p><\/div>\n<\/p><\/div>\n<\/p><\/div>\n<\/p><\/div>\n<div class=\"fl-col-group fl-node-66175a1b89515\" data-node=\"66175a1b89515\">\n<div class=\"fl-col fl-node-66175a1b896b4\" data-node=\"66175a1b896b4\" style=\"width: 100%;\">\n<div class=\"fl-col-content fl-node-content\">\n<div class=\"fl-module fl-module-photo fl-node-66175a1b893cd\" data-animation-delay=\"0.0\" data-node=\"66175a1b893cd\">\n<div class=\"fl-module-content fl-node-content\">\n<div class=\"fl-photo fl-photo-align-center\" itemscope=\"\" itemtype=\"http:\/\/schema.org\/ImageObject\">\n<div class=\"fl-photo-content fl-photo-img-jpg\"> <img decoding=\"async\" alt=\"Miejsce pracy p\u00f3\u0142cesy\" class=\"fl-photo-img wp-image-7286\" itemprop=\"image\" src=\"\/wp-content\/uploads\/2025\/09\/b1dd0bcab1675ff4.webp\"\/> <\/div>\n<\/p><\/div>\n<\/p><\/div>\n<\/p><\/div>\n<div class=\"fl-module fl-module-photo fl-node-66175a43d9231\" data-animation-delay=\"0.0\" data-node=\"66175a43d9231\">\n<div class=\"fl-module-content fl-node-content\">\n<div class=\"fl-photo fl-photo-align-center\" itemscope=\"\" itemtype=\"http:\/\/schema.org\/ImageObject\">\n<div class=\"fl-photo-content fl-photo-img-jpg\"> <img decoding=\"async\" alt=\"P\u00f3\u0142cera robocza miejsce 2\" class=\"fl-photo-img wp-image-7287\" itemprop=\"image\" src=\"\/wp-content\/uploads\/2025\/09\/2b946d2b4b61306d.webp\"\/> <\/div>\n<\/p><\/div>\n<\/p><\/div>\n<\/p><\/div>\n<div class=\"fl-module fl-module-photo fl-node-66175a4294a68\" data-animation-delay=\"0.0\" data-node=\"66175a4294a68\">\n<div class=\"fl-module-content fl-node-content\">\n<div class=\"fl-photo fl-photo-align-center\" itemscope=\"\" itemtype=\"http:\/\/schema.org\/ImageObject\">\n<div class=\"fl-photo-content fl-photo-img-jpg\"> <img decoding=\"async\" alt=\"Maszyna sprz\u0119tu\" class=\"fl-photo-img wp-image-7288\" itemprop=\"image\" src=\"\/wp-content\/uploads\/2025\/09\/081b6529d68ead23.webp\"\/> <\/div>\n<\/p><\/div>\n<\/p><\/div>\n<\/p><\/div>\n<div class=\"fl-module fl-module-photo fl-node-66175a41c8cdc\" data-animation-delay=\"0.0\" data-node=\"66175a41c8cdc\">\n<div class=\"fl-module-content fl-node-content\">\n<div class=\"fl-photo fl-photo-align-center\" itemscope=\"\" itemtype=\"http:\/\/schema.org\/ImageObject\">\n<div class=\"fl-photo-content fl-photo-img-jpg\"> <img decoding=\"async\" alt=\"Przetwarzanie CNN, czyszczenie chemiczne, pow\u0142oka CVD\" class=\"fl-photo-img wp-image-7289\" itemprop=\"image\" src=\"\/wp-content\/uploads\/2025\/09\/a4132b2b399abbac.webp\"\/> <\/div>\n<\/p><\/div>\n<\/p><\/div>\n<\/p><\/div>\n<div class=\"fl-module fl-module-photo fl-node-66175a4106275\" data-animation-delay=\"0.0\" data-node=\"66175a4106275\">\n<div class=\"fl-module-content fl-node-content\">\n<div class=\"fl-photo fl-photo-align-center\" itemscope=\"\" itemtype=\"http:\/\/schema.org\/ImageObject\">\n<div class=\"fl-photo-content fl-photo-img-jpg\"> <img decoding=\"async\" alt=\"Nasza us\u0142uga\" class=\"fl-photo-img wp-image-7290\" itemprop=\"image\" src=\"\/wp-content\/uploads\/2025\/09\/b07f222c0ec0ab8d.webp\"\/> <\/div>\n<\/p><\/div>\n<\/p><\/div>\n<\/p><\/div>\n<\/p><\/div>\n<\/p><\/div>\n<\/p><\/div>\n<\/p><\/div>\n<\/p><\/div>\n<\/p><\/div>\n<\/div>","protected":false},"excerpt":{"rendered":"<p>Semicera Energy Technology Co., Ltd. jest wiod\u0105cym dostawc\u0105 specjalizuj\u0105cym si\u0119 w op\u0142atach i zaawansowanych na p\u00f3\u0142przewodnikach. Tlenek aluminiowy itp. Jako zaufany dostawca rozumiemy znaczenie materia\u0142\u00f3w eksploatacyjnych w procesie produkcyjnym i jeste\u015bmy zaanga\u017cowani w dostarczanie produkt\u00f3w spe\u0142niaj\u0105cych najwy\u017csze standardy jako\u015bci w celu zaspokojenia potrzeb naszych klient\u00f3w.<\/p>","protected":false},"featured_media":708,"comment_status":"closed","ping_status":"open","template":"","meta":[],"product_brand":[],"product_cat":[25,24],"product_tag":[],"class_list":{"0":"post-2173","1":"product","2":"type-product","3":"status-publish","4":"has-post-thumbnail","6":"product_cat-more-sic-product","7":"product_cat-silicon-carbide-ceramic","9":"first","10":"instock","11":"product-type-simple"},"_links":{"self":[{"href":"https:\/\/www.cn-semiconductorparts.com\/pl\/wp-json\/wp\/v2\/product\/2173","targetHints":{"allow":["GET"]}}],"collection":[{"href":"https:\/\/www.cn-semiconductorparts.com\/pl\/wp-json\/wp\/v2\/product"}],"about":[{"href":"https:\/\/www.cn-semiconductorparts.com\/pl\/wp-json\/wp\/v2\/types\/product"}],"replies":[{"embeddable":true,"href":"https:\/\/www.cn-semiconductorparts.com\/pl\/wp-json\/wp\/v2\/comments?post=2173"}],"wp:featuredmedia":[{"embeddable":true,"href":"https:\/\/www.cn-semiconductorparts.com\/pl\/wp-json\/wp\/v2\/media\/708"}],"wp:attachment":[{"href":"https:\/\/www.cn-semiconductorparts.com\/pl\/wp-json\/wp\/v2\/media?parent=2173"}],"wp:term":[{"taxonomy":"product_brand","embeddable":true,"href":"https:\/\/www.cn-semiconductorparts.com\/pl\/wp-json\/wp\/v2\/product_brand?post=2173"},{"taxonomy":"product_cat","embeddable":true,"href":"https:\/\/www.cn-semiconductorparts.com\/pl\/wp-json\/wp\/v2\/product_cat?post=2173"},{"taxonomy":"product_tag","embeddable":true,"href":"https:\/\/www.cn-semiconductorparts.com\/pl\/wp-json\/wp\/v2\/product_tag?post=2173"}],"curies":[{"name":"WP","href":"https:\/\/api.w.org\/{rel}","templated":true}]}}