{"id":2174,"date":"2025-09-11T05:33:13","date_gmt":"2025-09-11T05:33:13","guid":{"rendered":"https:\/\/weitai2.globaldeepsea.site\/product\/sic-press-free-sintered-silicon-carbide-ceramic-bushing\/"},"modified":"2026-04-29T15:28:23","modified_gmt":"2026-04-29T07:28:23","slug":"sic-press-free-sintered-silicon-carbide-ceramic-bushing","status":"publish","type":"product","link":"https:\/\/www.cn-semiconductorparts.com\/pl\/product\/sic-press-free-sintered-silicon-carbide-ceramic-bushing\/","title":{"rendered":"SIC press-free sintered silicon carbide ceramic bushing"},"content":{"rendered":"<div class=\"fl-builder-content fl-builder-content-3799 fl-builder-content-primary fl-builder-global-templates-locked\" data-post-id=\"3799\">\n<div class=\"fl-row fl-row-full-width fl-row-bg-none fl-node-64eea77106a73\" data-node=\"64eea77106a73\">\n<div class=\"fl-row-content-wrap\">\n<div class=\"fl-row-content fl-row-full-width fl-node-content\">\n<div class=\"fl-col-group fl-node-64eea77106abd\" data-node=\"64eea77106abd\">\n<div class=\"fl-col fl-node-64eea77940932 fl-col-small\" data-node=\"64eea77940932\" style=\"width: 50%;\">\n<div class=\"fl-col-content fl-node-content\">\n<div class=\"fl-module fl-module-photo fl-node-64eea77106de5\" data-animation-delay=\"0.0\" data-node=\"64eea77106de5\">\n<div class=\"fl-module-content fl-node-content\">\n<div class=\"fl-photo fl-photo-align-center\" itemscope=\"\" itemtype=\"http:\/\/schema.org\/ImageObject\">\n<div class=\"fl-photo-content fl-photo-img-jpg\"> <img decoding=\"async\" alt=\"Silicon carbide sealing2\" class=\"fl-photo-img wp-image-2480\" itemprop=\"image\" src=\"\/wp-content\/uploads\/2025\/09\/6f43ff9339cea058.webp\"> <\/img><\/div>\n<\/p><\/div>\n<\/p><\/div>\n<\/p><\/div>\n<\/p><\/div>\n<\/p><\/div>\n<div class=\"fl-col fl-node-64eea77106b03 fl-col-small\" data-node=\"64eea77106b03\" style=\"width: 50%;\">\n<div class=\"fl-col-content fl-node-content\">\n<div class=\"fl-module fl-module-rich-text fl-node-64eea77106b4a\" data-animation-delay=\"0.0\" data-node=\"64eea77106b4a\">\n<div class=\"fl-module-content fl-node-content\">\n<div class=\"fl-rich-text\">\n<p>Krzemowa w\u0119glika to nowy rodzaj ceramiki o wysokich kosztach i doskona\u0142ych w\u0142a\u015bciwo\u015bciach materia\u0142u. Ze wzgl\u0119du na cechy, takie jak wysoka wytrzyma\u0142o\u015b\u0107 i twardo\u015b\u0107, odporno\u015b\u0107 na wysok\u0105 temperatur\u0119, du\u017c\u0105 przewodno\u015b\u0107 ciepln\u0105 i odporno\u015b\u0107 na korozj\u0119 chemiczn\u0105, w\u0119glika krzemu mo\u017ce prawie wytrzyma\u0107 ca\u0142\u0105 substancj\u0119 chemiczn\u0105. Dlatego SIC s\u0105 szeroko stosowane w wydobywaniu oleju, chemikalia, maszyn i przestrzeni powietrznej, nawet energii j\u0105drowej, a wojsko maj\u0105 szczeg\u00f3lne wymagania dotycz\u0105ce SIC. Niekt\u00f3re normalne zastosowanie, kt\u00f3re mo\u017cemy zaoferowa\u0107, to pier\u015bcienie uszczelniaj\u0105ce dla pompy, zaworu i zbroi ochronnej itp.<\/p>\n<p>Jeste\u015bmy w stanie zaprojektowa\u0107 i produkowa\u0107 zgodnie z Twoimi konkretnymi wymiarami o dobrej jako\u015bci i rozs\u0105dnym czasie dostarczania.\u00a0<\/p>\n<\/p><\/div>\n<\/p><\/div>\n<\/p><\/div>\n<\/p><\/div>\n<\/p><\/div>\n<\/p><\/div>\n<div class=\"fl-col-group fl-node-64eea77106b8f\" data-node=\"64eea77106b8f\">\n<div class=\"fl-col fl-node-64eea77106bd9\" data-node=\"64eea77106bd9\" style=\"width: 100%;\">\n<div class=\"fl-col-content fl-node-content\">\n<div class=\"fl-module fl-module-rich-text fl-node-64eea77106c26\" data-animation-delay=\"0.0\" data-node=\"64eea77106c26\">\n<div class=\"fl-module-content fl-node-content\">\n<div class=\"fl-rich-text\">\n<p><span style=\"font-family: Calibri;\">Zastosowania:<\/span><\/p>\n<p><span style=\"font-family: Calibri;\">-Pole odporne na zu\u017cycie: tuleja, talerz, dysz\u0119 piaskow\u0105, podszewka cyklonowa, lufa szlifierska itp.\u2026<\/span><\/p>\n<p><span style=\"font-family: Calibri;\">-Pole w wysokiej temperaturze: p\u0142yta SIC, rurka do pieca hartuj\u0105ca, rurka promieniowa, tygiel, element grzewczy, wa\u0142ek, wi\u0105zka, wymiennik ciep\u0142a, rura zimnego powietrza, dysza palnika, rura ochronna termopary, \u0142\u00f3d\u017a SIC, struktura samochodu pieca, setter itp.<\/span><\/p>\n<p><span style=\"font-family: Calibri;\">-Wojskowe pole kuloodporne<\/span><\/p>\n<p><span style=\"font-family: Calibri;\">-Krzemowy p\u00f3\u0142przewodnik: \u0142\u00f3d\u017a waflowa SIC, SIC Chuck, SIC Paddle, SIC Cassette, rurka dyfuzyjna SIC, widelca op\u0142at, p\u0142yta ss\u0105ca, droga prowadz\u0105ca itp.<\/span><\/p>\n<p><span style=\"font-family: Calibri;\">-Krzemowa piecz\u0119\u0107 z w\u0119glik\u00f3w krzemowych: wszelkiego rodzaju pier\u015bcie\u0144 uszczelniaj\u0105cy, \u0142o\u017cysko, tuleja itp.<\/span><\/p>\n<p><span style=\"font-family: Calibri;\">-Pole fotowoltaiczne: \u0142opatka wspornikowa, ga\u0142ka szlifierska, wa\u0142ek w\u0119gla krzemu itp.<\/span><\/p>\n<p><span style=\"font-family: Calibri;\">-Pole baterii litowej<\/span><\/p>\n<\/p><\/div>\n<\/p><\/div>\n<\/p><\/div>\n<\/p><\/div>\n<\/p><\/div>\n<\/p><\/div>\n<div class=\"fl-col-group fl-node-64eea77106e21\" data-node=\"64eea77106e21\">\n<div class=\"fl-col fl-node-64eea77106e5e\" data-node=\"64eea77106e5e\" style=\"width: 100%;\">\n<div class=\"fl-col-content fl-node-content\">\n<div class=\"fl-module fl-module-gallery fl-node-64eea77106e9b\" data-animation-delay=\"0.0\" data-node=\"64eea77106e9b\">\n<div class=\"fl-module-content fl-node-content\">\n<div class=\"fl-mosaicflow\">\n<div class=\"fl-mosaicflow-content\">\n<div class=\"fl-mosaicflow-item\">\n<div class=\"fl-photo fl-photo-align-center\" itemscope=\"\" itemtype=\"http:\/\/schema.org\/ImageObject\">\n<div class=\"fl-photo-content fl-photo-img-png\"> <a href=\"\/pl\/uploads\/SiC-ceramic-seal-ring-81.webp\/\" itemprop=\"url\" target=\"_self\"> <img decoding=\"async\" alt=\"SiC ceramic seal ring (8)\" class=\"fl-photo-img wp-image-3816\" itemprop=\"image\" src=\"\/wp-content\/uploads\/2025\/09\/cfdf251d597a77ef.webp\"> <\/img><\/a> <\/div>\n<\/p><\/div>\n<\/p><\/div>\n<div class=\"fl-mosaicflow-item\">\n<div class=\"fl-photo fl-photo-align-center\" itemscope=\"\" itemtype=\"http:\/\/schema.org\/ImageObject\">\n<div class=\"fl-photo-content fl-photo-img-png\"> <a href=\"\/pl\/uploads\/Silicon-carbide-seal-ring-31.webp\/\" itemprop=\"url\" target=\"_self\"> <img decoding=\"async\" alt=\"Silicon carbide seal ring (3)\" class=\"fl-photo-img wp-image-3817\" itemprop=\"image\" src=\"\/wp-content\/uploads\/2025\/09\/691ef72f9454de46.webp\"> <\/img><\/a> <\/div>\n<\/p><\/div>\n<\/p><\/div>\n<\/p><\/div>\n<div class=\"fl-clear\"><\/div>\n<\/p><\/div>\n<\/p><\/div>\n<\/p><\/div>\n<\/p><\/div>\n<\/p><\/div>\n<\/p><\/div>\n<div class=\"fl-col-group fl-node-64eea77106c63\" data-node=\"64eea77106c63\">\n<div class=\"fl-col fl-node-64eea77106ca4\" data-node=\"64eea77106ca4\" style=\"width: 100%;\">\n<div class=\"fl-col-content fl-node-content\">\n<div class=\"fl-module fl-module-heading fl-node-64eea77106d2c\" data-animation-delay=\"0.0\" data-node=\"64eea77106d2c\">\n<div class=\"fl-module-content fl-node-content\">\n<h3 class=\"fl-heading\"> <span class=\"fl-heading-text\">Parametry techniczne<\/span> <\/h3>\n<\/p><\/div>\n<\/p><\/div>\n<div class=\"fl-module fl-module-photo fl-node-64eea77106ce9\" data-animation-delay=\"0.0\" data-node=\"64eea77106ce9\">\n<div class=\"fl-module-content fl-node-content\">\n<div class=\"fl-photo fl-photo-align-center\" itemscope=\"\" itemtype=\"http:\/\/schema.org\/ImageObject\">\n<div class=\"fl-photo-content fl-photo-img-png\"> <img decoding=\"async\" alt=\"Zdj\u0119cie 1\" class=\"fl-photo-img wp-image-2429\" itemprop=\"image\" src=\"\/wp-content\/uploads\/2025\/09\/e16a8a56d25ff317.webp\"> <\/img><\/div>\n<\/p><\/div>\n<\/p><\/div>\n<\/p><\/div>\n<\/p><\/div>\n<\/p><\/div>\n<\/p><\/div>\n<\/p><\/div>\n<\/p><\/div>\n<\/p><\/div>\n<\/div>","protected":false},"excerpt":{"rendered":"<p>Semicera Energy Technology Co., Ltd. jest wiod\u0105cym dostawc\u0105 specjalizuj\u0105cym si\u0119 w op\u0142atach i zaawansowanych na p\u00f3\u0142przewodnikach. Tlenek aluminiowy itp. Jako zaufany dostawca rozumiemy znaczenie materia\u0142\u00f3w eksploatacyjnych w procesie produkcyjnym i jeste\u015bmy zaanga\u017cowani w dostarczanie produkt\u00f3w spe\u0142niaj\u0105cych najwy\u017csze standardy jako\u015bci w celu zaspokojenia potrzeb naszych klient\u00f3w.<\/p>","protected":false},"featured_media":1057,"comment_status":"closed","ping_status":"open","template":"","meta":[],"product_brand":[],"product_cat":[25,24],"product_tag":[],"class_list":{"0":"post-2174","1":"product","2":"type-product","3":"status-publish","4":"has-post-thumbnail","6":"product_cat-more-sic-product","7":"product_cat-silicon-carbide-ceramic","9":"first","10":"instock","11":"product-type-simple"},"_links":{"self":[{"href":"https:\/\/www.cn-semiconductorparts.com\/pl\/wp-json\/wp\/v2\/product\/2174","targetHints":{"allow":["GET"]}}],"collection":[{"href":"https:\/\/www.cn-semiconductorparts.com\/pl\/wp-json\/wp\/v2\/product"}],"about":[{"href":"https:\/\/www.cn-semiconductorparts.com\/pl\/wp-json\/wp\/v2\/types\/product"}],"replies":[{"embeddable":true,"href":"https:\/\/www.cn-semiconductorparts.com\/pl\/wp-json\/wp\/v2\/comments?post=2174"}],"wp:featuredmedia":[{"embeddable":true,"href":"https:\/\/www.cn-semiconductorparts.com\/pl\/wp-json\/wp\/v2\/media\/1057"}],"wp:attachment":[{"href":"https:\/\/www.cn-semiconductorparts.com\/pl\/wp-json\/wp\/v2\/media?parent=2174"}],"wp:term":[{"taxonomy":"product_brand","embeddable":true,"href":"https:\/\/www.cn-semiconductorparts.com\/pl\/wp-json\/wp\/v2\/product_brand?post=2174"},{"taxonomy":"product_cat","embeddable":true,"href":"https:\/\/www.cn-semiconductorparts.com\/pl\/wp-json\/wp\/v2\/product_cat?post=2174"},{"taxonomy":"product_tag","embeddable":true,"href":"https:\/\/www.cn-semiconductorparts.com\/pl\/wp-json\/wp\/v2\/product_tag?post=2174"}],"curies":[{"name":"WP","href":"https:\/\/api.w.org\/{rel}","templated":true}]}}