{"id":2182,"date":"2025-09-11T05:33:13","date_gmt":"2025-09-11T05:33:13","guid":{"rendered":"https:\/\/weitai2.globaldeepsea.site\/product\/custom-silicon-carbide-ceramic-vacuum-chucks\/"},"modified":"2025-09-11T05:33:17","modified_gmt":"2025-09-11T05:33:17","slug":"custom-silicon-carbide-ceramic-vacuum-chucks","status":"publish","type":"product","link":"https:\/\/www.cn-semiconductorparts.com\/pl\/product\/custom-silicon-carbide-ceramic-vacuum-chucks\/","title":{"rendered":"Custom silicon carbide ceramic vacuum chucks"},"content":{"rendered":"<div class=\"fl-builder-content fl-builder-content-3759 fl-builder-content-primary fl-builder-global-templates-locked\" data-post-id=\"3759\">\n<div class=\"fl-row fl-row-full-width fl-row-bg-none fl-node-64edabc702fef\" data-node=\"64edabc702fef\">\n<div class=\"fl-row-content-wrap\">\n<div class=\"fl-row-content fl-row-full-width fl-node-content\">\n<div class=\"fl-col-group fl-node-64edabc703034\" data-node=\"64edabc703034\">\n<div class=\"fl-col fl-node-64edabc703076\" data-node=\"64edabc703076\" style=\"width: 100%;\">\n<div class=\"fl-col-content fl-node-content\">\n<div class=\"fl-module fl-module-rich-text fl-node-64edabc7030ba\" data-animation-delay=\"0.0\" data-node=\"64edabc7030ba\">\n<div class=\"fl-module-content fl-node-content\">\n<div class=\"fl-rich-text\">\n<p>Krzemowa w\u0119glika to nowy rodzaj ceramiki o wysokich kosztach i doskona\u0142ych w\u0142a\u015bciwo\u015bciach materia\u0142u. Ze wzgl\u0119du na cechy, takie jak wysoka wytrzyma\u0142o\u015b\u0107 i twardo\u015b\u0107, odporno\u015b\u0107 na wysok\u0105 temperatur\u0119, du\u017c\u0105 przewodno\u015b\u0107 ciepln\u0105 i odporno\u015b\u0107 na korozj\u0119 chemiczn\u0105, w\u0119glika krzemu mo\u017ce prawie wytrzyma\u0107 ca\u0142\u0105 substancj\u0119 chemiczn\u0105. Dlatego SIC s\u0105 szeroko stosowane w wydobywaniu oleju, chemikalia, maszyn i przestrzeni powietrznej, nawet energii j\u0105drowej, a wojsko maj\u0105 szczeg\u00f3lne wymagania dotycz\u0105ce SIC. Niekt\u00f3re normalne zastosowanie, kt\u00f3re mo\u017cemy zaoferowa\u0107, to pier\u015bcienie uszczelniaj\u0105ce dla pompy, zaworu i zbroi ochronnej itp.<\/p>\n<p>Jeste\u015bmy w stanie zaprojektowa\u0107 i produkowa\u0107 zgodnie z Twoimi konkretnymi wymiarami o dobrej jako\u015bci i rozs\u0105dnym czasie dostarczania.\u00a0<\/p>\n<\/p><\/div>\n<\/p><\/div>\n<\/p><\/div>\n<\/p><\/div>\n<\/p><\/div>\n<\/p><\/div>\n<div class=\"fl-col-group fl-node-64edabc703318\" data-node=\"64edabc703318\">\n<div class=\"fl-col fl-node-64edabc703359\" data-node=\"64edabc703359\" style=\"width: 62.67%;\">\n<div class=\"fl-col-content fl-node-content\">\n<div class=\"fl-module fl-module-photo fl-node-64edabc7032d8\" data-animation-delay=\"0.0\" data-node=\"64edabc7032d8\">\n<div class=\"fl-module-content fl-node-content\">\n<div class=\"fl-photo fl-photo-align-center\" itemscope=\"\" itemtype=\"http:\/\/schema.org\/ImageObject\">\n<div class=\"fl-photo-content fl-photo-img-jpg\"> <img decoding=\"async\" alt=\"1-2201051TJ9636\" class=\"fl-photo-img wp-image-2434\" itemprop=\"image\" src=\"\/wp-content\/uploads\/2025\/09\/691ce58f6cc82829.webp\"> <\/img><\/div>\n<\/p><\/div>\n<\/p><\/div>\n<\/p><\/div>\n<\/p><\/div>\n<\/p><\/div>\n<div class=\"fl-col fl-node-64edabc70339a fl-col-small\" data-node=\"64edabc70339a\" style=\"width: 37.33%;\">\n<div class=\"fl-col-content fl-node-content\">\n<div class=\"fl-module fl-module-heading fl-node-64edabc70341e\" data-animation-delay=\"0.0\" data-node=\"64edabc70341e\">\n<div class=\"fl-module-content fl-node-content\">\n<h3 class=\"fl-heading\"> <span class=\"fl-heading-text\">Advantages<\/span> <\/h3>\n<\/p><\/div>\n<\/p><\/div>\n<div class=\"fl-module fl-module-rich-text fl-node-64edabc7031c0\" data-animation-delay=\"0.0\" data-node=\"64edabc7031c0\">\n<div class=\"fl-module-content fl-node-content\">\n<div class=\"fl-rich-text\">\n<p>Odporno\u015b\u0107 na utlenianie w wysokiej temperaturze<\/p>\n<p>Doskona\u0142a odporno\u015b\u0107 na korozj\u0119<\/p>\n<p>Dobra odporno\u015b\u0107 na \u015bcieranie<\/p>\n<p>Wysoki wsp\u00f3\u0142czynnik przewodno\u015bci cieplnej<\/p>\n<p>Samoob\u00f3jstwo, niska g\u0119sto\u015b\u0107<\/p>\n<p>Wysoka twardo\u015b\u0107<\/p>\n<p>Dostosowany projekt.<\/p>\n<\/p><\/div>\n<\/p><\/div>\n<\/p><\/div>\n<\/p><\/div>\n<\/p><\/div>\n<\/p><\/div>\n<div class=\"fl-col-group fl-node-64edabc7030fc\" data-node=\"64edabc7030fc\">\n<div class=\"fl-col fl-node-64edabc70313e\" data-node=\"64edabc70313e\" style=\"width: 100%;\">\n<div class=\"fl-col-content fl-node-content\">\n<div class=\"fl-module fl-module-heading fl-node-64edabc7033dc\" data-animation-delay=\"0.0\" data-node=\"64edabc7033dc\">\n<div class=\"fl-module-content fl-node-content\">\n<h3 class=\"fl-heading\"> <span class=\"fl-heading-text\">Applications<\/span> <\/h3>\n<\/p><\/div>\n<\/p><\/div>\n<div class=\"fl-module fl-module-rich-text fl-node-64edabc70317f\" data-animation-delay=\"0.0\" data-node=\"64edabc70317f\">\n<div class=\"fl-module-content fl-node-content\">\n<div class=\"fl-rich-text\">\n<p><span style=\"font-family: Calibri;\">-Pole odporne na zu\u017cycie: tuleja, talerz, dysz\u0119 piaskow\u0105, podszewka cyklonowa, lufa szlifierska itp.\u2026<\/span><\/p>\n<p><span style=\"font-family: Calibri;\">-Pole w wysokiej temperaturze: p\u0142yta SIC, rurka do pieca hartuj\u0105ca, rurka promieniowa, tygiel, element grzewczy, wa\u0142ek, wi\u0105zka, wymiennik ciep\u0142a, rura zimnego powietrza, dysza palnika, rura ochronna termopary, \u0142\u00f3d\u017a SIC, struktura samochodu pieca, setter itp.<\/span><\/p>\n<p><span style=\"font-family: Calibri;\">-Wojskowe pole kuloodporne<\/span><\/p>\n<p><span style=\"font-family: Calibri;\">-Krzemowy p\u00f3\u0142przewodnik: \u0142\u00f3d\u017a waflowa SIC, SIC Chuck, SIC Paddle, SIC Cassette, rurka dyfuzyjna SIC, widelca op\u0142at, p\u0142yta ss\u0105ca, droga prowadz\u0105ca itp.<\/span><\/p>\n<p><span style=\"font-family: Calibri;\">-Krzemowa piecz\u0119\u0107 z w\u0119glik\u00f3w krzemowych: wszelkiego rodzaju pier\u015bcie\u0144 uszczelniaj\u0105cy, \u0142o\u017cysko, tuleja itp.<\/span><\/p>\n<p><span style=\"font-family: Calibri;\">-Pole fotowoltaiczne: \u0142opatka wspornikowa, ga\u0142ka szlifierska, wa\u0142ek w\u0119gla krzemu itp.<\/span><\/p>\n<p><span style=\"font-family: Calibri;\">-Pole baterii litowej<\/span><\/p>\n<\/p><\/div>\n<\/p><\/div>\n<\/p><\/div>\n<\/p><\/div>\n<\/p><\/div>\n<\/p><\/div>\n<div class=\"fl-col-group fl-node-64edabe4b28de\" data-node=\"64edabe4b28de\">\n<div class=\"fl-col fl-node-64edabe4b2bbe\" data-node=\"64edabe4b2bbe\" style=\"width: 100%;\">\n<div class=\"fl-col-content fl-node-content\">\n<div class=\"fl-module fl-module-gallery fl-node-64edabe4b26b8\" data-animation-delay=\"0.0\" data-node=\"64edabe4b26b8\">\n<div class=\"fl-module-content fl-node-content\">\n<div class=\"fl-mosaicflow\">\n<div class=\"fl-mosaicflow-content\">\n<div class=\"fl-mosaicflow-item\">\n<div class=\"fl-photo fl-photo-align-center\" itemscope=\"\" itemtype=\"http:\/\/schema.org\/ImageObject\">\n<div class=\"fl-photo-content fl-photo-img-png\"> <a href=\"\/pl\/uploads\/SIC-ceramic-sucker2.webp\/\" itemprop=\"url\" target=\"_self\"> <img decoding=\"async\" alt=\"SIC ceramic sucker2\" class=\"fl-photo-img wp-image-3764\" itemprop=\"image\" src=\"\/wp-content\/uploads\/2025\/09\/0595cff0bd0aec3a.webp\"> <\/img><\/a> <\/div>\n<\/p><\/div>\n<\/p><\/div>\n<div class=\"fl-mosaicflow-item\">\n<div class=\"fl-photo fl-photo-align-center\" itemscope=\"\" itemtype=\"http:\/\/schema.org\/ImageObject\">\n<div class=\"fl-photo-content fl-photo-img-png\"> <a href=\"\/pl\/uploads\/SIC-ceramic-sucker5.webp\/\" itemprop=\"url\" target=\"_self\"> <img decoding=\"async\" alt=\"SIC ceramic sucker5\" class=\"fl-photo-img wp-image-3767\" itemprop=\"image\" src=\"\/wp-content\/uploads\/2025\/09\/d848307d7bdeedb3.webp\"> <\/img><\/a> <\/div>\n<\/p><\/div>\n<\/p><\/div>\n<\/p><\/div>\n<div class=\"fl-clear\"><\/div>\n<\/p><\/div>\n<\/p><\/div>\n<\/p><\/div>\n<\/p><\/div>\n<\/p><\/div>\n<\/p><\/div>\n<div class=\"fl-col-group fl-node-64edabc703201\" data-node=\"64edabc703201\">\n<div class=\"fl-col fl-node-64edabc703243\" data-node=\"64edabc703243\" style=\"width: 100%;\">\n<div class=\"fl-col-content fl-node-content\">\n<div class=\"fl-module fl-module-heading fl-node-64edabc703255\" data-animation-delay=\"0.0\" data-node=\"64edabc703255\">\n<div class=\"fl-module-content fl-node-content\">\n<h3 class=\"fl-heading\"> <span class=\"fl-heading-text\">Parametry techniczne<\/span> <\/h3>\n<\/p><\/div>\n<\/p><\/div>\n<div class=\"fl-module fl-module-photo fl-node-64edabc703296\" data-animation-delay=\"0.0\" data-node=\"64edabc703296\">\n<div class=\"fl-module-content fl-node-content\">\n<div class=\"fl-photo fl-photo-align-center\" itemscope=\"\" itemtype=\"http:\/\/schema.org\/ImageObject\">\n<div class=\"fl-photo-content fl-photo-img-png\"> <img decoding=\"async\" alt=\"Zdj\u0119cie 1\" class=\"fl-photo-img wp-image-2429\" itemprop=\"image\" src=\"\/wp-content\/uploads\/2025\/09\/e16a8a56d25ff317.webp\"> <\/img><\/div>\n<\/p><\/div>\n<\/p><\/div>\n<\/p><\/div>\n<\/p><\/div>\n<\/p><\/div>\n<\/p><\/div>\n<\/p><\/div>\n<\/p><\/div>\n<\/p><\/div>\n<\/div>","protected":false},"excerpt":{"rendered":"<p>Semicera\u00a0Energy Technology Co., Ltd. is a leading supplier specializing in wafer and advanced semiconductor consumables.We are dedicated to providing high-quality, reliable, and innovative products to semiconductor manufacturing,photovoltaic industryand other related fields.Our product line includes SiC\/TaC coated graphite products and ceramic products, encompassing various materials such as silicon carbide, silicon nitride, and aluminum oxide and etc.As a trusted supplier, we understand the importance of consumables in the manufacturing process, and we are committed to delivering products that meet the highest quality standards to fulfill our customers\u2019 needs.<\/p>","protected":false},"featured_media":815,"comment_status":"closed","ping_status":"open","template":"","meta":[],"product_brand":[],"product_cat":[25,24],"product_tag":[],"class_list":{"0":"post-2182","1":"product","2":"type-product","3":"status-publish","4":"has-post-thumbnail","6":"product_cat-more-sic-product","7":"product_cat-silicon-carbide-ceramic","9":"first","10":"instock","11":"product-type-simple"},"_links":{"self":[{"href":"https:\/\/www.cn-semiconductorparts.com\/pl\/wp-json\/wp\/v2\/product\/2182","targetHints":{"allow":["GET"]}}],"collection":[{"href":"https:\/\/www.cn-semiconductorparts.com\/pl\/wp-json\/wp\/v2\/product"}],"about":[{"href":"https:\/\/www.cn-semiconductorparts.com\/pl\/wp-json\/wp\/v2\/types\/product"}],"replies":[{"embeddable":true,"href":"https:\/\/www.cn-semiconductorparts.com\/pl\/wp-json\/wp\/v2\/comments?post=2182"}],"wp:featuredmedia":[{"embeddable":true,"href":"https:\/\/www.cn-semiconductorparts.com\/pl\/wp-json\/wp\/v2\/media\/815"}],"wp:attachment":[{"href":"https:\/\/www.cn-semiconductorparts.com\/pl\/wp-json\/wp\/v2\/media?parent=2182"}],"wp:term":[{"taxonomy":"product_brand","embeddable":true,"href":"https:\/\/www.cn-semiconductorparts.com\/pl\/wp-json\/wp\/v2\/product_brand?post=2182"},{"taxonomy":"product_cat","embeddable":true,"href":"https:\/\/www.cn-semiconductorparts.com\/pl\/wp-json\/wp\/v2\/product_cat?post=2182"},{"taxonomy":"product_tag","embeddable":true,"href":"https:\/\/www.cn-semiconductorparts.com\/pl\/wp-json\/wp\/v2\/product_tag?post=2182"}],"curies":[{"name":"WP","href":"https:\/\/api.w.org\/{rel}","templated":true}]}}