{"id":2186,"date":"2025-09-11T05:33:13","date_gmt":"2025-09-11T05:33:13","guid":{"rendered":"https:\/\/weitai2.globaldeepsea.site\/product\/silicon-carbide-coated-graphite-heater\/"},"modified":"2026-04-29T15:28:29","modified_gmt":"2026-04-29T07:28:29","slug":"silicon-carbide-coated-graphite-heater","status":"publish","type":"product","link":"https:\/\/www.cn-semiconductorparts.com\/pl\/product\/silicon-carbide-coated-graphite-heater\/","title":{"rendered":"Silicon Carbide Coated Graphite Heater"},"content":{"rendered":"<div class=\"fl-builder-content fl-builder-content-3709 fl-builder-content-primary fl-builder-global-templates-locked\" data-post-id=\"3709\">\n<div class=\"fl-row fl-row-full-width fl-row-bg-none fl-node-64ec50022a7d2\" data-node=\"64ec50022a7d2\">\n<div class=\"fl-row-content-wrap\">\n<div class=\"fl-row-content fl-row-full-width fl-node-content\">\n<div class=\"fl-col-group fl-node-64ec50022a980\" data-node=\"64ec50022a980\">\n<div class=\"fl-col fl-node-64ec50022a9bc fl-col-small\" data-node=\"64ec50022a9bc\" style=\"width: 50%;\">\n<div class=\"fl-col-content fl-node-content\">\n<div class=\"fl-module fl-module-rich-text fl-node-64ec50022a906\" data-animation-delay=\"0.0\" data-node=\"64ec50022a906\">\n<div class=\"fl-module-content fl-node-content\">\n<div class=\"fl-rich-text\">\n<p>G\u0142\u00f3wne cechy grzejnika grafitu:<\/p>\n<p>1. Jedno\u015bciowo\u015b\u0107 struktury grzewczej.<\/p>\n<p>2. Dobra przewodno\u015b\u0107 elektryczna i wysokie obci\u0105\u017cenie elektryczne.<\/p>\n<p>3. Odporno\u015b\u0107 na korozj\u0119.<\/p>\n<p>4. Niedok\u0142adno\u015b\u0107.<\/p>\n<p>5. Wysoka czysto\u015b\u0107 chemiczna.<\/p>\n<p>6. Wysoka wytrzyma\u0142o\u015b\u0107 mechaniczna.<\/p>\n<p>Zalet\u0105 jest energooszcz\u0119dno\u015b\u0107, wysoka warto\u015b\u0107 i niska konserwacja. Mo\u017cemy wytwarza\u0107 przeciwutlenienie i d\u0142ug\u0105 \u017cywotno\u015b\u0107 tygla grafitow\u0105, form\u0119 grafitow\u0105 i wszystkie cz\u0119\u015bci grzejnika grafitu.<\/p>\n<\/p><\/div>\n<\/p><\/div>\n<\/p><\/div>\n<\/p><\/div>\n<\/p><\/div>\n<div class=\"fl-col fl-node-64ec50022a9f9 fl-col-small\" data-node=\"64ec50022a9f9\" style=\"width: 50%;\">\n<div class=\"fl-col-content fl-node-content\">\n<div class=\"fl-module fl-module-photo fl-node-64ec50022a943\" data-animation-delay=\"0.0\" data-node=\"64ec50022a943\">\n<div class=\"fl-module-content fl-node-content\">\n<div class=\"fl-photo fl-photo-align-center\" itemscope=\"\" itemtype=\"http:\/\/schema.org\/ImageObject\">\n<div class=\"fl-photo-content fl-photo-img-png\"> <img decoding=\"async\" alt=\"Graphite heater (1)(1)\" class=\"fl-photo-img wp-image-2919\" itemprop=\"image\" src=\"\/wp-content\/uploads\/2025\/09\/a0e76a7468bc7adf.webp\"> <\/img><\/div>\n<\/p><\/div>\n<\/p><\/div>\n<\/p><\/div>\n<\/p><\/div>\n<\/p><\/div>\n<\/p><\/div>\n<div class=\"fl-col-group fl-node-64ec50022a812\" data-node=\"64ec50022a812\">\n<div class=\"fl-col fl-node-64ec50022a84f\" data-node=\"64ec50022a84f\" style=\"width: 100%;\">\n<div class=\"fl-col-content fl-node-content\">\n<div class=\"fl-module fl-module-heading fl-node-64ec50022a8c9\" data-animation-delay=\"0.0\" data-node=\"64ec50022a8c9\">\n<div class=\"fl-module-content fl-node-content\">\n<h3 class=\"fl-heading\"> <span class=\"fl-heading-text\">G\u0142\u00f3wne parametry grzejnika grafitu<\/span> <\/h3>\n<\/p><\/div>\n<\/p><\/div>\n<div class=\"fl-module fl-module-rich-text fl-node-64ec50022a88c\" data-animation-delay=\"0.0\" data-node=\"64ec50022a88c\">\n<div class=\"fl-module-content fl-node-content\">\n<div class=\"fl-rich-text\">\n<table border=\"1\" cellspacing=\"0\">\n<tbody>\n<tr>\n<td valign=\"center\" width=\"398\">\n<p>Specyfikacja techniczna<\/p>\n<\/td>\n<td valign=\"center\" width=\"281\">\n<p>VET-M3<\/p>\n<\/td>\n<\/tr>\n<tr>\n<td valign=\"center\">\n<p>G\u0119sto\u015b\u0107 luzem (g\/cm3)<\/p>\n<\/td>\n<td valign=\"center\">\n<p>\u22651.85<\/p>\n<\/td>\n<\/tr>\n<tr>\n<td valign=\"center\">\n<p>Tre\u015b\u0107 popio\u0142u (PPM)<\/p>\n<\/td>\n<td valign=\"center\">\n<p>\u2264500<\/p>\n<\/td>\n<\/tr>\n<tr>\n<td valign=\"center\">\n<p>Twardo\u015b\u0107 brzegu<\/p>\n<\/td>\n<td valign=\"center\">\n<p>\u226545<\/p>\n<\/td>\n<\/tr>\n<tr>\n<td valign=\"center\">\n<p>Oporno\u015b\u0107 specyficzna (\u03bc.\u03c9.m)<\/p>\n<\/td>\n<td valign=\"center\">\n<p>\u226412<\/p>\n<\/td>\n<\/tr>\n<tr>\n<td valign=\"center\">\n<p>Si\u0142a zginania (MPA)<\/p>\n<\/td>\n<td valign=\"center\">\n<p>\u226540<\/p>\n<\/td>\n<\/tr>\n<tr>\n<td valign=\"center\">\n<p>Wytrzyma\u0142o\u015b\u0107 na \u015bciskanie (MPA)<\/p>\n<\/td>\n<td valign=\"center\">\n<p>\u226570<\/p>\n<\/td>\n<\/tr>\n<tr>\n<td valign=\"center\">\n<p>Max. Wielko\u015b\u0107 ziarna (\u03bcm)<\/p>\n<\/td>\n<td valign=\"center\">\n<p>\u226443<\/p>\n<\/td>\n<\/tr>\n<tr>\n<td valign=\"center\">\n<p>Wsp\u00f3\u0142czynnik rozszerzalno\u015bci cieplnej mm\/\u00b0 C<\/p>\n<\/td>\n<td valign=\"center\">\n<p>\u22644.4*10-6<\/p>\n<\/td>\n<\/tr>\n<\/tbody>\n<\/table><\/div>\n<\/p><\/div>\n<\/p><\/div>\n<\/p><\/div>\n<\/p><\/div>\n<\/p><\/div>\n<div class=\"fl-col-group fl-node-64ec50022aa36\" data-node=\"64ec50022aa36\">\n<div class=\"fl-col fl-node-64ec50022aa73\" data-node=\"64ec50022aa73\" style=\"width: 100%;\">\n<div class=\"fl-col-content fl-node-content\">\n<div class=\"fl-module fl-module-gallery fl-node-64ec50022aab1\" data-animation-delay=\"0.0\" data-node=\"64ec50022aab1\">\n<div class=\"fl-module-content fl-node-content\">\n<div class=\"fl-mosaicflow\">\n<div class=\"fl-mosaicflow-content\">\n<div class=\"fl-mosaicflow-item\">\n<div class=\"fl-photo fl-photo-align-center\" itemscope=\"\" itemtype=\"http:\/\/schema.org\/ImageObject\">\n<div class=\"fl-photo-content fl-photo-img-png\"> <a href=\"\/pl\/uploads\/Graphite-heater-5.webp\/\" itemprop=\"url\" target=\"_self\"> <img decoding=\"async\" alt=\"Grzejnik graficzny (5)\" class=\"fl-photo-img wp-image-2922\" itemprop=\"image\" src=\"\/wp-content\/uploads\/2025\/09\/0738970b27dc3b12.webp\"> <\/img><\/a> <\/div>\n<\/p><\/div>\n<\/p><\/div>\n<div class=\"fl-mosaicflow-item\">\n<div class=\"fl-photo fl-photo-align-center\" itemscope=\"\" itemtype=\"http:\/\/schema.org\/ImageObject\">\n<div class=\"fl-photo-content fl-photo-img-png\"> <a href=\"\/pl\/uploads\/Graphite-heater-6.webp\/\" itemprop=\"url\" target=\"_self\"> <img decoding=\"async\" alt=\"Grze\u017anik graficzny (6)\" class=\"fl-photo-img wp-image-2923\" itemprop=\"image\" src=\"\/wp-content\/uploads\/2025\/09\/6234125f7c2c154c.webp\"> <\/img><\/a> <\/div>\n<\/p><\/div>\n<\/p><\/div>\n<\/p><\/div>\n<div class=\"fl-clear\"><\/div>\n<\/p><\/div>\n<\/p><\/div>\n<\/p><\/div>\n<\/p><\/div>\n<\/p><\/div>\n<\/p><\/div>\n<\/p><\/div>\n<\/p><\/div>\n<\/p><\/div>\n<\/div>","protected":false},"excerpt":{"rendered":"<p>Semicera is a leading supplier specializing in wafer and advanced semiconductor consumables. We are dedicated to providing high-quality, reliable, and innovative products to semiconductor manufacturing,\u00a0photovoltaic industry\u00a0and other related fields.Our product line includes SiC\/TaC coated graphite products and ceramic products, encompassing various materials such as silicon carbide, silicon nitride, and aluminum oxide and etc.As a trusted supplier, we understand the importance of consumables in the manufacturing process, and we are committed to delivering products that meet the highest quality standards to fulfill our customers\u2019 needs.<\/p>","protected":false},"featured_media":868,"comment_status":"closed","ping_status":"open","template":"","meta":[],"product_brand":[],"product_cat":[64,24],"product_tag":[],"class_list":{"0":"post-2186","1":"product","2":"type-product","3":"status-publish","4":"has-post-thumbnail","6":"product_cat-sic-heating-element","7":"product_cat-silicon-carbide-ceramic","9":"first","10":"instock","11":"product-type-simple"},"_links":{"self":[{"href":"https:\/\/www.cn-semiconductorparts.com\/pl\/wp-json\/wp\/v2\/product\/2186","targetHints":{"allow":["GET"]}}],"collection":[{"href":"https:\/\/www.cn-semiconductorparts.com\/pl\/wp-json\/wp\/v2\/product"}],"about":[{"href":"https:\/\/www.cn-semiconductorparts.com\/pl\/wp-json\/wp\/v2\/types\/product"}],"replies":[{"embeddable":true,"href":"https:\/\/www.cn-semiconductorparts.com\/pl\/wp-json\/wp\/v2\/comments?post=2186"}],"wp:featuredmedia":[{"embeddable":true,"href":"https:\/\/www.cn-semiconductorparts.com\/pl\/wp-json\/wp\/v2\/media\/868"}],"wp:attachment":[{"href":"https:\/\/www.cn-semiconductorparts.com\/pl\/wp-json\/wp\/v2\/media?parent=2186"}],"wp:term":[{"taxonomy":"product_brand","embeddable":true,"href":"https:\/\/www.cn-semiconductorparts.com\/pl\/wp-json\/wp\/v2\/product_brand?post=2186"},{"taxonomy":"product_cat","embeddable":true,"href":"https:\/\/www.cn-semiconductorparts.com\/pl\/wp-json\/wp\/v2\/product_cat?post=2186"},{"taxonomy":"product_tag","embeddable":true,"href":"https:\/\/www.cn-semiconductorparts.com\/pl\/wp-json\/wp\/v2\/product_tag?post=2186"}],"curies":[{"name":"WP","href":"https:\/\/api.w.org\/{rel}","templated":true}]}}