{"id":2191,"date":"2025-09-11T05:33:20","date_gmt":"2025-09-11T05:33:20","guid":{"rendered":"https:\/\/weitai2.globaldeepsea.site\/product\/high-temperature-resistant-graphite-composite-carbon-fiber-felt\/"},"modified":"2026-04-29T15:28:14","modified_gmt":"2026-04-29T07:28:14","slug":"high-temperature-resistant-graphite-composite-carbon-fiber-felt","status":"publish","type":"product","link":"https:\/\/www.cn-semiconductorparts.com\/pl\/product\/high-temperature-resistant-graphite-composite-carbon-fiber-felt\/","title":{"rendered":"Odporny na grafit z kompozytowym w\u0142\u00f3knem w\u0119glowym w wysokiej temperaturze"},"content":{"rendered":"<div class=\"fl-builder-content fl-builder-content-3652 fl-builder-content-primary fl-builder-global-templates-locked\" data-post-id=\"3652\">\n<div class=\"fl-row fl-row-full-width fl-row-bg-none fl-node-657028527f7b4\" data-node=\"657028527f7b4\">\n<div class=\"fl-row-content-wrap\">\n<div class=\"fl-row-content fl-row-full-width fl-node-content\">\n<div class=\"fl-col-group fl-node-657028527f7f6\" data-node=\"657028527f7f6\">\n<div class=\"fl-col fl-node-657028527f836\" data-node=\"657028527f836\" style=\"width: 100%;\">\n<div class=\"fl-col-content fl-node-content\">\n<div class=\"fl-module fl-module-heading fl-node-657028527f8b4\" data-animation-delay=\"0.0\" data-node=\"657028527f8b4\">\n<div class=\"fl-module-content fl-node-content\">\n<h3 class=\"fl-heading\"> <span class=\"fl-heading-text\">Szczeg\u00f3\u0142y produktu<\/span> <\/h3>\n<\/p><\/div>\n<\/p><\/div>\n<div class=\"fl-module fl-module-rich-text fl-node-657028527f875\" data-animation-delay=\"0.0\" data-node=\"657028527f875\">\n<div class=\"fl-module-content fl-node-content\">\n<div class=\"fl-rich-text\">\n<table border=\"0\" cellspacing=\"0\">\n<tbody>\n<tr>\n<td valign=\"center\" width=\"337\">\n<p>Nazwa produktu<\/p>\n<\/td>\n<td valign=\"center\" width=\"330\">\n<p>Graphit Fintr<\/p>\n<\/td>\n<\/tr>\n<tr>\n<td valign=\"center\" width=\"337\">\n<p>Sk\u0142ad chemiczny<\/p>\n<\/td>\n<td valign=\"center\" width=\"330\">\n<p>W\u0142\u00f3kno w\u0119glowe<\/p>\n<\/td>\n<\/tr>\n<tr>\n<td valign=\"center\" width=\"337\">\n<p>G\u0119sto\u015b\u0107 luzem<\/p>\n<\/td>\n<td valign=\"center\" width=\"330\">\n<p>0.12-0.14g\/cm3<\/p>\n<\/td>\n<\/tr>\n<tr>\n<td valign=\"center\" width=\"337\">\n<p>Zawarto\u015b\u0107 w\u0119gla<\/p>\n<\/td>\n<td valign=\"center\" width=\"330\">\n<p>&gt; = 99%<\/p>\n<\/td>\n<\/tr>\n<tr>\n<td valign=\"center\" width=\"337\">\n<p>Wytrzyma\u0142o\u015b\u0107 na rozci\u0105ganie<\/p>\n<\/td>\n<td valign=\"center\" width=\"330\">\n<p>0.14Mpa<\/p>\n<\/td>\n<\/tr>\n<tr>\n<td valign=\"center\" width=\"337\">\n<p>Przewodno\u015b\u0107 cieplna (1150 \u2103)<\/p>\n<\/td>\n<td valign=\"center\" width=\"330\">\n<p>0,08 ~ 0,14 W\/mk<\/p>\n<\/td>\n<\/tr>\n<tr>\n<td valign=\"center\" width=\"337\">\n<p>Popi\u00f3\u0142<\/p>\n<\/td>\n<td valign=\"center\" width=\"330\">\n<p>&lt;= 0,005%<\/p>\n<\/td>\n<\/tr>\n<tr>\n<td valign=\"center\" width=\"337\">\n<p>Mia\u017cd\u017c\u0105cy stres<\/p>\n<\/td>\n<td valign=\"center\" width=\"330\">\n<p>8-10N\/cm<\/p>\n<\/td>\n<\/tr>\n<tr>\n<td valign=\"center\" width=\"337\">\n<p>Grubo\u015b\u0107<\/p>\n<\/td>\n<td valign=\"center\" width=\"330\">\n<p>1-10mm<\/p>\n<\/td>\n<\/tr>\n<tr>\n<td valign=\"center\" width=\"337\">\n<p>Temperatura przetwarzania<\/p>\n<\/td>\n<td valign=\"center\" width=\"330\">\n<p>2500(\u2103)<\/p>\n<\/td>\n<\/tr>\n<\/tbody>\n<\/table><\/div>\n<\/p><\/div>\n<\/p><\/div>\n<\/p><\/div>\n<\/p><\/div>\n<\/p><\/div>\n<div class=\"fl-col-group fl-node-657028527f970\" data-node=\"657028527f970\">\n<div class=\"fl-col fl-node-657028527f9af fl-col-small\" data-node=\"657028527f9af\" style=\"width: 50%;\">\n<div class=\"fl-col-content fl-node-content\">\n<div class=\"fl-module fl-module-rich-text fl-node-657028527f8f3\" data-animation-delay=\"0.0\" data-node=\"657028527f8f3\">\n<div class=\"fl-module-content fl-node-content\">\n<div class=\"fl-rich-text\">\n<p>G\u0119sto\u015b\u0107 obj\u0119to\u015bci (g\/cm3): 0,22-0,28<br \/>Wytrzyma\u0142o\u015b\u0107 na rozci\u0105ganie (MPA): 2.5 (deformacja 5%)<br \/>Przewodnictwo cieplne (w\/mk): 0,15-0,25 (25) 0,40-0,45 (1400)<br \/>Specyficzna oporno\u015b\u0107 (OHM.CM): 0,18-0.22<br \/>Zawarto\u015b\u0107 w\u0119gla (%): \u226599<br \/>Zawarto\u015b\u0107 popio\u0142u (%): \u22640,6<br \/>Absorpcja wilgoci (%): \u22641,6<br \/>Skala oczyszczania: czysto\u015b\u0107 wysoko\u015bci<br \/>Temperatura przetwarzania: 1450-2000<\/p>\n<\/p><\/div>\n<\/p><\/div>\n<\/p><\/div>\n<\/p><\/div>\n<\/p><\/div>\n<div class=\"fl-col fl-node-657028527fce1 fl-col-small\" data-node=\"657028527fce1\" style=\"width: 50%;\">\n<div class=\"fl-col-content fl-node-content\">\n<div class=\"fl-module fl-module-photo fl-node-657028527fd20\" data-animation-delay=\"0.0\" data-node=\"657028527fd20\">\n<div class=\"fl-module-content fl-node-content\">\n<div class=\"fl-photo fl-photo-align-center\" itemscope=\"\" itemtype=\"http:\/\/schema.org\/ImageObject\">\n<div class=\"fl-photo-content fl-photo-img-png\"> <img decoding=\"async\" alt=\"\u5fae\u4fe1\u622a\u56fe_20231206153325(1)\" class=\"fl-photo-img wp-image-5469\" itemprop=\"image\" src=\"\/wp-content\/uploads\/2025\/09\/a0b4a0f68ee12bac.webp\"> <\/img><\/div>\n<\/p><\/div>\n<\/p><\/div>\n<\/p><\/div>\n<\/p><\/div>\n<\/p><\/div>\n<\/p><\/div>\n<div class=\"fl-col-group fl-node-657028527fc25\" data-node=\"657028527fc25\">\n<div class=\"fl-col fl-node-657028527fc64\" data-node=\"657028527fc64\" style=\"width: 50.89%;\">\n<div class=\"fl-col-content fl-node-content\">\n<div class=\"fl-module fl-module-rich-text fl-node-657028527fca3\" data-animation-delay=\"0.0\" data-node=\"657028527fca3\">\n<div class=\"fl-module-content fl-node-content\">\n<div class=\"fl-rich-text\">\n<p>Obecnie dost\u0119pne s\u0105 cztery oceny dostarczania produkt\u00f3w surowych lub przetworzonych:<br \/>SCRF: Purified cured graphite fiber hard felt, heat treatment temperature above 1900\u2103<br \/>SCRF-P: Highly purified RGB hard felt<br \/>SCRF-LTC: Purified solidified graphite fiber hard felt, heat treatment temperature above 1900\u2103, with better thermal insulation performance<br \/>SCRF-LTC-P: Highly purified RGB-LTC hard felt<\/p>\n<\/p><\/div>\n<\/p><\/div>\n<\/p><\/div>\n<\/p><\/div>\n<\/p><\/div>\n<div class=\"fl-col fl-node-657028527fe5a fl-col-small\" data-node=\"657028527fe5a\" style=\"width: 49.11%;\">\n<div class=\"fl-col-content fl-node-content\">\n<div class=\"fl-module fl-module-rich-text fl-node-657028527f9ee\" data-animation-delay=\"0.0\" data-node=\"657028527f9ee\">\n<div class=\"fl-module-content fl-node-content\">\n<div class=\"fl-rich-text\">\n<p>Dost\u0119pny rozmiar:<br \/>P\u0142yta: 1500*1800 (maksymalna) grubo\u015b\u0107 20-200 mm<br \/>Okr\u0105g\u0142y b\u0119ben: 1500*2000 (maksymalny) grubo\u015bci 20-150 mm<br \/>Kwadratowy b\u0119ben: 1500*1500*2000 (maksymalny) grubo\u015b\u0107 60-120 mm<br \/>Aplikacyjny zakres temperatur: 1250-2600<\/p>\n<\/p><\/div>\n<\/p><\/div>\n<\/p><\/div>\n<\/p><\/div>\n<\/p><\/div>\n<\/p><\/div>\n<div class=\"fl-col-group fl-node-657028527fd5f\" data-node=\"657028527fd5f\">\n<div class=\"fl-col fl-node-657028527fd9d fl-col-small\" data-node=\"657028527fd9d\" style=\"width: 50%;\">\n<div class=\"fl-col-content fl-node-content\">\n<div class=\"fl-module fl-module-photo fl-node-657028527fddc\" data-animation-delay=\"0.0\" data-node=\"657028527fddc\">\n<div class=\"fl-module-content fl-node-content\">\n<div class=\"fl-photo fl-photo-align-center\" itemscope=\"\" itemtype=\"http:\/\/schema.org\/ImageObject\">\n<div class=\"fl-photo-content fl-photo-img-png\"> <img decoding=\"async\" alt=\"Corrosion Resistant Graphite Composite Carbon Fiber Felt\" class=\"fl-photo-img wp-image-5462\" itemprop=\"image\" src=\"\/wp-content\/uploads\/2025\/09\/e464b3c8a8f02914.webp\"> <\/img><\/div>\n<\/p><\/div>\n<\/p><\/div>\n<\/p><\/div>\n<\/p><\/div>\n<\/p><\/div>\n<div class=\"fl-col fl-node-657028527fe1b fl-col-small\" data-node=\"657028527fe1b\" style=\"width: 50%;\">\n<div class=\"fl-col-content fl-node-content\">\n<div class=\"fl-module fl-module-rich-text fl-node-657028527f931\" data-animation-delay=\"0.0\" data-node=\"657028527f931\">\n<div class=\"fl-module-content fl-node-content\">\n<div class=\"fl-rich-text\">\n<p>Pola aplikacji:<br \/><span style=\"font-family: Calibri;\">\u2022Piece pr\u00f3\u017cniowe<\/span><br \/><span style=\"font-family: Calibri;\">\u2022Oboj\u0119tne piece gazowe<\/span><br \/><span style=\"font-family: Calibri;\">\u2022Obr\u00f3bka cieplna\u00a0<\/span>(Hartowanie, karbonizacja, lutowanie itp.)<br \/><span style=\"font-family: Calibri;\">\u2022Produkcja w\u0142\u00f3kien w\u0119glowych<\/span><br \/><span style=\"font-family: Calibri;\">\u2022Produkcja twardej metalu<\/span><br \/><span style=\"font-family: Calibri;\">\u2022Aplikacje spiekania<\/span><br \/><span style=\"font-family: Calibri;\">\u2022Techniczna produkcja ceramiczna<\/span><br \/><span style=\"font-family: Calibri;\">\u2022Wybrze\u017ce CVD\/PVD<\/span><\/p>\n<\/p><\/div>\n<\/p><\/div>\n<\/p><\/div>\n<\/p><\/div>\n<\/p><\/div>\n<\/p><\/div>\n<div class=\"fl-col-group fl-node-657028527faea\" data-node=\"657028527faea\">\n<div class=\"fl-col fl-node-657028527fb29 fl-col-small\" data-node=\"657028527fb29\" style=\"width: 50%;\">\n<div class=\"fl-col-content fl-node-content\">\n<div class=\"fl-module fl-module-photo fl-node-657028527fb68\" data-animation-delay=\"0.0\" data-node=\"657028527fb68\">\n<div class=\"fl-module-content fl-node-content\">\n<div class=\"fl-photo fl-photo-align-center\" itemscope=\"\" itemtype=\"http:\/\/schema.org\/ImageObject\">\n<div class=\"fl-photo-content fl-photo-img-png\"> <img decoding=\"async\" alt=\"High-Performance Graphite Composite Carbon Fiber Felt\" class=\"fl-photo-img wp-image-5456\" itemprop=\"image\" src=\"\/wp-content\/uploads\/2025\/09\/9d70c5193301a8eb.webp\"> <\/img><\/div>\n<\/p><\/div>\n<\/p><\/div>\n<\/p><\/div>\n<\/p><\/div>\n<\/p><\/div>\n<div class=\"fl-col fl-node-657028527fbe6 fl-col-small\" data-node=\"657028527fbe6\" style=\"width: 50%;\">\n<div class=\"fl-col-content fl-node-content\">\n<div class=\"fl-module fl-module-photo fl-node-657028527fba7\" data-animation-delay=\"0.0\" data-node=\"657028527fba7\">\n<div class=\"fl-module-content fl-node-content\">\n<div class=\"fl-photo fl-photo-align-center\" itemscope=\"\" itemtype=\"http:\/\/schema.org\/ImageObject\">\n<div class=\"fl-photo-content fl-photo-img-png\"> <img decoding=\"async\" alt=\"High Quality Graphite Rigid Felt\" class=\"fl-photo-img wp-image-5441\" itemprop=\"image\" src=\"\/wp-content\/uploads\/2025\/09\/8017096f567a1956.webp\"> <\/img><\/div>\n<\/p><\/div>\n<\/p><\/div>\n<\/p><\/div>\n<\/p><\/div>\n<\/p><\/div>\n<\/p><\/div>\n<div class=\"fl-col-group fl-node-657028527fa2e\" data-node=\"657028527fa2e\">\n<div class=\"fl-col fl-node-657028527fa6d\" data-node=\"657028527fa6d\" style=\"width: 100%;\">\n<div class=\"fl-col-content fl-node-content\">\n<div class=\"fl-module fl-module-photo fl-node-657028527faab\" data-animation-delay=\"0.0\" data-node=\"657028527faab\">\n<div class=\"fl-module-content fl-node-content\">\n<div class=\"fl-photo fl-photo-align-center\" itemscope=\"\" itemtype=\"http:\/\/schema.org\/ImageObject\">\n<div class=\"fl-photo-content fl-photo-img-png\"> <img decoding=\"async\" alt=\"SDFS\" class=\"fl-photo-img wp-image-2397\" itemprop=\"image\" src=\"\/wp-content\/uploads\/2025\/09\/26eb965d6cf57638.webp\"> <\/img><\/div>\n<\/p><\/div>\n<\/p><\/div>\n<\/p><\/div>\n<\/p><\/div>\n<\/p><\/div>\n<\/p><\/div>\n<div class=\"fl-col-group fl-node-66177d0a26ef3\" data-node=\"66177d0a26ef3\">\n<div class=\"fl-col fl-node-66177d0a270c5\" data-node=\"66177d0a270c5\" style=\"width: 100%;\">\n<div class=\"fl-col-content fl-node-content\">\n<div class=\"fl-module fl-module-photo fl-node-66177d0a26d2c\" data-animation-delay=\"0.0\" data-node=\"66177d0a26d2c\">\n<div class=\"fl-module-content fl-node-content\">\n<div class=\"fl-photo fl-photo-align-center\" itemscope=\"\" itemtype=\"http:\/\/schema.org\/ImageObject\">\n<div class=\"fl-photo-content fl-photo-img-jpg\"> <img decoding=\"async\" alt=\"Miejsce pracy p\u00f3\u0142cesy\" class=\"fl-photo-img wp-image-7286\" itemprop=\"image\" src=\"\/wp-content\/uploads\/2025\/09\/b1dd0bcab1675ff4.webp\"> <\/img><\/div>\n<\/p><\/div>\n<\/p><\/div>\n<\/p><\/div>\n<div class=\"fl-module fl-module-photo fl-node-66177d149298f\" data-animation-delay=\"0.0\" data-node=\"66177d149298f\">\n<div class=\"fl-module-content fl-node-content\">\n<div class=\"fl-photo fl-photo-align-center\" itemscope=\"\" itemtype=\"http:\/\/schema.org\/ImageObject\">\n<div class=\"fl-photo-content fl-photo-img-jpg\"> <img decoding=\"async\" alt=\"P\u00f3\u0142cera robocza miejsce 2\" class=\"fl-photo-img wp-image-7287\" itemprop=\"image\" src=\"\/wp-content\/uploads\/2025\/09\/2b946d2b4b61306d.webp\"> <\/img><\/div>\n<\/p><\/div>\n<\/p><\/div>\n<\/p><\/div>\n<div class=\"fl-module fl-module-photo fl-node-66177d13adb17\" data-animation-delay=\"0.0\" data-node=\"66177d13adb17\">\n<div class=\"fl-module-content fl-node-content\">\n<div class=\"fl-photo fl-photo-align-center\" itemscope=\"\" itemtype=\"http:\/\/schema.org\/ImageObject\">\n<div class=\"fl-photo-content fl-photo-img-jpg\"> <img decoding=\"async\" alt=\"Maszyna sprz\u0119tu\" class=\"fl-photo-img wp-image-7288\" itemprop=\"image\" src=\"\/wp-content\/uploads\/2025\/09\/081b6529d68ead23.webp\"> <\/img><\/div>\n<\/p><\/div>\n<\/p><\/div>\n<\/p><\/div>\n<div class=\"fl-module fl-module-photo fl-node-66177d12e084a\" data-animation-delay=\"0.0\" data-node=\"66177d12e084a\">\n<div class=\"fl-module-content fl-node-content\">\n<div class=\"fl-photo fl-photo-align-center\" itemscope=\"\" itemtype=\"http:\/\/schema.org\/ImageObject\">\n<div class=\"fl-photo-content fl-photo-img-jpg\"> <img decoding=\"async\" alt=\"Przetwarzanie CNN, czyszczenie chemiczne, pow\u0142oka CVD\" class=\"fl-photo-img wp-image-7289\" itemprop=\"image\" src=\"\/wp-content\/uploads\/2025\/09\/a4132b2b399abbac.webp\"\/> <\/div>\n<\/p><\/div>\n<\/p><\/div>\n<\/p><\/div>\n<div class=\"fl-module fl-module-photo fl-node-66177d121515c\" data-animation-delay=\"0.0\" data-node=\"66177d121515c\">\n<div class=\"fl-module-content fl-node-content\">\n<div class=\"fl-photo fl-photo-align-center\" itemscope=\"\" itemtype=\"http:\/\/schema.org\/ImageObject\">\n<div class=\"fl-photo-content fl-photo-img-jpg\"> <img decoding=\"async\" alt=\"Nasza us\u0142uga\" class=\"fl-photo-img wp-image-7290\" itemprop=\"image\" src=\"\/wp-content\/uploads\/2025\/09\/b07f222c0ec0ab8d.webp\"\/> <\/div>\n<\/p><\/div>\n<\/p><\/div>\n<\/p><\/div>\n<\/p><\/div>\n<\/p><\/div>\n<\/p><\/div>\n<\/p><\/div>\n<\/p><\/div>\n<\/p><\/div>\n<\/div>","protected":false},"excerpt":{"rendered":"<p>Semicera\u00a0Semiconductor is a leading supplier specializing in wafers and advanced semiconductor consumables.\u00a0We are dedicated to providing high-quality, reliable, and innovative products to semiconductor manufacturing, the\u00a0photovoltaic industry,\u00a0and other related fields.Our product line includes SiC\/TaC coated graphite products and ceramic products, encompassing various materials such as silicon carbide, silicon nitride, aluminum oxide, etc.As a trusted supplier, we understand the importance of consumables in the manufacturing process, and we are committed to delivering products that meet the highest quality standards to fulfill our customers\u2019 needs.<\/p>","protected":false},"featured_media":893,"comment_status":"closed","ping_status":"open","template":"","meta":[],"product_brand":[],"product_cat":[29,30],"product_tag":[],"class_list":{"0":"post-2191","1":"product","2":"type-product","3":"status-publish","4":"has-post-thumbnail","6":"product_cat-carbon-fiber","7":"product_cat-hard-felt","9":"first","10":"instock","11":"product-type-simple"},"_links":{"self":[{"href":"https:\/\/www.cn-semiconductorparts.com\/pl\/wp-json\/wp\/v2\/product\/2191","targetHints":{"allow":["GET"]}}],"collection":[{"href":"https:\/\/www.cn-semiconductorparts.com\/pl\/wp-json\/wp\/v2\/product"}],"about":[{"href":"https:\/\/www.cn-semiconductorparts.com\/pl\/wp-json\/wp\/v2\/types\/product"}],"replies":[{"embeddable":true,"href":"https:\/\/www.cn-semiconductorparts.com\/pl\/wp-json\/wp\/v2\/comments?post=2191"}],"wp:featuredmedia":[{"embeddable":true,"href":"https:\/\/www.cn-semiconductorparts.com\/pl\/wp-json\/wp\/v2\/media\/893"}],"wp:attachment":[{"href":"https:\/\/www.cn-semiconductorparts.com\/pl\/wp-json\/wp\/v2\/media?parent=2191"}],"wp:term":[{"taxonomy":"product_brand","embeddable":true,"href":"https:\/\/www.cn-semiconductorparts.com\/pl\/wp-json\/wp\/v2\/product_brand?post=2191"},{"taxonomy":"product_cat","embeddable":true,"href":"https:\/\/www.cn-semiconductorparts.com\/pl\/wp-json\/wp\/v2\/product_cat?post=2191"},{"taxonomy":"product_tag","embeddable":true,"href":"https:\/\/www.cn-semiconductorparts.com\/pl\/wp-json\/wp\/v2\/product_tag?post=2191"}],"curies":[{"name":"WP","href":"https:\/\/api.w.org\/{rel}","templated":true}]}}