{"id":2198,"date":"2025-09-11T05:33:20","date_gmt":"2025-09-11T05:33:20","guid":{"rendered":"https:\/\/weitai2.globaldeepsea.site\/product\/anti-oxidation-good-performance-sic-bonded-si3n4-shed-board\/"},"modified":"2026-04-29T15:28:17","modified_gmt":"2026-04-29T07:28:17","slug":"anti-oxidation-good-performance-sic-bonded-si3n4-shed-board","status":"publish","type":"product","link":"https:\/\/www.cn-semiconductorparts.com\/pl\/product\/anti-oxidation-good-performance-sic-bonded-si3n4-shed-board\/","title":{"rendered":"Anty utlenianie, dobra wydajno\u015b\u0107 SIC SI3N4 Shed Board"},"content":{"rendered":"<p><?xml encoding=\"utf-8\" ?><\/p>\n<div class=\"fl-builder-content fl-builder-content-3548 fl-builder-content-primary fl-builder-global-templates-locked\" data-post-id=\"3548\">\n<div class=\"fl-row fl-row-full-width fl-row-bg-none fl-node-64e823568c912\" data-node=\"64e823568c912\">\n<div class=\"fl-row-content-wrap\">\n<div class=\"fl-row-content fl-row-full-width fl-node-content\">\n<div class=\"fl-col-group fl-node-64e823568cb42\" data-node=\"64e823568cb42\">\n<div class=\"fl-col fl-node-64e823568cb7f\" data-node=\"64e823568cb7f\" style=\"width: 100%;\">\n<div class=\"fl-col-content fl-node-content\">\n<div class=\"fl-module fl-module-rich-text fl-node-64e823568cac8\" data-animation-delay=\"0.0\" data-node=\"64e823568cac8\">\n<div class=\"fl-module-content fl-node-content\">\n<div class=\"fl-rich-text\">\n<p>Azotek krzemu w po\u0142\u0105czeniu z piecem w\u0119gla krzemu ma charakterystyk\u0119 wytrzyma\u0142o\u015bci wysokiej temperatury, dobrej odporno\u015bci na wstrz\u0105sy termiczne, \u0142atw\u0105 deformacj\u0119, odporno\u015b\u0107 na utlenianie, odporno\u015b\u0107 na korozj\u0119, dobr\u0105 przewodno\u015b\u0107 ciepln\u0105 i tak dalej.<\/p>\n<\/p><\/div>\n<\/p><\/div>\n<\/p><\/div>\n<\/p><\/div>\n<\/p><\/div>\n<\/p><\/div>\n<div class=\"fl-col-group fl-node-64e823568cbfa\" data-node=\"64e823568cbfa\">\n<div class=\"fl-col fl-node-64e823568cc37\" data-node=\"64e823568cc37\" style=\"width: 100%;\">\n<div class=\"fl-col-content fl-node-content\">\n<div class=\"fl-module fl-module-photo fl-node-64e823568cbbc\" data-animation-delay=\"0.0\" data-node=\"64e823568cbbc\">\n<div class=\"fl-module-content fl-node-content\">\n<div class=\"fl-photo fl-photo-align-center\" itemscope=\"\" itemtype=\"http:\/\/schema.org\/ImageObject\">\n<div class=\"fl-photo-content fl-photo-img-png\"> <img decoding=\"async\" alt=\"Meble pieca (5)\" class=\"fl-photo-img wp-image-3556\" itemprop=\"image\" src=\"\/wp-content\/uploads\/2025\/09\/17caa7a8241f8bcc.webp\"> <\/div>\n<\/p><\/div>\n<\/p><\/div>\n<\/p><\/div>\n<\/p><\/div>\n<\/p><\/div>\n<\/p><\/div>\n<div class=\"fl-col-group fl-node-64e823568c953\" data-node=\"64e823568c953\">\n<div class=\"fl-col fl-node-64e823568c98c\" data-node=\"64e823568c98c\" style=\"width: 100%;\">\n<div class=\"fl-col-content fl-node-content\">\n<div class=\"fl-module fl-module-heading fl-node-64e823568c9c9\" data-animation-delay=\"0.0\" data-node=\"64e823568c9c9\">\n<div class=\"fl-module-content fl-node-content\">\n<h3 class=\"fl-heading\"> <span class=\"fl-heading-text\">G\u0142\u00f3wne wska\u017aniki wydajno\u015bci<\/span> <\/h3>\n<\/p><\/div>\n<\/p><\/div>\n<div class=\"fl-module fl-module-rich-text fl-node-64e823568ca0f\" data-animation-delay=\"0.0\" data-node=\"64e823568ca0f\">\n<div class=\"fl-module-content fl-node-content\">\n<div class=\"fl-rich-text\">\n<table border=\"0\" cellspacing=\"0\">\n<tbody>\n<tr>\n<td valign=\"bottom\" width=\"213\">\n<p style=\"text-align: center;\">Przedmiot<\/p>\n<\/td>\n<td valign=\"bottom\" width=\"132\">\n<p align=\"center\">Indeks Firebrick<\/p>\n<\/td>\n<td valign=\"bottom\" width=\"132\">\n<p align=\"center\">Specyfikacja pieca<\/p>\n<\/td>\n<td valign=\"bottom\" width=\"174\">\n<p align=\"center\">Indeks produktu w kszta\u0142cie<\/p>\n<\/td>\n<\/tr>\n<tr>\n<td valign=\"bottom\" width=\"213\">\n<p align=\"center\"><span style=\"font-family: Calibri;\">Pozorna porowato\u015b\u0107<\/span><span style=\"font-family: &#23435;&#20307;;\">&#65288;<\/span><span style=\"font-family: Calibri;\">%<\/span><span style=\"font-family: &#23435;&#20307;;\">&#65289;<\/span><\/p>\n<\/td>\n<td valign=\"bottom\" width=\"132\">\n<p align=\"center\"><span style=\"font-family: Calibri;\">&lt;16<\/span><\/p>\n<\/td>\n<td valign=\"bottom\" width=\"132\">\n<p align=\"center\"><span style=\"font-family: Calibri;\">&lt;16<\/span><\/p>\n<\/td>\n<td valign=\"bottom\" width=\"174\">\n<p align=\"center\"><span style=\"font-family: Calibri;\">&lt;14<\/span><\/p>\n<\/td>\n<\/tr>\n<tr>\n<td valign=\"bottom\" width=\"213\">\n<p align=\"center\"><span style=\"font-family: Calibri;\">G\u0119sto\u015b\u0107 luzem<\/span><span style=\"font-family: &#23435;&#20307;;\">&#65288;<\/span><span style=\"font-family: Calibri;\">g\/cm3<\/span><span style=\"font-family: &#23435;&#20307;;\">&#65289;<\/span><\/p>\n<\/td>\n<td valign=\"bottom\" width=\"132\">\n<p align=\"center\"><span style=\"font-family: Calibri;\">2 2.65<\/span><\/p>\n<\/td>\n<td valign=\"bottom\" width=\"132\">\n<p align=\"center\"><span style=\"font-family: Calibri;\">2 2.65<\/span><\/p>\n<\/td>\n<td valign=\"bottom\" width=\"174\">\n<p align=\"center\"><span style=\"font-family: Calibri;\">2 2.68<\/span><\/p>\n<\/td>\n<\/tr>\n<tr>\n<td valign=\"bottom\" width=\"213\">\n<p align=\"center\"><span style=\"font-family: Calibri;\">Wytrzyma\u0142o\u015b\u0107 na \u015bciskanie w temperaturze pokojowej<\/span><span style=\"font-family: &#23435;&#20307;;\">&#65288;<\/span><span style=\"font-family: Calibri;\">MPA<\/span><span style=\"font-family: &#23435;&#20307;;\">&#65289;<\/span><\/p>\n<\/td>\n<td valign=\"bottom\" width=\"132\">\n<p align=\"center\"><span style=\"font-family: Calibri;\">2 160<\/span><\/p>\n<\/td>\n<td valign=\"bottom\" width=\"132\">\n<p align=\"center\"><span style=\"font-family: Calibri;\">2 170<\/span><\/p>\n<\/td>\n<td valign=\"bottom\" width=\"174\">\n<p align=\"center\"><span style=\"font-family: Calibri;\">2 180<\/span><\/p>\n<\/td>\n<\/tr>\n<tr>\n<td valign=\"bottom\" width=\"213\">\n<p align=\"center\"><span style=\"font-family: Calibri;\">Si\u0142a zginania w temperaturze pokojowej<\/span><span style=\"font-family: &#23435;&#20307;;\">&#65288;<\/span><span style=\"font-family: Calibri;\">1400X<\/span><span style=\"font-family: &#23435;&#20307;;\">&#65306;<\/span><span style=\"font-family: &#23435;&#20307;;\">&#65289;<\/span> <span style=\"font-family: Calibri;\">MPA<\/span><\/p>\n<\/td>\n<td valign=\"bottom\" width=\"132\">\n<p align=\"center\"><span style=\"font-family: Calibri;\">2 40<\/span><\/p>\n<\/td>\n<td valign=\"bottom\" width=\"132\">\n<p align=\"center\"><span style=\"font-family: Calibri;\">2 45<\/span><\/p>\n<\/td>\n<td valign=\"bottom\" width=\"174\">\n<p align=\"center\"><span style=\"font-family: Calibri;\">2 45<\/span><\/p>\n<\/td>\n<\/tr>\n<tr>\n<td valign=\"bottom\" width=\"213\">\n<p align=\"center\"><span style=\"font-family: Calibri;\">Wysokiej temperatury si\u0142a zginania<\/span><span style=\"font-family: &#23435;&#20307;;\">&#65288;<\/span><span style=\"font-family: Calibri;\">1400r <\/span><span style=\"font-family: &#23435;&#20307;;\">&#65289;<\/span> <span style=\"font-family: Calibri;\">MPA<\/span><\/p>\n<\/td>\n<td valign=\"bottom\" width=\"132\">\n<p align=\"center\"><span style=\"font-family: Calibri;\">2 50<\/span><\/p>\n<\/td>\n<td valign=\"bottom\" width=\"132\">\n<p align=\"center\"><span style=\"font-family: Calibri;\">2 50<\/span><\/p>\n<\/td>\n<td valign=\"bottom\" width=\"174\">\n<p align=\"center\"><span style=\"font-family: Calibri;\">2 50<\/span><\/p>\n<\/td>\n<\/tr>\n<tr>\n<td valign=\"top\" width=\"213\">\n<p align=\"center\"><span style=\"font-family: Calibri;\">Wsp\u00f3\u0142czynnik rozszerzalno\u015bci cieplnej<\/span><span style=\"font-family: &#23435;&#20307;;\">&#65288;<\/span><span style=\"font-family: Calibri;\">110CTC<\/span><span style=\"font-family: &#23435;&#20307;;\">&#65289; <\/span><span style=\"font-family: Calibri;\">xiovc<\/span><\/p>\n<\/td>\n<td valign=\"top\" width=\"132\">\n<p align=\"center\"><span style=\"font-family: Calibri;\">&lt;4.18<\/span><\/p>\n<\/td>\n<td valign=\"top\" width=\"132\">\n<p align=\"center\"><span style=\"font-family: Calibri;\">&lt;4.18<\/span><\/p>\n<\/td>\n<td valign=\"top\" width=\"174\">\n<p align=\"center\"><span style=\"font-family: Calibri;\">&lt;4.18<\/span><\/p>\n<\/td>\n<\/tr>\n<tr>\n<td valign=\"top\" width=\"213\">\n<p align=\"center\"><span style=\"font-family: Calibri;\">Przewodno\u015b\u0107 cieplna<\/span><span style=\"font-family: &#23435;&#20307;;\">&#65288;<\/span><span style=\"font-family: Calibri;\">1100C<\/span><span style=\"font-family: &#23435;&#20307;;\">&#65289;<\/span><\/p>\n<\/td>\n<td valign=\"top\" width=\"132\">\n<p align=\"center\"><span style=\"font-family: Calibri;\">216<\/span><\/p>\n<\/td>\n<td valign=\"top\" width=\"132\">\n<p align=\"center\"><span style=\"font-family: Calibri;\">2 16<\/span><\/p>\n<\/td>\n<td valign=\"top\" width=\"174\">\n<p align=\"center\"><span style=\"font-family: Calibri;\">216<\/span><\/p>\n<\/td>\n<\/tr>\n<tr>\n<td valign=\"top\" width=\"213\">\n<p align=\"center\"><span style=\"font-family: Calibri;\">Refraktory<\/span><span style=\"font-family: &#23435;&#20307;;\">&#65288;<\/span><span style=\"font-family: &#23435;&#20307;;\">&deg;<\/span><span style=\"font-family: Calibri;\">C <\/span>&#65289;<\/p>\n<\/td>\n<td valign=\"top\" width=\"132\">\n<p align=\"center\"><span style=\"font-family: Calibri;\">1800<\/span><\/p>\n<\/td>\n<td valign=\"top\" width=\"132\">\n<p align=\"center\"><span style=\"font-family: Calibri;\">1800<\/span><\/p>\n<\/td>\n<td valign=\"top\" width=\"174\">\n<p align=\"center\"><span style=\"font-family: Calibri;\">1800<\/span><\/p>\n<\/td>\n<\/tr>\n<tr>\n<td valign=\"top\" width=\"213\">\n<p align=\"center\"><span style=\"font-family: Calibri;\">0,2 MPa<\/span>&nbsp;<span style=\"font-family: Calibri;\">Zmi\u0119kczenie temperatury pod obci\u0105\u017ceniem<\/span><span style=\"font-family: &#23435;&#20307;;\">&#65288;<\/span><span style=\"font-family: Calibri;\">X<\/span><span style=\"font-family: &#23435;&#20307;;\">&#65306;&#65289;<\/span><\/p>\n<\/td>\n<td valign=\"top\" width=\"132\">\n<p align=\"center\"><span style=\"font-family: Calibri;\">1600<\/span><\/p>\n<\/td>\n<td valign=\"top\" width=\"132\">\n<p align=\"center\"><span style=\"font-family: Calibri;\">1600<\/span><\/p>\n<\/td>\n<td valign=\"top\" width=\"174\">\n<p align=\"center\"><span style=\"font-family: Calibri;\">&gt; 1700<\/span><\/p>\n<\/td>\n<\/tr>\n<tr>\n<td valign=\"bottom\" width=\"213\">\n<p align=\"center\"><span style=\"font-family: Calibri;\">Maksymalna temperatura robocza <\/span><span style=\"font-family: &#23435;&#20307;;\">&#65288;<\/span><span style=\"font-family: &#23435;&#20307;;\">&deg;<\/span><span style=\"font-family: Calibri;\">C<\/span>&#65289;<\/p>\n<\/td>\n<td valign=\"bottom\" width=\"132\">\n<p align=\"center\"><span style=\"font-family: Calibri;\">1550<\/span><\/p>\n<\/td>\n<td valign=\"bottom\" width=\"132\">\n<p align=\"center\"><span style=\"font-family: Calibri;\">1550<\/span><\/p>\n<\/td>\n<td valign=\"bottom\" width=\"174\">\n<p align=\"center\"><span style=\"font-family: Calibri;\">1550<\/span><\/p>\n<\/td>\n<\/tr>\n<\/tbody>\n<\/table><\/div>\n<\/p><\/div>\n<\/p><\/div>\n<\/p><\/div>\n<\/p><\/div>\n<\/p><\/div>\n<div class=\"fl-col-group fl-node-64e823568ca4d\" data-node=\"64e823568ca4d\">\n<div class=\"fl-col fl-node-64e823568ca8a\" data-node=\"64e823568ca8a\" style=\"width: 100%;\">\n<div class=\"fl-col-content fl-node-content\">\n<div class=\"fl-module fl-module-rich-text fl-node-64e823568cb05\" data-animation-delay=\"0.0\" data-node=\"64e823568cb05\">\n<div class=\"fl-module-content fl-node-content\">\n<div class=\"fl-rich-text\">\n<p>Produkty s\u0105 szeroko stosowane w ceramicznym szlifowaniu, wysokim aluminium, aluminium porcelanowym, piecu przemys\u0142owym, elektronicznej ceramice, porcelanie elektrycznej o wysokim napi\u0119ciu, naczyniach sanitarnych, codziennej porcelanie, ze stopu azotku i ceramice piankowej oraz innych bran\u017cach.<\/p>\n<\/p><\/div>\n<\/p><\/div>\n<\/p><\/div>\n<\/p><\/div>\n<\/p><\/div>\n<\/p><\/div>\n<div class=\"fl-col-group fl-node-64e823568cc74\" data-node=\"64e823568cc74\">\n<div class=\"fl-col fl-node-64e823568ccb1\" data-node=\"64e823568ccb1\" style=\"width: 100%;\">\n<div class=\"fl-col-content fl-node-content\">\n<div class=\"fl-module fl-module-photo fl-node-64e823568ccef\" data-animation-delay=\"0.0\" data-node=\"64e823568ccef\">\n<div class=\"fl-module-content fl-node-content\">\n<div class=\"fl-photo fl-photo-align-center\" itemscope=\"\" itemtype=\"http:\/\/schema.org\/ImageObject\">\n<div class=\"fl-photo-content fl-photo-img-png\"> <img decoding=\"async\" alt=\"Meble do pieca (7)\" class=\"fl-photo-img wp-image-3557\" itemprop=\"image\" src=\"\/wp-content\/uploads\/2025\/09\/efe2eddc39b69e3d.webp\"> <\/div>\n<\/p><\/div>\n<\/p><\/div>\n<\/p><\/div>\n<\/p><\/div>\n<\/p><\/div>\n<\/p><\/div>\n<div class=\"fl-col-group fl-node-66177b513a28c\" data-node=\"66177b513a28c\">\n<div class=\"fl-col fl-node-66177b513a463\" data-node=\"66177b513a463\" style=\"width: 100%;\">\n<div class=\"fl-col-content fl-node-content\">\n<div class=\"fl-module fl-module-rich-text fl-node-66177b513a139\" data-animation-delay=\"0.0\" data-node=\"66177b513a139\">\n<div class=\"fl-module-content fl-node-content\">\n<div class=\"fl-rich-text\">\n<p style=\"text-align: center;\"><\/p>\n<p><img decoding=\"async\" alt=\"Maszyna sprz\u0119tu\" class=\"aligncenter\" src=\"\/wp-content\/uploads\/2025\/09\/081b6529d68ead23.webp\"><img decoding=\"async\" alt=\"Przetwarzanie CNN, czyszczenie chemiczne, pow\u0142oka CVD\" class=\"size-full wp-image-7289 aligncenter\" src=\"\/wp-content\/uploads\/2025\/09\/a4132b2b399abbac.webp\"><\/p>\n<\/p>\n<p>&nbsp;<\/p>\n<\/p><\/div>\n<\/p><\/div>\n<\/p><\/div>\n<\/p><\/div>\n<\/p><\/div>\n<\/p><\/div>\n<\/p><\/div>\n<\/p><\/div>\n<\/p><\/div>\n<\/div>","protected":false},"excerpt":{"rendered":"<p><?xml encoding=\"utf-8\" ?><\/p>\n<p>Semicera&nbsp;Energy Technology Co., Ltd. is a leading supplier specializing in wafer and advanced semiconductor consumables.&nbsp;We are dedicated to providing high-quality, reliable, and innovative products to semiconductor manufacturing,&nbsp;photovoltaic industry&nbsp;and other related fields.Our product line includes SiC\/TaC coated graphite products and ceramic products, encompassing various materials such as silicon carbide, silicon nitride, and aluminum oxide and etc.As a trusted supplier, we understand the importance of consumables in the manufacturing process, and we are committed to delivering products that meet the highest quality standards to fulfill our customers&rsquo; needs.<\/p>","protected":false},"featured_media":1285,"comment_status":"closed","ping_status":"open","template":"","meta":[],"product_brand":[],"product_cat":[31,32],"product_tag":[],"class_list":{"0":"post-2198","1":"product","2":"type-product","3":"status-publish","4":"has-post-thumbnail","6":"product_cat-more-ceramic-products","7":"product_cat-sic-si3n4-ceramic","9":"first","10":"instock","11":"product-type-simple"},"_links":{"self":[{"href":"https:\/\/www.cn-semiconductorparts.com\/pl\/wp-json\/wp\/v2\/product\/2198","targetHints":{"allow":["GET"]}}],"collection":[{"href":"https:\/\/www.cn-semiconductorparts.com\/pl\/wp-json\/wp\/v2\/product"}],"about":[{"href":"https:\/\/www.cn-semiconductorparts.com\/pl\/wp-json\/wp\/v2\/types\/product"}],"replies":[{"embeddable":true,"href":"https:\/\/www.cn-semiconductorparts.com\/pl\/wp-json\/wp\/v2\/comments?post=2198"}],"wp:featuredmedia":[{"embeddable":true,"href":"https:\/\/www.cn-semiconductorparts.com\/pl\/wp-json\/wp\/v2\/media\/1285"}],"wp:attachment":[{"href":"https:\/\/www.cn-semiconductorparts.com\/pl\/wp-json\/wp\/v2\/media?parent=2198"}],"wp:term":[{"taxonomy":"product_brand","embeddable":true,"href":"https:\/\/www.cn-semiconductorparts.com\/pl\/wp-json\/wp\/v2\/product_brand?post=2198"},{"taxonomy":"product_cat","embeddable":true,"href":"https:\/\/www.cn-semiconductorparts.com\/pl\/wp-json\/wp\/v2\/product_cat?post=2198"},{"taxonomy":"product_tag","embeddable":true,"href":"https:\/\/www.cn-semiconductorparts.com\/pl\/wp-json\/wp\/v2\/product_tag?post=2198"}],"curies":[{"name":"WP","href":"https:\/\/api.w.org\/{rel}","templated":true}]}}