{"id":2205,"date":"2025-09-11T05:33:20","date_gmt":"2025-09-11T05:33:20","guid":{"rendered":"https:\/\/weitai2.globaldeepsea.site\/product\/high-temperature-resistant-silicon-carbide-ceramic-saggar\/"},"modified":"2026-04-29T15:28:20","modified_gmt":"2026-04-29T07:28:20","slug":"high-temperature-resistant-silicon-carbide-ceramic-saggar","status":"publish","type":"product","link":"https:\/\/www.cn-semiconductorparts.com\/pl\/product\/high-temperature-resistant-silicon-carbide-ceramic-saggar\/","title":{"rendered":"High temperature resistant silicon carbide ceramic saggar"},"content":{"rendered":"<div class=\"fl-builder-content fl-builder-content-3451 fl-builder-content-primary fl-builder-global-templates-locked\" data-post-id=\"3451\">\n<div class=\"fl-row fl-row-full-width fl-row-bg-none fl-node-64e5b76c7a136\" data-node=\"64e5b76c7a136\">\n<div class=\"fl-row-content-wrap\">\n<div class=\"fl-row-content fl-row-full-width fl-node-content\">\n<div class=\"fl-col-group fl-node-64e5b76c7a177\" data-node=\"64e5b76c7a177\">\n<div class=\"fl-col fl-node-64e5b76c7a1b5\" data-node=\"64e5b76c7a1b5\" style=\"width: 100%;\">\n<div class=\"fl-col-content fl-node-content\">\n<div class=\"fl-module fl-module-rich-text fl-node-64e5b76c7a1f2\" data-animation-delay=\"0.0\" data-node=\"64e5b76c7a1f2\">\n<div class=\"fl-module-content fl-node-content\">\n<div class=\"fl-rich-text\">\n<p>Krzemowa w\u0119glika to nowy rodzaj ceramiki o wysokich kosztach i doskona\u0142ych w\u0142a\u015bciwo\u015bciach materia\u0142u. Ze wzgl\u0119du na cechy, takie jak wysoka wytrzyma\u0142o\u015b\u0107 i twardo\u015b\u0107, odporno\u015b\u0107 na wysok\u0105 temperatur\u0119, du\u017c\u0105 przewodno\u015b\u0107 ciepln\u0105 i odporno\u015b\u0107 na korozj\u0119 chemiczn\u0105, w\u0119glika krzemu mo\u017ce prawie wytrzyma\u0107 ca\u0142\u0105 substancj\u0119 chemiczn\u0105. Dlatego SIC s\u0105 szeroko stosowane w wydobywaniu oleju, chemikalia, maszyn i przestrzeni powietrznej, nawet energii j\u0105drowej, a wojsko maj\u0105 szczeg\u00f3lne wymagania dotycz\u0105ce SIC. Niekt\u00f3re normalne zastosowanie, kt\u00f3re mo\u017cemy zaoferowa\u0107, to pier\u015bcienie uszczelniaj\u0105ce dla pompy, zaworu i zbroi ochronnej itp.<\/p>\n<p>Jeste\u015bmy w stanie zaprojektowa\u0107 i produkowa\u0107 zgodnie z Twoimi konkretnymi wymiarami o dobrej jako\u015bci i rozs\u0105dnym czasie dostarczania.\u00a0<\/p>\n<\/p><\/div>\n<\/p><\/div>\n<\/p><\/div>\n<\/p><\/div>\n<\/p><\/div>\n<\/p><\/div>\n<div class=\"fl-col-group fl-node-64e5b76c7a3e1\" data-node=\"64e5b76c7a3e1\">\n<div class=\"fl-col fl-node-64e5b76c7a405\" data-node=\"64e5b76c7a405\" style=\"width: 100%;\">\n<div class=\"fl-col-content fl-node-content\">\n<div class=\"fl-module fl-module-photo fl-node-64e5b76c7a443\" data-animation-delay=\"0.0\" data-node=\"64e5b76c7a443\">\n<div class=\"fl-module-content fl-node-content\">\n<div class=\"fl-photo fl-photo-align-center\" itemscope=\"\" itemtype=\"http:\/\/schema.org\/ImageObject\">\n<div class=\"fl-photo-content fl-photo-img-png\"> <img decoding=\"async\" alt=\"Silicon Carbide Sagger (3)\" class=\"fl-photo-img wp-image-3462\" itemprop=\"image\" src=\"\/wp-content\/uploads\/2025\/09\/56f344ad44030037.webp\"> <\/img><\/div>\n<\/p><\/div>\n<\/p><\/div>\n<\/p><\/div>\n<\/p><\/div>\n<\/p><\/div>\n<\/p><\/div>\n<div class=\"fl-col-group fl-node-64e5b76c7a230\" data-node=\"64e5b76c7a230\">\n<div class=\"fl-col fl-node-64e5b76c7a26d\" data-node=\"64e5b76c7a26d\" style=\"width: 100%;\">\n<div class=\"fl-col-content fl-node-content\">\n<div class=\"fl-module fl-module-rich-text fl-node-64e5b76c7a2aa\" data-animation-delay=\"0.0\" data-node=\"64e5b76c7a2aa\">\n<div class=\"fl-module-content fl-node-content\">\n<div class=\"fl-rich-text\">\n<p><span style=\"font-family: Calibri;\">Zastosowania:<\/span><\/p>\n<p><span style=\"font-family: Calibri;\">-Pole odporne na zu\u017cycie: tuleja, talerz, dysz\u0119 piaskow\u0105, podszewka cyklonowa, lufa szlifierska itp.\u2026<\/span><\/p>\n<p><span style=\"font-family: Calibri;\">-Pole w wysokiej temperaturze: p\u0142yta SIC, rurka do pieca hartuj\u0105ca, rurka promieniowa, tygiel, element grzewczy, wa\u0142ek, wi\u0105zka, wymiennik ciep\u0142a, rura zimnego powietrza, dysza palnika, rura ochronna termopary, \u0142\u00f3d\u017a SIC, struktura samochodu pieca, setter itp.<\/span><\/p>\n<p><span style=\"font-family: Calibri;\">-Wojskowe pole kuloodporne<\/span><\/p>\n<p><span style=\"font-family: Calibri;\">-Krzemowy p\u00f3\u0142przewodnik: \u0142\u00f3d\u017a waflowa SIC, SIC Chuck, SIC Paddle, SIC Cassette, rurka dyfuzyjna SIC, widelca op\u0142at, p\u0142yta ss\u0105ca, droga prowadz\u0105ca itp.<\/span><\/p>\n<p><span style=\"font-family: Calibri;\">-Krzemowa piecz\u0119\u0107 z w\u0119glik\u00f3w krzemowych: wszelkiego rodzaju pier\u015bcie\u0144 uszczelniaj\u0105cy, \u0142o\u017cysko, tuleja itp.<\/span><\/p>\n<p><span style=\"font-family: Calibri;\">-Pole fotowoltaiczne: \u0142opatka wspornikowa, ga\u0142ka szlifierska, wa\u0142ek w\u0119gla krzemu itp.<\/span><\/p>\n<p><span style=\"font-family: Calibri;\">-Pole baterii litowej<\/span><\/p>\n<\/p><\/div>\n<\/p><\/div>\n<\/p><\/div>\n<\/p><\/div>\n<\/p><\/div>\n<\/p><\/div>\n<div class=\"fl-col-group fl-node-64e5b76c7a480\" data-node=\"64e5b76c7a480\">\n<div class=\"fl-col fl-node-64e5b76c7a4bd\" data-node=\"64e5b76c7a4bd\" style=\"width: 100%;\">\n<div class=\"fl-col-content fl-node-content\">\n<div class=\"fl-module fl-module-gallery fl-node-64e5b76c7a4fa\" data-animation-delay=\"0.0\" data-node=\"64e5b76c7a4fa\">\n<div class=\"fl-module-content fl-node-content\">\n<div class=\"fl-mosaicflow\">\n<div class=\"fl-mosaicflow-content\">\n<div class=\"fl-mosaicflow-item\">\n<div class=\"fl-photo fl-photo-align-center\" itemscope=\"\" itemtype=\"http:\/\/schema.org\/ImageObject\">\n<div class=\"fl-photo-content fl-photo-img-png\"> <a href=\"\/pl\/uploads\/28ff221e11.webp\/\" itemprop=\"url\" target=\"_self\"> <img decoding=\"async\" alt=\"Untitled-1\" class=\"fl-photo-img wp-image-2492\" itemprop=\"image\" src=\"\/wp-content\/uploads\/2025\/09\/7d66089f241eb2fc.webp\"> <\/img><\/a> <\/div>\n<\/p><\/div>\n<\/p><\/div>\n<div class=\"fl-mosaicflow-item\">\n<div class=\"fl-photo fl-photo-align-center\" itemscope=\"\" itemtype=\"http:\/\/schema.org\/ImageObject\">\n<div class=\"fl-photo-content fl-photo-img-png\"> <a href=\"\/pl\/uploads\/52e9658a1.webp\/\" itemprop=\"url\" target=\"_self\"> <img decoding=\"async\" alt=\"Untitled-2\" class=\"fl-photo-img wp-image-2493\" itemprop=\"image\" src=\"\/wp-content\/uploads\/2025\/09\/215e03cfbaafb311.webp\"> <\/img><\/a> <\/div>\n<\/p><\/div>\n<\/p><\/div>\n<div class=\"fl-mosaicflow-item\">\n<div class=\"fl-photo fl-photo-align-center\" itemscope=\"\" itemtype=\"http:\/\/schema.org\/ImageObject\">\n<div class=\"fl-photo-content fl-photo-img-png\"> <a href=\"\/pl\/uploads\/ff7efb55.webp\/\" itemprop=\"url\" target=\"_self\"> <img decoding=\"async\" alt=\"Untitled-3\" class=\"fl-photo-img wp-image-2494\" itemprop=\"image\" src=\"\/wp-content\/uploads\/2025\/09\/778f96ab4cfc0733.webp\"> <\/img><\/a> <\/div>\n<\/p><\/div>\n<\/p><\/div>\n<\/p><\/div>\n<div class=\"fl-clear\"><\/div>\n<\/p><\/div>\n<\/p><\/div>\n<\/p><\/div>\n<\/p><\/div>\n<\/p><\/div>\n<\/p><\/div>\n<div class=\"fl-col-group fl-node-64e5b76c7a538\" data-node=\"64e5b76c7a538\">\n<div class=\"fl-col fl-node-64e5b76c7a575\" data-node=\"64e5b76c7a575\" style=\"width: 100%;\">\n<div class=\"fl-col-content fl-node-content\">\n<div class=\"fl-module fl-module-rich-text fl-node-64e5b76c7a5b2\" data-animation-delay=\"0.0\" data-node=\"64e5b76c7a5b2\">\n<div class=\"fl-module-content fl-node-content\">\n<div class=\"fl-rich-text\">\n<p data-section=\"0\">1, Znakomita wysoka przewodno\u015b\u0107 cieplna: Przewodno\u015b\u0107 cieplna jest znacznie wy\u017csza ni\u017c inne materia\u0142y odporne na korozj\u0119; U\u017cyj mniejszej powierzchni wymiany ciep\u0142a, aby uzyska\u0107 t\u0119 sam\u0105 wydajno\u015b\u0107 wymiany ciep\u0142a; Pozwala na mniejsze rozmiary wymiennika ciep\u0142a; Znacznie zmniejsz zaj\u0119t\u0105 \u200b\u200bprzestrze\u0144 i zmniejszy\u0107 koszty u\u017cytkowania;<\/p>\n<p data-section=\"1\">2, Znakomita odporno\u015b\u0107 na korozj\u0119: przy bardzo wysokiej odporno\u015bci na korozj\u0119, oporno\u015b\u0107 na utlenianie i oporno\u015b\u0107 na erozj\u0119 mog\u0105 wytrzyma\u0107 wysokie st\u0119\u017cenie kwasu siarkowego, kwasu azotowego, kwasu fosforowego, kwasu mieszanego, silnego alkalicznego, utleniacza itp., Z doskona\u0142\u0105 \u017cywotno\u015bci\u0105 us\u0142ug;<\/p>\n<p data-section=\"2\">3, doskona\u0142e w\u0142a\u015bciwo\u015bci termodynamiczne: doskona\u0142e w\u0142a\u015bciwo\u015bci termodynamiczne o wysokiej wytrzyma\u0142o\u015bci i wysokiej twardo\u015bci; Silna odporno\u015b\u0107 na zu\u017cycie i odporno\u015b\u0107 na przepuszczalno\u015b\u0107 przy skrajnym wysokiej temperaturze i ci\u015bnieniu; Pozw\u00f3l medium przej\u015b\u0107 z du\u017c\u0105 pr\u0119dko\u015bci\u0105; Mo\u017cna go stosowa\u0107 normalnie w wysokiej temperaturze 1300 \u2103.<\/p>\n<\/p><\/div>\n<\/p><\/div>\n<\/p><\/div>\n<\/p><\/div>\n<\/p><\/div>\n<\/p><\/div>\n<div class=\"fl-col-group fl-node-64e5b76c7a2e9\" data-node=\"64e5b76c7a2e9\">\n<div class=\"fl-col fl-node-64e5b76c7a326\" data-node=\"64e5b76c7a326\" style=\"width: 100%;\">\n<div class=\"fl-col-content fl-node-content\">\n<div class=\"fl-module fl-module-heading fl-node-64e5b76c7a3a0\" data-animation-delay=\"0.0\" data-node=\"64e5b76c7a3a0\">\n<div class=\"fl-module-content fl-node-content\">\n<h3 class=\"fl-heading\"> <span class=\"fl-heading-text\">Parametry techniczne<\/span> <\/h3>\n<\/p><\/div>\n<\/p><\/div>\n<div class=\"fl-module fl-module-photo fl-node-64e5b76c7a363\" data-animation-delay=\"0.0\" data-node=\"64e5b76c7a363\">\n<div class=\"fl-module-content fl-node-content\">\n<div class=\"fl-photo fl-photo-align-center\" itemscope=\"\" itemtype=\"http:\/\/schema.org\/ImageObject\">\n<div class=\"fl-photo-content fl-photo-img-png\"> <img decoding=\"async\" alt=\"Zdj\u0119cie 1\" class=\"fl-photo-img wp-image-2429\" itemprop=\"image\" src=\"\/wp-content\/uploads\/2025\/09\/e16a8a56d25ff317.webp\"> <\/img><\/div>\n<\/p><\/div>\n<\/p><\/div>\n<\/p><\/div>\n<\/p><\/div>\n<\/p><\/div>\n<\/p><\/div>\n<\/p><\/div>\n<\/p><\/div>\n<\/p><\/div>\n<\/div>","protected":false},"excerpt":{"rendered":"<p>Semicera\u2019s high temperature resistant silicon carbide ceramic saggers are carefully designed to withstand extreme thermal environments and are ideal for a variety of high temperature applications. Made of high-quality silicon carbide, the saggers have excellent durability and thermal stability to ensure reliable performance in the most demanding processes. Semicera prides itself on providing high-quality customized solutions that meet your specific needs. Semicera looks forward to being your long-term partner in China.<\/p>","protected":false},"featured_media":930,"comment_status":"closed","ping_status":"open","template":"","meta":[],"product_brand":[],"product_cat":[25,24],"product_tag":[],"class_list":{"0":"post-2205","1":"product","2":"type-product","3":"status-publish","4":"has-post-thumbnail","6":"product_cat-more-sic-product","7":"product_cat-silicon-carbide-ceramic","9":"first","10":"instock","11":"product-type-simple"},"_links":{"self":[{"href":"https:\/\/www.cn-semiconductorparts.com\/pl\/wp-json\/wp\/v2\/product\/2205","targetHints":{"allow":["GET"]}}],"collection":[{"href":"https:\/\/www.cn-semiconductorparts.com\/pl\/wp-json\/wp\/v2\/product"}],"about":[{"href":"https:\/\/www.cn-semiconductorparts.com\/pl\/wp-json\/wp\/v2\/types\/product"}],"replies":[{"embeddable":true,"href":"https:\/\/www.cn-semiconductorparts.com\/pl\/wp-json\/wp\/v2\/comments?post=2205"}],"wp:featuredmedia":[{"embeddable":true,"href":"https:\/\/www.cn-semiconductorparts.com\/pl\/wp-json\/wp\/v2\/media\/930"}],"wp:attachment":[{"href":"https:\/\/www.cn-semiconductorparts.com\/pl\/wp-json\/wp\/v2\/media?parent=2205"}],"wp:term":[{"taxonomy":"product_brand","embeddable":true,"href":"https:\/\/www.cn-semiconductorparts.com\/pl\/wp-json\/wp\/v2\/product_brand?post=2205"},{"taxonomy":"product_cat","embeddable":true,"href":"https:\/\/www.cn-semiconductorparts.com\/pl\/wp-json\/wp\/v2\/product_cat?post=2205"},{"taxonomy":"product_tag","embeddable":true,"href":"https:\/\/www.cn-semiconductorparts.com\/pl\/wp-json\/wp\/v2\/product_tag?post=2205"}],"curies":[{"name":"WP","href":"https:\/\/api.w.org\/{rel}","templated":true}]}}