{"id":2207,"date":"2025-09-11T05:33:20","date_gmt":"2025-09-11T05:33:20","guid":{"rendered":"https:\/\/weitai2.globaldeepsea.site\/product\/semiconductor-recrystallized-silicon-carbide-boat\/"},"modified":"2026-04-29T15:28:20","modified_gmt":"2026-04-29T07:28:20","slug":"semiconductor-recrystallized-silicon-carbide-boat","status":"publish","type":"product","link":"https:\/\/www.cn-semiconductorparts.com\/pl\/product\/semiconductor-recrystallized-silicon-carbide-boat\/","title":{"rendered":"Semiconductor recrystallized silicon carbide boat"},"content":{"rendered":"<div class=\"fl-builder-content fl-builder-content-3517 fl-builder-content-primary fl-builder-global-templates-locked\" data-post-id=\"3517\">\n<div class=\"fl-row fl-row-full-width fl-row-bg-none fl-node-64e713f0cbbc0\" data-node=\"64e713f0cbbc0\">\n<div class=\"fl-row-content-wrap\">\n<div class=\"fl-row-content fl-row-full-width fl-node-content\">\n<div class=\"fl-col-group fl-node-64e713f0cbe0a\" data-node=\"64e713f0cbe0a\">\n<div class=\"fl-col fl-node-64e713f0cbe4c\" data-node=\"64e713f0cbe4c\" style=\"width: 100%;\">\n<div class=\"fl-col-content fl-node-content\">\n<div class=\"fl-module fl-module-rich-text fl-node-64e713f0cbe8f\" data-animation-delay=\"0.0\" data-node=\"64e713f0cbe8f\">\n<div class=\"fl-module-content fl-node-content\">\n<div class=\"fl-rich-text\">\n<p>Krzemowa w\u0119glika to nowy rodzaj ceramiki o wysokich kosztach i doskona\u0142ych w\u0142a\u015bciwo\u015bciach materia\u0142u. Ze wzgl\u0119du na cechy, takie jak wysoka wytrzyma\u0142o\u015b\u0107 i twardo\u015b\u0107, odporno\u015b\u0107 na wysok\u0105 temperatur\u0119, du\u017c\u0105 przewodno\u015b\u0107 ciepln\u0105 i odporno\u015b\u0107 na korozj\u0119 chemiczn\u0105, w\u0119glika krzemu mo\u017ce prawie wytrzyma\u0107 ca\u0142\u0105 substancj\u0119 chemiczn\u0105. Dlatego SIC s\u0105 szeroko stosowane w wydobywaniu oleju, chemikalia, maszyn i przestrzeni powietrznej, nawet energii j\u0105drowej, a wojsko maj\u0105 szczeg\u00f3lne wymagania dotycz\u0105ce SIC. Niekt\u00f3re normalne zastosowanie, kt\u00f3re mo\u017cemy zaoferowa\u0107, to pier\u015bcienie uszczelniaj\u0105ce dla pompy, zaworu i zbroi ochronnej itp.<\/p>\n<p>Jeste\u015bmy w stanie zaprojektowa\u0107 i produkowa\u0107 zgodnie z Twoimi konkretnymi wymiarami o dobrej jako\u015bci i rozs\u0105dnym czasie dostarczania.\u00a0<\/p>\n<\/p><\/div>\n<\/p><\/div>\n<\/p><\/div>\n<\/p><\/div>\n<\/p><\/div>\n<\/p><\/div>\n<div class=\"fl-col-group fl-node-64e713f0cbed1\" data-node=\"64e713f0cbed1\">\n<div class=\"fl-col fl-node-64e713f0cbf14\" data-node=\"64e713f0cbf14\" style=\"width: 100%;\">\n<div class=\"fl-col-content fl-node-content\">\n<div class=\"fl-module fl-module-photo fl-node-64e713f0cbf57\" data-animation-delay=\"0.0\" data-node=\"64e713f0cbf57\">\n<div class=\"fl-module-content fl-node-content\">\n<div class=\"fl-photo fl-photo-align-center\" itemscope=\"\" itemtype=\"http:\/\/schema.org\/ImageObject\">\n<div class=\"fl-photo-content fl-photo-img-jpg\"> <img decoding=\"async\" alt=\"\u5fae\u4fe1\u56fe\u7247_20230719092847\" class=\"fl-photo-img wp-image-2331\" itemprop=\"image\" src=\"\/wp-content\/uploads\/2025\/09\/9cb15e6ca591879f.webp\"> <\/img><\/div>\n<\/p><\/div>\n<\/p><\/div>\n<\/p><\/div>\n<\/p><\/div>\n<\/p><\/div>\n<\/p><\/div>\n<div class=\"fl-col-group fl-node-64e713f0cbd43\" data-node=\"64e713f0cbd43\">\n<div class=\"fl-col fl-node-64e713f0cbd85 fl-col-small\" data-node=\"64e713f0cbd85\" style=\"width: 50%;\">\n<div class=\"fl-col-content fl-node-content\">\n<div class=\"fl-module fl-module-rich-text fl-node-64e713f0cbdc8\" data-animation-delay=\"0.0\" data-node=\"64e713f0cbdc8\">\n<div class=\"fl-module-content fl-node-content\">\n<div class=\"fl-rich-text\">\n<p><span style=\"font-family: Calibri;\">A<\/span>dvantages:<\/p>\n<p>Odporno\u015b\u0107 na utlenianie w wysokiej temperaturze<\/p>\n<p>Doskona\u0142a odporno\u015b\u0107 na korozj\u0119<\/p>\n<p>Dobra odporno\u015b\u0107 na \u015bcieranie<\/p>\n<p>Wysoki wsp\u00f3\u0142czynnik przewodno\u015bci cieplnej<br \/>Samoob\u00f3jstwo, niska g\u0119sto\u015b\u0107<br \/>Wysoka twardo\u015b\u0107<br \/>Dostosowany projekt.<\/p>\n<\/p><\/div>\n<\/p><\/div>\n<\/p><\/div>\n<\/p><\/div>\n<\/p><\/div>\n<div class=\"fl-col fl-node-64e7141840ab5 fl-col-small\" data-node=\"64e7141840ab5\" style=\"width: 50%;\">\n<div class=\"fl-col-content fl-node-content\">\n<div class=\"fl-module fl-module-photo fl-node-64e713f0cc2d3\" data-animation-delay=\"0.0\" data-node=\"64e713f0cc2d3\">\n<div class=\"fl-module-content fl-node-content\">\n<div class=\"fl-photo fl-photo-align-center\" itemscope=\"\" itemtype=\"http:\/\/schema.org\/ImageObject\">\n<div class=\"fl-photo-content fl-photo-img-png\"> <img decoding=\"async\" alt=\"silicon carbide boat (8)\" class=\"fl-photo-img wp-image-3539\" itemprop=\"image\" src=\"\/wp-content\/uploads\/2025\/09\/32afce203576862d.webp\"> <\/img><\/div>\n<\/p><\/div>\n<\/p><\/div>\n<\/p><\/div>\n<\/p><\/div>\n<\/p><\/div>\n<\/p><\/div>\n<div class=\"fl-col-group fl-node-64e713f0cc246\" data-node=\"64e713f0cc246\">\n<div class=\"fl-col fl-node-64e71423ed33a\" data-node=\"64e71423ed33a\" style=\"width: 100%;\">\n<div class=\"fl-col-content fl-node-content\">\n<div class=\"fl-module fl-module-rich-text fl-node-64e71418404b7\" data-animation-delay=\"0.0\" data-node=\"64e71418404b7\">\n<div class=\"fl-module-content fl-node-content\">\n<div class=\"fl-rich-text\">\n<p>Zastosowania:<\/p>\n<p>-Pole odporne na zu\u017cycie: tuleja, talerz, dysz\u0119 piaskow\u0105, podszewka cyklonowa, lufa szlifierska itp.\u2026<\/p>\n<p>-Pole w wysokiej temperaturze: p\u0142yta SIC, rurka do pieca hartuj\u0105ca, rurka promieniowa, tygiel, element grzewczy, wa\u0142ek, wi\u0105zka, wymiennik ciep\u0142a, rura zimnego powietrza, dysza palnika, rura ochronna termopary, \u0142\u00f3d\u017a SIC, struktura samochodu pieca, setter itp.<\/p>\n<p>-Wojskowe pole kuloodporne<\/p>\n<p>-Krzemowy p\u00f3\u0142przewodnik: \u0142\u00f3d\u017a waflowa SIC, SIC Chuck, SIC Paddle, SIC Cassette, rurka dyfuzyjna SIC, widelca op\u0142at, p\u0142yta ss\u0105ca, droga prowadz\u0105ca itp.<\/p>\n<p>-Krzemowa piecz\u0119\u0107 z w\u0119glik\u00f3w krzemowych: wszelkiego rodzaju pier\u015bcie\u0144 uszczelniaj\u0105cy, \u0142o\u017cysko, tuleja itp.<\/p>\n<p>-Pole fotowoltaiczne: \u0142opatka wspornikowa, ga\u0142ka szlifierska, wa\u0142ek w\u0119gla krzemu itp.<\/p>\n<p>-Pole baterii litowej<\/p>\n<\/p><\/div>\n<\/p><\/div>\n<\/p><\/div>\n<\/p><\/div>\n<\/p><\/div>\n<\/p><\/div>\n<div class=\"fl-col-group fl-node-64e713f0cc062\" data-node=\"64e713f0cc062\">\n<div class=\"fl-col fl-node-64e713f0cc0a2\" data-node=\"64e713f0cc0a2\" style=\"width: 100%;\">\n<div class=\"fl-col-content fl-node-content\">\n<div class=\"fl-module fl-module-heading fl-node-64e713f0cc0eb\" data-animation-delay=\"0.0\" data-node=\"64e713f0cc0eb\">\n<div class=\"fl-module-content fl-node-content\">\n<h3 class=\"fl-heading\"> <span class=\"fl-heading-text\">Parametry techniczne:<\/span> <\/h3>\n<\/p><\/div>\n<\/p><\/div>\n<\/p><\/div>\n<\/p><\/div>\n<\/p><\/div>\n<div class=\"fl-col-group fl-node-64e713f0cbf9a\" data-node=\"64e713f0cbf9a\">\n<div class=\"fl-col fl-node-64e713f0cbfdc\" data-node=\"64e713f0cbfdc\" style=\"width: 100%;\">\n<div class=\"fl-col-content fl-node-content\">\n<div class=\"fl-module fl-module-photo fl-node-64e713f0cc01f\" data-animation-delay=\"0.0\" data-node=\"64e713f0cc01f\">\n<div class=\"fl-module-content fl-node-content\">\n<div class=\"fl-photo fl-photo-align-center\" itemscope=\"\" itemtype=\"http:\/\/schema.org\/ImageObject\">\n<div class=\"fl-photo-content fl-photo-img-png\"> <img decoding=\"async\" alt=\"Zdj\u0119cie 2\" class=\"fl-photo-img wp-image-2332\" itemprop=\"image\" src=\"\/wp-content\/uploads\/2025\/09\/e16a8a56d25ff317.webp\"> <\/img><\/div>\n<\/p><\/div>\n<\/p><\/div>\n<\/p><\/div>\n<\/p><\/div>\n<\/p><\/div>\n<\/p><\/div>\n<div class=\"fl-col-group fl-node-64e713f0cbc8e\" data-node=\"64e713f0cbc8e\">\n<div class=\"fl-col fl-node-64e713f0cbcbd\" data-node=\"64e713f0cbcbd\" style=\"width: 100%;\">\n<div class=\"fl-col-content fl-node-content\">\n<div class=\"fl-module fl-module-gallery fl-node-64e713f0cbcff\" data-animation-delay=\"0.0\" data-node=\"64e713f0cbcff\">\n<div class=\"fl-module-content fl-node-content\">\n<div class=\"fl-mosaicflow\">\n<div class=\"fl-mosaicflow-content\">\n<div class=\"fl-mosaicflow-item\">\n<div class=\"fl-photo fl-photo-align-center\" itemscope=\"\" itemtype=\"http:\/\/schema.org\/ImageObject\">\n<div class=\"fl-photo-content fl-photo-img-png\"> <a href=\"\/pl\/uploads\/Silicon-carbide-crystal-boat-1.webp\/\" itemprop=\"url\" target=\"_self\"> <img decoding=\"async\" alt=\"Silicon carbide crystal boat (1)\" class=\"fl-photo-img wp-image-2806\" itemprop=\"image\" src=\"\/wp-content\/uploads\/2025\/09\/f2e8070ee2238675.webp\"> <\/img><\/a> <\/div>\n<\/p><\/div>\n<\/p><\/div>\n<div class=\"fl-mosaicflow-item\">\n<div class=\"fl-photo fl-photo-align-center\" itemscope=\"\" itemtype=\"http:\/\/schema.org\/ImageObject\">\n<div class=\"fl-photo-content fl-photo-img-png\"> <a href=\"\/pl\/uploads\/Silicon-carbide-crystal-boat-51.webp\/\" itemprop=\"url\" target=\"_self\"> <img decoding=\"async\" alt=\"Silicon carbide crystal boat (5)\" class=\"fl-photo-img wp-image-2808\" itemprop=\"image\" src=\"\/wp-content\/uploads\/2025\/09\/b647901442b4e11e.webp\"> <\/img><\/a> <\/div>\n<\/p><\/div>\n<\/p><\/div>\n<\/p><\/div>\n<div class=\"fl-clear\"><\/div>\n<\/p><\/div>\n<\/p><\/div>\n<\/p><\/div>\n<\/p><\/div>\n<\/p><\/div>\n<\/p><\/div>\n<div class=\"fl-col-group fl-node-64e713f0cc131\" data-node=\"64e713f0cc131\">\n<div class=\"fl-col fl-node-64e713f0cc176\" data-node=\"64e713f0cc176\" style=\"width: 100%;\">\n<div class=\"fl-col-content fl-node-content\">\n<div class=\"fl-module fl-module-heading fl-node-64e713f0cbc4a\" data-animation-delay=\"0.0\" data-node=\"64e713f0cbc4a\">\n<div class=\"fl-module-content fl-node-content\">\n<h3 class=\"fl-heading\"> <span class=\"fl-heading-text\">Materia\u0142 arkusz danych<\/span> <\/h3>\n<\/p><\/div>\n<\/p><\/div>\n<\/p><\/div>\n<\/p><\/div>\n<\/p><\/div>\n<div class=\"fl-col-group fl-node-64e713f0cc1bb\" data-node=\"64e713f0cc1bb\">\n<div class=\"fl-col fl-node-64e713f0cc200\" data-node=\"64e713f0cc200\" style=\"width: 100%;\">\n<div class=\"fl-col-content fl-node-content\">\n<div class=\"fl-module fl-module-rich-text fl-node-64e713f0cbc06\" data-animation-delay=\"0.0\" data-node=\"64e713f0cbc06\">\n<div class=\"fl-module-content fl-node-content\">\n<div class=\"fl-rich-text\">\n<table border=\"0\" cellspacing=\"0\">\n<tbody>\n<tr>\n<td valign=\"center\" width=\"373\">\n<p><span style=\"font-family: \u5b8b\u4f53;\">\u6750\u6599<\/span><span style=\"font-family: Calibri;\">Material<\/span><\/p>\n<\/td>\n<td valign=\"center\" width=\"294\">\n<p>R-sic<\/p>\n<\/td>\n<\/tr>\n<tr>\n<td valign=\"center\" width=\"373\">\n<p><span style=\"font-family: \u5b8b\u4f53;\">U\u017cyj temperatury<\/span><span style=\"font-family: Calibri;\">Temperatura pracy (<\/span><span style=\"font-family: \u5b8b\u4f53;\">\u00b0<\/span><span style=\"font-family: Calibri;\">C)<\/span><\/p>\n<\/td>\n<td valign=\"center\" width=\"294\">\n<p>1600 \u00b0 C (\u00a0<span style=\"font-family: \u5b8b\u4f53;\">Atmosfera utleniania<\/span><span style=\"font-family: Calibri;\">\u015arodowisko utleniaj\u0105ce)<\/span><\/p>\n<p>1700 \u00b0 C (\u00a0<span style=\"font-family: \u5b8b\u4f53;\">Przywr\u00f3\u0107 atmosfer\u0119<\/span><span style=\"font-family: Calibri;\">Zmniejszenie \u015brodowiska)<\/span><\/p>\n<\/td>\n<\/tr>\n<tr>\n<td valign=\"center\" width=\"373\">\n<p>Sic<span style=\"font-family: \u5b8b\u4f53;\">tre\u015b\u0107<\/span><span style=\"font-family: Calibri;\">Tre\u015b\u0107 sic (%)<\/span><\/p>\n<\/td>\n<td valign=\"center\" width=\"294\">\n<p>&gt; 99<\/p>\n<\/td>\n<\/tr>\n<tr>\n<td valign=\"center\" width=\"373\">\n<p><span style=\"font-family: \u5b8b\u4f53;\">bezp\u0142atny<\/span><span style=\"font-family: Calibri;\">Si\u00a0<\/span><span style=\"font-family: \u5b8b\u4f53;\">tre\u015b\u0107<\/span><span style=\"font-family: Calibri;\">Darmowa zawarto\u015b\u0107 SI (%)<\/span><\/p>\n<\/td>\n<td valign=\"center\" width=\"294\">\n<p>&lt; 0.1<\/p>\n<\/td>\n<\/tr>\n<tr>\n<td valign=\"center\" width=\"373\">\n<p><span style=\"font-family: \u5b8b\u4f53;\">G\u0119sto\u015b\u0107 obj\u0119to\u015bci<\/span><span style=\"font-family: Calibri;\">G\u0119sto\u015b\u0107 luzem (g\/cm3)<\/span><\/p>\n<\/td>\n<td valign=\"center\" width=\"294\">\n<p>2.60-2.70<\/p>\n<\/td>\n<\/tr>\n<tr>\n<td valign=\"center\" width=\"373\">\n<p><span style=\"font-family: \u5b8b\u4f53;\">Porowato\u015b\u0107<\/span><span style=\"font-family: Calibri;\">Pozorna porowato\u015b\u0107 (%)<\/span><\/p>\n<\/td>\n<td valign=\"center\" width=\"294\">\n<p>&lt; 16<\/p>\n<\/td>\n<\/tr>\n<tr>\n<td valign=\"center\" width=\"373\">\n<p><span style=\"font-family: \u5b8b\u4f53;\">Si\u0142a \u015bciskaj\u0105ca<\/span><span style=\"font-family: Calibri;\">Si\u0142a kruszenia (MPA)<\/span><\/p>\n<\/td>\n<td valign=\"center\" width=\"294\">\n<p>&gt; 600<\/p>\n<\/td>\n<\/tr>\n<tr>\n<td valign=\"center\" width=\"373\">\n<p><span style=\"font-family: \u5b8b\u4f53;\">Si\u0142a zginania w temperaturze pokojowej<\/span><span style=\"font-family: Calibri;\">Zimna si\u0142a zginania (MPA)<\/span><\/p>\n<\/td>\n<td valign=\"center\" width=\"294\">\n<p>80-90 (20 \u00b0 C)<\/p>\n<\/td>\n<\/tr>\n<tr>\n<td valign=\"center\" width=\"373\">\n<p><span style=\"font-family: \u5b8b\u4f53;\">Wysokiej temperatury si\u0142a zginania<\/span><span style=\"font-family: Calibri;\">Gor\u0105ca si\u0142a zginania (MPA)<\/span><\/p>\n<\/td>\n<td valign=\"center\" width=\"294\">\n<p>90-100 (1400 \u00b0 C)<\/p>\n<\/td>\n<\/tr>\n<tr>\n<td valign=\"center\" width=\"373\">\n<p><span style=\"font-family: \u5b8b\u4f53;\">Wsp\u00f3\u0142czynnik rozszerzalno\u015bci cieplnej<\/span><\/p>\n<p>Wsp\u00f3\u0142czynnik rozszerzalno\u015bci cieplnej @1500 \u00b0 C (10-6\/\u00b0 C)<\/p>\n<\/td>\n<td valign=\"center\" width=\"294\">\n<p>4.70<\/p>\n<\/td>\n<\/tr>\n<tr>\n<td valign=\"center\" width=\"373\">\n<p><span style=\"font-family: \u5b8b\u4f53;\">Przewodno\u015b\u0107 cieplna<\/span><span style=\"font-family: Calibri;\">Przewodnictwo cieplne @1200<\/span><span style=\"font-family: \u5b8b\u4f53;\">\u00b0<\/span><span style=\"font-family: Calibri;\">C (w\/m<\/span><span style=\"font-family: \u5b8b\u4f53;\">\u2022<\/span><span style=\"font-family: Calibri;\">K)<\/span><\/p>\n<\/td>\n<td valign=\"center\" width=\"294\">\n<p>23<\/p>\n<\/td>\n<\/tr>\n<tr>\n<td valign=\"center\" width=\"373\">\n<p><span style=\"font-family: \u5b8b\u4f53;\">Modu\u0142 Younga<\/span><span style=\"font-family: Calibri;\">Modu\u0142 spr\u0119\u017cysty (GPA)<\/span><\/p>\n<\/td>\n<td valign=\"center\" width=\"294\">\n<p>240<\/p>\n<\/td>\n<\/tr>\n<tr>\n<td valign=\"center\" width=\"373\">\n<p><span style=\"font-family: \u5b8b\u4f53;\">Odporno\u015b\u0107 na wstrz\u0105sy termiczne<\/span><span style=\"font-family: Calibri;\">Odporno\u015b\u0107 na wstrz\u0105sy termiczne<\/span><\/p>\n<\/td>\n<td valign=\"center\" width=\"294\">\n<p><span style=\"font-family: \u5b8b\u4f53;\">bardzo dobry<\/span><span style=\"font-family: Calibri;\">Niezwykle dobry<\/span><\/p>\n<\/td>\n<\/tr>\n<\/tbody>\n<\/table><\/div>\n<\/p><\/div>\n<\/p><\/div>\n<\/p><\/div>\n<\/p><\/div>\n<\/p><\/div>\n<\/p><\/div>\n<\/p><\/div>\n<\/p><\/div>\n<\/div>","protected":false},"excerpt":{"rendered":"<p>Semicera\u00a0Energy Technology Co., Ltd. is a leading supplier specializing in wafer and advanced semiconductor consumables.We are dedicated to providing high-quality, reliable, and innovative products to semiconductor manufacturing,photovoltaic industryand other related fields.Our product line includes SiC\/TaC coated graphite products and ceramic products, encompassing various materials such as silicon carbide, silicon nitride, and aluminum oxide and etc.As a trusted supplier, we understand the importance of consumables in the manufacturing process, and we are committed to delivering products that meet the highest quality standards to fulfill our customers\u2019 needs.<\/p>","protected":false},"featured_media":1028,"comment_status":"closed","ping_status":"open","template":"","meta":[],"product_brand":[],"product_cat":[25,24],"product_tag":[],"class_list":{"0":"post-2207","1":"product","2":"type-product","3":"status-publish","4":"has-post-thumbnail","6":"product_cat-more-sic-product","7":"product_cat-silicon-carbide-ceramic","9":"first","10":"instock","11":"product-type-simple"},"_links":{"self":[{"href":"https:\/\/www.cn-semiconductorparts.com\/pl\/wp-json\/wp\/v2\/product\/2207","targetHints":{"allow":["GET"]}}],"collection":[{"href":"https:\/\/www.cn-semiconductorparts.com\/pl\/wp-json\/wp\/v2\/product"}],"about":[{"href":"https:\/\/www.cn-semiconductorparts.com\/pl\/wp-json\/wp\/v2\/types\/product"}],"replies":[{"embeddable":true,"href":"https:\/\/www.cn-semiconductorparts.com\/pl\/wp-json\/wp\/v2\/comments?post=2207"}],"wp:featuredmedia":[{"embeddable":true,"href":"https:\/\/www.cn-semiconductorparts.com\/pl\/wp-json\/wp\/v2\/media\/1028"}],"wp:attachment":[{"href":"https:\/\/www.cn-semiconductorparts.com\/pl\/wp-json\/wp\/v2\/media?parent=2207"}],"wp:term":[{"taxonomy":"product_brand","embeddable":true,"href":"https:\/\/www.cn-semiconductorparts.com\/pl\/wp-json\/wp\/v2\/product_brand?post=2207"},{"taxonomy":"product_cat","embeddable":true,"href":"https:\/\/www.cn-semiconductorparts.com\/pl\/wp-json\/wp\/v2\/product_cat?post=2207"},{"taxonomy":"product_tag","embeddable":true,"href":"https:\/\/www.cn-semiconductorparts.com\/pl\/wp-json\/wp\/v2\/product_tag?post=2207"}],"curies":[{"name":"WP","href":"https:\/\/api.w.org\/{rel}","templated":true}]}}