{"id":2214,"date":"2025-09-11T05:33:27","date_gmt":"2025-09-11T05:33:27","guid":{"rendered":"https:\/\/weitai2.globaldeepsea.site\/product\/reaction-sintered-silicon-carbide-rolls\/"},"modified":"2026-04-29T15:28:07","modified_gmt":"2026-04-29T07:28:07","slug":"reaction-sintered-silicon-carbide-rolls","status":"publish","type":"product","link":"https:\/\/www.cn-semiconductorparts.com\/pl\/product\/reaction-sintered-silicon-carbide-rolls\/","title":{"rendered":"Reaction sintered silicon carbide rolls"},"content":{"rendered":"<div class=\"fl-builder-content fl-builder-content-3413 fl-builder-content-primary fl-builder-global-templates-locked\" data-post-id=\"3413\">\n<div class=\"fl-row fl-row-full-width fl-row-bg-none fl-node-64e5a83d8cf27\" data-node=\"64e5a83d8cf27\">\n<div class=\"fl-row-content-wrap\">\n<div class=\"fl-row-content fl-row-full-width fl-node-content\">\n<div class=\"fl-col-group fl-node-64e5a83d8cf66\" data-node=\"64e5a83d8cf66\">\n<div class=\"fl-col fl-node-64e5a83d8d099 fl-col-small\" data-node=\"64e5a83d8d099\" style=\"width: 43.33%;\">\n<div class=\"fl-col-content fl-node-content\">\n<div class=\"fl-module fl-module-photo fl-node-64e5a83d8d0d2\" data-animation-delay=\"0.0\" data-node=\"64e5a83d8d0d2\">\n<div class=\"fl-module-content fl-node-content\">\n<div class=\"fl-photo fl-photo-align-center\" itemscope=\"\" itemtype=\"http:\/\/schema.org\/ImageObject\">\n<div class=\"fl-photo-content fl-photo-img-png\"> <img decoding=\"async\" alt=\"Silicon Carbide Roller (3)\" class=\"fl-photo-img wp-image-3423\" itemprop=\"image\" src=\"\/wp-content\/uploads\/2025\/09\/9180d2d2d538e770.webp\"> <\/img><\/div>\n<\/p><\/div>\n<\/p><\/div>\n<\/p><\/div>\n<\/p><\/div>\n<\/p><\/div>\n<div class=\"fl-col fl-node-64e5a83d8cfa4\" data-node=\"64e5a83d8cfa4\" style=\"width: 56.67%;\">\n<div class=\"fl-col-content fl-node-content\">\n<div class=\"fl-module fl-module-rich-text fl-node-64e5a83d8d18a\" data-animation-delay=\"0.0\" data-node=\"64e5a83d8d18a\">\n<div class=\"fl-module-content fl-node-content\">\n<div class=\"fl-rich-text\">\n<p>Krzemowa w\u0119glika to nowy rodzaj ceramiki o wysokich kosztach i doskona\u0142ych w\u0142a\u015bciwo\u015bciach materia\u0142u. Ze wzgl\u0119du na cechy, takie jak wysoka wytrzyma\u0142o\u015b\u0107 i twardo\u015b\u0107, odporno\u015b\u0107 na wysok\u0105 temperatur\u0119, du\u017c\u0105 przewodno\u015b\u0107 ciepln\u0105 i odporno\u015b\u0107 na korozj\u0119 chemiczn\u0105, w\u0119glika krzemu mo\u017ce prawie wytrzyma\u0107 ca\u0142\u0105 substancj\u0119 chemiczn\u0105. Dlatego SIC s\u0105 szeroko stosowane w wydobywaniu oleju, chemikalia, maszyn i przestrzeni powietrznej, nawet energii j\u0105drowej, a wojsko maj\u0105 szczeg\u00f3lne wymagania dotycz\u0105ce SIC. Niekt\u00f3re normalne zastosowanie, kt\u00f3re mo\u017cemy zaoferowa\u0107, to pier\u015bcienie uszczelniaj\u0105ce dla pompy, zaworu i zbroi ochronnej itp.<\/p>\n<p>Jeste\u015bmy w stanie zaprojektowa\u0107 i produkowa\u0107 zgodnie z Twoimi konkretnymi wymiarami o dobrej jako\u015bci i rozs\u0105dnym czasie dostarczania.\u00a0<\/p>\n<\/p><\/div>\n<\/p><\/div>\n<\/p><\/div>\n<\/p><\/div>\n<\/p><\/div>\n<\/p><\/div>\n<div class=\"fl-col-group fl-node-64e5a83d8d1c7\" data-node=\"64e5a83d8d1c7\">\n<div class=\"fl-col fl-node-64e5a83d8d204\" data-node=\"64e5a83d8d204\" style=\"width: 100%;\">\n<div class=\"fl-col-content fl-node-content\">\n<div class=\"fl-module fl-module-rich-text fl-node-64e5a83d8d14d\" data-animation-delay=\"0.0\" data-node=\"64e5a83d8d14d\">\n<div class=\"fl-module-content fl-node-content\">\n<div class=\"fl-rich-text\">\n<p data-section=\"0\">Nieprzestrzeni spiekany silikonowy wa\u0142ek w\u0119gla, ci\u015bnienie atmosferyczne spiekane krzemowe produkty ceramiczne, stosowanie ultra-fine krzemowego proszku o wysokiej czysto\u015bci, spiekane w 2450 \u2103 Wysokiej temperatury, zawarto\u015b\u0107 w\u0119gla krzemu o wi\u0119cej ni\u017c 99,1%, g\u0119sto\u015b\u0107 produktu \u22653,10 g\/cm3, bez metalowych impitur\u00f3w, takich jak silikon metalowy.<\/p>\n<p data-section=\"2\">\u25ba Zawarto\u015b\u0107 w\u0119glik\u00f3w krzemowych - \u226599%;<\/p>\n<p data-section=\"4\">\u25ba Oporno\u015b\u0107 w wysokiej temperaturze - normalne u\u017cycie w 1800 \u2103;<\/p>\n<p data-section=\"6\">\u25ba Wysoka przewodno\u015b\u0107 cieplna - por\u00f3wnywalna z przewodno\u015bci\u0105 ciepln\u0105 materia\u0142\u00f3w grafitowych;<\/p>\n<p data-section=\"8\">\u25ba Wysoka twardo\u015b\u0107 - twardo\u015b\u0107 drug\u0105 tylko do diamentu, sze\u015bciennego azotku boru;<\/p>\n<p data-section=\"10\">\u25ba Odporno\u015b\u0107 na korozj\u0119 - silny kwas i alkalia nie maj\u0105 \u017cadnej korozji, odporno\u015b\u0107 na korozj\u0119 jest lepsza ni\u017c w\u0119glik wolframu i tlenku glinu;<\/p>\n<p data-section=\"12\">\u25ba Lekka - g\u0119sto\u015b\u0107 3.10 g\/cm3, blisko aluminium;<\/p>\n<p data-section=\"14\">\u25ba Bez deformacji - bardzo ma\u0142y wsp\u00f3\u0142czynnik rozszerzalno\u015bci cieplnej;<\/p>\n<p data-section=\"16\">\u25ba Odporno\u015b\u0107 na wstrz\u0105sy termiczne - materia\u0142 mo\u017ce wytrzyma\u0107 szybkie zmiany temperatury, odporno\u015b\u0107 na wstrz\u0105sy termiczne, odporno\u015b\u0107 na zimno i ciep\u0142o, stabilna wydajno\u015b\u0107.<\/p>\n<\/p><\/div>\n<\/p><\/div>\n<\/p><\/div>\n<\/p><\/div>\n<\/p><\/div>\n<\/p><\/div>\n<div class=\"fl-col-group fl-node-64e5a854bb849\" data-node=\"64e5a854bb849\">\n<div class=\"fl-col fl-node-64e5a854bb9da\" data-node=\"64e5a854bb9da\" style=\"width: 100%;\">\n<div class=\"fl-col-content fl-node-content\">\n<div class=\"fl-module fl-module-gallery fl-node-64e5a854bb6f9\" data-animation-delay=\"0.0\" data-node=\"64e5a854bb6f9\">\n<div class=\"fl-module-content fl-node-content\">\n<div class=\"fl-mosaicflow\">\n<div class=\"fl-mosaicflow-content\">\n<div class=\"fl-mosaicflow-item\">\n<div class=\"fl-photo fl-photo-align-center\" itemscope=\"\" itemtype=\"http:\/\/schema.org\/ImageObject\">\n<div class=\"fl-photo-content fl-photo-img-png\"> <a href=\"\/pl\/uploads\/Silicon-Carbide-Roller-2.webp\/\" itemprop=\"url\" target=\"_self\"> <img decoding=\"async\" alt=\"Silicon Carbide Roller (2)\" class=\"fl-photo-img wp-image-3425\" itemprop=\"image\" src=\"\/wp-content\/uploads\/2025\/09\/caac4d299af333fd.webp\"> <\/img><\/a> <\/div>\n<\/p><\/div>\n<\/p><\/div>\n<div class=\"fl-mosaicflow-item\">\n<div class=\"fl-photo fl-photo-align-center\" itemscope=\"\" itemtype=\"http:\/\/schema.org\/ImageObject\">\n<div class=\"fl-photo-content fl-photo-img-png\"> <a href=\"\/pl\/uploads\/Silicon-Carbide-Roller-31.webp\/\" itemprop=\"url\" target=\"_self\"> <img decoding=\"async\" alt=\"Silicon Carbide Roller (3)\" class=\"fl-photo-img wp-image-3426\" itemprop=\"image\" src=\"\/wp-content\/uploads\/2025\/09\/b429da6b6ebfccba.webp\"> <\/img><\/a> <\/div>\n<\/p><\/div>\n<\/p><\/div>\n<\/p><\/div>\n<div class=\"fl-clear\"><\/div>\n<\/p><\/div>\n<\/p><\/div>\n<\/p><\/div>\n<\/p><\/div>\n<\/p><\/div>\n<\/p><\/div>\n<div class=\"fl-col-group fl-node-64e5a83d8cfe1\" data-node=\"64e5a83d8cfe1\">\n<div class=\"fl-col fl-node-64e5a83d8d01e fl-col-has-cols\" data-node=\"64e5a83d8d01e\" style=\"width: 100%;\">\n<div class=\"fl-col-content fl-node-content\">\n<div class=\"fl-module fl-module-heading fl-node-64e5a83d8d05c\" data-animation-delay=\"0.0\" data-node=\"64e5a83d8d05c\">\n<div class=\"fl-module-content fl-node-content\">\n<h3 class=\"fl-heading\"> <span class=\"fl-heading-text\">Parametry techniczne:<\/span> <\/h3>\n<\/p><\/div>\n<\/p><\/div>\n<div class=\"fl-col-group fl-node-64e5a83d8d241 fl-col-group-nested\" data-node=\"64e5a83d8d241\">\n<div class=\"fl-col fl-node-64e5a83d8d110\" data-node=\"64e5a83d8d110\" style=\"width: 100%;\">\n<div class=\"fl-col-content fl-node-content\">\n<div class=\"fl-module fl-module-photo fl-node-64e5a87fc1a96\" data-animation-delay=\"0.0\" data-node=\"64e5a87fc1a96\">\n<div class=\"fl-module-content fl-node-content\">\n<div class=\"fl-photo fl-photo-align-center\" itemscope=\"\" itemtype=\"http:\/\/schema.org\/ImageObject\">\n<div class=\"fl-photo-content fl-photo-img-png\"> <img decoding=\"async\" alt=\"Parametry w\u0119glik\u00f3w krzemowych\" class=\"fl-photo-img wp-image-3336\" itemprop=\"image\" src=\"\/wp-content\/uploads\/2025\/09\/bd315bb4aa989ceb.webp\"> <\/img><\/div>\n<\/p><\/div>\n<\/p><\/div>\n<\/p><\/div>\n<\/p><\/div>\n<\/p><\/div>\n<\/p><\/div>\n<\/p><\/div>\n<\/p><\/div>\n<\/p><\/div>\n<\/p><\/div>\n<\/p><\/div>\n<\/p><\/div>\n<\/div>","protected":false},"excerpt":{"rendered":"<p>Semicera\u2019s reaction-sintered silicon carbide rollers are designed for high-performance applications and have excellent wear resistance and thermal stability. These rollers are manufactured using advanced sintering technology to ensure excellent durability and service life in demanding environments. Semicera is committed to providing high-quality products that meet your specific needs, making these silicon carbide rollers a reliable choice for a variety of industrial applications. Semicera looks forward to being your long-term partner in China.<\/p>","protected":false},"featured_media":634,"comment_status":"closed","ping_status":"open","template":"","meta":[],"product_brand":[],"product_cat":[54,26],"product_tag":[],"class_list":{"0":"post-2214","1":"product","2":"type-product","3":"status-publish","4":"has-post-thumbnail","6":"product_cat-gallium-oxide-ga203","7":"product_cat-wafer","9":"first","10":"instock","11":"product-type-simple"},"_links":{"self":[{"href":"https:\/\/www.cn-semiconductorparts.com\/pl\/wp-json\/wp\/v2\/product\/2214","targetHints":{"allow":["GET"]}}],"collection":[{"href":"https:\/\/www.cn-semiconductorparts.com\/pl\/wp-json\/wp\/v2\/product"}],"about":[{"href":"https:\/\/www.cn-semiconductorparts.com\/pl\/wp-json\/wp\/v2\/types\/product"}],"replies":[{"embeddable":true,"href":"https:\/\/www.cn-semiconductorparts.com\/pl\/wp-json\/wp\/v2\/comments?post=2214"}],"wp:featuredmedia":[{"embeddable":true,"href":"https:\/\/www.cn-semiconductorparts.com\/pl\/wp-json\/wp\/v2\/media\/634"}],"wp:attachment":[{"href":"https:\/\/www.cn-semiconductorparts.com\/pl\/wp-json\/wp\/v2\/media?parent=2214"}],"wp:term":[{"taxonomy":"product_brand","embeddable":true,"href":"https:\/\/www.cn-semiconductorparts.com\/pl\/wp-json\/wp\/v2\/product_brand?post=2214"},{"taxonomy":"product_cat","embeddable":true,"href":"https:\/\/www.cn-semiconductorparts.com\/pl\/wp-json\/wp\/v2\/product_cat?post=2214"},{"taxonomy":"product_tag","embeddable":true,"href":"https:\/\/www.cn-semiconductorparts.com\/pl\/wp-json\/wp\/v2\/product_tag?post=2214"}],"curies":[{"name":"WP","href":"https:\/\/api.w.org\/{rel}","templated":true}]}}