{"id":2231,"date":"2025-09-11T13:33:34","date_gmt":"2025-09-11T05:33:34","guid":{"rendered":"https:\/\/weitai2.globaldeepsea.site\/product\/semiconductor-silicon-carbide-wafer-boat\/"},"modified":"2026-04-29T15:27:43","modified_gmt":"2026-04-29T07:27:43","slug":"semiconductor-silicon-carbide-wafer-boat","status":"publish","type":"product","link":"https:\/\/www.cn-semiconductorparts.com\/pl\/product\/semiconductor-silicon-carbide-wafer-boat\/","title":{"rendered":"Semiconductor Silicon Carbide Wafer Boat"},"content":{"rendered":"<div class=\"fl-builder-content fl-builder-content-2900 fl-builder-content-primary fl-builder-global-templates-locked\" data-post-id=\"2900\">\n<div class=\"fl-row fl-row-full-width fl-row-bg-none fl-node-64db27488e2e9\" data-node=\"64db27488e2e9\">\n<div class=\"fl-row-content-wrap\">\n<div class=\"fl-row-content fl-row-full-width fl-node-content\">\n<div class=\"fl-col-group fl-node-64db27488e353\" data-node=\"64db27488e353\">\n<div class=\"fl-col fl-node-64db27488e39a\" style=\"width: 100%\" data-node=\"64db27488e39a\">\n<div class=\"fl-col-content fl-node-content\">\n<div class=\"fl-module fl-module-rich-text fl-node-64db27488e3dc\" data-animation-delay=\"0.0\" data-node=\"64db27488e3dc\">\n<div class=\"fl-module-content fl-node-content\">\n<div class=\"fl-rich-text\">\n<p>Silicon carbide is a new type of ceramic with high cost performance and excellent material properties.&nbsp;Due to features like high strength and hardness, high temperature resistance, great thermal conductivity and chemical corrosion resistance, Silicon Carbide can almost withstand all chemical medium. Therefore, SiC are widely used in oil mining, chemical, machinery and airspace, even nuclear energy and the military have their special demands on SiC. Some normal applications we can offer are seal rings for pump, valve and protective armor etc.<\/p>\n<p>Jeste\u015bmy w stanie zaprojektowa\u0107 i produkowa\u0107 zgodnie z konkretnymi wymiarami o dobrej jako\u015bci i rozs\u0105dnym czasie dostawy.&nbsp;<\/p>\n<p>&nbsp;<\/p>\n<\/div>\n<p>&nbsp;<\/p>\n<\/div>\n<p>&nbsp;<\/p>\n<\/div>\n<p>&nbsp;<\/p>\n<\/div>\n<p>&nbsp;<\/p>\n<\/div>\n<p>&nbsp;<\/p>\n<\/div>\n<div class=\"fl-col-group fl-node-64db27488e41e\" data-node=\"64db27488e41e\">\n<div class=\"fl-col fl-node-64db27488e461 fl-col-small\" style=\"width: 50%\" data-node=\"64db27488e461\">\n<div class=\"fl-col-content fl-node-content\">\n<div class=\"fl-module fl-module-photo fl-node-64db27488e4a3\" data-animation-delay=\"0.0\" data-node=\"64db27488e4a3\">\n<div class=\"fl-module-content fl-node-content\">\n<div class=\"fl-photo fl-photo-align-center\">\n<div class=\"fl-photo-content fl-photo-img-png\"><img decoding=\"async\" class=\"fl-photo-img wp-image-2908\" src=\"\/wp-content\/uploads\/2025\/09\/1594b3af087b4065.webp\" alt=\"Silicon carbide wafer boat (3)\"><\/div>\n<p>&nbsp;<\/p>\n<\/div>\n<p>&nbsp;<\/p>\n<\/div>\n<p>&nbsp;<\/p>\n<\/div>\n<p>&nbsp;<\/p>\n<\/div>\n<p>&nbsp;<\/p>\n<\/div>\n<div class=\"fl-col fl-node-64db27488e528 fl-col-small\" style=\"width: 50%\" data-node=\"64db27488e528\">\n<div class=\"fl-col-content fl-node-content\">\n<div class=\"fl-module fl-module-photo fl-node-64db27488e4e6\" data-animation-delay=\"0.0\" data-node=\"64db27488e4e6\">\n<div class=\"fl-module-content fl-node-content\">\n<div class=\"fl-photo fl-photo-align-center\">\n<div class=\"fl-photo-content fl-photo-img-png\"><img decoding=\"async\" class=\"fl-photo-img wp-image-2911\" src=\"\/wp-content\/uploads\/2025\/09\/10b5847e98e28a42.webp\" alt=\"Silicon carbide wafer boat (6)\"><\/div>\n<p>&nbsp;<\/p>\n<\/div>\n<p>&nbsp;<\/p>\n<\/div>\n<p>&nbsp;<\/p>\n<\/div>\n<p>&nbsp;<\/p>\n<\/div>\n<p>&nbsp;<\/p>\n<\/div>\n<p>&nbsp;<\/p>\n<\/div>\n<div class=\"fl-col-group fl-node-64db27488e56b\" data-node=\"64db27488e56b\">\n<div class=\"fl-col fl-node-64db27488e5ad\" style=\"width: 100%\" data-node=\"64db27488e5ad\">\n<div class=\"fl-col-content fl-node-content\">\n<div class=\"fl-module fl-module-rich-text fl-node-64db27488e5ef\" data-animation-delay=\"0.0\" data-node=\"64db27488e5ef\">\n<div class=\"fl-module-content fl-node-content\">\n<div class=\"fl-rich-text\">\n<p><span style=\"font-family: Calibri\">A<\/span>dvantages:<\/p>\n<p>Odporno\u015b\u0107 na utlenianie w wysokiej temperaturze<\/p>\n<p>Doskona\u0142a odporno\u015b\u0107 na korozj\u0119<\/p>\n<p>Dobra odporno\u015b\u0107 na \u015bcieranie<\/p>\n<p>Wysoki wsp\u00f3\u0142czynnik przewodno\u015bci cieplnej<br \/>Samoob\u00f3jstwo, niska g\u0119sto\u015b\u0107<br \/>Wysoka twardo\u015b\u0107<br \/>Dostosowany projekt.<\/p>\n<p style=\"text-align: center\">&nbsp;<a href=\"\/\/cdn.globalso.com\/semi-cera\/u_1517168053_2200370806fm_253fmt_autoapp_120f_JPEG.webp\"><img decoding=\"async\" class=\"alignnone size-full wp-image-2897\" src=\"\/wp-content\/uploads\/2025\/09\/be44dbae6d0e8afb.webp\" alt=\"u_1517168053_2200370806&amp;fm_253&amp;fmt_auto&amp;app_120&amp;f_JPEG\"><\/a><\/p>\n<p><span style=\"font-family: Calibri\">Zastosowania:<\/span><\/p>\n<p><span style=\"font-family: Calibri\">-Pole odporne na zu\u017cycie: tuleja, talerz, dysz\u0119 piaskow\u0105, podszewka cyklonowa, lufa szlifierska itp.\u2026<\/span><\/p>\n<p><span style=\"font-family: Calibri\">-High Temperature Field: SiC Slab, Quenching Furnace Tube,Radiant Tube,crucible,Heating Element, Roller, Beam, Heat Exchanger, Cold Air Pipe, Burner Nozzle, Thermocouple Protection Tube, SiC boat,Kiln car Structure,Setter,etc.<\/span><\/p>\n<p><span style=\"font-family: Calibri\">-Wojskowe pole kuloodporne<\/span><\/p>\n<p><span style=\"font-family: Calibri\">-Krzemowy p\u00f3\u0142przewodnik: \u0142\u00f3d\u017a waflowa SIC, SIC Chuck, SIC Paddle, SIC Cassette, rurka dyfuzyjna SIC, widelca op\u0142at, p\u0142yta ss\u0105ca, droga prowadz\u0105ca itp.<\/span><\/p>\n<p><span style=\"font-family: Calibri\">-Krzemowa piecz\u0119\u0107 z w\u0119glik\u00f3w krzemowych: wszelkiego rodzaju pier\u015bcie\u0144 uszczelniaj\u0105cy, \u0142o\u017cysko, tuleja itp.<\/span><\/p>\n<p><span style=\"font-family: Calibri\">-Pole fotowoltaiczne: \u0142opatka wspornikowa, ga\u0142ka szlifierska, wa\u0142ek w\u0119gla krzemu itp.<\/span><\/p>\n<p><span style=\"font-family: Calibri\">-Pole baterii litowej<\/span><\/p>\n<p>&nbsp;<\/p>\n<\/div>\n<p>&nbsp;<\/p>\n<\/div>\n<p>&nbsp;<\/p>\n<\/div>\n<p>&nbsp;<\/p>\n<\/div>\n<p>&nbsp;<\/p>\n<\/div>\n<p>&nbsp;<\/p>\n<\/div>\n<div class=\"fl-col-group fl-node-64db27488e73c\" data-node=\"64db27488e73c\">\n<div class=\"fl-col fl-node-64db27488e77e\" style=\"width: 100%\" data-node=\"64db27488e77e\">\n<div class=\"fl-col-content fl-node-content\">\n<div class=\"fl-module fl-module-photo fl-node-64db27488e7c1\" data-animation-delay=\"0.0\" data-node=\"64db27488e7c1\">\n<div class=\"fl-module-content fl-node-content\">\n<div class=\"fl-photo fl-photo-align-center\">\n<div class=\"fl-photo-content fl-photo-img-png\"><img decoding=\"async\" class=\"fl-photo-img wp-image-2906\" src=\"\/wp-content\/uploads\/2025\/09\/08ee27a5028e8f31.webp\" alt=\"Silicon carbide wafer boat (7)\"><\/div>\n<p>&nbsp;<\/p>\n<\/div>\n<p>&nbsp;<\/p>\n<\/div>\n<p>&nbsp;<\/p>\n<\/div>\n<p>&nbsp;<\/p>\n<\/div>\n<p>&nbsp;<\/p>\n<\/div>\n<p>&nbsp;<\/p>\n<\/div>\n<div class=\"fl-col-group fl-node-64db27488e631\" data-node=\"64db27488e631\">\n<div class=\"fl-col fl-node-64db27488e674\" style=\"width: 100%\" data-node=\"64db27488e674\">\n<div class=\"fl-col-content fl-node-content\">\n<div class=\"fl-module fl-module-heading fl-node-64db27488e6f8\" data-animation-delay=\"0.0\" data-node=\"64db27488e6f8\">\n<div class=\"fl-module-content fl-node-content\">\n<h3 class=\"fl-heading\"><span class=\"fl-heading-text\">Parametry techniczne<\/span><\/h3>\n<p>&nbsp;<\/p>\n<\/div>\n<p>&nbsp;<\/p>\n<\/div>\n<div class=\"fl-module fl-module-photo fl-node-64db27488e6b6\" data-animation-delay=\"0.0\" data-node=\"64db27488e6b6\">\n<div class=\"fl-module-content fl-node-content\">\n<div class=\"fl-photo fl-photo-align-center\">\n<div class=\"fl-photo-content fl-photo-img-png\"><img decoding=\"async\" class=\"fl-photo-img wp-image-2776\" src=\"\/wp-content\/uploads\/2025\/09\/bd315bb4aa989ceb.webp\" alt=\"Parametry w\u0119glik\u00f3w krzemowych\"><\/div>\n<p>&nbsp;<\/p>\n<\/div>\n<p>&nbsp;<\/p>\n<\/div>\n<p>&nbsp;<\/p>\n<\/div>\n<p>&nbsp;<\/p>\n<\/div>\n<p>&nbsp;<\/p>\n<\/div>\n<p>&nbsp;<\/p>\n<\/div>\n<div class=\"fl-col-group fl-node-66175640c2553\" data-node=\"66175640c2553\">\n<div class=\"fl-col fl-node-66175640c2792\" style=\"width: 100%\" data-node=\"66175640c2792\">\n<div class=\"fl-col-content fl-node-content\">\n<div class=\"fl-module fl-module-photo fl-node-66175635bb81a\" data-animation-delay=\"0.0\" data-node=\"66175635bb81a\">\n<div class=\"fl-module-content fl-node-content\">\n<div class=\"fl-photo fl-photo-align-center\">\n<div class=\"fl-photo-content fl-photo-img-jpg\"><img decoding=\"async\" class=\"fl-photo-img wp-image-7286\" src=\"\/wp-content\/uploads\/2025\/09\/b1dd0bcab1675ff4.webp\" alt=\"Miejsce pracy p\u00f3\u0142cesy\"><\/div>\n<p>&nbsp;<\/p>\n<\/div>\n<p>&nbsp;<\/p>\n<\/div>\n<p>&nbsp;<\/p>\n<\/div>\n<div class=\"fl-module fl-module-photo fl-node-661756460eb81\" data-animation-delay=\"0.0\" data-node=\"661756460eb81\">\n<div class=\"fl-module-content fl-node-content\">\n<div class=\"fl-photo fl-photo-align-center\">\n<div class=\"fl-photo-content fl-photo-img-jpg\"><img decoding=\"async\" class=\"fl-photo-img wp-image-7287\" src=\"\/wp-content\/uploads\/2025\/09\/2b946d2b4b61306d.webp\" alt=\"P\u00f3\u0142cera robocza miejsce 2\"><\/div>\n<p>&nbsp;<\/p>\n<\/div>\n<p>&nbsp;<\/p>\n<\/div>\n<p>&nbsp;<\/p>\n<\/div>\n<div class=\"fl-module fl-module-photo fl-node-66175645564ca\" data-animation-delay=\"0.0\" data-node=\"66175645564ca\">\n<div class=\"fl-module-content fl-node-content\">\n<div class=\"fl-photo fl-photo-align-center\">\n<div class=\"fl-photo-content fl-photo-img-jpg\"><img decoding=\"async\" class=\"fl-photo-img wp-image-7288\" src=\"\/wp-content\/uploads\/2025\/09\/081b6529d68ead23.webp\" alt=\"Maszyna sprz\u0119tu\"><\/div>\n<p>&nbsp;<\/p>\n<\/div>\n<p>&nbsp;<\/p>\n<\/div>\n<p>&nbsp;<\/p>\n<\/div>\n<div class=\"fl-module fl-module-photo fl-node-66175644be1e2\" data-animation-delay=\"0.0\" data-node=\"66175644be1e2\">\n<div class=\"fl-module-content fl-node-content\">\n<div class=\"fl-photo fl-photo-align-center\">\n<div class=\"fl-photo-content fl-photo-img-jpg\"><img decoding=\"async\" class=\"fl-photo-img wp-image-7289\" src=\"\/wp-content\/uploads\/2025\/09\/a4132b2b399abbac.webp\" alt=\"Przetwarzanie CNN, czyszczenie chemiczne, pow\u0142oka CVD\"><\/div>\n<p>&nbsp;<\/p>\n<\/div>\n<p>&nbsp;<\/p>\n<\/div>\n<p>&nbsp;<\/p>\n<\/div>\n<div class=\"fl-module fl-module-photo fl-node-66175643dff20\" data-animation-delay=\"0.0\" data-node=\"66175643dff20\">\n<div class=\"fl-module-content fl-node-content\">\n<div class=\"fl-photo fl-photo-align-center\">\n<div class=\"fl-photo-content fl-photo-img-jpg\"><img decoding=\"async\" class=\"fl-photo-img wp-image-7290\" src=\"\/wp-content\/uploads\/2025\/09\/b07f222c0ec0ab8d.webp\" alt=\"Nasza us\u0142uga\"><\/div>\n<p>&nbsp;<\/p>\n<\/div>\n<p>&nbsp;<\/p>\n<\/div>\n<p>&nbsp;<\/p>\n<\/div>\n<p>&nbsp;<\/p>\n<\/div>\n<p>&nbsp;<\/p>\n<\/div>\n<p>&nbsp;<\/p>\n<\/div>\n<p>&nbsp;<\/p>\n<\/div>\n<p>&nbsp;<\/p>\n<\/div>\n<p>&nbsp;<\/p>\n<\/div>\n<\/div>","protected":false},"excerpt":{"rendered":"<p>Semicera Energy Technology Co., Ltd.is a leading supplier of advanced semiconductor ceramics and the only manufacturer in China that can simultaneously provide high-purity silicon carbide ceramic(especially theRecrystallizedSiC) and CVD SiC coating. In addition, our company is also committed to ceramic fields such as alumina, aluminum nitride, zirconia, and silicon nitride, etc.<\/p>","protected":false},"featured_media":4593,"comment_status":"closed","ping_status":"open","template":"","meta":[],"product_brand":[],"product_cat":[67,16],"product_tag":[],"class_list":{"0":"post-2231","1":"product","2":"type-product","3":"status-publish","4":"has-post-thumbnail","6":"product_cat-custom-parts","7":"product_cat-cvd-sic","9":"first","10":"instock","11":"product-type-simple"},"_links":{"self":[{"href":"https:\/\/www.cn-semiconductorparts.com\/pl\/wp-json\/wp\/v2\/product\/2231","targetHints":{"allow":["GET"]}}],"collection":[{"href":"https:\/\/www.cn-semiconductorparts.com\/pl\/wp-json\/wp\/v2\/product"}],"about":[{"href":"https:\/\/www.cn-semiconductorparts.com\/pl\/wp-json\/wp\/v2\/types\/product"}],"replies":[{"embeddable":true,"href":"https:\/\/www.cn-semiconductorparts.com\/pl\/wp-json\/wp\/v2\/comments?post=2231"}],"wp:featuredmedia":[{"embeddable":true,"href":"https:\/\/www.cn-semiconductorparts.com\/pl\/wp-json\/wp\/v2\/media\/4593"}],"wp:attachment":[{"href":"https:\/\/www.cn-semiconductorparts.com\/pl\/wp-json\/wp\/v2\/media?parent=2231"}],"wp:term":[{"taxonomy":"product_brand","embeddable":true,"href":"https:\/\/www.cn-semiconductorparts.com\/pl\/wp-json\/wp\/v2\/product_brand?post=2231"},{"taxonomy":"product_cat","embeddable":true,"href":"https:\/\/www.cn-semiconductorparts.com\/pl\/wp-json\/wp\/v2\/product_cat?post=2231"},{"taxonomy":"product_tag","embeddable":true,"href":"https:\/\/www.cn-semiconductorparts.com\/pl\/wp-json\/wp\/v2\/product_tag?post=2231"}],"curies":[{"name":"WP","href":"https:\/\/api.w.org\/{rel}","templated":true}]}}