{"id":2245,"date":"2025-09-11T13:33:34","date_gmt":"2025-09-11T05:33:34","guid":{"rendered":"https:\/\/weitai2.globaldeepsea.site\/product\/high-wear-resistant-silicon-carbide-saggar\/"},"modified":"2026-04-29T15:27:47","modified_gmt":"2026-04-29T07:27:47","slug":"high-wear-resistant-silicon-carbide-saggar","status":"publish","type":"product","link":"https:\/\/www.cn-semiconductorparts.com\/pl\/product\/high-wear-resistant-silicon-carbide-saggar\/","title":{"rendered":"High wear resistant silicon carbide saggar"},"content":{"rendered":"<div class=\"fl-builder-content fl-builder-content-2488 fl-builder-content-primary fl-builder-global-templates-locked\" data-post-id=\"2488\">\n<div class=\"fl-row fl-row-full-width fl-row-bg-none fl-node-64d71548e5518\" data-node=\"64d71548e5518\">\n<div class=\"fl-row-content-wrap\">\n<div class=\"fl-row-content fl-row-full-width fl-node-content\">\n<div class=\"fl-col-group fl-node-64d71548e5559\" data-node=\"64d71548e5559\">\n<div class=\"fl-col fl-node-64d71548e5598\" style=\"width: 100%\" data-node=\"64d71548e5598\">\n<div class=\"fl-col-content fl-node-content\">\n<div class=\"fl-module fl-module-rich-text fl-node-64d71548e55d7\" data-animation-delay=\"0.0\" data-node=\"64d71548e55d7\">\n<div class=\"fl-module-content fl-node-content\">\n<div class=\"fl-rich-text\">\n<p>Silicon carbide is a new type of ceramics with high cost performance and excellent material properties.&nbsp;Due to features like high strength and hardness, high temperature resistance, great thermal conductivity and chemical corrosion resistance, Silicon Carbide can almost withstand all chemical medium. Therefore, SiC are widely used in oil mining, chemical, machinery and airspace, even nuclear energy and the military have their special demands on SIC. Some normal application we can offer are seal rings for pump, valve and protective armor etc.<\/p>\n<p>Jeste\u015bmy w stanie zaprojektowa\u0107 i produkowa\u0107 zgodnie z Twoimi konkretnymi wymiarami o dobrej jako\u015bci i rozs\u0105dnym czasie dostarczania.&nbsp;<\/p>\n<p>&nbsp;<\/p>\n<\/div>\n<p>&nbsp;<\/p>\n<\/div>\n<p>&nbsp;<\/p>\n<\/div>\n<p>&nbsp;<\/p>\n<\/div>\n<p>&nbsp;<\/p>\n<\/div>\n<p>&nbsp;<\/p>\n<\/div>\n<div class=\"fl-col-group fl-node-64d71548e57d4\" data-node=\"64d71548e57d4\">\n<div class=\"fl-col fl-node-64d71548e5813\" style=\"width: 100%\" data-node=\"64d71548e5813\">\n<div class=\"fl-col-content fl-node-content\">\n<div class=\"fl-module fl-module-photo fl-node-64d71548e5852\" data-animation-delay=\"0.0\" data-node=\"64d71548e5852\">\n<div class=\"fl-module-content fl-node-content\">\n<div class=\"fl-photo fl-photo-align-center\">\n<div class=\"fl-photo-content fl-photo-img-png\"><img decoding=\"async\" class=\"fl-photo-img wp-image-2491\" src=\"\/wp-content\/uploads\/2025\/09\/0cb9f85fb2e31e10.webp\" alt=\"\u5fae\u4fe1\u622a\u56fe_20230812130511\"><\/div>\n<p>&nbsp;<\/p>\n<\/div>\n<p>&nbsp;<\/p>\n<\/div>\n<p>&nbsp;<\/p>\n<\/div>\n<p>&nbsp;<\/p>\n<\/div>\n<p>&nbsp;<\/p>\n<\/div>\n<p>&nbsp;<\/p>\n<\/div>\n<div class=\"fl-col-group fl-node-64d71548e5615\" data-node=\"64d71548e5615\">\n<div class=\"fl-col fl-node-64d71548e5654\" style=\"width: 100%\" data-node=\"64d71548e5654\">\n<div class=\"fl-col-content fl-node-content\">\n<div class=\"fl-module fl-module-rich-text fl-node-64d71548e5693\" data-animation-delay=\"0.0\" data-node=\"64d71548e5693\">\n<div class=\"fl-module-content fl-node-content\">\n<div class=\"fl-rich-text\">\n<p><span style=\"font-family: Calibri\">Zastosowania:<\/span><\/p>\n<p><span style=\"font-family: Calibri\">-Pole odporne na zu\u017cycie: tuleja, talerz, dysz\u0119 piaskow\u0105, podszewka cyklonowa, lufa szlifierska itp.\u2026<\/span><\/p>\n<p><span style=\"font-family: Calibri\">-Pole w wysokiej temperaturze: p\u0142yta SIC, rurka do pieca hartuj\u0105ca, rurka promieniowa, tygiel, element grzewczy, wa\u0142ek, wi\u0105zka, wymiennik ciep\u0142a, rura zimnego powietrza, dysza palnika, rura ochronna termopary, \u0142\u00f3d\u017a SIC, struktura samochodu pieca, setter itp.<\/span><\/p>\n<p><span style=\"font-family: Calibri\">-Wojskowe pole kuloodporne<\/span><\/p>\n<p><span style=\"font-family: Calibri\">-Krzemowy p\u00f3\u0142przewodnik: \u0142\u00f3d\u017a waflowa SIC, SIC Chuck, SIC Paddle, SIC Cassette, rurka dyfuzyjna SIC, widelca op\u0142at, p\u0142yta ss\u0105ca, droga prowadz\u0105ca itp.<\/span><\/p>\n<p><span style=\"font-family: Calibri\">-Krzemowa piecz\u0119\u0107 z w\u0119glik\u00f3w krzemowych: wszelkiego rodzaju pier\u015bcie\u0144 uszczelniaj\u0105cy, \u0142o\u017cysko, tuleja itp.<\/span><\/p>\n<p><span style=\"font-family: Calibri\">-Pole fotowoltaiczne: \u0142opatka wspornikowa, ga\u0142ka szlifierska, wa\u0142ek w\u0119gla krzemu itp.<\/span><\/p>\n<p><span style=\"font-family: Calibri\">-Pole baterii litowej<\/span><\/p>\n<p>&nbsp;<\/p>\n<\/div>\n<p>&nbsp;<\/p>\n<\/div>\n<p>&nbsp;<\/p>\n<\/div>\n<p>&nbsp;<\/p>\n<\/div>\n<p>&nbsp;<\/p>\n<\/div>\n<p>&nbsp;<\/p>\n<\/div>\n<div class=\"fl-col-group fl-node-64d715676bb3f\" data-node=\"64d715676bb3f\">\n<div class=\"fl-col fl-node-64d715676bcd1\" style=\"width: 100%\" data-node=\"64d715676bcd1\">\n<div class=\"fl-col-content fl-node-content\">\n<div class=\"fl-module fl-module-gallery fl-node-64d715676b9f3\" data-animation-delay=\"0.0\" data-node=\"64d715676b9f3\">\n<div class=\"fl-module-content fl-node-content\">\n<div class=\"fl-mosaicflow\">\n<div class=\"fl-mosaicflow-content\">\n<div class=\"fl-mosaicflow-item\">\n<div class=\"fl-photo fl-photo-align-center\">\n<div class=\"fl-photo-content fl-photo-img-png\"><a href=\"\/pl\/uploads\/28ff221e11.webp\/\" target=\"_self\"> <img decoding=\"async\" class=\"fl-photo-img wp-image-2492\" src=\"\/wp-content\/uploads\/2025\/09\/7d66089f241eb2fc.webp\" alt=\"Untitled-1\"> <\/a><\/div>\n<p>&nbsp;<\/p>\n<\/div>\n<p>&nbsp;<\/p>\n<\/div>\n<div class=\"fl-mosaicflow-item\">\n<div class=\"fl-photo fl-photo-align-center\">\n<div class=\"fl-photo-content fl-photo-img-png\"><a href=\"\/pl\/uploads\/52e9658a1.webp\/\" target=\"_self\"> <img decoding=\"async\" class=\"fl-photo-img wp-image-2493\" src=\"\/wp-content\/uploads\/2025\/09\/215e03cfbaafb311.webp\" alt=\"Untitled-2\"> <\/a><\/div>\n<p>&nbsp;<\/p>\n<\/div>\n<p>&nbsp;<\/p>\n<\/div>\n<div class=\"fl-mosaicflow-item\">\n<div class=\"fl-photo fl-photo-align-center\">\n<div class=\"fl-photo-content fl-photo-img-png\"><a href=\"\/pl\/uploads\/ff7efb55.webp\/\" target=\"_self\"> <img decoding=\"async\" class=\"fl-photo-img wp-image-2494\" src=\"\/wp-content\/uploads\/2025\/09\/778f96ab4cfc0733.webp\" alt=\"Untitled-3\"> <\/a><\/div>\n<p>&nbsp;<\/p>\n<\/div>\n<p>&nbsp;<\/p>\n<\/div>\n<p>&nbsp;<\/p>\n<\/div>\n<div class=\"fl-clear\">&nbsp;<\/div>\n<p>&nbsp;<\/p>\n<\/div>\n<p>&nbsp;<\/p>\n<\/div>\n<p>&nbsp;<\/p>\n<\/div>\n<p>&nbsp;<\/p>\n<\/div>\n<p>&nbsp;<\/p>\n<\/div>\n<p>&nbsp;<\/p>\n<\/div>\n<div class=\"fl-col-group fl-node-64d71c154ea8f\" data-node=\"64d71c154ea8f\">\n<div class=\"fl-col fl-node-64d71c154ec22\" style=\"width: 100%\" data-node=\"64d71c154ec22\">\n<div class=\"fl-col-content fl-node-content\">\n<div class=\"fl-module fl-module-rich-text fl-node-64d71c154e948\" data-animation-delay=\"0.0\" data-node=\"64d71c154e948\">\n<div class=\"fl-module-content fl-node-content\">\n<div class=\"fl-rich-text\">\n<p data-section=\"0\">1, Znakomita wysoka przewodno\u015b\u0107 cieplna: Przewodno\u015b\u0107 cieplna jest znacznie wy\u017csza ni\u017c inne materia\u0142y odporne na korozj\u0119; U\u017cyj mniejszej powierzchni wymiany ciep\u0142a, aby uzyska\u0107 t\u0119 sam\u0105 wydajno\u015b\u0107 wymiany ciep\u0142a; Pozwala na mniejsze rozmiary wymiennika ciep\u0142a; Znacznie zmniejsz zaj\u0119t\u0105 \u200b\u200bprzestrze\u0144 i zmniejszy\u0107 koszty u\u017cytkowania;<\/p>\n<p data-section=\"1\">2, Znakomita odporno\u015b\u0107 na korozj\u0119: przy bardzo wysokiej odporno\u015bci na korozj\u0119, oporno\u015b\u0107 na utlenianie i oporno\u015b\u0107 na erozj\u0119 mog\u0105 wytrzyma\u0107 wysokie st\u0119\u017cenie kwasu siarkowego, kwasu azotowego, kwasu fosforowego, kwasu mieszanego, silnego alkalicznego, utleniacza itp., Z doskona\u0142\u0105 \u017cywotno\u015bci\u0105 us\u0142ug;<\/p>\n<p data-section=\"2\">3, doskona\u0142e w\u0142a\u015bciwo\u015bci termodynamiczne: doskona\u0142e w\u0142a\u015bciwo\u015bci termodynamiczne o wysokiej wytrzyma\u0142o\u015bci i wysokiej twardo\u015bci; Silna odporno\u015b\u0107 na zu\u017cycie i odporno\u015b\u0107 na przepuszczalno\u015b\u0107 przy skrajnym wysokiej temperaturze i ci\u015bnieniu; Pozw\u00f3l medium przej\u015b\u0107 z du\u017c\u0105 pr\u0119dko\u015bci\u0105; Mo\u017cna go stosowa\u0107 normalnie w wysokiej temperaturze 1300 \u2103.<\/p>\n<p>&nbsp;<\/p>\n<\/div>\n<p>&nbsp;<\/p>\n<\/div>\n<p>&nbsp;<\/p>\n<\/div>\n<p>&nbsp;<\/p>\n<\/div>\n<p>&nbsp;<\/p>\n<\/div>\n<p>&nbsp;<\/p>\n<\/div>\n<div class=\"fl-col-group fl-node-64d71548e56d1\" data-node=\"64d71548e56d1\">\n<div class=\"fl-col fl-node-64d71548e5718\" style=\"width: 100%\" data-node=\"64d71548e5718\">\n<div class=\"fl-col-content fl-node-content\">\n<div class=\"fl-module fl-module-heading fl-node-64d71548e5795\" data-animation-delay=\"0.0\" data-node=\"64d71548e5795\">\n<div class=\"fl-module-content fl-node-content\">\n<h3 class=\"fl-heading\"><span class=\"fl-heading-text\">Parametry techniczne<\/span><\/h3>\n<p>&nbsp;<\/p>\n<\/div>\n<p>&nbsp;<\/p>\n<\/div>\n<div class=\"fl-module fl-module-photo fl-node-64d71548e5757\" data-animation-delay=\"0.0\" data-node=\"64d71548e5757\">\n<div class=\"fl-module-content fl-node-content\">\n<div class=\"fl-photo fl-photo-align-center\">\n<div class=\"fl-photo-content fl-photo-img-png\"><img decoding=\"async\" class=\"fl-photo-img wp-image-2429\" src=\"\/wp-content\/uploads\/2025\/09\/e16a8a56d25ff317.webp\" alt=\"Zdj\u0119cie 1\"><\/div>\n<p>&nbsp;<\/p>\n<\/div>\n<p>&nbsp;<\/p>\n<\/div>\n<p>&nbsp;<\/p>\n<\/div>\n<p>&nbsp;<\/p>\n<\/div>\n<p>&nbsp;<\/p>\n<\/div>\n<p>&nbsp;<\/p>\n<\/div>\n<p>&nbsp;<\/p>\n<\/div>\n<p>&nbsp;<\/p>\n<\/div>\n<p>&nbsp;<\/p>\n<\/div>\n<\/div>","protected":false},"excerpt":{"rendered":"<p>Semicera&rsquo;s highly wear-resistant silicon carbide saggers are carefully crafted to provide excellent performance in high temperature and high wear environments. Made of high-quality silicon carbide, this sagger ensures excellent durability and wear resistance, making it an ideal choice for a variety of applications in ceramic and semiconductor manufacturing. Semicera looks forward to being your long-term partner in China.<\/p>","protected":false},"featured_media":4603,"comment_status":"closed","ping_status":"open","template":"","meta":[],"product_brand":[],"product_cat":[25,24],"product_tag":[],"class_list":{"0":"post-2245","1":"product","2":"type-product","3":"status-publish","4":"has-post-thumbnail","6":"product_cat-more-sic-product","7":"product_cat-silicon-carbide-ceramic","9":"first","10":"instock","11":"product-type-simple"},"_links":{"self":[{"href":"https:\/\/www.cn-semiconductorparts.com\/pl\/wp-json\/wp\/v2\/product\/2245","targetHints":{"allow":["GET"]}}],"collection":[{"href":"https:\/\/www.cn-semiconductorparts.com\/pl\/wp-json\/wp\/v2\/product"}],"about":[{"href":"https:\/\/www.cn-semiconductorparts.com\/pl\/wp-json\/wp\/v2\/types\/product"}],"replies":[{"embeddable":true,"href":"https:\/\/www.cn-semiconductorparts.com\/pl\/wp-json\/wp\/v2\/comments?post=2245"}],"wp:featuredmedia":[{"embeddable":true,"href":"https:\/\/www.cn-semiconductorparts.com\/pl\/wp-json\/wp\/v2\/media\/4603"}],"wp:attachment":[{"href":"https:\/\/www.cn-semiconductorparts.com\/pl\/wp-json\/wp\/v2\/media?parent=2245"}],"wp:term":[{"taxonomy":"product_brand","embeddable":true,"href":"https:\/\/www.cn-semiconductorparts.com\/pl\/wp-json\/wp\/v2\/product_brand?post=2245"},{"taxonomy":"product_cat","embeddable":true,"href":"https:\/\/www.cn-semiconductorparts.com\/pl\/wp-json\/wp\/v2\/product_cat?post=2245"},{"taxonomy":"product_tag","embeddable":true,"href":"https:\/\/www.cn-semiconductorparts.com\/pl\/wp-json\/wp\/v2\/product_tag?post=2245"}],"curies":[{"name":"WP","href":"https:\/\/api.w.org\/{rel}","templated":true}]}}