{"id":2252,"date":"2025-09-11T05:33:40","date_gmt":"2025-09-11T05:33:40","guid":{"rendered":"https:\/\/weitai2.globaldeepsea.site\/product\/high-temperature-resistant-graphite-rigid-felt\/"},"modified":"2026-04-29T15:28:01","modified_gmt":"2026-04-29T07:28:01","slug":"high-temperature-resistant-graphite-rigid-felt","status":"publish","type":"product","link":"https:\/\/www.cn-semiconductorparts.com\/pl\/product\/high-temperature-resistant-graphite-rigid-felt\/","title":{"rendered":"High Temperature Resistant Graphite Rigid Felt"},"content":{"rendered":"<p><?xml encoding=\"utf-8\" ?><\/p>\n<div class=\"fl-builder-content fl-builder-content-2391 fl-builder-content-primary fl-builder-global-templates-locked\" data-post-id=\"2391\">\n<div class=\"fl-row fl-row-full-width fl-row-bg-none fl-node-657028ae8eac6\" data-node=\"657028ae8eac6\">\n<div class=\"fl-row-content-wrap\">\n<div class=\"fl-row-content fl-row-full-width fl-node-content\">\n<div class=\"fl-col-group fl-node-657028ae8eb07\" data-node=\"657028ae8eb07\">\n<div class=\"fl-col fl-node-657028ae8eb47\" data-node=\"657028ae8eb47\" style=\"width: 100%;\">\n<div class=\"fl-col-content fl-node-content\">\n<div class=\"fl-module fl-module-heading fl-node-657028ae8ebc4\" data-animation-delay=\"0.0\" data-node=\"657028ae8ebc4\">\n<div class=\"fl-module-content fl-node-content\">\n<h3 class=\"fl-heading\"> <span class=\"fl-heading-text\">Szczeg\u00f3\u0142y produktu<\/span> <\/h3>\n<\/p><\/div>\n<\/p><\/div>\n<div class=\"fl-module fl-module-rich-text fl-node-657028ae8eb85\" data-animation-delay=\"0.0\" data-node=\"657028ae8eb85\">\n<div class=\"fl-module-content fl-node-content\">\n<div class=\"fl-rich-text\">\n<table border=\"0\" cellspacing=\"0\">\n<tbody>\n<tr>\n<td valign=\"center\" width=\"337\">\n<p>Nazwa produktu<\/p>\n<\/td>\n<td valign=\"center\" width=\"330\">\n<p>Graphit Fintr<\/p>\n<\/td>\n<\/tr>\n<tr>\n<td valign=\"center\" width=\"337\">\n<p>Sk\u0142ad chemiczny<\/p>\n<\/td>\n<td valign=\"center\" width=\"330\">\n<p>W\u0142\u00f3kno w\u0119glowe<\/p>\n<\/td>\n<\/tr>\n<tr>\n<td valign=\"center\" width=\"337\">\n<p>G\u0119sto\u015b\u0107 luzem<\/p>\n<\/td>\n<td valign=\"center\" width=\"330\">\n<p>0.12-0.14g\/cm3<\/p>\n<\/td>\n<\/tr>\n<tr>\n<td valign=\"center\" width=\"337\">\n<p>Zawarto\u015b\u0107 w\u0119gla<\/p>\n<\/td>\n<td valign=\"center\" width=\"330\">\n<p>&gt; = 99%<\/p>\n<\/td>\n<\/tr>\n<tr>\n<td valign=\"center\" width=\"337\">\n<p>Wytrzyma\u0142o\u015b\u0107 na rozci\u0105ganie<\/p>\n<\/td>\n<td valign=\"center\" width=\"330\">\n<p>0.14Mpa<\/p>\n<\/td>\n<\/tr>\n<tr>\n<td valign=\"center\" width=\"337\">\n<p>Thermal conductivity(1150&#8451;)<\/p>\n<\/td>\n<td valign=\"center\" width=\"330\">\n<p>0,08 ~ 0,14 W\/mk<\/p>\n<\/td>\n<\/tr>\n<tr>\n<td valign=\"center\" width=\"337\">\n<p>Popi\u00f3\u0142<\/p>\n<\/td>\n<td valign=\"center\" width=\"330\">\n<p>&lt;= 0,005%<\/p>\n<\/td>\n<\/tr>\n<tr>\n<td valign=\"center\" width=\"337\">\n<p>Mia\u017cd\u017c\u0105cy stres<\/p>\n<\/td>\n<td valign=\"center\" width=\"330\">\n<p>8-10N\/cm<\/p>\n<\/td>\n<\/tr>\n<tr>\n<td valign=\"center\" width=\"337\">\n<p>Grubo\u015b\u0107<\/p>\n<\/td>\n<td valign=\"center\" width=\"330\">\n<p>1-10mm<\/p>\n<\/td>\n<\/tr>\n<tr>\n<td valign=\"center\" width=\"337\">\n<p>Temperatura przetwarzania<\/p>\n<\/td>\n<td valign=\"center\" width=\"330\">\n<p>2500(&#8451;)<\/p>\n<\/td>\n<\/tr>\n<\/tbody>\n<\/table><\/div>\n<\/p><\/div>\n<\/p><\/div>\n<\/p><\/div>\n<\/p><\/div>\n<\/p><\/div>\n<div class=\"fl-col-group fl-node-657028ae8ec80\" data-node=\"657028ae8ec80\">\n<div class=\"fl-col fl-node-657028ae8ecbf fl-col-small\" data-node=\"657028ae8ecbf\" style=\"width: 50%;\">\n<div class=\"fl-col-content fl-node-content\">\n<div class=\"fl-module fl-module-rich-text fl-node-657028ae8ec02\" data-animation-delay=\"0.0\" data-node=\"657028ae8ec02\">\n<div class=\"fl-module-content fl-node-content\">\n<div class=\"fl-rich-text\">\n<p>G\u0119sto\u015b\u0107 obj\u0119to\u015bci (g\/cm3): 0,22-0,28<br \/>Wytrzyma\u0142o\u015b\u0107 na rozci\u0105ganie (MPA): 2.5 (deformacja 5%)<br \/>Przewodnictwo cieplne (w\/mk): 0,15-0,25 (25) 0,40-0,45 (1400)<br \/>Specyficzna oporno\u015b\u0107 (OHM.CM): 0,18-0.22<br \/>Carbon Content (%): &ge;99<br \/>Ash Content (%): &le;0.6<br \/>Moisture Absorption (%): &le;1.6<br \/>Skala oczyszczania: czysto\u015b\u0107 wysoko\u015bci<br \/>Temperatura przetwarzania: 1450-2000<\/p>\n<\/p><\/div>\n<\/p><\/div>\n<\/p><\/div>\n<\/p><\/div>\n<\/p><\/div>\n<div class=\"fl-col fl-node-657028ae8efbc fl-col-small\" data-node=\"657028ae8efbc\" style=\"width: 50%;\">\n<div class=\"fl-col-content fl-node-content\">\n<div class=\"fl-module fl-module-photo fl-node-657028ae8effb\" data-animation-delay=\"0.0\" data-node=\"657028ae8effb\">\n<div class=\"fl-module-content fl-node-content\">\n<div class=\"fl-photo fl-photo-align-center\" itemscope=\"\" itemtype=\"http:\/\/schema.org\/ImageObject\">\n<div class=\"fl-photo-content fl-photo-img-png\"> <img decoding=\"async\" alt=\"&#24494;&#20449;&#25130;&#22270;_20231206153325(1)\" class=\"fl-photo-img wp-image-5469\" itemprop=\"image\" src=\"\/wp-content\/uploads\/2025\/09\/a0b4a0f68ee12bac.webp\"> <\/div>\n<\/p><\/div>\n<\/p><\/div>\n<\/p><\/div>\n<\/p><\/div>\n<\/p><\/div>\n<\/p><\/div>\n<div class=\"fl-col-group fl-node-657028ae8ef01\" data-node=\"657028ae8ef01\">\n<div class=\"fl-col fl-node-657028ae8ef3f\" data-node=\"657028ae8ef3f\" style=\"width: 50.89%;\">\n<div class=\"fl-col-content fl-node-content\">\n<div class=\"fl-module fl-module-rich-text fl-node-657028ae8ef7e\" data-animation-delay=\"0.0\" data-node=\"657028ae8ef7e\">\n<div class=\"fl-module-content fl-node-content\">\n<div class=\"fl-rich-text\">\n<p>Obecnie dost\u0119pne s\u0105 cztery oceny dostarczania produkt\u00f3w surowych lub przetworzonych:<br \/>SCRF: Purified cured graphite fiber hard felt, heat treatment temperature above 1900&#8451;<br \/>SCRF-P: Highly purified RGB hard felt<br \/>SCRF-LTC: Purified solidified graphite fiber hard felt, heat treatment temperature above 1900&#8451;, with better thermal insulation performance<br \/>SCRF-LTC-P: Highly purified RGB-LTC hard felt<\/p>\n<\/p><\/div>\n<\/p><\/div>\n<\/p><\/div>\n<\/p><\/div>\n<\/p><\/div>\n<div class=\"fl-col fl-node-657028ae8f135 fl-col-small\" data-node=\"657028ae8f135\" style=\"width: 49.11%;\">\n<div class=\"fl-col-content fl-node-content\">\n<div class=\"fl-module fl-module-rich-text fl-node-657028ae8ecfe\" data-animation-delay=\"0.0\" data-node=\"657028ae8ecfe\">\n<div class=\"fl-module-content fl-node-content\">\n<div class=\"fl-rich-text\">\n<p>Dost\u0119pny rozmiar:<br \/>P\u0142yta: 1500*1800 (maksymalna) grubo\u015b\u0107 20-200 mm<br \/>Okr\u0105g\u0142y b\u0119ben: 1500*2000 (maksymalny) grubo\u015bci 20-150 mm<br \/>Kwadratowy b\u0119ben: 1500*1500*2000 (maksymalny) grubo\u015b\u0107 60-120 mm<br \/>Aplikacyjny zakres temperatur: 1250-2600<\/p>\n<\/p><\/div>\n<\/p><\/div>\n<\/p><\/div>\n<\/p><\/div>\n<\/p><\/div>\n<\/p><\/div>\n<div class=\"fl-col-group fl-node-657028ae8f03a\" data-node=\"657028ae8f03a\">\n<div class=\"fl-col fl-node-657028ae8f078 fl-col-small\" data-node=\"657028ae8f078\" style=\"width: 50%;\">\n<div class=\"fl-col-content fl-node-content\">\n<div class=\"fl-module fl-module-photo fl-node-657028ae8f0b7\" data-animation-delay=\"0.0\" data-node=\"657028ae8f0b7\">\n<div class=\"fl-module-content fl-node-content\">\n<div class=\"fl-photo fl-photo-align-center\" itemscope=\"\" itemtype=\"http:\/\/schema.org\/ImageObject\">\n<div class=\"fl-photo-content fl-photo-img-png\"> <img decoding=\"async\" alt=\"Corrosion Resistant Graphite Composite Carbon Fiber Felt\" class=\"fl-photo-img wp-image-5462\" itemprop=\"image\" src=\"\/wp-content\/uploads\/2025\/09\/e464b3c8a8f02914.webp\"> <\/div>\n<\/p><\/div>\n<\/p><\/div>\n<\/p><\/div>\n<\/p><\/div>\n<\/p><\/div>\n<div class=\"fl-col fl-node-657028ae8f0f6 fl-col-small\" data-node=\"657028ae8f0f6\" style=\"width: 50%;\">\n<div class=\"fl-col-content fl-node-content\">\n<div class=\"fl-module fl-module-rich-text fl-node-657028ae8ec41\" data-animation-delay=\"0.0\" data-node=\"657028ae8ec41\">\n<div class=\"fl-module-content fl-node-content\">\n<div class=\"fl-rich-text\">\n<p>Pola aplikacji:<br \/><span style=\"font-family: Calibri;\">&bull;Vacuum furnaces<\/span><br \/><span style=\"font-family: Calibri;\">&bull;Inert gas furnaces<\/span><br \/><span style=\"font-family: Calibri;\">&bull;Heat treatment&nbsp;<\/span>(Hartowanie, karbonizacja, lutowanie itp.)<br \/><span style=\"font-family: Calibri;\">&bull;Carbon fiber production<\/span><br \/><span style=\"font-family: Calibri;\">&bull;Hard metal production<\/span><br \/><span style=\"font-family: Calibri;\">&bull;Sintering applications<\/span><br \/><span style=\"font-family: Calibri;\">&bull;Technical ceramic production<\/span><br \/><span style=\"font-family: Calibri;\">&bull;CVD\/PVD coasting<\/span><\/p>\n<\/p><\/div>\n<\/p><\/div>\n<\/p><\/div>\n<\/p><\/div>\n<\/p><\/div>\n<\/p><\/div>\n<div class=\"fl-col-group fl-node-657028ae8edf8\" data-node=\"657028ae8edf8\">\n<div class=\"fl-col fl-node-657028ae8ee36 fl-col-small\" data-node=\"657028ae8ee36\" style=\"width: 50%;\">\n<div class=\"fl-col-content fl-node-content\">\n<div class=\"fl-module fl-module-photo fl-node-657028ae8ee75\" data-animation-delay=\"0.0\" data-node=\"657028ae8ee75\">\n<div class=\"fl-module-content fl-node-content\">\n<div class=\"fl-photo fl-photo-align-center\" itemscope=\"\" itemtype=\"http:\/\/schema.org\/ImageObject\">\n<div class=\"fl-photo-content fl-photo-img-png\"> <img decoding=\"async\" alt=\"High-Performance Graphite Composite Carbon Fiber Felt\" class=\"fl-photo-img wp-image-5456\" itemprop=\"image\" src=\"\/wp-content\/uploads\/2025\/09\/9d70c5193301a8eb.webp\"> <\/div>\n<\/p><\/div>\n<\/p><\/div>\n<\/p><\/div>\n<\/p><\/div>\n<\/p><\/div>\n<div class=\"fl-col fl-node-657028ae8eec2 fl-col-small\" data-node=\"657028ae8eec2\" style=\"width: 50%;\">\n<div class=\"fl-col-content fl-node-content\">\n<div class=\"fl-module fl-module-photo fl-node-657028ae8eeb3\" data-animation-delay=\"0.0\" data-node=\"657028ae8eeb3\">\n<div class=\"fl-module-content fl-node-content\">\n<div class=\"fl-photo fl-photo-align-center\" itemscope=\"\" itemtype=\"http:\/\/schema.org\/ImageObject\">\n<div class=\"fl-photo-content fl-photo-img-png\"> <img decoding=\"async\" alt=\"High Quality Graphite Rigid Felt\" class=\"fl-photo-img wp-image-5441\" itemprop=\"image\" src=\"\/wp-content\/uploads\/2025\/09\/8017096f567a1956.webp\"> <\/div>\n<\/p><\/div>\n<\/p><\/div>\n<\/p><\/div>\n<\/p><\/div>\n<\/p><\/div>\n<\/p><\/div>\n<div class=\"fl-col-group fl-node-657028ae8ed3c\" data-node=\"657028ae8ed3c\">\n<div class=\"fl-col fl-node-657028ae8ed7b\" data-node=\"657028ae8ed7b\" style=\"width: 100%;\">\n<div class=\"fl-col-content fl-node-content\">\n<div class=\"fl-module fl-module-photo fl-node-657028ae8edba\" data-animation-delay=\"0.0\" data-node=\"657028ae8edba\">\n<div class=\"fl-module-content fl-node-content\">\n<div class=\"fl-photo fl-photo-align-center\" itemscope=\"\" itemtype=\"http:\/\/schema.org\/ImageObject\">\n<div class=\"fl-photo-content fl-photo-img-png\"> <img decoding=\"async\" alt=\"SDFS\" class=\"fl-photo-img wp-image-2397\" itemprop=\"image\" src=\"\/wp-content\/uploads\/2025\/09\/26eb965d6cf57638.webp\"> <\/div>\n<\/p><\/div>\n<\/p><\/div>\n<\/p><\/div>\n<\/p><\/div>\n<\/p><\/div>\n<\/p><\/div>\n<\/p><\/div>\n<\/p><\/div>\n<\/p><\/div>\n<div class=\"fl-row fl-row-full-width fl-row-bg-none fl-node-661780eeba713\" data-node=\"661780eeba713\">\n<div class=\"fl-row-content-wrap\">\n<div class=\"fl-row-content fl-row-full-width fl-node-content\">\n<div class=\"fl-col-group fl-node-661780eebef00\" data-node=\"661780eebef00\">\n<div class=\"fl-col fl-node-661780eebf217\" data-node=\"661780eebf217\" style=\"width: 100%;\">\n<div class=\"fl-col-content fl-node-content\">\n<div class=\"fl-module fl-module-rich-text fl-node-661780eeba35b\" data-animation-delay=\"0.0\" data-node=\"661780eeba35b\">\n<div class=\"fl-module-content fl-node-content\">\n<div class=\"fl-rich-text\">\n<\/p><\/div>\n<\/p><\/div>\n<\/p><\/div>\n<\/p><\/div>\n<\/p><\/div>\n<\/p><\/div>\n<\/p><\/div>\n<\/p><\/div>\n<\/p><\/div>\n<\/div>","protected":false},"excerpt":{"rendered":"<p><?xml encoding=\"utf-8\" ?><\/p>\n<p>Semicera&rsquo;s High-Temperature Resistant Graphite Rigid Felt is designed to withstand extreme thermal conditions, providing superior heat resistance, durability, and structural stability. This high-performance material is ideal for applications in industries such as aerospace, semiconductor, and energy, where reliability and heat management are crucial. With Semicera&rsquo;s advanced graphite technology, you can count on exceptional performance and long-lasting efficiency in the most demanding environments.<\/p>","protected":false},"featured_media":732,"comment_status":"closed","ping_status":"open","template":"","meta":[],"product_brand":[],"product_cat":[29,30],"product_tag":[],"class_list":{"0":"post-2252","1":"product","2":"type-product","3":"status-publish","4":"has-post-thumbnail","6":"product_cat-carbon-fiber","7":"product_cat-hard-felt","9":"first","10":"instock","11":"product-type-simple"},"_links":{"self":[{"href":"https:\/\/www.cn-semiconductorparts.com\/pl\/wp-json\/wp\/v2\/product\/2252","targetHints":{"allow":["GET"]}}],"collection":[{"href":"https:\/\/www.cn-semiconductorparts.com\/pl\/wp-json\/wp\/v2\/product"}],"about":[{"href":"https:\/\/www.cn-semiconductorparts.com\/pl\/wp-json\/wp\/v2\/types\/product"}],"replies":[{"embeddable":true,"href":"https:\/\/www.cn-semiconductorparts.com\/pl\/wp-json\/wp\/v2\/comments?post=2252"}],"wp:featuredmedia":[{"embeddable":true,"href":"https:\/\/www.cn-semiconductorparts.com\/pl\/wp-json\/wp\/v2\/media\/732"}],"wp:attachment":[{"href":"https:\/\/www.cn-semiconductorparts.com\/pl\/wp-json\/wp\/v2\/media?parent=2252"}],"wp:term":[{"taxonomy":"product_brand","embeddable":true,"href":"https:\/\/www.cn-semiconductorparts.com\/pl\/wp-json\/wp\/v2\/product_brand?post=2252"},{"taxonomy":"product_cat","embeddable":true,"href":"https:\/\/www.cn-semiconductorparts.com\/pl\/wp-json\/wp\/v2\/product_cat?post=2252"},{"taxonomy":"product_tag","embeddable":true,"href":"https:\/\/www.cn-semiconductorparts.com\/pl\/wp-json\/wp\/v2\/product_tag?post=2252"}],"curies":[{"name":"WP","href":"https:\/\/api.w.org\/{rel}","templated":true}]}}