{"id":2267,"date":"2025-09-11T13:33:40","date_gmt":"2025-09-11T05:33:40","guid":{"rendered":"https:\/\/weitai2.globaldeepsea.site\/product\/sic-epitaxy\/"},"modified":"2026-04-29T15:27:42","modified_gmt":"2026-04-29T07:27:42","slug":"sic-epitaxy","status":"publish","type":"product","link":"https:\/\/www.cn-semiconductorparts.com\/pl\/product\/sic-epitaxy\/","title":{"rendered":"SIC Epitaxy"},"content":{"rendered":"<p><!--?xml encoding=\"utf-8\" ?--><\/p>\n<div class=\"fl-builder-content fl-builder-content-2246 fl-builder-content-primary fl-builder-global-templates-locked\" data-post-id=\"2246\">\n<div class=\"fl-row fl-row-full-width fl-row-bg-none fl-node-64cca7b06f044\" data-node=\"64cca7b06f044\">\n<div class=\"fl-row-content-wrap\">\n<div class=\"fl-row-content fl-row-full-width fl-node-content\">\n<div class=\"fl-col-group fl-node-64cca7b070638\" data-node=\"64cca7b070638\">\n<div class=\"fl-col fl-node-64cca8bf19715 fl-col-small\" style=\"width: 49.67%\" data-node=\"64cca8bf19715\">\n<div class=\"fl-col-content fl-node-content\">\n<div class=\"fl-module fl-module-photo fl-node-64cca7b06ee34\" data-animation-delay=\"0.0\" data-node=\"64cca7b06ee34\">\n<div class=\"fl-module-content fl-node-content\">\n<div class=\"fl-photo fl-photo-align-center\">\n<div class=\"fl-photo-content fl-photo-img-png\"><img decoding=\"async\" class=\"fl-photo-img wp-image-2247\" src=\"\/wp-content\/uploads\/2025\/09\/c8f36d9f3fa0ff14.webp\" alt=\"Epitaksja SIC (2) (1)\"><\/div>\n<p>&nbsp;<\/p>\n<\/div>\n<p>&nbsp;<\/p>\n<\/div>\n<p>&nbsp;<\/p>\n<\/div>\n<p>&nbsp;<\/p>\n<\/div>\n<p>&nbsp;<\/p>\n<\/div>\n<div class=\"fl-col fl-node-64cca8b94aa59\" style=\"width: 50.33%\" data-node=\"64cca8b94aa59\">\n<div class=\"fl-col-content fl-node-content\">\n<div class=\"fl-module fl-module-rich-text fl-node-64cca804d9a49\" data-animation-delay=\"0.0\" data-node=\"64cca804d9a49\">\n<div class=\"fl-module-content fl-node-content\">\n<div class=\"fl-rich-text\">\n<p>Opis produktu<\/p>\n<p>4H-N 4-calowa 6-calowa Dia100 mm SIC Nasion Wafer 1 mm grubo\u015b\u0107 wzrostu wlewk\u00f3w<\/p>\n<p>Customzied size\/2inch\/3inch\/4inch\/6inch 6H-N\/4H-SEMI\/&nbsp;4H-N SIC ingots\/High purity&nbsp;4H-N 4inch&nbsp;6inch dia 150mm silicon carbide single crystal (sic) substrates wafersS\/ Customzied as-cut sic wafersProduction 4inch grade 4H-N 1.5mm SIC Wafers for seed crystal<\/p>\n<p>O kryszta\u0142u w\u0119gla krzemu (sic) &nbsp;<\/p>\n<p>Krzem krzemowy (SIC), znany r\u00f3wnie\u017c jako Carborundum, jest p\u00f3\u0142przewodnikiem zawieraj\u0105cym krzem i w\u0119giel o wzorze chemicznym. SIC jest stosowany w p\u00f3\u0142przewodnikowych urz\u0105dzeniach elektronicznych, kt\u00f3re dzia\u0142aj\u0105 w wysokich temperaturach lub wysokich napi\u0119ciach, lub oba.<\/p>\n<p>&nbsp;<\/p>\n<\/div>\n<p>&nbsp;<\/p>\n<\/div>\n<p>&nbsp;<\/p>\n<\/div>\n<p>&nbsp;<\/p>\n<\/div>\n<p>&nbsp;<\/p>\n<\/div>\n<p>&nbsp;<\/p>\n<\/div>\n<div class=\"fl-col-group fl-node-64cca8e320de2\" data-node=\"64cca8e320de2\">\n<div class=\"fl-col fl-node-64cca8e320fa4\" style=\"width: 100%\" data-node=\"64cca8e320fa4\">\n<div class=\"fl-col-content fl-node-content\">\n<div class=\"fl-module fl-module-heading fl-node-64cca8e320ca9\" data-animation-delay=\"0.0\" data-node=\"64cca8e320ca9\">\n<div class=\"fl-module-content fl-node-content\">\n<h3 class=\"fl-heading\"><span class=\"fl-heading-text\">Opis<\/span><\/h3>\n<p>&nbsp;<\/p>\n<\/div>\n<p>&nbsp;<\/p>\n<\/div>\n<p>&nbsp;<\/p>\n<\/div>\n<p>&nbsp;<\/p>\n<\/div>\n<p>&nbsp;<\/p>\n<\/div>\n<div class=\"fl-col-group fl-node-64cca804d9bb2\" data-node=\"64cca804d9bb2\">\n<div class=\"fl-col fl-node-64cca804d9d54\" style=\"width: 100%\" data-node=\"64cca804d9d54\">\n<div class=\"fl-col-content fl-node-content\">\n<div class=\"fl-module fl-module-rich-text fl-node-64cca8d9aaed2\" data-animation-delay=\"0.0\" data-node=\"64cca8d9aaed2\">\n<div class=\"fl-module-content fl-node-content\">\n<div class=\"fl-rich-text\">\n<table border=\"1\" cellspacing=\"0\">\n<tbody>\n<tr>\n<td valign=\"top\" width=\"230\">\n<p>Nieruchomo\u015b\u0107<\/p>\n<\/td>\n<td valign=\"top\" width=\"183\">\n<p>4H-SIC, pojedynczy kryszta\u0142<\/p>\n<\/td>\n<td valign=\"top\" width=\"220\">\n<p>6H-SIC, pojedynczy kryszta\u0142<\/p>\n<\/td>\n<\/tr>\n<tr>\n<td valign=\"top\" width=\"230\">\n<p>Parametry kratowe<\/p>\n<\/td>\n<td valign=\"top\" width=\"183\">\n<p>a=3.076 &Aring; c=10.053 &Aring;<\/p>\n<\/td>\n<td valign=\"top\" width=\"220\">\n<p>a=3.073 &Aring; c=15.117 &Aring;<\/p>\n<\/td>\n<\/tr>\n<tr>\n<td valign=\"top\" width=\"230\">\n<p>Sekwencja uk\u0142adania<\/p>\n<\/td>\n<td valign=\"top\" width=\"183\">\n<p>ABCB<\/p>\n<\/td>\n<td valign=\"top\" width=\"220\">\n<p>Abcacb<\/p>\n<\/td>\n<\/tr>\n<tr>\n<td valign=\"top\" width=\"230\">\n<p>Twardo\u015b\u0107 mohs<\/p>\n<\/td>\n<td valign=\"top\" width=\"183\">\n<p>&asymp;9.2<\/p>\n<\/td>\n<td valign=\"top\" width=\"220\">\n<p>&asymp;9.2<\/p>\n<\/td>\n<\/tr>\n<tr>\n<td valign=\"top\" width=\"230\">\n<p>G\u0119sto\u015b\u0107<\/p>\n<\/td>\n<td valign=\"top\" width=\"183\">\n<p>3,21 g\/cm3<\/p>\n<\/td>\n<td valign=\"top\" width=\"220\">\n<p>3,21 g\/cm3<\/p>\n<\/td>\n<\/tr>\n<tr>\n<td valign=\"top\" width=\"230\">\n<p>Therm. Wsp\u00f3\u0142czynnik ekspansji<\/p>\n<\/td>\n<td valign=\"top\" width=\"183\">\n<p>4-5&times;10-6\/K<\/p>\n<\/td>\n<td valign=\"top\" width=\"220\">\n<p>4-5&times;10-6\/K<\/p>\n<\/td>\n<\/tr>\n<tr>\n<td valign=\"top\" width=\"230\">\n<p>Indeks refrakcji @750 nm<\/p>\n<\/td>\n<td valign=\"top\" width=\"183\">\n<p>Nie = 2,61<br \/>NE = 2,66<\/p>\n<\/td>\n<td valign=\"top\" width=\"220\">\n<p>Nie = 2.60<br \/>NE = 2,65<\/p>\n<\/td>\n<\/tr>\n<tr>\n<td valign=\"top\" width=\"230\">\n<p>Sta\u0142a dielektryczna<\/p>\n<\/td>\n<td valign=\"top\" width=\"183\">\n<p>C ~ 9,66<\/p>\n<\/td>\n<td valign=\"top\" width=\"220\">\n<p>C ~ 9,66<\/p>\n<\/td>\n<\/tr>\n<tr>\n<td valign=\"top\" width=\"230\">\n<p>Przewodno\u015b\u0107 cieplna (typ N, 0,02 OHM. Cm)<\/p>\n<\/td>\n<td valign=\"top\" width=\"183\">\n<p>a~4.2 W\/cm&middot;K@298K<br \/>c~3.7 W\/cm&middot;K@298K<\/p>\n<\/td>\n<td valign=\"top\" width=\"220\">\n<p>&nbsp;<\/p>\n<\/td>\n<\/tr>\n<tr>\n<td valign=\"top\" width=\"230\">\n<p>Przewodno\u015b\u0107 cieplna (p\u00f3\u0142sulowanie)<\/p>\n<\/td>\n<td valign=\"top\" width=\"183\">\n<p>a~4.9 W\/cm&middot;K@298K<br \/>c~3.9 W\/cm&middot;K@298K<\/p>\n<\/td>\n<td valign=\"top\" width=\"220\">\n<p>a~4.6 W\/cm&middot;K@298K<br \/>c~3.2 W\/cm&middot;K@298K<\/p>\n<\/td>\n<\/tr>\n<tr>\n<td valign=\"top\" width=\"230\">\n<p>Band-Gap<\/p>\n<\/td>\n<td valign=\"top\" width=\"183\">\n<p>3,23 eV<\/p>\n<\/td>\n<td valign=\"top\" width=\"220\">\n<p>3,02 eV<\/p>\n<\/td>\n<\/tr>\n<tr>\n<td valign=\"top\" width=\"230\">\n<p>Rozbite pole elektryczne<\/p>\n<\/td>\n<td valign=\"top\" width=\"183\">\n<p>3-5&times;106V\/cm<\/p>\n<\/td>\n<td valign=\"top\" width=\"220\">\n<p>3-5&times;106V\/cm<\/p>\n<\/td>\n<\/tr>\n<tr>\n<td valign=\"top\" width=\"230\">\n<p>Pr\u0119dko\u015b\u0107 dryfu nasycenia<\/p>\n<\/td>\n<td valign=\"top\" width=\"183\">\n<p>2.0&times;105m\/s<\/p>\n<\/td>\n<td valign=\"top\" width=\"220\">\n<p>2.0&times;105m\/s<\/p>\n<\/td>\n<\/tr>\n<\/tbody>\n<\/table>\n<\/div>\n<p>&nbsp;<\/p>\n<\/div>\n<p>&nbsp;<\/p>\n<\/div>\n<p>&nbsp;<\/p>\n<\/div>\n<p>&nbsp;<\/p>\n<\/div>\n<p>&nbsp;<\/p>\n<\/div>\n<div class=\"fl-col-group fl-node-64cca7e6d305e\" data-node=\"64cca7e6d305e\">\n<div class=\"fl-col fl-node-64cca7e6d31d0\" style=\"width: 100%\" data-node=\"64cca7e6d31d0\">\n<div class=\"fl-col-content fl-node-content\">\n<div class=\"fl-module fl-module-photo fl-node-64cca7e6d2f36\" data-animation-delay=\"0.0\" data-node=\"64cca7e6d2f36\">\n<div class=\"fl-module-content fl-node-content\">\n<div class=\"fl-photo fl-photo-align-center\">\n<div class=\"fl-photo-content fl-photo-img-jpg\"><img decoding=\"async\" class=\"fl-photo-img wp-image-2174\" src=\"\/wp-content\/uploads\/2025\/09\/3f11ba8d46446fc0.webp\" alt=\"Wafle Sic\"><\/div>\n<p>&nbsp;<\/p>\n<\/div>\n<p>&nbsp;<\/p>\n<\/div>\n<p>&nbsp;<\/p>\n<\/div>\n<p>&nbsp;<\/p>\n<\/div>\n<p>&nbsp;<\/p>\n<\/div>\n<p>&nbsp;<\/p>\n<\/div>\n<div class=\"fl-col-group fl-node-66178179e2d78\" data-node=\"66178179e2d78\">\n<div class=\"fl-col fl-node-66178179e2fd1\" style=\"width: 100%\" data-node=\"66178179e2fd1\">\n<div class=\"fl-col-content fl-node-content\">\n<div class=\"fl-module fl-module-rich-text fl-node-66178179e2b78\" data-animation-delay=\"0.0\" data-node=\"66178179e2b78\">\n<div class=\"fl-module-content fl-node-content\">\n<div class=\"fl-rich-text\">\n<p>&nbsp;<\/p>\n<\/div>\n<p>&nbsp;<\/p>\n<\/div>\n<p>&nbsp;<\/p>\n<\/div>\n<p>&nbsp;<\/p>\n<\/div>\n<p>&nbsp;<\/p>\n<\/div>\n<p>&nbsp;<\/p>\n<\/div>\n<p>&nbsp;<\/p>\n<\/div>\n<p>&nbsp;<\/p>\n<\/div>\n<p>&nbsp;<\/p>\n<\/div>\n<\/div>","protected":false},"excerpt":{"rendered":"<p><!--?xml encoding=\"utf-8\" ?--><\/p>\n<p>Semicera&nbsp;offers custom thin film (silicon carbide)SiC epitaxy on substrates for the development of silicon carbide devices. Weitai is committed to providing quality products and competitive prices, and we look forward to being your long-term partner in China.<\/p>","protected":false},"featured_media":4590,"comment_status":"closed","ping_status":"open","template":"","meta":[],"product_brand":[],"product_cat":[52,26],"product_tag":[],"class_list":{"0":"post-2267","1":"product","2":"type-product","3":"status-publish","4":"has-post-thumbnail","6":"product_cat-epi-wafer","7":"product_cat-wafer","9":"first","10":"instock","11":"product-type-simple"},"_links":{"self":[{"href":"https:\/\/www.cn-semiconductorparts.com\/pl\/wp-json\/wp\/v2\/product\/2267","targetHints":{"allow":["GET"]}}],"collection":[{"href":"https:\/\/www.cn-semiconductorparts.com\/pl\/wp-json\/wp\/v2\/product"}],"about":[{"href":"https:\/\/www.cn-semiconductorparts.com\/pl\/wp-json\/wp\/v2\/types\/product"}],"replies":[{"embeddable":true,"href":"https:\/\/www.cn-semiconductorparts.com\/pl\/wp-json\/wp\/v2\/comments?post=2267"}],"wp:featuredmedia":[{"embeddable":true,"href":"https:\/\/www.cn-semiconductorparts.com\/pl\/wp-json\/wp\/v2\/media\/4590"}],"wp:attachment":[{"href":"https:\/\/www.cn-semiconductorparts.com\/pl\/wp-json\/wp\/v2\/media?parent=2267"}],"wp:term":[{"taxonomy":"product_brand","embeddable":true,"href":"https:\/\/www.cn-semiconductorparts.com\/pl\/wp-json\/wp\/v2\/product_brand?post=2267"},{"taxonomy":"product_cat","embeddable":true,"href":"https:\/\/www.cn-semiconductorparts.com\/pl\/wp-json\/wp\/v2\/product_cat?post=2267"},{"taxonomy":"product_tag","embeddable":true,"href":"https:\/\/www.cn-semiconductorparts.com\/pl\/wp-json\/wp\/v2\/product_tag?post=2267"}],"curies":[{"name":"WP","href":"https:\/\/api.w.org\/{rel}","templated":true}]}}